{"id":3148,"date":"2025-07-16T04:12:48","date_gmt":"2025-07-16T04:12:48","guid":{"rendered":"https:\/\/ecostera.com\/dk\/product\/haarspaender\/"},"modified":"2025-07-16T04:13:30","modified_gmt":"2025-07-16T04:13:30","slug":"haarspaender","status":"publish","type":"product","link":"https:\/\/ecostera.com\/dk\/product\/haarspaender\/","title":{"rendered":"H\u00e5rsp\u00e6nder"},"content":{"rendered":"<h2 style=\"text-align: center\">Elegant Og Stilfuldt Design<\/h2>\n<p style=\"text-align: center\">H\u00e5rsp\u00e6nderne har et stort sl\u00f8jfedesign lavet af bl\u00f8d satin, der tilf\u00f8jer et strejf af elegance til ethvert outfit. Disse h\u00e5rsp\u00e6nder er perfekte til b\u00e5de afslappede og formelle lejligheder og er designet til at l\u00f8fte din stil uden besv\u00e6r.<\/p>\n<p><img decoding=\"async\" class=\"alignnone size-medium wp-image-9363 aligncenter\" src=\"https:\/\/keluvo.com\/template\/wp-content\/uploads\/sites\/5\/2025\/01\/Sd0bf3fc4290c44779ddde83665ea5106x.jpg_960x960q75.jpg_.jpeg\" alt=\"\" \/><\/p>\n<h2 style=\"text-align: center\">Komfortabel Og Sikker Pasform<\/h2>\n<p style=\"text-align: center\">Med en robust fjederklemme giver h\u00e5rsp\u00e6nderne et sikkert greb, samtidig med at de er sk\u00e5nsomme mod dit h\u00e5r. Det lette design sikrer behagelig brug hele dagen uden at for\u00e5rsage ubehag eller tr\u00e6k.<\/p>\n<p><img decoding=\"async\" class=\"alignnone size-medium wp-image-9366 aligncenter\" src=\"https:\/\/keluvo.com\/template\/wp-content\/uploads\/sites\/5\/2025\/01\/Se2c9b23ece8041ad8aaa3b2a8d19796am.jpeg\" alt=\"\" \/><\/p>\n","protected":false},"excerpt":{"rendered":"<p>Elegant Og Stilfuldt Design H\u00e5rsp\u00e6nderne har et stort sl\u00f8jfedesign lavet af bl\u00f8d satin, der tilf\u00f8jer et strejf af elegance til [&hellip;]<\/p>\n","protected":false},"featured_media":3144,"comment_status":"open","ping_status":"closed","template":"","meta":{"site-sidebar-layout":"default","site-content-layout":"","ast-site-content-layout":"default","site-content-style":"default","site-sidebar-style":"default","ast-global-header-display":"","ast-banner-title-visibility":"","ast-main-header-display":"","ast-hfb-above-header-display":"","ast-hfb-below-header-display":"","ast-hfb-mobile-header-display":"","site-post-title":"","ast-breadcrumbs-content":"","ast-featured-img":"","footer-sml-layout":"","theme-transparent-header-meta":"default","adv-header-id-meta":"","stick-header-meta":"","header-above-stick-meta":"","header-main-stick-meta":"","header-below-stick-meta":"","astra-migrate-meta-layouts":"set","ast-page-background-enabled":"default","ast-page-background-meta":{"desktop":{"background-color":"var(--ast-global-color-5)","background-image":"","background-repeat":"repeat","background-position":"center center","background-size":"auto","background-attachment":"scroll","background-type":"","background-media":"","overlay-type":"","overlay-color":"","overlay-opacity":"","overlay-gradient":""},"tablet":{"background-color":"","background-image":"","background-repeat":"repeat","background-position":"center center","background-size":"auto","background-attachment":"scroll","background-type":"","background-media":"","overlay-type":"","overlay-color":"","overlay-opacity":"","overlay-gradient":""},"mobile":{"background-color":"","background-image":"","background-repeat":"repeat","background-position":"center center","background-size":"auto","background-attachment":"scroll","background-type":"","background-media":"","overlay-type":"","overlay-color":"","overlay-opacity":"","overlay-gradient":""}},"ast-content-background-meta":{"desktop":{"background-color":"var(--ast-global-color-4)","background-image":"","background-repeat":"repeat","background-position":"center center","background-size":"auto","background-attachment":"scroll","background-type":"","background-media":"","overlay-type":"","overlay-color":"","overlay-opacity":"","overlay-gradient":""},"tablet":{"background-color":"var(--ast-global-color-4)","background-image":"","background-repeat":"repeat","background-position":"center center","background-size":"auto","background-attachment":"scroll","background-type":"","background-media":"","overlay-type":"","overlay-color":"","overlay-opacity":"","overlay-gradient":""},"mobile":{"background-color":"var(--ast-global-color-4)","background-image":"","background-repeat":"repeat","background-position":"center center","background-size":"auto","background-attachment":"scroll","background-type":"","background-media":"","overlay-type":"","overlay-color":"","overlay-opacity":"","overlay-gradient":""}}},"product_brand":[],"product_cat":[19],"product_tag":[],"class_list":{"0":"post-3148","1":"product","2":"type-product","3":"status-publish","4":"has-post-thumbnail","6":"product_cat-uncategorized","7":"pa_43876_71rnepru-beige","8":"pa_43876_71rnepru-flaaden","9":"pa_43876_71rnepru-groen","10":"pa_43876_71rnepru-khaki","11":"pa_43876_71rnepru-lilla","12":"pa_43876_71rnepru-lyseroed","13":"pa_43876_71rnepru-roed","14":"pa_43876_71rnepru-sort","15":"pa_43876_f0k19uj0-1-stk","16":"pa_43876_f0k19uj0-2-stk","17":"pa_43876_f0k19uj0-4-stk","18":"desktop-align-left","19":"tablet-align-left","20":"mobile-align-left","22":"first","23":"instock","24":"shipping-taxable","25":"purchasable","26":"product-type-variable","27":"has-default-attributes"},"_links":{"self":[{"href":"https:\/\/ecostera.com\/dk\/wp-json\/wp\/v2\/product\/3148","targetHints":{"allow":["GET"]}}],"collection":[{"href":"https:\/\/ecostera.com\/dk\/wp-json\/wp\/v2\/product"}],"about":[{"href":"https:\/\/ecostera.com\/dk\/wp-json\/wp\/v2\/types\/product"}],"replies":[{"embeddable":true,"href":"https:\/\/ecostera.com\/dk\/wp-json\/wp\/v2\/comments?post=3148"}],"wp:featuredmedia":[{"embeddable":true,"href":"https:\/\/ecostera.com\/dk\/wp-json\/wp\/v2\/media\/3144"}],"wp:attachment":[{"href":"https:\/\/ecostera.com\/dk\/wp-json\/wp\/v2\/media?parent=3148"}],"wp:term":[{"taxonomy":"product_brand","embeddable":true,"href":"https:\/\/ecostera.com\/dk\/wp-json\/wp\/v2\/product_brand?post=3148"},{"taxonomy":"product_cat","embeddable":true,"href":"https:\/\/ecostera.com\/dk\/wp-json\/wp\/v2\/product_cat?post=3148"},{"taxonomy":"product_tag","embeddable":true,"href":"https:\/\/ecostera.com\/dk\/wp-json\/wp\/v2\/product_tag?post=3148"}],"curies":[{"name":"wp","href":"https:\/\/api.w.org\/{rel}","templated":true}]}}