{"id":31771,"date":"2025-10-29T13:15:51","date_gmt":"2025-10-29T11:15:51","guid":{"rendered":"https:\/\/ecostera.com\/dk\/product\/360-roterende-makeup-organizer\/"},"modified":"2025-11-11T11:49:15","modified_gmt":"2025-11-11T09:49:15","slug":"360-roterende-makeup-organizer","status":"publish","type":"product","link":"https:\/\/ecostera.com\/dk\/product\/360-roterende-makeup-organizer\/","title":{"rendered":"360\u00b0 roterende makeup-organizer"},"content":{"rendered":"<p style=\"text-align: center\" data-start=\"0\" data-end=\"54\"><strong data-start=\"0\" data-end=\"52\">Hold din sk\u00f8nhedsrutine perfekt organiseret! \ud83d\udc84<\/strong><\/p>\n<p style=\"text-align: center\" data-start=\"56\" data-end=\"400\">Sig farvel til rodede bordplader og goddag til ubesv\u00e6ret sk\u00f8nhed med denne roterende makeup-organizer. Den er designet med flere hylder og rum, s\u00e5 alle dine makeupartikler er p\u00e6nt opbevaret, nemme at finde og smukt udstillet. Med en 360 \u00b0 roterende base kan du f\u00e5 fat i det, du har brug for p\u00e5 f\u00e5 sekunder &#8211; ikke mere s\u00f8gning eller rod!<\/p>\n<p data-start=\"56\" data-end=\"400\"><img decoding=\"async\" class=\"size-full wp-image-38848 aligncenter\" src=\"https:\/\/keluvo.com\/template\/wp-content\/uploads\/sites\/5\/2025\/10\/10225-ezgif.com-video-to-webp-converter-1-1.webp\" alt=\"\" \/><\/p>\n<h2 style=\"text-align: center\" data-start=\"407\" data-end=\"428\"><strong>Hovedfordele<\/strong><\/h2>\n<p data-start=\"431\" data-end=\"509\">\ud83d\udcab 360\u00b0 rotation &#8211; Drej let for at f\u00e5 adgang til alle dine produkter i en bev\u00e6gelse.<\/p>\n<p data-start=\"512\" data-end=\"621\">\ud83e\uddf4 Rigelig opbevaring &#8211; Flere hylder og rum passer til alle dine vigtige ting &#8211; fra hudpleje til b\u00f8rster.<\/p>\n<p data-start=\"624\" data-end=\"711\">\ud83d\udc8e Elegant design &#8211; Slank og moderne look, der supplerer enhver forf\u00e6ngelighed eller badev\u00e6relse.<\/p>\n<p data-start=\"714\" data-end=\"803\">\ud83e\ude9e Tidsbesparende &#8211; Find og tag hurtigt det, du har brug for, uden at grave gennem skuffer.<\/p>\n<p data-start=\"806\" data-end=\"886\">\ud83d\udcb0 Beskytter din makeup &#8211; Holder tingene organiseret og forhindrer skader eller tab.<\/p>\n<p data-start=\"806\" data-end=\"886\"><img decoding=\"async\" class=\"size-full wp-image-38852 aligncenter\" src=\"https:\/\/keluvo.com\/template\/wp-content\/uploads\/sites\/5\/2025\/10\/S5b66aa71b857424fa74d922379804ecaO.webp\" alt=\"\" \/><\/p>\n<h2 style=\"text-align: center\" data-start=\"893\" data-end=\"912\"><strong>S\u00e5dan Bruges<\/strong><\/h2>\n<ol data-start=\"913\" data-end=\"1219\">\n<li data-start=\"913\" data-end=\"985\">\n<p data-start=\"916\" data-end=\"985\">Saml organisatoren, hvis det er n\u00f8dvendigt (enkel ops\u00e6tning, intet v\u00e6rkt\u00f8j n\u00f8dvendigt).<\/p>\n<\/li>\n<li data-start=\"986\" data-end=\"1075\">\n<p data-start=\"989\" data-end=\"1075\">Placer dine sk\u00f8nhedsprodukter &#8211; makeup, b\u00f8rster, parfume og cremer &#8211; p\u00e5 hylderne.<\/p>\n<\/li>\n<li data-start=\"1076\" data-end=\"1134\">\n<p data-start=\"1079\" data-end=\"1134\">Drej organisatoren for at f\u00e5 adgang til ethvert produkt med det samme.<\/p>\n<\/li>\n<li data-start=\"1135\" data-end=\"1219\">\n<p data-start=\"1138\" data-end=\"1219\">Opbevar den p\u00e5 din forf\u00e6ngelighed, kommode eller badev\u00e6relsesdisk for en ryddelig, stilfuld ops\u00e6tning.<\/p>\n<\/li>\n<\/ol>\n<h2 style=\"text-align: center\" data-start=\"1226\" data-end=\"1250\"><strong>Produktoplysninger<\/strong><\/h2>\n<ul data-start=\"1251\" data-end=\"1501\">\n<li data-start=\"1251\" data-end=\"1296\">\n<p data-start=\"1253\" data-end=\"1296\">Rotation: 360\u00b0 j\u00e6vnt roterende design<\/p>\n<\/li>\n<li data-start=\"1297\" data-end=\"1343\">\n<p data-start=\"1299\" data-end=\"1343\">Materiale: Holdbar plastkonstruktion<\/p>\n<\/li>\n<li data-start=\"1344\" data-end=\"1393\">\n<p data-start=\"1346\" data-end=\"1393\">Design: Flere hylder og rum<\/p>\n<\/li>\n<li data-start=\"1394\" data-end=\"1431\">\n<p data-start=\"1396\" data-end=\"1431\">Stil: Slank og pladsbesparende<\/p>\n<\/li>\n<li data-start=\"1432\" data-end=\"1501\">\n<p data-start=\"1434\" data-end=\"1501\">Brug til: Makeup, hudpleje, parfume, b\u00f8rster og tilbeh\u00f8r<\/p>\n<\/li>\n<\/ul>\n<h2 style=\"text-align: center\" data-start=\"1508\" data-end=\"1533\"><strong>Pakken Indeholder<\/strong><\/h2>\n<ul data-start=\"1534\" data-end=\"1567\">\n<li data-start=\"1534\" data-end=\"1567\">\n<p data-start=\"1536\" data-end=\"1567\">1, 2x roterende makeup-organizer.<\/p>\n<\/li>\n<\/ul>\n","protected":false},"excerpt":{"rendered":"<p>Hold din sk\u00f8nhedsrutine perfekt organiseret! \ud83d\udc84 Sig farvel til rodede bordplader og goddag til ubesv\u00e6ret sk\u00f8nhed med denne roterende makeup-organizer. [&hellip;]<\/p>\n","protected":false},"featured_media":31767,"comment_status":"open","ping_status":"closed","template":"","meta":{"site-sidebar-layout":"default","site-content-layout":"","ast-site-content-layout":"default","site-content-style":"default","site-sidebar-style":"default","ast-global-header-display":"","ast-banner-title-visibility":"","ast-main-header-display":"","ast-hfb-above-header-display":"","ast-hfb-below-header-display":"","ast-hfb-mobile-header-display":"","site-post-title":"","ast-breadcrumbs-content":"","ast-featured-img":"","footer-sml-layout":"","theme-transparent-header-meta":"default","adv-header-id-meta":"","stick-header-meta":"","header-above-stick-meta":"","header-main-stick-meta":"","header-below-stick-meta":"","astra-migrate-meta-layouts":"set","ast-page-background-enabled":"default","ast-page-background-meta":{"desktop":{"background-color":"var(--ast-global-color-5)","background-image":"","background-repeat":"repeat","background-position":"center center","background-size":"auto","background-attachment":"scroll","background-type":"","background-media":"","overlay-type":"","overlay-color":"","overlay-opacity":"","overlay-gradient":""},"tablet":{"background-color":"","background-image":"","background-repeat":"repeat","background-position":"center center","background-size":"auto","background-attachment":"scroll","background-type":"","background-media":"","overlay-type":"","overlay-color":"","overlay-opacity":"","overlay-gradient":""},"mobile":{"background-color":"","background-image":"","background-repeat":"repeat","background-position":"center center","background-size":"auto","background-attachment":"scroll","background-type":"","background-media":"","overlay-type":"","overlay-color":"","overlay-opacity":"","overlay-gradient":""}},"ast-content-background-meta":{"desktop":{"background-color":"var(--ast-global-color-4)","background-image":"","background-repeat":"repeat","background-position":"center center","background-size":"auto","background-attachment":"scroll","background-type":"","background-media":"","overlay-type":"","overlay-color":"","overlay-opacity":"","overlay-gradient":""},"tablet":{"background-color":"var(--ast-global-color-4)","background-image":"","background-repeat":"repeat","background-position":"center center","background-size":"auto","background-attachment":"scroll","background-type":"","background-media":"","overlay-type":"","overlay-color":"","overlay-opacity":"","overlay-gradient":""},"mobile":{"background-color":"var(--ast-global-color-4)","background-image":"","background-repeat":"repeat","background-position":"center center","background-size":"auto","background-attachment":"scroll","background-type":"","background-media":"","overlay-type":"","overlay-color":"","overlay-opacity":"","overlay-gradient":""}}},"product_brand":[],"product_cat":[19],"product_tag":[],"class_list":{"0":"post-31771","1":"product","2":"type-product","3":"status-publish","4":"has-post-thumbnail","6":"product_cat-uncategorized","7":"pa_31298_qaqfnmtg-hvid","8":"pa_31298_qaqfnmtg-saet-med-2-stk","9":"pa_31298_qaqfnmtg-sort","10":"desktop-align-left","11":"tablet-align-left","12":"mobile-align-left","14":"first","15":"instock","16":"shipping-taxable","17":"purchasable","18":"product-type-variable"},"_links":{"self":[{"href":"https:\/\/ecostera.com\/dk\/wp-json\/wp\/v2\/product\/31771","targetHints":{"allow":["GET"]}}],"collection":[{"href":"https:\/\/ecostera.com\/dk\/wp-json\/wp\/v2\/product"}],"about":[{"href":"https:\/\/ecostera.com\/dk\/wp-json\/wp\/v2\/types\/product"}],"replies":[{"embeddable":true,"href":"https:\/\/ecostera.com\/dk\/wp-json\/wp\/v2\/comments?post=31771"}],"wp:featuredmedia":[{"embeddable":true,"href":"https:\/\/ecostera.com\/dk\/wp-json\/wp\/v2\/media\/31767"}],"wp:attachment":[{"href":"https:\/\/ecostera.com\/dk\/wp-json\/wp\/v2\/media?parent=31771"}],"wp:term":[{"taxonomy":"product_brand","embeddable":true,"href":"https:\/\/ecostera.com\/dk\/wp-json\/wp\/v2\/product_brand?post=31771"},{"taxonomy":"product_cat","embeddable":true,"href":"https:\/\/ecostera.com\/dk\/wp-json\/wp\/v2\/product_cat?post=31771"},{"taxonomy":"product_tag","embeddable":true,"href":"https:\/\/ecostera.com\/dk\/wp-json\/wp\/v2\/product_tag?post=31771"}],"curies":[{"name":"wp","href":"https:\/\/api.w.org\/{rel}","templated":true}]}}