{"id":3224,"date":"2025-07-16T12:18:35","date_gmt":"2025-07-16T12:18:35","guid":{"rendered":"https:\/\/ecostera.com\/dk\/product\/groentsagsskaerer\/"},"modified":"2025-09-12T14:58:11","modified_gmt":"2025-09-12T11:58:11","slug":"groentsagsskaerer","status":"publish","type":"product","link":"https:\/\/ecostera.com\/dk\/product\/groentsagsskaerer\/","title":{"rendered":"Gr\u00f8ntsagssk\u00e6rer"},"content":{"rendered":"<h2 style=\"text-align: center\" data-start=\"94\" data-end=\"133\">\ud83c\udf7d\ufe0f <strong data-start=\"102\" data-end=\"133\">Multifunktionel Bekvemmelighed<\/strong><\/h2>\n<p class=\"\" style=\"text-align: center\" data-start=\"134\" data-end=\"215\"><span class=\"relative -mx-px my-[-0.2rem] rounded-sm px-px py-[0.2rem]\">Dette alsidige k\u00f8kkenredskab kombinerer fire vigtige funktioner som udsk\u00e6ring, hakning, skr\u00e6lning og reng\u00f8ring i \u00e9n kompakt enhed. Tilbered en r\u00e6kke forskellige ingredienser uden besv\u00e6r, og spar tid og kr\u00e6fter i k\u00f8kkenet.<\/span><\/p>\n<p class=\"\" style=\"text-align: center\" data-start=\"134\" data-end=\"215\"><img decoding=\"async\" class=\"alignnone size-medium wp-image-13551\" src=\"https:\/\/keluvo.com\/template\/wp-content\/uploads\/sites\/5\/2025\/01\/Vegetablecuttervideo-ezgif.com-gif-to-webp-converter.webp\" alt=\"\" \/>\u200b<\/p>\n<h2 style=\"text-align: center\" data-start=\"222\" data-end=\"264\">\ud83d\udd73\ufe0f <strong data-start=\"230\" data-end=\"264\">Innovativt Design Af P\u00e5fyldningshullet<\/strong><\/h2>\n<p class=\"\" style=\"text-align: center\" data-start=\"265\" data-end=\"346\"><span class=\"relative -mx-px my-[-0.2rem] rounded-sm px-px py-[0.2rem]\">Den unikke \u00e5bne indf\u00f8ringsport g\u00f8r det muligt at tilf\u00f8je hele ingredienser direkte uden behov for forudg\u00e5ende udsk\u00e6ring. Lange emner som peberfrugter, cowpeas og yams kan inds\u00e6ttes problemfrit og str\u00f8mline din madlavningsproces.<\/span><\/p>\n<h2 style=\"text-align: center\"><img decoding=\"async\" class=\"alignnone size-medium wp-image-9248 aligncenter\" style=\"font-size: 16px;font-style: inherit;font-weight: inherit\" src=\"https:\/\/keluvo.com\/template\/wp-content\/uploads\/sites\/5\/2025\/01\/Sd3a1c706dacd4f82aad9c1711d587859f.jpg_960x960q75.jpg_.jpeg\" alt=\"\" \/><\/h2>\n<h2 style=\"text-align: center\" data-start=\"353\" data-end=\"391\">\ud83d\udd90\ufe0f <strong data-start=\"361\" data-end=\"391\">Ergonomisk Komfortabelt Greb<\/strong><\/h2>\n<p class=\"\" style=\"text-align: center\" data-start=\"392\" data-end=\"473\"><span class=\"relative -mx-px my-[-0.2rem] rounded-sm px-px py-[0.2rem]\">Designet med brugerkomfort i tankerne reducerer det ergonomiske h\u00e5ndtag tr\u00e6thed i h\u00e5nden, hvilket g\u00f8r langvarig brug mere behagelig sammenlignet med traditionelle hvidl\u00f8gspressere.<\/span><\/p>\n<h2 style=\"text-align: center\"><img decoding=\"async\" class=\"alignnone size-medium wp-image-9249 aligncenter\" style=\"font-size: 16px;font-style: inherit;font-weight: inherit\" src=\"https:\/\/keluvo.com\/template\/wp-content\/uploads\/sites\/5\/2025\/01\/S9ab03429b3844369a886182e207e6eddj.jpg_960x960q75.jpg_.jpeg\" alt=\"\" \/><\/h2>\n<h2 style=\"text-align: center\" data-start=\"480\" data-end=\"512\">\ud83e\uddfc <strong data-start=\"487\" data-end=\"512\">Nem Reng\u00f8ring Med \u00c9n Tast<\/strong><\/h2>\n<p class=\"\" style=\"text-align: center\" data-start=\"513\" data-end=\"594\"><span class=\"relative -mx-px my-[-0.2rem] rounded-sm px-px py-[0.2rem]\">Reng\u00f8ring er en leg med reng\u00f8ringsfunktionen med \u00e9n tast. Du skal blot tilf\u00f8je reng\u00f8ringsmiddel til indf\u00f8ringshullet, trykke p\u00e5 knappen og skylle med rindende vand for at f\u00e5 en pletfri enhed p\u00e5 f\u00e5 sekunder.<\/span><\/p>\n<h2 style=\"text-align: center\" data-start=\"601\" data-end=\"638\">\ud83d\udd0b <strong data-start=\"608\" data-end=\"638\">B\u00e6rbart &amp; Tr\u00e5dl\u00f8st Design<\/strong><\/h2>\n<p class=\"\" style=\"text-align: center\" data-start=\"639\" data-end=\"720\"><span class=\"relative -mx-px my-[-0.2rem] rounded-sm px-px py-[0.2rem]\">Udstyret med USB-opladningsmuligheder tilbyder denne tr\u00e5dl\u00f8se mini-foodprocessor b\u00e6rbarhed og bekvemmelighed. Brug den overalt i dit k\u00f8kken eller endda udend\u00f8rs uden at v\u00e6re bundet til en stikkontakt.<\/span><\/p>\n<h2 style=\"text-align: center\" data-start=\"727\" data-end=\"741\">\u2753 <strong data-start=\"733\" data-end=\"741\">Ofte Stillede Sp\u00f8rgsm\u00e5l<\/strong><\/h2>\n<p>&nbsp;<\/p>\n<p class=\"\" style=\"text-align: center\" data-start=\"743\" data-end=\"880\"><strong data-start=\"743\" data-end=\"792\">Hvilke Typer Mad Kan Denne Cutter H\u00e5ndtere?<\/strong><br data-start=\"792\" data-end=\"795\" \/><span class=\"relative -mx-px my-[-0.2rem] rounded-sm px-px py-[0.2rem]\">Den er perfekt til at hakke hvidl\u00f8g, chili, ingef\u00e6r, jordn\u00f8dder og kan ogs\u00e5 sk\u00e6re gr\u00f8ntsager i skiver. Derudover er den velegnet til at tilberede babymad som mosede gr\u00e6skar og bananer.<\/span>\u200b<\/p>\n<p class=\"\" style=\"text-align: center\" data-start=\"882\" data-end=\"1004\"><strong data-start=\"882\" data-end=\"916\">Hvordan Oplader Jeg Enheden?<\/strong><br data-start=\"916\" data-end=\"919\" \/><span class=\"relative -mx-px my-[-0.2rem] rounded-sm px-px py-[0.2rem]\">Cutteren leveres med et USB-opladerkabel. Tilslut det til en hvilken som helst standard USB-port for at oplade.<\/span>\u200b<\/p>\n<p class=\"\" style=\"text-align: center\" data-start=\"1006\" data-end=\"1123\"><strong data-start=\"1006\" data-end=\"1035\">T\u00e5ler Den Opvaskemaskine?<\/strong><br data-start=\"1035\" data-end=\"1038\" \/><span class=\"relative -mx-px my-[-0.2rem] rounded-sm px-px py-[0.2rem]\">Selvom enheden har en reng\u00f8ringsfunktion med \u00e9n tast, anbefales det at vaske hovedenheden i h\u00e5nden. De aftagelige dele kan g\u00e5 i opvaskemaskinen.<\/span><\/p>\n","protected":false},"excerpt":{"rendered":"<p>\ud83c\udf7d\ufe0f Multifunktionel Bekvemmelighed Dette alsidige k\u00f8kkenredskab kombinerer fire vigtige funktioner som udsk\u00e6ring, hakning, skr\u00e6lning og reng\u00f8ring i \u00e9n kompakt enhed. [&hellip;]<\/p>\n","protected":false},"featured_media":3220,"comment_status":"open","ping_status":"closed","template":"","meta":{"site-sidebar-layout":"default","site-content-layout":"","ast-site-content-layout":"default","site-content-style":"default","site-sidebar-style":"default","ast-global-header-display":"","ast-banner-title-visibility":"","ast-main-header-display":"","ast-hfb-above-header-display":"","ast-hfb-below-header-display":"","ast-hfb-mobile-header-display":"","site-post-title":"","ast-breadcrumbs-content":"","ast-featured-img":"","footer-sml-layout":"","theme-transparent-header-meta":"default","adv-header-id-meta":"","stick-header-meta":"","header-above-stick-meta":"","header-main-stick-meta":"","header-below-stick-meta":"","astra-migrate-meta-layouts":"set","ast-page-background-enabled":"default","ast-page-background-meta":{"desktop":{"background-color":"var(--ast-global-color-5)","background-image":"","background-repeat":"repeat","background-position":"center center","background-size":"auto","background-attachment":"scroll","background-type":"","background-media":"","overlay-type":"","overlay-color":"","overlay-opacity":"","overlay-gradient":""},"tablet":{"background-color":"","background-image":"","background-repeat":"repeat","background-position":"center center","background-size":"auto","background-attachment":"scroll","background-type":"","background-media":"","overlay-type":"","overlay-color":"","overlay-opacity":"","overlay-gradient":""},"mobile":{"background-color":"","background-image":"","background-repeat":"repeat","background-position":"center center","background-size":"auto","background-attachment":"scroll","background-type":"","background-media":"","overlay-type":"","overlay-color":"","overlay-opacity":"","overlay-gradient":""}},"ast-content-background-meta":{"desktop":{"background-color":"var(--ast-global-color-4)","background-image":"","background-repeat":"repeat","background-position":"center center","background-size":"auto","background-attachment":"scroll","background-type":"","background-media":"","overlay-type":"","overlay-color":"","overlay-opacity":"","overlay-gradient":""},"tablet":{"background-color":"var(--ast-global-color-4)","background-image":"","background-repeat":"repeat","background-position":"center center","background-size":"auto","background-attachment":"scroll","background-type":"","background-media":"","overlay-type":"","overlay-color":"","overlay-opacity":"","overlay-gradient":""},"mobile":{"background-color":"var(--ast-global-color-4)","background-image":"","background-repeat":"repeat","background-position":"center center","background-size":"auto","background-attachment":"scroll","background-type":"","background-media":"","overlay-type":"","overlay-color":"","overlay-opacity":"","overlay-gradient":""}}},"product_brand":[],"product_cat":[19],"product_tag":[],"class_list":{"0":"post-3224","1":"product","2":"type-product","3":"status-publish","4":"has-post-thumbnail","6":"product_cat-uncategorized","7":"desktop-align-left","8":"tablet-align-left","9":"mobile-align-left","11":"first","12":"instock","13":"shipping-taxable","14":"purchasable","15":"product-type-simple"},"_links":{"self":[{"href":"https:\/\/ecostera.com\/dk\/wp-json\/wp\/v2\/product\/3224","targetHints":{"allow":["GET"]}}],"collection":[{"href":"https:\/\/ecostera.com\/dk\/wp-json\/wp\/v2\/product"}],"about":[{"href":"https:\/\/ecostera.com\/dk\/wp-json\/wp\/v2\/types\/product"}],"replies":[{"embeddable":true,"href":"https:\/\/ecostera.com\/dk\/wp-json\/wp\/v2\/comments?post=3224"}],"wp:featuredmedia":[{"embeddable":true,"href":"https:\/\/ecostera.com\/dk\/wp-json\/wp\/v2\/media\/3220"}],"wp:attachment":[{"href":"https:\/\/ecostera.com\/dk\/wp-json\/wp\/v2\/media?parent=3224"}],"wp:term":[{"taxonomy":"product_brand","embeddable":true,"href":"https:\/\/ecostera.com\/dk\/wp-json\/wp\/v2\/product_brand?post=3224"},{"taxonomy":"product_cat","embeddable":true,"href":"https:\/\/ecostera.com\/dk\/wp-json\/wp\/v2\/product_cat?post=3224"},{"taxonomy":"product_tag","embeddable":true,"href":"https:\/\/ecostera.com\/dk\/wp-json\/wp\/v2\/product_tag?post=3224"}],"curies":[{"name":"wp","href":"https:\/\/api.w.org\/{rel}","templated":true}]}}