{"id":3229,"date":"2025-07-16T12:19:22","date_gmt":"2025-07-16T12:19:22","guid":{"rendered":"https:\/\/ecostera.com\/dk\/product\/holder-til-myggespole\/"},"modified":"2025-07-16T12:19:26","modified_gmt":"2025-07-16T12:19:26","slug":"holder-til-myggespole","status":"publish","type":"product","link":"https:\/\/ecostera.com\/dk\/product\/holder-til-myggespole\/","title":{"rendered":"Holder til myggespole"},"content":{"rendered":"<h2 style=\"text-align: center\">Holder gulvene rene<\/h2>\n<p style=\"text-align: center\">Myggespiralholderen leveres med en askefanger, der holder dit rum ryddeligt. Den holder spiralen sikkert fast og forhindrer aske i at falde p\u00e5 gulvet. Nyd en ren og problemfri m\u00e5de at br\u00e6nde myggespiraler p\u00e5 indend\u00f8rs eller udend\u00f8rs.<\/p>\n<p style=\"text-align: center\"><img decoding=\"async\" class=\"size-medium wp-image-13554 aligncenter\" src=\"https:\/\/keluvo.com\/template\/wp-content\/uploads\/sites\/5\/2025\/01\/mosquitocoilvideo-ezgif.com-gif-to-webp-converter.webp\" alt=\"\" \/><\/p>\n<h2 style=\"text-align: center\" data-start=\"408\" data-end=\"451\">Holdbar &amp; Brandsikker Konstruktion<\/h2>\n<p class=\"\" style=\"text-align: center\" data-start=\"452\" data-end=\"571\"><span class=\"relative -mx-px my-[-0.2rem] rounded-sm px-px py-[0.2rem]\">Lavet af brandsikkert jern sikrer denne holder sikker og p\u00e5lidelig brug og giver et sikkert sted at br\u00e6nde myggespiraler eller r\u00f8gelse uden at g\u00e5 p\u00e5 kompromis med sikkerheden.<\/span><\/p>\n<p style=\"text-align: center\"><img decoding=\"async\" class=\"alignnone size-medium wp-image-10145 aligncenter\" src=\"https:\/\/keluvo.com\/template\/wp-content\/uploads\/sites\/5\/2025\/01\/S6770f134aa3d4dcf8c42d0cd38bf0b75M.jpg_960x960q75.jpg_.jpeg\" alt=\"\" \/><\/p>\n<h2 style=\"text-align: center\">Effektivt Myggemiddel<\/h2>\n<p class=\"\" style=\"text-align: center\" data-start=\"618\" data-end=\"701\"><span class=\"relative -mx-px my-[-0.2rem] rounded-sm px-px py-[0.2rem]\">Skab en mygfri zone i dit hjem, din have eller p\u00e5 campingpladsen ved at bruge denne stilfulde holder til at br\u00e6nde spiraler eller r\u00f8gelse, hvilket \u00f8ger din komfort under fritidsaktiviteter.<\/span><\/p>\n<h2 style=\"text-align: center\" data-start=\"708\" data-end=\"745\">Alsidigt Dekorativt Element<\/h2>\n<p class=\"\" style=\"text-align: center\" data-start=\"746\" data-end=\"831\"><span class=\"relative -mx-px my-[-0.2rem] rounded-sm px-px py-[0.2rem]\">Ud over sin prim\u00e6re funktion fungerer denne holder som et unikt dekorativt element, der tilf\u00f8rer charme og raffinement til din indretning med sin designerappeal.<\/span><\/p>\n<p class=\"\" style=\"text-align: center\" data-start=\"746\" data-end=\"831\"><img decoding=\"async\" class=\"alignnone size-medium wp-image-10143\" style=\"font-weight: inherit\" src=\"https:\/\/keluvo.com\/template\/wp-content\/uploads\/sites\/5\/2025\/01\/S48ea988bf5854236af45ae6f57094b06f.jpg_960x960q75.jpg_.jpeg\" alt=\"\" \/><\/p>\n<h2 style=\"text-align: center\" data-start=\"838\" data-end=\"852\">Ofte Stillede Sp\u00f8rgsm\u00e5l<\/h2>\n<p class=\"\" style=\"text-align: center\" data-start=\"854\" data-end=\"978\"><strong data-start=\"854\" data-end=\"890\">Er H\u00e5ndtaget VarmeBestandigt?<\/strong><br data-start=\"890\" data-end=\"893\" \/><span class=\"relative -mx-px my-[-0.2rem] rounded-sm px-px py-[0.2rem]\">Ja, h\u00e5ndtaget er designet til at forblive k\u00f8ligt, hvilket giver mulighed for sikker flytning selv under brug.<\/span>\u200b<\/p>\n<p class=\"\" style=\"text-align: center\" data-start=\"980\" data-end=\"1137\"><strong data-start=\"980\" data-end=\"1049\">Kan Denne Holder Rumme Forskellige St\u00f8rrelser Af Myggespoler?<\/strong><br data-start=\"1049\" data-end=\"1052\" \/><span class=\"relative -mx-px my-[-0.2rem] rounded-sm px-px py-[0.2rem]\">Absolut, holderen er designet til at passe til standard myggespoler og kan rumme forskellige st\u00f8rrelser komfortabelt.<\/span>\u200b<\/p>\n<p class=\"\" style=\"text-align: center\" data-start=\"1139\" data-end=\"1265\"><strong data-start=\"1139\" data-end=\"1177\">Er Den Velegnet Til Udend\u00f8rs Brug?<\/strong><br data-start=\"1177\" data-end=\"1180\" \/><span class=\"relative -mx-px my-[-0.2rem] rounded-sm px-px py-[0.2rem]\">Ja, dens holdbare konstruktion g\u00f8r den ideel til b\u00e5de indend\u00f8rs og udend\u00f8rs omgivelser, herunder haver og campingpladser.<\/span><\/p>\n","protected":false},"excerpt":{"rendered":"<p>Holder gulvene rene Myggespiralholderen leveres med en askefanger, der holder dit rum ryddeligt. Den holder spiralen sikkert fast og forhindrer [&hellip;]<\/p>\n","protected":false},"featured_media":3225,"comment_status":"open","ping_status":"closed","template":"","meta":{"site-sidebar-layout":"default","site-content-layout":"","ast-site-content-layout":"default","site-content-style":"default","site-sidebar-style":"default","ast-global-header-display":"","ast-banner-title-visibility":"","ast-main-header-display":"","ast-hfb-above-header-display":"","ast-hfb-below-header-display":"","ast-hfb-mobile-header-display":"","site-post-title":"","ast-breadcrumbs-content":"","ast-featured-img":"","footer-sml-layout":"","theme-transparent-header-meta":"default","adv-header-id-meta":"","stick-header-meta":"","header-above-stick-meta":"","header-main-stick-meta":"","header-below-stick-meta":"","astra-migrate-meta-layouts":"set","ast-page-background-enabled":"default","ast-page-background-meta":{"desktop":{"background-color":"var(--ast-global-color-5)","background-image":"","background-repeat":"repeat","background-position":"center center","background-size":"auto","background-attachment":"scroll","background-type":"","background-media":"","overlay-type":"","overlay-color":"","overlay-opacity":"","overlay-gradient":""},"tablet":{"background-color":"","background-image":"","background-repeat":"repeat","background-position":"center center","background-size":"auto","background-attachment":"scroll","background-type":"","background-media":"","overlay-type":"","overlay-color":"","overlay-opacity":"","overlay-gradient":""},"mobile":{"background-color":"","background-image":"","background-repeat":"repeat","background-position":"center center","background-size":"auto","background-attachment":"scroll","background-type":"","background-media":"","overlay-type":"","overlay-color":"","overlay-opacity":"","overlay-gradient":""}},"ast-content-background-meta":{"desktop":{"background-color":"var(--ast-global-color-4)","background-image":"","background-repeat":"repeat","background-position":"center center","background-size":"auto","background-attachment":"scroll","background-type":"","background-media":"","overlay-type":"","overlay-color":"","overlay-opacity":"","overlay-gradient":""},"tablet":{"background-color":"var(--ast-global-color-4)","background-image":"","background-repeat":"repeat","background-position":"center center","background-size":"auto","background-attachment":"scroll","background-type":"","background-media":"","overlay-type":"","overlay-color":"","overlay-opacity":"","overlay-gradient":""},"mobile":{"background-color":"var(--ast-global-color-4)","background-image":"","background-repeat":"repeat","background-position":"center center","background-size":"auto","background-attachment":"scroll","background-type":"","background-media":"","overlay-type":"","overlay-color":"","overlay-opacity":"","overlay-gradient":""}}},"product_brand":[],"product_cat":[19],"product_tag":[],"class_list":{"0":"post-3229","1":"product","2":"type-product","3":"status-publish","4":"has-post-thumbnail","6":"product_cat-uncategorized","7":"pa_41629_l1809nyb-groen","8":"pa_41629_l1809nyb-sort","9":"desktop-align-left","10":"tablet-align-left","11":"mobile-align-left","13":"first","14":"instock","15":"shipping-taxable","16":"purchasable","17":"product-type-variable"},"_links":{"self":[{"href":"https:\/\/ecostera.com\/dk\/wp-json\/wp\/v2\/product\/3229","targetHints":{"allow":["GET"]}}],"collection":[{"href":"https:\/\/ecostera.com\/dk\/wp-json\/wp\/v2\/product"}],"about":[{"href":"https:\/\/ecostera.com\/dk\/wp-json\/wp\/v2\/types\/product"}],"replies":[{"embeddable":true,"href":"https:\/\/ecostera.com\/dk\/wp-json\/wp\/v2\/comments?post=3229"}],"wp:featuredmedia":[{"embeddable":true,"href":"https:\/\/ecostera.com\/dk\/wp-json\/wp\/v2\/media\/3225"}],"wp:attachment":[{"href":"https:\/\/ecostera.com\/dk\/wp-json\/wp\/v2\/media?parent=3229"}],"wp:term":[{"taxonomy":"product_brand","embeddable":true,"href":"https:\/\/ecostera.com\/dk\/wp-json\/wp\/v2\/product_brand?post=3229"},{"taxonomy":"product_cat","embeddable":true,"href":"https:\/\/ecostera.com\/dk\/wp-json\/wp\/v2\/product_cat?post=3229"},{"taxonomy":"product_tag","embeddable":true,"href":"https:\/\/ecostera.com\/dk\/wp-json\/wp\/v2\/product_tag?post=3229"}],"curies":[{"name":"wp","href":"https:\/\/api.w.org\/{rel}","templated":true}]}}