{"id":32305,"date":"2025-11-05T12:13:27","date_gmt":"2025-11-05T10:13:27","guid":{"rendered":"https:\/\/ecostera.com\/dk\/product\/elektrisk-krukkeaabner\/"},"modified":"2025-11-05T23:12:16","modified_gmt":"2025-11-05T21:12:16","slug":"elektrisk-krukkeaabner","status":"publish","type":"product","link":"https:\/\/ecostera.com\/dk\/product\/elektrisk-krukkeaabner\/","title":{"rendered":"Elektrisk krukke\u00e5bner"},"content":{"rendered":"<p style=\"text-align: center\" data-start=\"0\" data-end=\"62\"><strong data-start=\"0\" data-end=\"60\">\u00c5bn ethvert glas p\u00e5 f\u00e5 sekunder &#8211; med kun \u00e9n knap! \u26a1<\/strong><\/p>\n<p style=\"text-align: center\" data-start=\"64\" data-end=\"368\">Denne d\u00e5se\u00e5bner g\u00f8r det nemt og sikkert at \u00e5bne d\u00e5ser. Med sit elektriske, h\u00e5ndfri design kan du \u00e5bne alle st\u00f8rrelser d\u00e5ser ved blot at trykke p\u00e5 en knap &#8211; ingen vridning, ingen anstrengelse, intet rod. Den er kompakt, b\u00e6rbar og perfekt til hjemmebrug, skovture eller som en bet\u00e6nksom gave til alle, der elsker bekvemmelighed.<\/p>\n<p data-start=\"64\" data-end=\"368\"><img decoding=\"async\" class=\"size-full wp-image-38969 aligncenter\" src=\"https:\/\/keluvo.com\/template\/wp-content\/uploads\/sites\/5\/2025\/10\/102211-ezgif.com-video-to-webp-converter-1.webp\" alt=\"\" \/><\/p>\n<h2 style=\"text-align: center\" data-start=\"375\" data-end=\"396\">Hovedfordele \u2705<\/h2>\n<p data-start=\"399\" data-end=\"489\">\ud83d\udd18 One-touch-betjening &#8211; Tryk p\u00e5 den gr\u00f8nne knap for at starte og stoppe &#8211; ingen indsats er n\u00f8dvendig.<\/p>\n<p data-start=\"492\" data-end=\"582\">\ud83e\udd6b Fungerer p\u00e5 alle st\u00f8rrelser krukker &#8211; Justerbart geardesign passer til forskellige krukketyper og -st\u00f8rrelser.<\/p>\n<p data-start=\"585\" data-end=\"652\">\u2728 Glatte kanter &#8211; Efterlader et rent, sikkert l\u00e5g uden skarpe kanter.<\/p>\n<p data-start=\"655\" data-end=\"729\">\ud83d\udcaa Holdbart materiale &#8211; Lavet af ABS-plast i h\u00f8j kvalitet, der er bygget til at holde.<\/p>\n<p data-start=\"732\" data-end=\"803\">\ud83e\uddfc Let at reng\u00f8re &#8211; Enkelt design g\u00f8r den hurtig at vaske og opbevare.<\/p>\n<p data-start=\"806\" data-end=\"888\">\ud83c\udf81 Perfekt gave &#8211; Perfekt til \u00e6ldre, kokke eller andre, der s\u00e6tter pris p\u00e5 bekvemmelighed.<\/p>\n<p data-start=\"806\" data-end=\"888\"><img decoding=\"async\" class=\"size-full wp-image-38973 aligncenter\" src=\"https:\/\/keluvo.com\/template\/wp-content\/uploads\/sites\/5\/2025\/10\/Sfd12c8a9c38547a48adbf5d7f0176c698.jpg_960x960q75.jpg_.avif\" alt=\"\" \/><\/p>\n<h2 style=\"text-align: center\" data-start=\"895\" data-end=\"914\">S\u00e5dan bruger du\u00a0\ud83d\udccc<\/h2>\n<ol data-start=\"915\" data-end=\"1182\">\n<li data-start=\"915\" data-end=\"962\">\n<p data-start=\"918\" data-end=\"962\">Installer 2x AA-batterier (medf\u00f8lger ikke).<\/p>\n<\/li>\n<li data-start=\"963\" data-end=\"1003\">\n<p data-start=\"966\" data-end=\"1003\">Placer oplukkeren oven p\u00e5 glasset.<\/p>\n<\/li>\n<li data-start=\"1004\" data-end=\"1053\">\n<p data-start=\"1007\" data-end=\"1053\">Tryk p\u00e5 den gr\u00f8nne knap for at begynde at \u00e5bne.<\/p>\n<\/li>\n<li data-start=\"1054\" data-end=\"1114\">\n<p data-start=\"1057\" data-end=\"1114\">Tryk p\u00e5 knappen igen for at stoppe, n\u00e5r glasset er fjernet.<\/p>\n<\/li>\n<li data-start=\"1115\" data-end=\"1182\">\n<p data-start=\"1118\" data-end=\"1182\">L\u00f8ft oplukkeren &#8211; glasset kommer glat af uden rod!<\/p>\n<\/li>\n<\/ol>\n<h2 style=\"text-align: center\" data-start=\"1189\" data-end=\"1213\">Produktoplysninger \u2139<\/h2>\n<ul data-start=\"1214\" data-end=\"1462\">\n<li data-start=\"1252\" data-end=\"1281\">\n<p data-start=\"1254\" data-end=\"1281\">Materiale: ABS-plast<\/p>\n<\/li>\n<li data-start=\"1282\" data-end=\"1334\">\n<p data-start=\"1284\" data-end=\"1334\">St\u00f8rrelse: 10 x 6 x 18 cm<\/p>\n<\/li>\n<li data-start=\"1335\" data-end=\"1367\">\n<p data-start=\"1337\" data-end=\"1367\">V\u00e6gt: 339 g<\/p>\n<\/li>\n<li data-start=\"1368\" data-end=\"1414\">\n<p data-start=\"1370\" data-end=\"1414\">Str\u00f8m: 2 x AA-batterier (medf\u00f8lger ikke)<\/p>\n<\/li>\n<li data-start=\"1415\" data-end=\"1462\">\n<p data-start=\"1417\" data-end=\"1462\">Design: Justerbar, slank og b\u00e6rbar<\/p>\n<\/li>\n<\/ul>\n<h2 style=\"text-align: center\" data-start=\"1469\" data-end=\"1494\">Pakken\u00a0indeholder\u00a0\ud83d\udce6<\/h2>\n<ul data-start=\"1495\" data-end=\"1522\">\n<li data-start=\"1495\" data-end=\"1522\">\n<p data-start=\"1497\" data-end=\"1522\">1x elektrisk krukke\u00e5bner.<\/p>\n<\/li>\n<\/ul>\n","protected":false},"excerpt":{"rendered":"<p>\u00c5bn ethvert glas p\u00e5 f\u00e5 sekunder &#8211; med kun \u00e9n knap! \u26a1 Denne d\u00e5se\u00e5bner g\u00f8r det nemt og sikkert at [&hellip;]<\/p>\n","protected":false},"featured_media":32703,"comment_status":"open","ping_status":"closed","template":"","meta":{"site-sidebar-layout":"default","site-content-layout":"","ast-site-content-layout":"default","site-content-style":"default","site-sidebar-style":"default","ast-global-header-display":"","ast-banner-title-visibility":"","ast-main-header-display":"","ast-hfb-above-header-display":"","ast-hfb-below-header-display":"","ast-hfb-mobile-header-display":"","site-post-title":"","ast-breadcrumbs-content":"","ast-featured-img":"","footer-sml-layout":"","theme-transparent-header-meta":"default","adv-header-id-meta":"","stick-header-meta":"","header-above-stick-meta":"","header-main-stick-meta":"","header-below-stick-meta":"","astra-migrate-meta-layouts":"set","ast-page-background-enabled":"default","ast-page-background-meta":{"desktop":{"background-color":"var(--ast-global-color-5)","background-image":"","background-repeat":"repeat","background-position":"center center","background-size":"auto","background-attachment":"scroll","background-type":"","background-media":"","overlay-type":"","overlay-color":"","overlay-opacity":"","overlay-gradient":""},"tablet":{"background-color":"","background-image":"","background-repeat":"repeat","background-position":"center center","background-size":"auto","background-attachment":"scroll","background-type":"","background-media":"","overlay-type":"","overlay-color":"","overlay-opacity":"","overlay-gradient":""},"mobile":{"background-color":"","background-image":"","background-repeat":"repeat","background-position":"center center","background-size":"auto","background-attachment":"scroll","background-type":"","background-media":"","overlay-type":"","overlay-color":"","overlay-opacity":"","overlay-gradient":""}},"ast-content-background-meta":{"desktop":{"background-color":"var(--ast-global-color-4)","background-image":"","background-repeat":"repeat","background-position":"center center","background-size":"auto","background-attachment":"scroll","background-type":"","background-media":"","overlay-type":"","overlay-color":"","overlay-opacity":"","overlay-gradient":""},"tablet":{"background-color":"var(--ast-global-color-4)","background-image":"","background-repeat":"repeat","background-position":"center center","background-size":"auto","background-attachment":"scroll","background-type":"","background-media":"","overlay-type":"","overlay-color":"","overlay-opacity":"","overlay-gradient":""},"mobile":{"background-color":"var(--ast-global-color-4)","background-image":"","background-repeat":"repeat","background-position":"center center","background-size":"auto","background-attachment":"scroll","background-type":"","background-media":"","overlay-type":"","overlay-color":"","overlay-opacity":"","overlay-gradient":""}}},"product_brand":[],"product_cat":[19],"product_tag":[],"class_list":{"0":"post-32305","1":"product","2":"type-product","3":"status-publish","4":"has-post-thumbnail","6":"product_cat-uncategorized","7":"desktop-align-left","8":"tablet-align-left","9":"mobile-align-left","11":"first","12":"instock","13":"shipping-taxable","14":"purchasable","15":"product-type-simple"},"_links":{"self":[{"href":"https:\/\/ecostera.com\/dk\/wp-json\/wp\/v2\/product\/32305","targetHints":{"allow":["GET"]}}],"collection":[{"href":"https:\/\/ecostera.com\/dk\/wp-json\/wp\/v2\/product"}],"about":[{"href":"https:\/\/ecostera.com\/dk\/wp-json\/wp\/v2\/types\/product"}],"replies":[{"embeddable":true,"href":"https:\/\/ecostera.com\/dk\/wp-json\/wp\/v2\/comments?post=32305"}],"wp:featuredmedia":[{"embeddable":true,"href":"https:\/\/ecostera.com\/dk\/wp-json\/wp\/v2\/media\/32703"}],"wp:attachment":[{"href":"https:\/\/ecostera.com\/dk\/wp-json\/wp\/v2\/media?parent=32305"}],"wp:term":[{"taxonomy":"product_brand","embeddable":true,"href":"https:\/\/ecostera.com\/dk\/wp-json\/wp\/v2\/product_brand?post=32305"},{"taxonomy":"product_cat","embeddable":true,"href":"https:\/\/ecostera.com\/dk\/wp-json\/wp\/v2\/product_cat?post=32305"},{"taxonomy":"product_tag","embeddable":true,"href":"https:\/\/ecostera.com\/dk\/wp-json\/wp\/v2\/product_tag?post=32305"}],"curies":[{"name":"wp","href":"https:\/\/api.w.org\/{rel}","templated":true}]}}