{"id":32350,"date":"2025-11-05T12:18:59","date_gmt":"2025-11-05T10:18:59","guid":{"rendered":"https:\/\/ecostera.com\/dk\/product\/grip-sokker-6-par\/"},"modified":"2025-11-11T11:38:50","modified_gmt":"2025-11-11T09:38:50","slug":"grip-sokker-6-par","status":"publish","type":"product","link":"https:\/\/ecostera.com\/dk\/product\/grip-sokker-6-par\/","title":{"rendered":"Grip-sokker (6 par)"},"content":{"rendered":"<p style=\"text-align: center\" data-start=\"0\" data-end=\"98\"><strong>Hold dig stabil, st\u00f8ttet og komfortabel under hver tr\u00e6ning med disse skridsikre sokker. \ud83e\udde6\ud83d\udcaa<\/strong><\/p>\n<p style=\"text-align: center\" data-start=\"100\" data-end=\"317\">Disse grip-sokker er skabt til bev\u00e6gelse. De holder dine f\u00f8dder p\u00e5 plads i skoene, forhindrer dem i at glide under tr\u00e6ning og holder dine f\u00f8dder k\u00f8lige og polstrede &#8211; perfekt til l\u00f8b, spring, tr\u00e6ning i fitnesscentret eller hverdagsbrug.<\/p>\n<p data-start=\"100\" data-end=\"317\"><img decoding=\"async\" class=\"size-full wp-image-39044 aligncenter\" src=\"https:\/\/keluvo.com\/template\/wp-content\/uploads\/sites\/5\/2025\/10\/S9cde1c8dcdf04543b82a6add57fa4216r.jpg_960x960q75.jpg_.jpg\" alt=\"\" \/><\/p>\n<h2 style=\"text-align: center\" data-start=\"319\" data-end=\"338\">Hovedfordele \u2705<\/h2>\n<p data-start=\"341\" data-end=\"408\">\ud83d\uded1 Skridsikkert greb &#8211; sidder godt fast i skoen og forhindrer dem i at glide.<\/p>\n<p data-start=\"411\" data-end=\"495\">\ud83c\udfc3\u200d\u2642\ufe0f Stabil st\u00f8tte &#8211; fantastisk til h\u00f8jintensiv aktivitet, sprint og spring.<\/p>\n<p data-start=\"498\" data-end=\"571\">\ud83c\udf2c\ufe0f \u00c5ndbart design &#8211; holder f\u00f8dderne k\u00f8lige og t\u00f8rre under h\u00e5rd tr\u00e6ning.<\/p>\n<p data-start=\"574\" data-end=\"638\">\ud83e\uddfd Polstret komfort &#8211; polstret i n\u00f8gleomr\u00e5der for ekstra st\u00f8tte.<\/p>\n<p data-start=\"641\" data-end=\"720\">\ud83c\udfaf Smarte ventilationszoner &#8211; tyndere omr\u00e5der forbedrer luftgennemstr\u00f8mningen og reducerer sveden.<\/p>\n<p data-start=\"723\" data-end=\"808\">\ud83e\uddd8\u200d\u2642\ufe0f Alsidighed i hverdagen &#8211; ideel til sport, tr\u00e6ningssessioner og afslappet daglig brug.<\/p>\n<p data-start=\"723\" data-end=\"808\"><img decoding=\"async\" class=\"size-full wp-image-39046 aligncenter\" src=\"https:\/\/keluvo.com\/template\/wp-content\/uploads\/sites\/5\/2025\/10\/Sa280b4f8b3d64cd684968ae974f992f35.jpg_960x960q75.jpg_.avif\" alt=\"\" \/><\/p>\n<h2 style=\"text-align: center\" data-start=\"810\" data-end=\"828\">S\u00e5dan bruger du\u00a0\ud83d\udccc<\/h2>\n<ol data-start=\"829\" data-end=\"979\">\n<li data-start=\"829\" data-end=\"872\">\n<p data-start=\"832\" data-end=\"872\">Tag grip-sokkerne p\u00e5 som normale sokker.<\/p>\n<\/li>\n<li data-start=\"873\" data-end=\"918\">\n<p data-start=\"876\" data-end=\"918\">Brug dem sammen med dine tr\u00e6ningssko eller sneakers.<\/p>\n<\/li>\n<li data-start=\"919\" data-end=\"979\">\n<p data-start=\"922\" data-end=\"979\">Nyd sikker stabilitet og komfort under hver bev\u00e6gelse.<\/p>\n<\/li>\n<\/ol>\n<h2 style=\"text-align: center\" data-start=\"981\" data-end=\"1003\">Produktoplysninger \u2139<\/h2>\n<ul data-start=\"1004\" data-end=\"1182\">\n<li data-start=\"1044\" data-end=\"1111\">\n<p data-start=\"1046\" data-end=\"1111\">Funktioner: Polstret st\u00f8tte, \u00e5ndbare mesh-zoner, greb i bunden<\/p>\n<\/li>\n<li data-start=\"1112\" data-end=\"1182\">\n<p data-start=\"1114\" data-end=\"1182\">Velegnet til: Fitnesscenter, l\u00f8b, spring\u00f8velser, tr\u00e6ning, daglig brug<\/p>\n<\/li>\n<li data-start=\"1112\" data-end=\"1182\">St\u00f8rrelse: EU 37-45<\/li>\n<\/ul>\n<h2 style=\"text-align: center\" data-start=\"1184\" data-end=\"1207\">Pakken\u00a0indeholder\u00a0\ud83d\udce6<\/h2>\n<ul data-start=\"1208\" data-end=\"1232\">\n<li data-start=\"1208\" data-end=\"1232\">\n<p data-start=\"1210\" data-end=\"1232\">6x par grip-sokker.<\/p>\n<\/li>\n<\/ul>\n","protected":false},"excerpt":{"rendered":"<p>Hold dig stabil, st\u00f8ttet og komfortabel under hver tr\u00e6ning med disse skridsikre sokker. \ud83e\udde6\ud83d\udcaa Disse grip-sokker er skabt til bev\u00e6gelse. [&hellip;]<\/p>\n","protected":false},"featured_media":32349,"comment_status":"open","ping_status":"closed","template":"","meta":{"site-sidebar-layout":"default","site-content-layout":"","ast-site-content-layout":"default","site-content-style":"default","site-sidebar-style":"default","ast-global-header-display":"","ast-banner-title-visibility":"","ast-main-header-display":"","ast-hfb-above-header-display":"","ast-hfb-below-header-display":"","ast-hfb-mobile-header-display":"","site-post-title":"","ast-breadcrumbs-content":"","ast-featured-img":"","footer-sml-layout":"","theme-transparent-header-meta":"default","adv-header-id-meta":"","stick-header-meta":"","header-above-stick-meta":"","header-main-stick-meta":"","header-below-stick-meta":"","astra-migrate-meta-layouts":"set","ast-page-background-enabled":"default","ast-page-background-meta":{"desktop":{"background-color":"var(--ast-global-color-5)","background-image":"","background-repeat":"repeat","background-position":"center center","background-size":"auto","background-attachment":"scroll","background-type":"","background-media":"","overlay-type":"","overlay-color":"","overlay-opacity":"","overlay-gradient":""},"tablet":{"background-color":"","background-image":"","background-repeat":"repeat","background-position":"center center","background-size":"auto","background-attachment":"scroll","background-type":"","background-media":"","overlay-type":"","overlay-color":"","overlay-opacity":"","overlay-gradient":""},"mobile":{"background-color":"","background-image":"","background-repeat":"repeat","background-position":"center center","background-size":"auto","background-attachment":"scroll","background-type":"","background-media":"","overlay-type":"","overlay-color":"","overlay-opacity":"","overlay-gradient":""}},"ast-content-background-meta":{"desktop":{"background-color":"var(--ast-global-color-4)","background-image":"","background-repeat":"repeat","background-position":"center center","background-size":"auto","background-attachment":"scroll","background-type":"","background-media":"","overlay-type":"","overlay-color":"","overlay-opacity":"","overlay-gradient":""},"tablet":{"background-color":"var(--ast-global-color-4)","background-image":"","background-repeat":"repeat","background-position":"center center","background-size":"auto","background-attachment":"scroll","background-type":"","background-media":"","overlay-type":"","overlay-color":"","overlay-opacity":"","overlay-gradient":""},"mobile":{"background-color":"var(--ast-global-color-4)","background-image":"","background-repeat":"repeat","background-position":"center center","background-size":"auto","background-attachment":"scroll","background-type":"","background-media":"","overlay-type":"","overlay-color":"","overlay-opacity":"","overlay-gradient":""}}},"product_brand":[],"product_cat":[19],"product_tag":[],"class_list":{"0":"post-32350","1":"product","2":"type-product","3":"status-publish","4":"has-post-thumbnail","6":"product_cat-uncategorized","7":"pa_48462_syazkpj0-hvid","8":"pa_48462_syazkpj0-mix-saet","9":"pa_48462_syazkpj0-sort","10":"desktop-align-left","11":"tablet-align-left","12":"mobile-align-left","14":"first","15":"instock","16":"shipping-taxable","17":"purchasable","18":"product-type-variable"},"_links":{"self":[{"href":"https:\/\/ecostera.com\/dk\/wp-json\/wp\/v2\/product\/32350","targetHints":{"allow":["GET"]}}],"collection":[{"href":"https:\/\/ecostera.com\/dk\/wp-json\/wp\/v2\/product"}],"about":[{"href":"https:\/\/ecostera.com\/dk\/wp-json\/wp\/v2\/types\/product"}],"replies":[{"embeddable":true,"href":"https:\/\/ecostera.com\/dk\/wp-json\/wp\/v2\/comments?post=32350"}],"wp:featuredmedia":[{"embeddable":true,"href":"https:\/\/ecostera.com\/dk\/wp-json\/wp\/v2\/media\/32349"}],"wp:attachment":[{"href":"https:\/\/ecostera.com\/dk\/wp-json\/wp\/v2\/media?parent=32350"}],"wp:term":[{"taxonomy":"product_brand","embeddable":true,"href":"https:\/\/ecostera.com\/dk\/wp-json\/wp\/v2\/product_brand?post=32350"},{"taxonomy":"product_cat","embeddable":true,"href":"https:\/\/ecostera.com\/dk\/wp-json\/wp\/v2\/product_cat?post=32350"},{"taxonomy":"product_tag","embeddable":true,"href":"https:\/\/ecostera.com\/dk\/wp-json\/wp\/v2\/product_tag?post=32350"}],"curies":[{"name":"wp","href":"https:\/\/api.w.org\/{rel}","templated":true}]}}