{"id":32400,"date":"2025-11-05T12:23:17","date_gmt":"2025-11-05T10:23:17","guid":{"rendered":"https:\/\/ecostera.com\/dk\/product\/haengselforstaerkningsplade\/"},"modified":"2025-11-11T11:39:07","modified_gmt":"2025-11-11T09:39:07","slug":"haengselforstaerkningsplade","status":"publish","type":"product","link":"https:\/\/ecostera.com\/dk\/product\/haengselforstaerkningsplade\/","title":{"rendered":"H\u00e6ngselforst\u00e6rkningsplade"},"content":{"rendered":"<p style=\"text-align: center\" data-start=\"0\" data-end=\"86\"><strong>Reparer hurtigt l\u00f8se eller beskadigede skabsh\u00e6ngsler &#8211; f\u00e5 dine m\u00f8bler til at se nye ud igen. \ud83d\udd27\ud83d\udeaa\u2728<\/strong><\/p>\n<p style=\"text-align: center\" data-start=\"88\" data-end=\"324\">H\u00e6ngselsforst\u00e6rkningspladen styrker l\u00f8se h\u00e6ngsler og d\u00e6kker beskadigede tr\u00e6omr\u00e5der omkring skruehuller, s\u00e5 dine skabsl\u00e5ger forbliver stabile og sikre. Den genopretter st\u00f8tten p\u00e5 f\u00e5 minutter og giver dine m\u00f8bler et rent, f\u00e6rdigt look.<\/p>\n<p data-start=\"88\" data-end=\"324\"><img decoding=\"async\" class=\"size-full wp-image-39402 aligncenter\" src=\"https:\/\/keluvo.com\/template\/wp-content\/uploads\/sites\/5\/2025\/10\/Copy_of_Copy_of_Copy_of_135_-_Fittershape_SleepGuard_Blauwlichtfilter_Voor_Betere_Nachtrust_42.webp\" alt=\"\" \/><\/p>\n<h2 style=\"text-align: center\" data-start=\"326\" data-end=\"347\">Hovedfordele \u2705<\/h2>\n<p data-start=\"350\" data-end=\"422\">\ud83d\udee0\ufe0f Styrker l\u00f8se h\u00e6ngsler &#8211; forst\u00e6rker svage eller slidte skruehuller.<\/p>\n<p data-start=\"425\" data-end=\"493\">\ud83e\udde9 D\u00e6kker beskadiget tr\u00e6 &#8211; skjuler revner og omr\u00e5der med skrueudtr\u00e6k.<\/p>\n<p data-start=\"496\" data-end=\"569\">\ud83d\udcaa Ekstra st\u00e6rk st\u00f8tte &#8211; spreder stress for langvarig stabilitet.<\/p>\n<p data-start=\"572\" data-end=\"635\">\ud83c\udf27\ufe0f Rustbestandig &#8211; holdbar konstruktion i rustfrit st\u00e5l.<\/p>\n<p data-start=\"638\" data-end=\"716\">\ud83e\ude91 Kan bruges p\u00e5 mange ting &#8211; skabe, skuffer, senge, hylder, borde m.m.<\/p>\n<p data-start=\"719\" data-end=\"780\">\u26a1 Hurtig installation &#8211; leveres med skruer for nem ops\u00e6tning.<\/p>\n<p data-start=\"719\" data-end=\"780\"><img decoding=\"async\" class=\"size-full wp-image-39397 aligncenter\" src=\"https:\/\/keluvo.com\/template\/wp-content\/uploads\/sites\/5\/2025\/10\/102217-ezgif.com-video-to-webp-converter.webp\" alt=\"\" \/><\/p>\n<h2 style=\"text-align: center\" data-start=\"782\" data-end=\"802\">S\u00e5dan bruger du\u00a0\ud83d\udccc<\/h2>\n<ol data-start=\"803\" data-end=\"1030\">\n<li data-start=\"803\" data-end=\"852\">\n<p data-start=\"806\" data-end=\"852\">Placer pladen over det beskadigede h\u00e6ngselomr\u00e5de.<\/p>\n<\/li>\n<li data-start=\"853\" data-end=\"897\">\n<p data-start=\"856\" data-end=\"897\">Placer h\u00e6ngslet oven p\u00e5 pladen.<\/p>\n<\/li>\n<li data-start=\"898\" data-end=\"980\">\n<p data-start=\"901\" data-end=\"980\">Brug en skruetr\u00e6kker eller boremaskine til at skrue skruerne fast gennem b\u00e5de h\u00e6ngsel og plade.<\/p>\n<\/li>\n<li data-start=\"981\" data-end=\"1030\">\n<p data-start=\"984\" data-end=\"1030\">Tjek d\u00f8ren &#8211; den er nu stabil og sikker.<\/p>\n<\/li>\n<\/ol>\n<h2 style=\"text-align: center\" data-start=\"1032\" data-end=\"1056\">Produktoplysninger \u2139<\/h2>\n<ul data-start=\"1057\" data-end=\"1257\">\n<li data-start=\"1057\" data-end=\"1086\">\n<p data-start=\"1059\" data-end=\"1086\">Materiale: Rustfrit st\u00e5l<\/p>\n<\/li>\n<li data-start=\"1087\" data-end=\"1109\">\n<p data-start=\"1089\" data-end=\"1109\">Tykkelse: 0,75 mm<\/p>\n<\/li>\n<li data-start=\"1110\" data-end=\"1140\">\n<p data-start=\"1112\" data-end=\"1140\">St\u00f8rrelser: 9 x 9 cm<\/p>\n<\/li>\n<li data-start=\"1141\" data-end=\"1174\">\n<p data-start=\"1143\" data-end=\"1174\">Farve: Rustfrit st\u00e5l s\u00f8lv<\/p>\n<\/li>\n<li data-start=\"1175\" data-end=\"1257\">\n<p data-start=\"1177\" data-end=\"1257\">Velegnet til: Skabsl\u00e5ger, skabe, senge, borde, skuffer og m\u00f8belrammer<\/p>\n<\/li>\n<\/ul>\n<h2 style=\"text-align: center\" data-start=\"1259\" data-end=\"1284\">Pakken\u00a0indeholder\u00a0\ud83d\udce6<\/h2>\n<ul data-start=\"1285\" data-end=\"1335\">\n<li data-start=\"1285\" data-end=\"1319\">\n<p data-start=\"1287\" data-end=\"1319\">4, 8, 12x h\u00e6ngselforst\u00e6rkningsplader<\/p>\n<\/li>\n<li data-start=\"1320\" data-end=\"1335\">\n<p data-start=\"1322\" data-end=\"1335\">16, 32, 48x skruer.<\/p>\n<\/li>\n<\/ul>\n","protected":false},"excerpt":{"rendered":"<p>Reparer hurtigt l\u00f8se eller beskadigede skabsh\u00e6ngsler &#8211; f\u00e5 dine m\u00f8bler til at se nye ud igen. \ud83d\udd27\ud83d\udeaa\u2728 H\u00e6ngselsforst\u00e6rkningspladen styrker l\u00f8se [&hellip;]<\/p>\n","protected":false},"featured_media":32772,"comment_status":"open","ping_status":"closed","template":"","meta":{"site-sidebar-layout":"default","site-content-layout":"","ast-site-content-layout":"default","site-content-style":"default","site-sidebar-style":"default","ast-global-header-display":"","ast-banner-title-visibility":"","ast-main-header-display":"","ast-hfb-above-header-display":"","ast-hfb-below-header-display":"","ast-hfb-mobile-header-display":"","site-post-title":"","ast-breadcrumbs-content":"","ast-featured-img":"","footer-sml-layout":"","theme-transparent-header-meta":"default","adv-header-id-meta":"","stick-header-meta":"","header-above-stick-meta":"","header-main-stick-meta":"","header-below-stick-meta":"","astra-migrate-meta-layouts":"set","ast-page-background-enabled":"default","ast-page-background-meta":{"desktop":{"background-color":"var(--ast-global-color-5)","background-image":"","background-repeat":"repeat","background-position":"center center","background-size":"auto","background-attachment":"scroll","background-type":"","background-media":"","overlay-type":"","overlay-color":"","overlay-opacity":"","overlay-gradient":""},"tablet":{"background-color":"","background-image":"","background-repeat":"repeat","background-position":"center center","background-size":"auto","background-attachment":"scroll","background-type":"","background-media":"","overlay-type":"","overlay-color":"","overlay-opacity":"","overlay-gradient":""},"mobile":{"background-color":"","background-image":"","background-repeat":"repeat","background-position":"center center","background-size":"auto","background-attachment":"scroll","background-type":"","background-media":"","overlay-type":"","overlay-color":"","overlay-opacity":"","overlay-gradient":""}},"ast-content-background-meta":{"desktop":{"background-color":"var(--ast-global-color-4)","background-image":"","background-repeat":"repeat","background-position":"center center","background-size":"auto","background-attachment":"scroll","background-type":"","background-media":"","overlay-type":"","overlay-color":"","overlay-opacity":"","overlay-gradient":""},"tablet":{"background-color":"var(--ast-global-color-4)","background-image":"","background-repeat":"repeat","background-position":"center center","background-size":"auto","background-attachment":"scroll","background-type":"","background-media":"","overlay-type":"","overlay-color":"","overlay-opacity":"","overlay-gradient":""},"mobile":{"background-color":"var(--ast-global-color-4)","background-image":"","background-repeat":"repeat","background-position":"center center","background-size":"auto","background-attachment":"scroll","background-type":"","background-media":"","overlay-type":"","overlay-color":"","overlay-opacity":"","overlay-gradient":""}}},"product_brand":[],"product_cat":[19],"product_tag":[],"class_list":{"0":"post-32400","1":"product","2":"type-product","3":"status-publish","4":"has-post-thumbnail","6":"product_cat-uncategorized","7":"pa_48478_h27x8w2g-4-stk","8":"pa_48478_h27x8w2g-8-stk","9":"pa_48478_h27x8w2g-12-stk","10":"desktop-align-left","11":"tablet-align-left","12":"mobile-align-left","14":"first","15":"instock","16":"shipping-taxable","17":"purchasable","18":"product-type-variable"},"_links":{"self":[{"href":"https:\/\/ecostera.com\/dk\/wp-json\/wp\/v2\/product\/32400","targetHints":{"allow":["GET"]}}],"collection":[{"href":"https:\/\/ecostera.com\/dk\/wp-json\/wp\/v2\/product"}],"about":[{"href":"https:\/\/ecostera.com\/dk\/wp-json\/wp\/v2\/types\/product"}],"replies":[{"embeddable":true,"href":"https:\/\/ecostera.com\/dk\/wp-json\/wp\/v2\/comments?post=32400"}],"wp:featuredmedia":[{"embeddable":true,"href":"https:\/\/ecostera.com\/dk\/wp-json\/wp\/v2\/media\/32772"}],"wp:attachment":[{"href":"https:\/\/ecostera.com\/dk\/wp-json\/wp\/v2\/media?parent=32400"}],"wp:term":[{"taxonomy":"product_brand","embeddable":true,"href":"https:\/\/ecostera.com\/dk\/wp-json\/wp\/v2\/product_brand?post=32400"},{"taxonomy":"product_cat","embeddable":true,"href":"https:\/\/ecostera.com\/dk\/wp-json\/wp\/v2\/product_cat?post=32400"},{"taxonomy":"product_tag","embeddable":true,"href":"https:\/\/ecostera.com\/dk\/wp-json\/wp\/v2\/product_tag?post=32400"}],"curies":[{"name":"wp","href":"https:\/\/api.w.org\/{rel}","templated":true}]}}