{"id":32432,"date":"2025-11-05T12:28:05","date_gmt":"2025-11-05T10:28:05","guid":{"rendered":"https:\/\/ecostera.com\/dk\/product\/selvjusterende-drikkevareholder\/"},"modified":"2025-11-11T11:39:15","modified_gmt":"2025-11-11T09:39:15","slug":"selvjusterende-drikkevareholder","status":"publish","type":"product","link":"https:\/\/ecostera.com\/dk\/product\/selvjusterende-drikkevareholder\/","title":{"rendered":"Selvjusterende drikkevareholder"},"content":{"rendered":"<p style=\"text-align: center\" data-start=\"0\" data-end=\"88\"><strong>Hold din drik sikker og inden for r\u00e6kkevidde &#8211; uanset hvor din tur f\u00f8rer dig hen. \ud83d\udeb4\u200d\u2642\ufe0f\ud83e\udd64<\/strong><\/p>\n<p style=\"text-align: center\" data-start=\"90\" data-end=\"366\">Denne selvjusterende drikkevareholder er designet til at passe til n\u00e6sten ethvert cykel- eller motorcykelstyr. Den holder din vandflaske fast, forbliver stabil p\u00e5 uj\u00e6vne ture og kan justeres, s\u00e5 den passer til flasker i forskellige st\u00f8rrelser &#8211; perfekt til at holde sig hydreret p\u00e5 lange ture eller daglige pendlerture.<\/p>\n<p data-start=\"90\" data-end=\"366\"><img decoding=\"async\" class=\"size-full wp-image-39130 aligncenter\" src=\"https:\/\/keluvo.com\/template\/wp-content\/uploads\/sites\/5\/2025\/10\/10225-ezgif.com-video-to-webp-converter-2.webp\" alt=\"\" \/><\/p>\n<h2 style=\"text-align: center\" data-start=\"368\" data-end=\"389\">Hovedfordele \u2705<\/h2>\n<p data-start=\"392\" data-end=\"467\">\ud83d\udeb2 Universel pasform &#8211; kan justeres, s\u00e5 den passer til de fleste styr (22-25 mm i diameter).<\/p>\n<p data-start=\"470\" data-end=\"536\">\ud83d\udcaa St\u00e6rk og holdbar &#8211; lavet af robust plast, der er bygget til at holde.<\/p>\n<p data-start=\"539\" data-end=\"606\">\ud83d\udd12 Sikkert greb &#8211; holder din flaske stabil og forhindrer spild.<\/p>\n<p data-start=\"609\" data-end=\"675\">\u2699\ufe0f Justerbart design &#8211; passer til flasker i mange former og st\u00f8rrelser.<\/p>\n<p data-start=\"678\" data-end=\"745\">\ud83e\uddf0 V\u00e6rkt\u00f8jsfri installation &#8211; monteres eller fjernes nemt p\u00e5 f\u00e5 sekunder.<\/p>\n<p data-start=\"748\" data-end=\"827\">\ud83c\udf0d Alsidig brug &#8211; velegnet til cykler, elcykler, scootere og motorcykler.<\/p>\n<p data-start=\"748\" data-end=\"827\"><img fetchpriority=\"high\" decoding=\"async\" class=\" wp-image-39129 aligncenter\" src=\"https:\/\/keluvo.com\/template\/wp-content\/uploads\/sites\/5\/2025\/10\/ed99436432e3d33f70672ba1aaa9e679a2b3e133.webp\" alt=\"\" width=\"228\" height=\"405\" \/><\/p>\n<h2 style=\"text-align: center\" data-start=\"829\" data-end=\"849\">S\u00e5dan bruger du\u00a0\ud83d\udccc<\/h2>\n<ol data-start=\"850\" data-end=\"1086\">\n<li data-start=\"850\" data-end=\"908\">\n<p data-start=\"853\" data-end=\"908\">Placer holderen rundt om dit styr eller cykelstel.<\/p>\n<\/li>\n<li data-start=\"909\" data-end=\"970\">\n<p data-start=\"912\" data-end=\"970\">Juster klemmen, s\u00e5 den sidder t\u00e6t (22-25 mm stangdiameter).<\/p>\n<\/li>\n<li data-start=\"971\" data-end=\"1020\">\n<p data-start=\"974\" data-end=\"1020\">S\u00e6t din flaske sikkert ind i holderen.<\/p>\n<\/li>\n<li data-start=\"1021\" data-end=\"1086\">\n<p data-start=\"1024\" data-end=\"1086\">K\u00f8r trygt &#8211; din drik forbliver stabil og nem at f\u00e5 fat i.<\/p>\n<\/li>\n<\/ol>\n<h2 style=\"text-align: center\" data-start=\"1088\" data-end=\"1112\">Produktoplysninger \u2139<\/h2>\n<ul data-start=\"1113\" data-end=\"1328\">\n<li data-start=\"1113\" data-end=\"1142\">\n<p data-start=\"1115\" data-end=\"1142\">Materiale: Holdbar plast<\/p>\n<\/li>\n<li data-start=\"1143\" data-end=\"1159\">\n<p data-start=\"1145\" data-end=\"1159\">Farve: Sort, gr\u00e5, gr\u00f8n<\/p>\n<\/li>\n<li data-start=\"1160\" data-end=\"1198\">\n<p data-start=\"1162\" data-end=\"1198\">St\u00f8rrelse: 165 x 85 mm<\/p>\n<\/li>\n<li data-start=\"1199\" data-end=\"1248\">\n<p data-start=\"1201\" data-end=\"1248\">Passer til styr\/st\u00e6nger: 22-25 mm<\/p>\n<\/li>\n<li data-start=\"1249\" data-end=\"1328\">\n<p data-start=\"1251\" data-end=\"1328\">Kompatibel med: Alle cykler og motorcykler med standardhuller til flaskeholder<\/p>\n<\/li>\n<\/ul>\n<h2 style=\"text-align: center\" data-start=\"1330\" data-end=\"1355\">Pakken\u00a0indeholder\u00a0\ud83d\udce6<\/h2>\n<ul data-start=\"1356\" data-end=\"1401\">\n<li data-start=\"1356\" data-end=\"1401\">\n<p data-start=\"1358\" data-end=\"1401\">1x selvjusterende drikkevareholder.<\/p>\n<\/li>\n<\/ul>\n","protected":false},"excerpt":{"rendered":"<p>Hold din drik sikker og inden for r\u00e6kkevidde &#8211; uanset hvor din tur f\u00f8rer dig hen. \ud83d\udeb4\u200d\u2642\ufe0f\ud83e\udd64 Denne selvjusterende drikkevareholder [&hellip;]<\/p>\n","protected":false},"featured_media":32785,"comment_status":"open","ping_status":"closed","template":"","meta":{"site-sidebar-layout":"default","site-content-layout":"","ast-site-content-layout":"default","site-content-style":"default","site-sidebar-style":"default","ast-global-header-display":"","ast-banner-title-visibility":"","ast-main-header-display":"","ast-hfb-above-header-display":"","ast-hfb-below-header-display":"","ast-hfb-mobile-header-display":"","site-post-title":"","ast-breadcrumbs-content":"","ast-featured-img":"","footer-sml-layout":"","theme-transparent-header-meta":"default","adv-header-id-meta":"","stick-header-meta":"","header-above-stick-meta":"","header-main-stick-meta":"","header-below-stick-meta":"","astra-migrate-meta-layouts":"set","ast-page-background-enabled":"default","ast-page-background-meta":{"desktop":{"background-color":"var(--ast-global-color-5)","background-image":"","background-repeat":"repeat","background-position":"center center","background-size":"auto","background-attachment":"scroll","background-type":"","background-media":"","overlay-type":"","overlay-color":"","overlay-opacity":"","overlay-gradient":""},"tablet":{"background-color":"","background-image":"","background-repeat":"repeat","background-position":"center center","background-size":"auto","background-attachment":"scroll","background-type":"","background-media":"","overlay-type":"","overlay-color":"","overlay-opacity":"","overlay-gradient":""},"mobile":{"background-color":"","background-image":"","background-repeat":"repeat","background-position":"center center","background-size":"auto","background-attachment":"scroll","background-type":"","background-media":"","overlay-type":"","overlay-color":"","overlay-opacity":"","overlay-gradient":""}},"ast-content-background-meta":{"desktop":{"background-color":"var(--ast-global-color-4)","background-image":"","background-repeat":"repeat","background-position":"center center","background-size":"auto","background-attachment":"scroll","background-type":"","background-media":"","overlay-type":"","overlay-color":"","overlay-opacity":"","overlay-gradient":""},"tablet":{"background-color":"var(--ast-global-color-4)","background-image":"","background-repeat":"repeat","background-position":"center center","background-size":"auto","background-attachment":"scroll","background-type":"","background-media":"","overlay-type":"","overlay-color":"","overlay-opacity":"","overlay-gradient":""},"mobile":{"background-color":"var(--ast-global-color-4)","background-image":"","background-repeat":"repeat","background-position":"center center","background-size":"auto","background-attachment":"scroll","background-type":"","background-media":"","overlay-type":"","overlay-color":"","overlay-opacity":"","overlay-gradient":""}}},"product_brand":[],"product_cat":[19],"product_tag":[],"class_list":{"0":"post-32432","1":"product","2":"type-product","3":"status-publish","4":"has-post-thumbnail","6":"product_cat-uncategorized","7":"pa_49124_i8lu95vt-graa","8":"pa_49124_i8lu95vt-groen","9":"pa_49124_i8lu95vt-sort","10":"desktop-align-left","11":"tablet-align-left","12":"mobile-align-left","14":"first","15":"instock","16":"shipping-taxable","17":"purchasable","18":"product-type-variable"},"_links":{"self":[{"href":"https:\/\/ecostera.com\/dk\/wp-json\/wp\/v2\/product\/32432","targetHints":{"allow":["GET"]}}],"collection":[{"href":"https:\/\/ecostera.com\/dk\/wp-json\/wp\/v2\/product"}],"about":[{"href":"https:\/\/ecostera.com\/dk\/wp-json\/wp\/v2\/types\/product"}],"replies":[{"embeddable":true,"href":"https:\/\/ecostera.com\/dk\/wp-json\/wp\/v2\/comments?post=32432"}],"wp:featuredmedia":[{"embeddable":true,"href":"https:\/\/ecostera.com\/dk\/wp-json\/wp\/v2\/media\/32785"}],"wp:attachment":[{"href":"https:\/\/ecostera.com\/dk\/wp-json\/wp\/v2\/media?parent=32432"}],"wp:term":[{"taxonomy":"product_brand","embeddable":true,"href":"https:\/\/ecostera.com\/dk\/wp-json\/wp\/v2\/product_brand?post=32432"},{"taxonomy":"product_cat","embeddable":true,"href":"https:\/\/ecostera.com\/dk\/wp-json\/wp\/v2\/product_cat?post=32432"},{"taxonomy":"product_tag","embeddable":true,"href":"https:\/\/ecostera.com\/dk\/wp-json\/wp\/v2\/product_tag?post=32432"}],"curies":[{"name":"wp","href":"https:\/\/api.w.org\/{rel}","templated":true}]}}