{"id":32439,"date":"2025-11-05T12:29:21","date_gmt":"2025-11-05T10:29:21","guid":{"rendered":"https:\/\/ecostera.com\/dk\/product\/24-i-1-skralde-skruetraekker\/"},"modified":"2025-11-05T23:40:50","modified_gmt":"2025-11-05T21:40:50","slug":"24-i-1-skralde-skruetraekker","status":"publish","type":"product","link":"https:\/\/ecostera.com\/dk\/product\/24-i-1-skralde-skruetraekker\/","title":{"rendered":"24-i-1 skralde-skruetr\u00e6kker"},"content":{"rendered":"<p style=\"text-align: center\" data-start=\"0\" data-end=\"85\"><strong>H\u00e5ndter enhver skrueopgave med \u00e9t kompakt v\u00e6rkt\u00f8j &#8211; hurtigt, pr\u00e6cist og bygget til at holde. \ud83d\udd27\u2699\ufe0f<\/strong><\/p>\n<p style=\"text-align: center\" data-start=\"87\" data-end=\"370\">Den 24-i-1-skralde-skruetr\u00e6kker giver dig alle de bits, du har brug for, i \u00e9t s\u00e6t, s\u00e5 du kan klare reparationer derhjemme, i garagen eller p\u00e5 farten. Den er fremstillet af st\u00e6rkt krom-vanadium-st\u00e5l og giver langvarig holdbarhed og j\u00e6vn skraldekraft til nem drejning p\u00e5 trange steder.<\/p>\n<p data-start=\"87\" data-end=\"370\"><img decoding=\"async\" class=\"size-full wp-image-39144 aligncenter\" src=\"https:\/\/keluvo.com\/template\/wp-content\/uploads\/sites\/5\/2025\/10\/10226-ezgif.com-video-to-webp-converter-2.webp\" alt=\"\" \/><\/p>\n<h2 style=\"text-align: center\" data-start=\"372\" data-end=\"393\">Hovedfordele \u2705<\/h2>\n<p data-start=\"396\" data-end=\"461\">\ud83e\uddf0 S\u00e6t med 24 dele &#8211; flere skruehoveder til alle reparationsbehov.<\/p>\n<p data-start=\"464\" data-end=\"528\">\ud83d\udcaa St\u00e6rkt krom-vanadium-st\u00e5l &#8211; holdbart og langtidsholdbart.<\/p>\n<p data-start=\"531\" data-end=\"615\">\ud83d\udd04 Skralde med h\u00f8j pr\u00e6cision &#8211; 58-tands design til j\u00e6vn drejning p\u00e5 trange steder.<\/p>\n<p data-start=\"618\" data-end=\"684\">\ud83d\udd90\ufe0f Ergonomisk h\u00e5ndtag &#8211; behageligt greb reducerer tr\u00e6thed i h\u00e5nden.<\/p>\n<p data-start=\"687\" data-end=\"767\">\ud83d\udee0\ufe0f Multifunktionel og b\u00e6rbar &#8211; perfekt til hjem, bil, elektronik og g\u00f8r-det-selv.<\/p>\n<p data-start=\"770\" data-end=\"820\">\u26a1 Ikke-magnetisk &#8211; sikker til elektroniske reparationer.<\/p>\n<p data-start=\"770\" data-end=\"820\"><img decoding=\"async\" class=\"size-full wp-image-39143 aligncenter\" src=\"https:\/\/keluvo.com\/template\/wp-content\/uploads\/sites\/5\/2025\/10\/10227-ezgif.com-video-to-webp-converter-2.webp\" alt=\"\" \/><\/p>\n<h2 style=\"text-align: center\" data-start=\"822\" data-end=\"842\">S\u00e5dan bruger du\u00a0\ud83d\udccc<\/h2>\n<ol data-start=\"843\" data-end=\"1087\">\n<li data-start=\"843\" data-end=\"884\">\n<p data-start=\"846\" data-end=\"884\">V\u00e6lg den skruetr\u00e6kkerbit, du har brug for.<\/p>\n<\/li>\n<li data-start=\"885\" data-end=\"929\">\n<p data-start=\"888\" data-end=\"929\">S\u00e6t bitten i skraldeh\u00e5ndtaget.<\/p>\n<\/li>\n<li data-start=\"930\" data-end=\"995\">\n<p data-start=\"933\" data-end=\"995\">Indstil retningen (stram eller l\u00f8sn) p\u00e5 skraldekontakten.<\/p>\n<\/li>\n<li data-start=\"996\" data-end=\"1044\">\n<p data-start=\"999\" data-end=\"1044\">Drej h\u00e5ndtaget for nemt at skrue eller l\u00f8sne.<\/p>\n<\/li>\n<li data-start=\"1045\" data-end=\"1087\">\n<p data-start=\"1048\" data-end=\"1087\">Opbevar bittene i etuiet, n\u00e5r du er f\u00e6rdig.<\/p>\n<\/li>\n<\/ol>\n<h2 style=\"text-align: center\" data-start=\"1089\" data-end=\"1113\">Produktoplysninger \u2139<\/h2>\n<ul data-start=\"1114\" data-end=\"1382\">\n<li data-start=\"1114\" data-end=\"1149\">\n<p data-start=\"1116\" data-end=\"1149\">Materiale: Krom-vanadium-st\u00e5l<\/p>\n<\/li>\n<li data-start=\"1150\" data-end=\"1196\">\n<p data-start=\"1152\" data-end=\"1196\">Skralde: 58-tand, 6,2\u00b0 tight-space design<\/p>\n<\/li>\n<li data-start=\"1197\" data-end=\"1257\">\n<p data-start=\"1199\" data-end=\"1257\">Stykker: 24 skruebits (Hex, Pozidriv, 8-punkt og mere, du kan se p\u00e5 billedet for flere detaljer om st\u00f8rrelser og modeller)<\/p>\n<\/li>\n<li data-start=\"1258\" data-end=\"1284\">\n<p data-start=\"1260\" data-end=\"1284\">H\u00e5ndtag: Ergonomisk greb<\/p>\n<\/li>\n<li data-start=\"1285\" data-end=\"1320\">\n<p data-start=\"1287\" data-end=\"1320\">Magnetisk: Nej (elektroniksikker)<\/p>\n<\/li>\n<li data-start=\"1321\" data-end=\"1382\">\n<p data-start=\"1323\" data-end=\"1382\">Funktioner: St\u00e6rk, b\u00e6rbar, multifunktionel, demonterbar<\/p>\n<\/li>\n<li data-start=\"1321\" data-end=\"1382\">St\u00f8rrelse: 160 x 92,5 mm<\/li>\n<\/ul>\n<h2 style=\"text-align: center\" data-start=\"1384\" data-end=\"1409\">Pakken\u00a0indeholder\u00a0\ud83d\udce6<\/h2>\n<ul data-start=\"1410\" data-end=\"1458\">\n<li data-start=\"1410\" data-end=\"1432\">\n<p data-start=\"1412\" data-end=\"1432\">1x skraldeh\u00e5ndtag<\/p>\n<\/li>\n<li data-start=\"1433\" data-end=\"1458\">\n<p data-start=\"1435\" data-end=\"1458\">24x skruetr\u00e6kkerbits<\/p>\n<\/li>\n<li data-start=\"1433\" data-end=\"1458\">1x opbevaringsboks.<\/li>\n<\/ul>\n","protected":false},"excerpt":{"rendered":"<p>H\u00e5ndter enhver skrueopgave med \u00e9t kompakt v\u00e6rkt\u00f8j &#8211; hurtigt, pr\u00e6cist og bygget til at holde. \ud83d\udd27\u2699\ufe0f Den 24-i-1-skralde-skruetr\u00e6kker giver dig [&hellip;]<\/p>\n","protected":false},"featured_media":32694,"comment_status":"open","ping_status":"closed","template":"","meta":{"site-sidebar-layout":"default","site-content-layout":"","ast-site-content-layout":"default","site-content-style":"default","site-sidebar-style":"default","ast-global-header-display":"","ast-banner-title-visibility":"","ast-main-header-display":"","ast-hfb-above-header-display":"","ast-hfb-below-header-display":"","ast-hfb-mobile-header-display":"","site-post-title":"","ast-breadcrumbs-content":"","ast-featured-img":"","footer-sml-layout":"","theme-transparent-header-meta":"default","adv-header-id-meta":"","stick-header-meta":"","header-above-stick-meta":"","header-main-stick-meta":"","header-below-stick-meta":"","astra-migrate-meta-layouts":"set","ast-page-background-enabled":"default","ast-page-background-meta":{"desktop":{"background-color":"var(--ast-global-color-5)","background-image":"","background-repeat":"repeat","background-position":"center center","background-size":"auto","background-attachment":"scroll","background-type":"","background-media":"","overlay-type":"","overlay-color":"","overlay-opacity":"","overlay-gradient":""},"tablet":{"background-color":"","background-image":"","background-repeat":"repeat","background-position":"center center","background-size":"auto","background-attachment":"scroll","background-type":"","background-media":"","overlay-type":"","overlay-color":"","overlay-opacity":"","overlay-gradient":""},"mobile":{"background-color":"","background-image":"","background-repeat":"repeat","background-position":"center center","background-size":"auto","background-attachment":"scroll","background-type":"","background-media":"","overlay-type":"","overlay-color":"","overlay-opacity":"","overlay-gradient":""}},"ast-content-background-meta":{"desktop":{"background-color":"var(--ast-global-color-4)","background-image":"","background-repeat":"repeat","background-position":"center center","background-size":"auto","background-attachment":"scroll","background-type":"","background-media":"","overlay-type":"","overlay-color":"","overlay-opacity":"","overlay-gradient":""},"tablet":{"background-color":"var(--ast-global-color-4)","background-image":"","background-repeat":"repeat","background-position":"center center","background-size":"auto","background-attachment":"scroll","background-type":"","background-media":"","overlay-type":"","overlay-color":"","overlay-opacity":"","overlay-gradient":""},"mobile":{"background-color":"var(--ast-global-color-4)","background-image":"","background-repeat":"repeat","background-position":"center center","background-size":"auto","background-attachment":"scroll","background-type":"","background-media":"","overlay-type":"","overlay-color":"","overlay-opacity":"","overlay-gradient":""}}},"product_brand":[],"product_cat":[19],"product_tag":[],"class_list":{"0":"post-32439","1":"product","2":"type-product","3":"status-publish","4":"has-post-thumbnail","6":"product_cat-uncategorized","7":"desktop-align-left","8":"tablet-align-left","9":"mobile-align-left","11":"first","12":"instock","13":"shipping-taxable","14":"purchasable","15":"product-type-simple"},"_links":{"self":[{"href":"https:\/\/ecostera.com\/dk\/wp-json\/wp\/v2\/product\/32439","targetHints":{"allow":["GET"]}}],"collection":[{"href":"https:\/\/ecostera.com\/dk\/wp-json\/wp\/v2\/product"}],"about":[{"href":"https:\/\/ecostera.com\/dk\/wp-json\/wp\/v2\/types\/product"}],"replies":[{"embeddable":true,"href":"https:\/\/ecostera.com\/dk\/wp-json\/wp\/v2\/comments?post=32439"}],"wp:featuredmedia":[{"embeddable":true,"href":"https:\/\/ecostera.com\/dk\/wp-json\/wp\/v2\/media\/32694"}],"wp:attachment":[{"href":"https:\/\/ecostera.com\/dk\/wp-json\/wp\/v2\/media?parent=32439"}],"wp:term":[{"taxonomy":"product_brand","embeddable":true,"href":"https:\/\/ecostera.com\/dk\/wp-json\/wp\/v2\/product_brand?post=32439"},{"taxonomy":"product_cat","embeddable":true,"href":"https:\/\/ecostera.com\/dk\/wp-json\/wp\/v2\/product_cat?post=32439"},{"taxonomy":"product_tag","embeddable":true,"href":"https:\/\/ecostera.com\/dk\/wp-json\/wp\/v2\/product_tag?post=32439"}],"curies":[{"name":"wp","href":"https:\/\/api.w.org\/{rel}","templated":true}]}}