{"id":3247,"date":"2025-07-16T12:20:11","date_gmt":"2025-07-16T12:20:11","guid":{"rendered":"https:\/\/ecostera.com\/dk\/product\/tapet-med-bybillede\/"},"modified":"2025-07-16T12:20:11","modified_gmt":"2025-07-16T12:20:11","slug":"tapet-med-bybillede","status":"publish","type":"product","link":"https:\/\/ecostera.com\/dk\/product\/tapet-med-bybillede\/","title":{"rendered":"Tapet med bybillede"},"content":{"rendered":"<p align=\"center\"><strong>140 cm bred x 70 cm h\u00f8j<\/strong><\/p>\n<h2 style=\"text-align: center\"><strong>Moderne Urban Design<\/strong><\/h2>\n<p style=\"text-align: center\">Cityscape-tapetet viser en fantastisk silhuet af en urban skyline, der tilf\u00f8jer en dristig og moderne \u00e6stetik til ethvert rum. Det slanke design passer perfekt til moderne interi\u00f8r og skaber et fokuspunkt, der indfanger bylivets livlighed.<\/p>\n<p><img decoding=\"async\" class=\"alignnone size-medium wp-image-9016 aligncenter\" src=\"https:\/\/keluvo.com\/template\/wp-content\/uploads\/sites\/5\/2025\/01\/6462ab36-dce4-4352-bbad-fef89cfd61d0.webp\" alt=\"\" \/><\/p>\n<h2 style=\"text-align: center\"><strong>Holdbart Materiale Af H\u00f8j Kvalitet<\/strong><\/h2>\n<p style=\"text-align: center\">Lavet af f\u00f8rsteklasses materialer er cityscape-tapetet bygget til at holde. Den slidst\u00e6rke overflade modst\u00e5r slid og er nem at reng\u00f8re, hvilket g\u00f8r den perfekt til omr\u00e5der med meget trafik i hjemmet eller p\u00e5 kontoret. Nyd en stilfuld v\u00e6gbekl\u00e6dning, der t\u00e5ler tidens tand.<\/p>\n<p><img decoding=\"async\" class=\"alignnone size-medium wp-image-9017 aligncenter\" src=\"https:\/\/keluvo.com\/template\/wp-content\/uploads\/sites\/5\/2025\/01\/74a962b3-3ce3-473d-a79c-83b2d45cd611.webp\" alt=\"\" \/><\/p>\n","protected":false},"excerpt":{"rendered":"<p>140 cm bred x 70 cm h\u00f8j Moderne Urban Design Cityscape-tapetet viser en fantastisk silhuet af en urban skyline, der [&hellip;]<\/p>\n","protected":false},"featured_media":3243,"comment_status":"open","ping_status":"closed","template":"","meta":{"site-sidebar-layout":"default","site-content-layout":"","ast-site-content-layout":"default","site-content-style":"default","site-sidebar-style":"default","ast-global-header-display":"","ast-banner-title-visibility":"","ast-main-header-display":"","ast-hfb-above-header-display":"","ast-hfb-below-header-display":"","ast-hfb-mobile-header-display":"","site-post-title":"","ast-breadcrumbs-content":"","ast-featured-img":"","footer-sml-layout":"","theme-transparent-header-meta":"default","adv-header-id-meta":"","stick-header-meta":"","header-above-stick-meta":"","header-main-stick-meta":"","header-below-stick-meta":"","astra-migrate-meta-layouts":"set","ast-page-background-enabled":"default","ast-page-background-meta":{"desktop":{"background-color":"var(--ast-global-color-5)","background-image":"","background-repeat":"repeat","background-position":"center center","background-size":"auto","background-attachment":"scroll","background-type":"","background-media":"","overlay-type":"","overlay-color":"","overlay-opacity":"","overlay-gradient":""},"tablet":{"background-color":"","background-image":"","background-repeat":"repeat","background-position":"center center","background-size":"auto","background-attachment":"scroll","background-type":"","background-media":"","overlay-type":"","overlay-color":"","overlay-opacity":"","overlay-gradient":""},"mobile":{"background-color":"","background-image":"","background-repeat":"repeat","background-position":"center center","background-size":"auto","background-attachment":"scroll","background-type":"","background-media":"","overlay-type":"","overlay-color":"","overlay-opacity":"","overlay-gradient":""}},"ast-content-background-meta":{"desktop":{"background-color":"var(--ast-global-color-4)","background-image":"","background-repeat":"repeat","background-position":"center center","background-size":"auto","background-attachment":"scroll","background-type":"","background-media":"","overlay-type":"","overlay-color":"","overlay-opacity":"","overlay-gradient":""},"tablet":{"background-color":"var(--ast-global-color-4)","background-image":"","background-repeat":"repeat","background-position":"center center","background-size":"auto","background-attachment":"scroll","background-type":"","background-media":"","overlay-type":"","overlay-color":"","overlay-opacity":"","overlay-gradient":""},"mobile":{"background-color":"var(--ast-global-color-4)","background-image":"","background-repeat":"repeat","background-position":"center center","background-size":"auto","background-attachment":"scroll","background-type":"","background-media":"","overlay-type":"","overlay-color":"","overlay-opacity":"","overlay-gradient":""}}},"product_brand":[],"product_cat":[19],"product_tag":[],"class_list":{"0":"post-3247","1":"product","2":"type-product","3":"status-publish","4":"has-post-thumbnail","6":"product_cat-uncategorized","7":"desktop-align-left","8":"tablet-align-left","9":"mobile-align-left","11":"first","12":"instock","13":"shipping-taxable","14":"purchasable","15":"product-type-simple"},"_links":{"self":[{"href":"https:\/\/ecostera.com\/dk\/wp-json\/wp\/v2\/product\/3247","targetHints":{"allow":["GET"]}}],"collection":[{"href":"https:\/\/ecostera.com\/dk\/wp-json\/wp\/v2\/product"}],"about":[{"href":"https:\/\/ecostera.com\/dk\/wp-json\/wp\/v2\/types\/product"}],"replies":[{"embeddable":true,"href":"https:\/\/ecostera.com\/dk\/wp-json\/wp\/v2\/comments?post=3247"}],"wp:featuredmedia":[{"embeddable":true,"href":"https:\/\/ecostera.com\/dk\/wp-json\/wp\/v2\/media\/3243"}],"wp:attachment":[{"href":"https:\/\/ecostera.com\/dk\/wp-json\/wp\/v2\/media?parent=3247"}],"wp:term":[{"taxonomy":"product_brand","embeddable":true,"href":"https:\/\/ecostera.com\/dk\/wp-json\/wp\/v2\/product_brand?post=3247"},{"taxonomy":"product_cat","embeddable":true,"href":"https:\/\/ecostera.com\/dk\/wp-json\/wp\/v2\/product_cat?post=3247"},{"taxonomy":"product_tag","embeddable":true,"href":"https:\/\/ecostera.com\/dk\/wp-json\/wp\/v2\/product_tag?post=3247"}],"curies":[{"name":"wp","href":"https:\/\/api.w.org\/{rel}","templated":true}]}}