{"id":32477,"date":"2025-11-05T12:35:51","date_gmt":"2025-11-05T10:35:51","guid":{"rendered":"https:\/\/ecostera.com\/dk\/product\/tyggelegetoej-til-katte-2-stk\/"},"modified":"2025-11-11T11:39:37","modified_gmt":"2025-11-11T09:39:37","slug":"tyggelegetoej-til-katte-2-stk","status":"publish","type":"product","link":"https:\/\/ecostera.com\/dk\/product\/tyggelegetoej-til-katte-2-stk\/","title":{"rendered":"Tyggeleget\u00f8j til katte (2 stk.)"},"content":{"rendered":"<p style=\"text-align: center\" data-start=\"0\" data-end=\"94\"><strong>Hold din kat glad, aktiv og sikker p\u00e5 at tygge &#8211; samtidig med at du st\u00f8tter dens tandsundhed. \ud83d\udc31\ud83e\uddb7\ud83d\udc95<\/strong><\/p>\n<p style=\"text-align: center\" data-start=\"96\" data-end=\"355\">Dette tyggeleget\u00f8j til katte er et langt, holdbart bidetov i bomuld, der er designet til legesyge katte, som elsker at tygge, tr\u00e6kke og hoppe. Det er lavet af naturligt bomuld og opmuntrer til sunde tyggevaner, hj\u00e6lper med at rense t\u00e6nderne og holder din katteven underholdt i timevis.<\/p>\n<p data-start=\"96\" data-end=\"355\"><img decoding=\"async\" class=\"size-full wp-image-39209 aligncenter\" src=\"https:\/\/keluvo.com\/template\/wp-content\/uploads\/sites\/5\/2025\/10\/4-ezgif.com-crop_1.webp\" alt=\"\" \/><\/p>\n<h2 style=\"text-align: center\" data-start=\"357\" data-end=\"376\">Hovedfordele \u2705<\/h2>\n<p data-start=\"379\" data-end=\"456\">\ud83e\uddf5 Holdbart bomuldsreb &#8211; bygget til at h\u00e5ndtere skarpe t\u00e6nder og energisk leg.<\/p>\n<p data-start=\"459\" data-end=\"539\">\ud83e\uddb7 Underst\u00f8tter tandsundhed &#8211; opmuntrer til naturlig tygning for at hj\u00e6lpe med at rense t\u00e6nderne.<\/p>\n<p data-start=\"542\" data-end=\"619\">\ud83d\udc3e 70 cm langt design &#8211; perfekt til at tr\u00e6kke, jage og str\u00e6kke leg.<\/p>\n<p data-start=\"622\" data-end=\"689\">\ud83c\udf08 Lyse farver &#8211; stimulerer interessen og holder kattene besk\u00e6ftiget.<\/p>\n<p data-start=\"692\" data-end=\"765\">\ud83d\udc9a Sikkert og naturligt &#8211; fremstillet af 100 % bomuld uden skadelige kemikalier.<\/p>\n<p data-start=\"768\" data-end=\"831\">\ud83e\udd1d Godt til at knytte b\u00e5nd &#8211; ideelt til interaktiv eller sololeg.<\/p>\n<p data-start=\"768\" data-end=\"831\"><img decoding=\"async\" class=\"size-full wp-image-39203 aligncenter\" src=\"https:\/\/keluvo.com\/template\/wp-content\/uploads\/sites\/5\/2025\/10\/S055bd74b3ce3431c9e55e6964efd6f13A.jpg_960x960q75.jpg_.avif\" alt=\"\" \/><\/p>\n<h2 style=\"text-align: center\" data-start=\"833\" data-end=\"851\">S\u00e5dan bruger du\u00a0\ud83d\udccc<\/h2>\n<ol data-start=\"852\" data-end=\"1075\">\n<li data-start=\"852\" data-end=\"904\">\n<p data-start=\"855\" data-end=\"904\">L\u00e6g rebet i din kats legeomr\u00e5de.<\/p>\n<\/li>\n<li data-start=\"905\" data-end=\"951\">\n<p data-start=\"908\" data-end=\"951\">Lad din kat bide, tr\u00e6kke og jage frit.<\/p>\n<\/li>\n<li data-start=\"952\" data-end=\"1038\">\n<p data-start=\"955\" data-end=\"1038\">Brug rebet til interaktiv leg &#8211; tr\u00e6k eller kast det for at opmuntre til bev\u00e6gelse.<\/p>\n<\/li>\n<li data-start=\"1039\" data-end=\"1075\">\n<p data-start=\"1042\" data-end=\"1075\">Opbevar det p\u00e5 et t\u00f8rt sted efter brug.<\/p>\n<\/li>\n<\/ol>\n<h2 style=\"text-align: center\" data-start=\"1077\" data-end=\"1099\">Produktoplysninger \u2139<\/h2>\n<ul data-start=\"1100\" data-end=\"1279\">\n<li data-start=\"1100\" data-end=\"1146\">\n<p data-start=\"1102\" data-end=\"1146\">Materiale: 100 % naturlig bomuld af h\u00f8j kvalitet<\/p>\n<\/li>\n<li data-start=\"1147\" data-end=\"1164\">\n<p data-start=\"1149\" data-end=\"1164\">L\u00e6ngde: 70 cm<\/p>\n<\/li>\n<li data-start=\"1200\" data-end=\"1235\">\n<p data-start=\"1202\" data-end=\"1235\">Farver: R\u00f8d-gr\u00f8n, orange-gul, m\u00f8rkebl\u00e5-lilla, lysebl\u00e5-lilla<\/p>\n<\/li>\n<li data-start=\"1236\" data-end=\"1279\">\n<p data-start=\"1238\" data-end=\"1279\">Sikkerhed: Ikke-giftig, ingen skadelige kemikalier<\/p>\n<\/li>\n<\/ul>\n<h2 style=\"text-align: center\" data-start=\"1281\" data-end=\"1304\">Pakken\u00a0indeholder\u00a0\ud83d\udce6<\/h2>\n<ul data-start=\"1305\" data-end=\"1344\">\n<li data-start=\"1305\" data-end=\"1344\">\n<p data-start=\"1307\" data-end=\"1344\">2x tyggeleget\u00f8j til katte.<\/p>\n<\/li>\n<\/ul>\n","protected":false},"excerpt":{"rendered":"<p>Hold din kat glad, aktiv og sikker p\u00e5 at tygge &#8211; samtidig med at du st\u00f8tter dens tandsundhed. \ud83d\udc31\ud83e\uddb7\ud83d\udc95 Dette [&hellip;]<\/p>\n","protected":false},"featured_media":32699,"comment_status":"open","ping_status":"closed","template":"","meta":{"site-sidebar-layout":"default","site-content-layout":"","ast-site-content-layout":"default","site-content-style":"default","site-sidebar-style":"default","ast-global-header-display":"","ast-banner-title-visibility":"","ast-main-header-display":"","ast-hfb-above-header-display":"","ast-hfb-below-header-display":"","ast-hfb-mobile-header-display":"","site-post-title":"","ast-breadcrumbs-content":"","ast-featured-img":"","footer-sml-layout":"","theme-transparent-header-meta":"default","adv-header-id-meta":"","stick-header-meta":"","header-above-stick-meta":"","header-main-stick-meta":"","header-below-stick-meta":"","astra-migrate-meta-layouts":"set","ast-page-background-enabled":"default","ast-page-background-meta":{"desktop":{"background-color":"var(--ast-global-color-5)","background-image":"","background-repeat":"repeat","background-position":"center center","background-size":"auto","background-attachment":"scroll","background-type":"","background-media":"","overlay-type":"","overlay-color":"","overlay-opacity":"","overlay-gradient":""},"tablet":{"background-color":"","background-image":"","background-repeat":"repeat","background-position":"center center","background-size":"auto","background-attachment":"scroll","background-type":"","background-media":"","overlay-type":"","overlay-color":"","overlay-opacity":"","overlay-gradient":""},"mobile":{"background-color":"","background-image":"","background-repeat":"repeat","background-position":"center center","background-size":"auto","background-attachment":"scroll","background-type":"","background-media":"","overlay-type":"","overlay-color":"","overlay-opacity":"","overlay-gradient":""}},"ast-content-background-meta":{"desktop":{"background-color":"var(--ast-global-color-4)","background-image":"","background-repeat":"repeat","background-position":"center center","background-size":"auto","background-attachment":"scroll","background-type":"","background-media":"","overlay-type":"","overlay-color":"","overlay-opacity":"","overlay-gradient":""},"tablet":{"background-color":"var(--ast-global-color-4)","background-image":"","background-repeat":"repeat","background-position":"center center","background-size":"auto","background-attachment":"scroll","background-type":"","background-media":"","overlay-type":"","overlay-color":"","overlay-opacity":"","overlay-gradient":""},"mobile":{"background-color":"var(--ast-global-color-4)","background-image":"","background-repeat":"repeat","background-position":"center center","background-size":"auto","background-attachment":"scroll","background-type":"","background-media":"","overlay-type":"","overlay-color":"","overlay-opacity":"","overlay-gradient":""}}},"product_brand":[],"product_cat":[19],"product_tag":[],"class_list":{"0":"post-32477","1":"product","2":"type-product","3":"status-publish","4":"has-post-thumbnail","6":"product_cat-uncategorized","7":"pa_49940_ytvijdln-lyseblaa-lilla","8":"pa_49940_ytvijdln-moerkeblaa-lilla","9":"pa_49940_ytvijdln-orange-gul","10":"pa_49940_ytvijdln-roed-groen","11":"desktop-align-left","12":"tablet-align-left","13":"mobile-align-left","15":"first","16":"instock","17":"shipping-taxable","18":"purchasable","19":"product-type-variable"},"_links":{"self":[{"href":"https:\/\/ecostera.com\/dk\/wp-json\/wp\/v2\/product\/32477","targetHints":{"allow":["GET"]}}],"collection":[{"href":"https:\/\/ecostera.com\/dk\/wp-json\/wp\/v2\/product"}],"about":[{"href":"https:\/\/ecostera.com\/dk\/wp-json\/wp\/v2\/types\/product"}],"replies":[{"embeddable":true,"href":"https:\/\/ecostera.com\/dk\/wp-json\/wp\/v2\/comments?post=32477"}],"wp:featuredmedia":[{"embeddable":true,"href":"https:\/\/ecostera.com\/dk\/wp-json\/wp\/v2\/media\/32699"}],"wp:attachment":[{"href":"https:\/\/ecostera.com\/dk\/wp-json\/wp\/v2\/media?parent=32477"}],"wp:term":[{"taxonomy":"product_brand","embeddable":true,"href":"https:\/\/ecostera.com\/dk\/wp-json\/wp\/v2\/product_brand?post=32477"},{"taxonomy":"product_cat","embeddable":true,"href":"https:\/\/ecostera.com\/dk\/wp-json\/wp\/v2\/product_cat?post=32477"},{"taxonomy":"product_tag","embeddable":true,"href":"https:\/\/ecostera.com\/dk\/wp-json\/wp\/v2\/product_tag?post=32477"}],"curies":[{"name":"wp","href":"https:\/\/api.w.org\/{rel}","templated":true}]}}