{"id":32542,"date":"2025-11-05T12:42:30","date_gmt":"2025-11-05T10:42:30","guid":{"rendered":"https:\/\/ecostera.com\/dk\/product\/dynamisk-udfordrende-legetoejsspil\/"},"modified":"2025-11-24T15:47:57","modified_gmt":"2025-11-24T13:47:57","slug":"dynamisk-udfordrende-legetoejsspil","status":"publish","type":"product","link":"https:\/\/ecostera.com\/dk\/product\/dynamisk-udfordrende-legetoejsspil\/","title":{"rendered":"Dynamisk udfordrende leget\u00f8jsspil"},"content":{"rendered":"<p style=\"text-align: center\" data-start=\"0\" data-end=\"79\"><strong>\u00d8g fokus, strategi og hjernekapacitet &#8211; alt sammen mens du har det sjovt p\u00e5 farten. \ud83e\udde0\ud83c\udfae<\/strong><\/p>\n<p style=\"text-align: center\" data-start=\"81\" data-end=\"343\">Dette dynamiske udfordringsleget\u00f8j er et h\u00e5ndholdt elektronisk tic-tac-toe-spil, der er designet til at hj\u00e6lpe b\u00f8rn med at t\u00e6nke hurtigere, planl\u00e6gge smartere og nyde uendelig sjov. Med flere spiltilstande, holdbar konstruktion og b\u00e6rbar st\u00f8rrelse g\u00f8r det l\u00e6ring til et spil n\u00e5r som helst og hvor som helst.<\/p>\n<p data-start=\"81\" data-end=\"343\"><img decoding=\"async\" class=\"size-full wp-image-39267 aligncenter\" src=\"https:\/\/keluvo.com\/template\/wp-content\/uploads\/sites\/5\/2025\/10\/102211-ezgif.com-video-to-webp-converter-2.webp\" alt=\"\" \/><\/p>\n<h2 style=\"text-align: center\" data-start=\"345\" data-end=\"366\">Hovedfordele \u2705<\/h2>\n<p data-start=\"369\" data-end=\"448\">\ud83e\udde9 Opbygger t\u00e6nkeevner &#8211; forbedrer strategi, logik og probleml\u00f8sning.<\/p>\n<p data-start=\"451\" data-end=\"523\">\ud83c\udfae Flere spiltilstande &#8211; skift tilstand med en knap for mere sjov.<\/p>\n<p data-start=\"526\" data-end=\"594\">\ud83d\udcaa Holdbar og sikker &#8211; lavet af st\u00e6rk, milj\u00f8venlig ABS-plast.<\/p>\n<p data-start=\"597\" data-end=\"674\">\ud83d\ude97 B\u00e6rbart design &#8211; perfekt til rejser, bilture, restauranter og hjemmet.<\/p>\n<p data-start=\"677\" data-end=\"747\">\ud83c\udf81 Perfekt gave &#8211; sjov + l\u00e6ring for b\u00e5de drenge og piger i alderen 3+.<\/p>\n<p data-start=\"677\" data-end=\"747\"><img decoding=\"async\" class=\"size-full wp-image-39268 aligncenter\" src=\"https:\/\/keluvo.com\/template\/wp-content\/uploads\/sites\/5\/2025\/10\/102210-ezgif.com-video-to-webp-converter-2.webp\" alt=\"\" \/><\/p>\n<h2 style=\"text-align: center\" data-start=\"749\" data-end=\"769\">S\u00e5dan bruger du\u00a0\ud83d\udccc<\/h2>\n<ol data-start=\"770\" data-end=\"990\">\n<li data-start=\"770\" data-end=\"814\">\n<p data-start=\"773\" data-end=\"814\">Ins\u00e6t 2x AA-batterier (medf\u00f8lger ikke).<\/p>\n<\/li>\n<li data-start=\"815\" data-end=\"837\">\n<p data-start=\"818\" data-end=\"837\">T\u00e6nd for spillet.<\/p>\n<\/li>\n<li data-start=\"838\" data-end=\"881\">\n<p data-start=\"841\" data-end=\"881\">V\u00e6lg din spiltilstand med knappen.<\/p>\n<\/li>\n<li data-start=\"882\" data-end=\"945\">\n<p data-start=\"885\" data-end=\"945\">Spil tic-tac-toe ved at trykke p\u00e5 boltene for at markere dine tr\u00e6k.<\/p>\n<\/li>\n<li data-start=\"946\" data-end=\"990\">\n<p data-start=\"949\" data-end=\"990\">Nyd det alene eller skift med en ven!<\/p>\n<\/li>\n<\/ol>\n<h2 style=\"text-align: center\" data-start=\"992\" data-end=\"1016\">Produktoplysninger \u2139<\/h2>\n<ul data-start=\"1017\" data-end=\"1231\">\n<li data-start=\"1017\" data-end=\"1071\">\n<p data-start=\"1019\" data-end=\"1071\">Materiale: ABS-plast (holdbar, ridsefast)<\/p>\n<\/li>\n<li data-start=\"1072\" data-end=\"1119\">\n<p data-start=\"1074\" data-end=\"1119\">St\u00f8rrelse: 9 x 9 x 2,8 cm<\/p>\n<\/li>\n<li data-start=\"1120\" data-end=\"1162\">\n<p data-start=\"1122\" data-end=\"1162\">Str\u00f8m: 2x AA-batterier (medf\u00f8lger ikke)<\/p>\n<\/li>\n<li data-start=\"1163\" data-end=\"1189\">\n<p data-start=\"1165\" data-end=\"1189\">Alder: 3 \u00e5r og derover<\/p>\n<\/li>\n<li data-start=\"1190\" data-end=\"1231\">\n<p data-start=\"1192\" data-end=\"1231\">Farver: Orange, gul, lilla, sort<\/p>\n<\/li>\n<\/ul>\n<h2 style=\"text-align: center\" data-start=\"1233\" data-end=\"1258\">Pakken\u00a0indeholder\u00a0\ud83d\udce6<\/h2>\n<ul data-start=\"1259\" data-end=\"1345\">\n<li data-start=\"1259\" data-end=\"1318\">\n<p data-start=\"1261\" data-end=\"1318\">1x dynamisk udfordringsspil (elektronisk tic-tac-toe-spil)<\/p>\n<\/li>\n<li data-start=\"1319\" data-end=\"1345\">\n<p data-start=\"1321\" data-end=\"1345\">1x brugsanvisning.<\/p>\n<\/li>\n<\/ul>\n","protected":false},"excerpt":{"rendered":"<p>\u00d8g fokus, strategi og hjernekapacitet &#8211; alt sammen mens du har det sjovt p\u00e5 farten. \ud83e\udde0\ud83c\udfae Dette dynamiske udfordringsleget\u00f8j er [&hellip;]<\/p>\n","protected":false},"featured_media":32538,"comment_status":"open","ping_status":"closed","template":"","meta":{"site-sidebar-layout":"default","site-content-layout":"","ast-site-content-layout":"default","site-content-style":"default","site-sidebar-style":"default","ast-global-header-display":"","ast-banner-title-visibility":"","ast-main-header-display":"","ast-hfb-above-header-display":"","ast-hfb-below-header-display":"","ast-hfb-mobile-header-display":"","site-post-title":"","ast-breadcrumbs-content":"","ast-featured-img":"","footer-sml-layout":"","theme-transparent-header-meta":"default","adv-header-id-meta":"","stick-header-meta":"","header-above-stick-meta":"","header-main-stick-meta":"","header-below-stick-meta":"","astra-migrate-meta-layouts":"set","ast-page-background-enabled":"default","ast-page-background-meta":{"desktop":{"background-color":"var(--ast-global-color-5)","background-image":"","background-repeat":"repeat","background-position":"center center","background-size":"auto","background-attachment":"scroll","background-type":"","background-media":"","overlay-type":"","overlay-color":"","overlay-opacity":"","overlay-gradient":""},"tablet":{"background-color":"","background-image":"","background-repeat":"repeat","background-position":"center center","background-size":"auto","background-attachment":"scroll","background-type":"","background-media":"","overlay-type":"","overlay-color":"","overlay-opacity":"","overlay-gradient":""},"mobile":{"background-color":"","background-image":"","background-repeat":"repeat","background-position":"center center","background-size":"auto","background-attachment":"scroll","background-type":"","background-media":"","overlay-type":"","overlay-color":"","overlay-opacity":"","overlay-gradient":""}},"ast-content-background-meta":{"desktop":{"background-color":"var(--ast-global-color-4)","background-image":"","background-repeat":"repeat","background-position":"center center","background-size":"auto","background-attachment":"scroll","background-type":"","background-media":"","overlay-type":"","overlay-color":"","overlay-opacity":"","overlay-gradient":""},"tablet":{"background-color":"var(--ast-global-color-4)","background-image":"","background-repeat":"repeat","background-position":"center center","background-size":"auto","background-attachment":"scroll","background-type":"","background-media":"","overlay-type":"","overlay-color":"","overlay-opacity":"","overlay-gradient":""},"mobile":{"background-color":"var(--ast-global-color-4)","background-image":"","background-repeat":"repeat","background-position":"center center","background-size":"auto","background-attachment":"scroll","background-type":"","background-media":"","overlay-type":"","overlay-color":"","overlay-opacity":"","overlay-gradient":""}}},"product_brand":[],"product_cat":[19],"product_tag":[],"class_list":{"0":"post-32542","1":"product","2":"type-product","3":"status-publish","4":"has-post-thumbnail","6":"product_cat-uncategorized","7":"pa_49877_ftx0y4um-gul","8":"pa_49877_ftx0y4um-lilla","9":"pa_49877_ftx0y4um-orange","10":"pa_49877_ftx0y4um-sort","11":"desktop-align-left","12":"tablet-align-left","13":"mobile-align-left","15":"first","16":"instock","17":"shipping-taxable","18":"purchasable","19":"product-type-variable"},"_links":{"self":[{"href":"https:\/\/ecostera.com\/dk\/wp-json\/wp\/v2\/product\/32542","targetHints":{"allow":["GET"]}}],"collection":[{"href":"https:\/\/ecostera.com\/dk\/wp-json\/wp\/v2\/product"}],"about":[{"href":"https:\/\/ecostera.com\/dk\/wp-json\/wp\/v2\/types\/product"}],"replies":[{"embeddable":true,"href":"https:\/\/ecostera.com\/dk\/wp-json\/wp\/v2\/comments?post=32542"}],"wp:featuredmedia":[{"embeddable":true,"href":"https:\/\/ecostera.com\/dk\/wp-json\/wp\/v2\/media\/32538"}],"wp:attachment":[{"href":"https:\/\/ecostera.com\/dk\/wp-json\/wp\/v2\/media?parent=32542"}],"wp:term":[{"taxonomy":"product_brand","embeddable":true,"href":"https:\/\/ecostera.com\/dk\/wp-json\/wp\/v2\/product_brand?post=32542"},{"taxonomy":"product_cat","embeddable":true,"href":"https:\/\/ecostera.com\/dk\/wp-json\/wp\/v2\/product_cat?post=32542"},{"taxonomy":"product_tag","embeddable":true,"href":"https:\/\/ecostera.com\/dk\/wp-json\/wp\/v2\/product_tag?post=32542"}],"curies":[{"name":"wp","href":"https:\/\/api.w.org\/{rel}","templated":true}]}}