{"id":3257,"date":"2025-07-16T12:21:09","date_gmt":"2025-07-16T12:21:09","guid":{"rendered":"https:\/\/ecostera.com\/dk\/product\/armbaand-med-blaa-tigeroejne\/"},"modified":"2025-07-16T12:21:36","modified_gmt":"2025-07-16T12:21:36","slug":"armbaand-med-blaa-tigeroejne","status":"publish","type":"product","link":"https:\/\/ecostera.com\/dk\/product\/armbaand-med-blaa-tigeroejne\/","title":{"rendered":"Armb\u00e5nd med bl\u00e5 tiger\u00f8jne"},"content":{"rendered":"<h2 style=\"text-align: center\">Naturlig Tiger\u00f8je-Sten<\/h2>\n<p style=\"text-align: center\">Det bl\u00e5 tiger\u00f8je-armb\u00e5nd er fremstillet af \u00e6gte tiger\u00f8je-sten. Hver perle har en fantastisk bl\u00e5 nuance, der tilf\u00f8jer elegance og charme. Disse natursten er kendt for deres unikke m\u00f8nstre og holdbarhed.<\/p>\n<p><img decoding=\"async\" class=\"alignnone size-medium wp-image-6000 aligncenter\" src=\"https:\/\/keluvo.com\/template\/wp-content\/uploads\/sites\/5\/2024\/12\/Hebbd496e25144a0588a8489e7727282aG.jpg_960x960q75.jpg_.webp\" \/><\/p>\n<h2 style=\"text-align: center\">Justerbar For Perfekt Pasform<\/h2>\n<p style=\"text-align: center\">Det bl\u00e5 tiger\u00f8jearmb\u00e5nd er designet til at passe komfortabelt og m\u00e5ler ca. 165-215 mm. Du kan nemt justere det eller bede om en bestemt st\u00f8rrelse for at f\u00e5 en personlig pasform. Nyd at b\u00e6re et armb\u00e5nd, der passer perfekt til dit h\u00e5ndled.<\/p>\n<p><img decoding=\"async\" class=\"alignnone size-medium wp-image-6002 aligncenter\" src=\"https:\/\/keluvo.com\/template\/wp-content\/uploads\/sites\/5\/2024\/12\/Ha7c8c34b5b424f5fac78edeaa0451f6ag.jpg_960x960q75.jpg_.webp\" alt=\"\" \/><\/p>\n","protected":false},"excerpt":{"rendered":"<p>Naturlig Tiger\u00f8je-Sten Det bl\u00e5 tiger\u00f8je-armb\u00e5nd er fremstillet af \u00e6gte tiger\u00f8je-sten. Hver perle har en fantastisk bl\u00e5 nuance, der tilf\u00f8jer elegance [&hellip;]<\/p>\n","protected":false},"featured_media":3253,"comment_status":"open","ping_status":"closed","template":"","meta":{"site-sidebar-layout":"default","site-content-layout":"","ast-site-content-layout":"default","site-content-style":"default","site-sidebar-style":"default","ast-global-header-display":"","ast-banner-title-visibility":"","ast-main-header-display":"","ast-hfb-above-header-display":"","ast-hfb-below-header-display":"","ast-hfb-mobile-header-display":"","site-post-title":"","ast-breadcrumbs-content":"","ast-featured-img":"","footer-sml-layout":"","theme-transparent-header-meta":"default","adv-header-id-meta":"","stick-header-meta":"","header-above-stick-meta":"","header-main-stick-meta":"","header-below-stick-meta":"","astra-migrate-meta-layouts":"set","ast-page-background-enabled":"default","ast-page-background-meta":{"desktop":{"background-color":"var(--ast-global-color-5)","background-image":"","background-repeat":"repeat","background-position":"center center","background-size":"auto","background-attachment":"scroll","background-type":"","background-media":"","overlay-type":"","overlay-color":"","overlay-opacity":"","overlay-gradient":""},"tablet":{"background-color":"","background-image":"","background-repeat":"repeat","background-position":"center center","background-size":"auto","background-attachment":"scroll","background-type":"","background-media":"","overlay-type":"","overlay-color":"","overlay-opacity":"","overlay-gradient":""},"mobile":{"background-color":"","background-image":"","background-repeat":"repeat","background-position":"center center","background-size":"auto","background-attachment":"scroll","background-type":"","background-media":"","overlay-type":"","overlay-color":"","overlay-opacity":"","overlay-gradient":""}},"ast-content-background-meta":{"desktop":{"background-color":"var(--ast-global-color-4)","background-image":"","background-repeat":"repeat","background-position":"center center","background-size":"auto","background-attachment":"scroll","background-type":"","background-media":"","overlay-type":"","overlay-color":"","overlay-opacity":"","overlay-gradient":""},"tablet":{"background-color":"var(--ast-global-color-4)","background-image":"","background-repeat":"repeat","background-position":"center center","background-size":"auto","background-attachment":"scroll","background-type":"","background-media":"","overlay-type":"","overlay-color":"","overlay-opacity":"","overlay-gradient":""},"mobile":{"background-color":"var(--ast-global-color-4)","background-image":"","background-repeat":"repeat","background-position":"center center","background-size":"auto","background-attachment":"scroll","background-type":"","background-media":"","overlay-type":"","overlay-color":"","overlay-opacity":"","overlay-gradient":""}}},"product_brand":[],"product_cat":[19],"product_tag":[],"class_list":{"0":"post-3257","1":"product","2":"type-product","3":"status-publish","4":"has-post-thumbnail","6":"product_cat-uncategorized","7":"pa_38576_dhtqhi95-10-mm","8":"pa_38576_dhtqhi95-12-mm","9":"pa_38576_dhtqhi95-6-mm","10":"pa_38576_dhtqhi95-8-mm","11":"pa_38576_p9je0jlt-17-cm","12":"pa_38576_p9je0jlt-19-cm","13":"pa_38576_p9je0jlt-21-cm","14":"desktop-align-left","15":"tablet-align-left","16":"mobile-align-left","18":"first","19":"instock","20":"shipping-taxable","21":"purchasable","22":"product-type-variable","23":"has-default-attributes"},"_links":{"self":[{"href":"https:\/\/ecostera.com\/dk\/wp-json\/wp\/v2\/product\/3257","targetHints":{"allow":["GET"]}}],"collection":[{"href":"https:\/\/ecostera.com\/dk\/wp-json\/wp\/v2\/product"}],"about":[{"href":"https:\/\/ecostera.com\/dk\/wp-json\/wp\/v2\/types\/product"}],"replies":[{"embeddable":true,"href":"https:\/\/ecostera.com\/dk\/wp-json\/wp\/v2\/comments?post=3257"}],"wp:featuredmedia":[{"embeddable":true,"href":"https:\/\/ecostera.com\/dk\/wp-json\/wp\/v2\/media\/3253"}],"wp:attachment":[{"href":"https:\/\/ecostera.com\/dk\/wp-json\/wp\/v2\/media?parent=3257"}],"wp:term":[{"taxonomy":"product_brand","embeddable":true,"href":"https:\/\/ecostera.com\/dk\/wp-json\/wp\/v2\/product_brand?post=3257"},{"taxonomy":"product_cat","embeddable":true,"href":"https:\/\/ecostera.com\/dk\/wp-json\/wp\/v2\/product_cat?post=3257"},{"taxonomy":"product_tag","embeddable":true,"href":"https:\/\/ecostera.com\/dk\/wp-json\/wp\/v2\/product_tag?post=3257"}],"curies":[{"name":"wp","href":"https:\/\/api.w.org\/{rel}","templated":true}]}}