{"id":32576,"date":"2025-11-05T12:45:33","date_gmt":"2025-11-05T10:45:33","guid":{"rendered":"https:\/\/ecostera.com\/dk\/product\/3d-puslespil-labyrint-terning\/"},"modified":"2025-11-18T15:41:00","modified_gmt":"2025-11-18T13:41:00","slug":"3d-puslespil-labyrint-terning","status":"publish","type":"product","link":"https:\/\/ecostera.com\/dk\/product\/3d-puslespil-labyrint-terning\/","title":{"rendered":"3D-puslespil-labyrint-terning"},"content":{"rendered":"<p style=\"text-align: center\" data-start=\"0\" data-end=\"113\"><strong>Udfordr din hjerne og aflast din stress med en 3D-puslespilsterning, der tager probleml\u00f8sning til det n\u00e6ste niveau. \ud83e\udde0\ud83c\udfb2<\/strong><\/p>\n<p style=\"text-align: center\" data-start=\"115\" data-end=\"383\">Denne 3D-puslespilslabyrint kombinerer sp\u00e6ndingen ved et labyrintspil med det sjove ved at dreje og vende en terning. F\u00f8r den lille metalkugle gennem komplekse baner ved at dreje og vippe terningen &#8211; det \u00f8ger fokus, t\u00e5lmodighed og rumlig t\u00e6nkning, mens du har det sjovt.<\/p>\n<p data-start=\"115\" data-end=\"383\"><img decoding=\"async\" class=\"size-full wp-image-39298 aligncenter\" src=\"https:\/\/keluvo.com\/template\/wp-content\/uploads\/sites\/5\/2025\/10\/102213-ezgif.com-video-to-webp-converter-1.webp\" alt=\"\" \/><\/p>\n<h2 style=\"text-align: center\" data-start=\"385\" data-end=\"406\">Hovedfordele \u2705<\/h2>\n<p data-start=\"409\" data-end=\"484\">\ud83e\udde9 \u00d8ger hjernekapaciteten &#8211; forbedrer probleml\u00f8sning og rumlig bevidsthed.<\/p>\n<p data-start=\"487\" data-end=\"557\">\ud83e\uddd8 Lindrer stress og angst &#8211; holder dine h\u00e6nder og dit sind besk\u00e6ftiget.<\/p>\n<p data-start=\"560\" data-end=\"630\">\u2699\ufe0f Unik roterende labyrint &#8211; drej, vend og vip for at flytte bolden.<\/p>\n<p data-start=\"633\" data-end=\"706\">\ud83c\udfc6 Udfordrende og bel\u00f8nnende &#8211; perfekt til puslespilselskere og t\u00e6nkere.<\/p>\n<p data-start=\"709\" data-end=\"786\">\ud83c\udf92 B\u00e6rbar og let &#8211; perfekt til rejser, skrivebordspauser eller leg derhjemme.<\/p>\n<p data-start=\"789\" data-end=\"868\">\ud83c\udf81 God gaveid\u00e9 &#8211; perfekt til teenagere og voksne, der kan lide hjernevridere.<\/p>\n<p data-start=\"789\" data-end=\"868\"><img decoding=\"async\" class=\"size-full wp-image-39300 aligncenter\" src=\"https:\/\/keluvo.com\/template\/wp-content\/uploads\/sites\/5\/2025\/10\/S76fc17bf18d7495ca34393a122f26d74P.jpg_960x960q75.jpg_.avif\" alt=\"\" \/><\/p>\n<h2 style=\"text-align: center\" data-start=\"870\" data-end=\"890\">S\u00e5dan bruger du\u00a0\ud83d\udccc<\/h2>\n<ol data-start=\"891\" data-end=\"1129\">\n<li data-start=\"891\" data-end=\"945\">\n<p data-start=\"894\" data-end=\"945\">Start med at placere bolden ved startpunktet.<\/p>\n<\/li>\n<li data-start=\"946\" data-end=\"1009\">\n<p data-start=\"949\" data-end=\"1009\">Drej og vip terningen for at styre bolden langs labyrinten.<\/p>\n<\/li>\n<li data-start=\"1010\" data-end=\"1067\">\n<p data-start=\"1013\" data-end=\"1067\">Hvis du rammer en blindgyde, skal du observere og finde en ny rute.<\/p>\n<\/li>\n<li data-start=\"1068\" data-end=\"1129\">\n<p data-start=\"1071\" data-end=\"1129\">Forts\u00e6t med at navigere, indtil bolden n\u00e5r slutpunktet.<\/p>\n<\/li>\n<\/ol>\n<h2 style=\"text-align: center\" data-start=\"1131\" data-end=\"1155\">Produktoplysninger \u2139<\/h2>\n<ul data-start=\"1156\" data-end=\"1376\">\n<li data-start=\"1156\" data-end=\"1193\">\n<p data-start=\"1158\" data-end=\"1193\">Materiale: Holdbar plast + metal<\/p>\n<\/li>\n<li data-start=\"1194\" data-end=\"1219\">\n<p data-start=\"1196\" data-end=\"1219\">St\u00f8rrelse: 85 x 85 x 85 mm<\/p>\n<\/li>\n<li data-start=\"1220\" data-end=\"1253\">\n<p data-start=\"1222\" data-end=\"1253\">V\u00e6gt: 0,26 kg (letv\u00e6gt)<\/p>\n<\/li>\n<li data-start=\"1254\" data-end=\"1305\">\n<p data-start=\"1256\" data-end=\"1305\">Anbefalet alder: 14+ (ideel til teenagere og voksne)<\/p>\n<\/li>\n<li data-start=\"1306\" data-end=\"1342\">\n<p data-start=\"1308\" data-end=\"1342\">Emballage: Leveres i en sikker \u00e6ske<\/p>\n<\/li>\n<li data-start=\"1343\" data-end=\"1376\">\n<p data-start=\"1345\" data-end=\"1376\">Stil: 3D-labyrint-terning<\/p>\n<\/li>\n<\/ul>\n<h2 style=\"text-align: center\" data-start=\"1378\" data-end=\"1403\">Pakken\u00a0indeholder\u00a0\ud83d\udce6<\/h2>\n<ul data-start=\"1404\" data-end=\"1441\">\n<li data-start=\"1404\" data-end=\"1441\">\n<p data-start=\"1406\" data-end=\"1441\">1x 3D-puslespil-labyrint-terning.<\/p>\n<\/li>\n<\/ul>\n","protected":false},"excerpt":{"rendered":"<p>Udfordr din hjerne og aflast din stress med en 3D-puslespilsterning, der tager probleml\u00f8sning til det n\u00e6ste niveau. \ud83e\udde0\ud83c\udfb2 Denne 3D-puslespilslabyrint [&hellip;]<\/p>\n","protected":false},"featured_media":32572,"comment_status":"open","ping_status":"closed","template":"","meta":{"site-sidebar-layout":"default","site-content-layout":"","ast-site-content-layout":"default","site-content-style":"default","site-sidebar-style":"default","ast-global-header-display":"","ast-banner-title-visibility":"","ast-main-header-display":"","ast-hfb-above-header-display":"","ast-hfb-below-header-display":"","ast-hfb-mobile-header-display":"","site-post-title":"","ast-breadcrumbs-content":"","ast-featured-img":"","footer-sml-layout":"","theme-transparent-header-meta":"default","adv-header-id-meta":"","stick-header-meta":"","header-above-stick-meta":"","header-main-stick-meta":"","header-below-stick-meta":"","astra-migrate-meta-layouts":"set","ast-page-background-enabled":"default","ast-page-background-meta":{"desktop":{"background-color":"var(--ast-global-color-5)","background-image":"","background-repeat":"repeat","background-position":"center center","background-size":"auto","background-attachment":"scroll","background-type":"","background-media":"","overlay-type":"","overlay-color":"","overlay-opacity":"","overlay-gradient":""},"tablet":{"background-color":"","background-image":"","background-repeat":"repeat","background-position":"center center","background-size":"auto","background-attachment":"scroll","background-type":"","background-media":"","overlay-type":"","overlay-color":"","overlay-opacity":"","overlay-gradient":""},"mobile":{"background-color":"","background-image":"","background-repeat":"repeat","background-position":"center center","background-size":"auto","background-attachment":"scroll","background-type":"","background-media":"","overlay-type":"","overlay-color":"","overlay-opacity":"","overlay-gradient":""}},"ast-content-background-meta":{"desktop":{"background-color":"var(--ast-global-color-4)","background-image":"","background-repeat":"repeat","background-position":"center center","background-size":"auto","background-attachment":"scroll","background-type":"","background-media":"","overlay-type":"","overlay-color":"","overlay-opacity":"","overlay-gradient":""},"tablet":{"background-color":"var(--ast-global-color-4)","background-image":"","background-repeat":"repeat","background-position":"center center","background-size":"auto","background-attachment":"scroll","background-type":"","background-media":"","overlay-type":"","overlay-color":"","overlay-opacity":"","overlay-gradient":""},"mobile":{"background-color":"var(--ast-global-color-4)","background-image":"","background-repeat":"repeat","background-position":"center center","background-size":"auto","background-attachment":"scroll","background-type":"","background-media":"","overlay-type":"","overlay-color":"","overlay-opacity":"","overlay-gradient":""}}},"product_brand":[],"product_cat":[19],"product_tag":[],"class_list":{"0":"post-32576","1":"product","2":"type-product","3":"status-publish","4":"has-post-thumbnail","6":"product_cat-uncategorized","7":"pa_49582_vhn4tufv-groen","8":"pa_49582_vhn4tufv-gul","9":"pa_49582_vhn4tufv-hvid-transparent","10":"pa_49582_vhn4tufv-orange","11":"pa_49582_vhn4tufv-orange-groen","12":"desktop-align-left","13":"tablet-align-left","14":"mobile-align-left","16":"first","17":"instock","18":"shipping-taxable","19":"purchasable","20":"product-type-variable"},"_links":{"self":[{"href":"https:\/\/ecostera.com\/dk\/wp-json\/wp\/v2\/product\/32576","targetHints":{"allow":["GET"]}}],"collection":[{"href":"https:\/\/ecostera.com\/dk\/wp-json\/wp\/v2\/product"}],"about":[{"href":"https:\/\/ecostera.com\/dk\/wp-json\/wp\/v2\/types\/product"}],"replies":[{"embeddable":true,"href":"https:\/\/ecostera.com\/dk\/wp-json\/wp\/v2\/comments?post=32576"}],"wp:featuredmedia":[{"embeddable":true,"href":"https:\/\/ecostera.com\/dk\/wp-json\/wp\/v2\/media\/32572"}],"wp:attachment":[{"href":"https:\/\/ecostera.com\/dk\/wp-json\/wp\/v2\/media?parent=32576"}],"wp:term":[{"taxonomy":"product_brand","embeddable":true,"href":"https:\/\/ecostera.com\/dk\/wp-json\/wp\/v2\/product_brand?post=32576"},{"taxonomy":"product_cat","embeddable":true,"href":"https:\/\/ecostera.com\/dk\/wp-json\/wp\/v2\/product_cat?post=32576"},{"taxonomy":"product_tag","embeddable":true,"href":"https:\/\/ecostera.com\/dk\/wp-json\/wp\/v2\/product_tag?post=32576"}],"curies":[{"name":"wp","href":"https:\/\/api.w.org\/{rel}","templated":true}]}}