{"id":32906,"date":"2025-11-07T13:43:22","date_gmt":"2025-11-07T11:43:22","guid":{"rendered":"https:\/\/ecostera.com\/dk\/product\/elegant-haarspaende-med-andenaeb\/"},"modified":"2025-11-18T15:42:44","modified_gmt":"2025-11-18T13:42:44","slug":"elegant-haarspaende-med-andenaeb","status":"publish","type":"product","link":"https:\/\/ecostera.com\/dk\/product\/elegant-haarspaende-med-andenaeb\/","title":{"rendered":"Elegant h\u00e5rsp\u00e6nde med anden\u00e6b"},"content":{"rendered":"<p style=\"text-align: center\" data-start=\"0\" data-end=\"76\"><strong>Fastg\u00f8r ubesv\u00e6ret dit h\u00e5r med stil og komfort i \u00e9n smart sp\u00e6nde. \u2728\ud83d\udc06<\/strong><\/p>\n<p style=\"text-align: center\" data-start=\"78\" data-end=\"381\">Denne elegante h\u00e5rklemme med anden\u00e6b giver ethvert look et dristigt, moderigtigt touch, samtidig med at den holder dit h\u00e5r p\u00e6nt p\u00e5 plads hele dagen. Med et moderne leopardprint og en slank flad oval form er denne clips let, holdbar og perfekt til hverdagsstyling &#8211; fra rodede knolde til opsatte frisurer.<\/p>\n<p data-start=\"78\" data-end=\"381\"><img decoding=\"async\" class=\" wp-image-39516 aligncenter\" src=\"https:\/\/keluvo.com\/template\/wp-content\/uploads\/sites\/5\/2025\/11\/5d249291-a445-4bef-a4e0-e8a90762e72c.gif\" alt=\"\" \/><\/p>\n<h2 style=\"text-align: center\" data-start=\"383\" data-end=\"404\"><strong>Hovedfordele<\/strong><\/h2>\n<p data-start=\"407\" data-end=\"478\">\ud83d\udc06 Trendy leopardprint &#8211; stilfuldt design, der l\u00f8fter ethvert outfit.<\/p>\n<p data-start=\"481\" data-end=\"550\">\ud83d\udcaa St\u00e6rkt, sikkert hold &#8211; griber fat i h\u00e5ret uden at glide eller hive.<\/p>\n<p data-start=\"553\" data-end=\"631\">\ud83c\udf80 Alsidig styling &#8211; ideel til knolde, opsatte frisurer, snoninger og hurtige l\u00f8sninger.<\/p>\n<p data-start=\"634\" data-end=\"711\">\ud83c\udf3f Let og holdbar &#8211; behagelig at have p\u00e5 hele dagen uden pres.<\/p>\n<p data-start=\"714\" data-end=\"781\">\u2728 Glatte kanter &#8211; sk\u00e5nsom mod h\u00e5ret, forhindrer tr\u00e6k eller brud.<\/p>\n<p data-start=\"714\" data-end=\"781\"><img decoding=\"async\" class=\" wp-image-39517 aligncenter\" src=\"https:\/\/keluvo.com\/template\/wp-content\/uploads\/sites\/5\/2025\/11\/36a05f8c-42be-4dff-bc2b-b481e4e132e3.gif\" alt=\"\" \/><\/p>\n<h2 style=\"text-align: center\" data-start=\"783\" data-end=\"802\"><strong>S\u00e5dan Bruges<\/strong><\/h2>\n<ol data-start=\"803\" data-end=\"996\">\n<li data-start=\"803\" data-end=\"840\">\n<p data-start=\"806\" data-end=\"840\">Saml hele eller dele af dit h\u00e5r.<\/p>\n<\/li>\n<li data-start=\"841\" data-end=\"907\">\n<p data-start=\"844\" data-end=\"907\">Placer clipsen over dit h\u00e5r, hvor du vil fastg\u00f8re det.<\/p>\n<\/li>\n<li data-start=\"908\" data-end=\"945\">\n<p data-start=\"911\" data-end=\"945\">Tryk for at l\u00e5se clipsen p\u00e5 plads.<\/p>\n<\/li>\n<li data-start=\"946\" data-end=\"996\">\n<p data-start=\"949\" data-end=\"996\">Stil og juster efter behov &#8211; klaret p\u00e5 f\u00e5 sekunder!<\/p>\n<\/li>\n<\/ol>\n<h2 style=\"text-align: center\" data-start=\"998\" data-end=\"1022\"><strong>Produktdetaljer<\/strong><\/h2>\n<ul data-start=\"1023\" data-end=\"1214\">\n<li data-start=\"1023\" data-end=\"1057\">\n<p data-start=\"1025\" data-end=\"1057\">Materiale: Plastik af h\u00f8j kvalitet<\/p>\n<\/li>\n<li data-start=\"1058\" data-end=\"1110\">\n<p data-start=\"1060\" data-end=\"1110\">Design: Leopardprint &#8211; oval flad anden\u00e6bsstil<\/p>\n<\/li>\n<li data-start=\"1111\" data-end=\"1167\">\n<p data-start=\"1113\" data-end=\"1167\">St\u00f8rrelse: (9,8 x 3,5 cm) Stor flad klo-klemme (nemt greb og sikkert hold)<\/p>\n<\/li>\n<li data-start=\"1168\" data-end=\"1214\">\n<p data-start=\"1170\" data-end=\"1214\">Let og holdbar &#8211; lavet til daglig brug<\/p>\n<\/li>\n<\/ul>\n<h2 style=\"text-align: center\" data-start=\"1216\" data-end=\"1241\"><strong>Pakken indeholder<\/strong><\/h2>\n<ul data-start=\"1242\" data-end=\"1276\">\n<li data-start=\"1242\" data-end=\"1276\">\n<p data-start=\"1244\" data-end=\"1276\">1, 2, 4x elegant anden\u00e6bsh\u00e5rklemme.<\/p>\n<\/li>\n<\/ul>\n","protected":false},"excerpt":{"rendered":"<p>Fastg\u00f8r ubesv\u00e6ret dit h\u00e5r med stil og komfort i \u00e9n smart sp\u00e6nde. \u2728\ud83d\udc06 Denne elegante h\u00e5rklemme med anden\u00e6b giver ethvert [&hellip;]<\/p>\n","protected":false},"featured_media":32902,"comment_status":"open","ping_status":"closed","template":"","meta":{"site-sidebar-layout":"default","site-content-layout":"","ast-site-content-layout":"default","site-content-style":"default","site-sidebar-style":"default","ast-global-header-display":"","ast-banner-title-visibility":"","ast-main-header-display":"","ast-hfb-above-header-display":"","ast-hfb-below-header-display":"","ast-hfb-mobile-header-display":"","site-post-title":"","ast-breadcrumbs-content":"","ast-featured-img":"","footer-sml-layout":"","theme-transparent-header-meta":"default","adv-header-id-meta":"","stick-header-meta":"","header-above-stick-meta":"","header-main-stick-meta":"","header-below-stick-meta":"","astra-migrate-meta-layouts":"set","ast-page-background-enabled":"default","ast-page-background-meta":{"desktop":{"background-color":"var(--ast-global-color-5)","background-image":"","background-repeat":"repeat","background-position":"center center","background-size":"auto","background-attachment":"scroll","background-type":"","background-media":"","overlay-type":"","overlay-color":"","overlay-opacity":"","overlay-gradient":""},"tablet":{"background-color":"","background-image":"","background-repeat":"repeat","background-position":"center center","background-size":"auto","background-attachment":"scroll","background-type":"","background-media":"","overlay-type":"","overlay-color":"","overlay-opacity":"","overlay-gradient":""},"mobile":{"background-color":"","background-image":"","background-repeat":"repeat","background-position":"center center","background-size":"auto","background-attachment":"scroll","background-type":"","background-media":"","overlay-type":"","overlay-color":"","overlay-opacity":"","overlay-gradient":""}},"ast-content-background-meta":{"desktop":{"background-color":"var(--ast-global-color-4)","background-image":"","background-repeat":"repeat","background-position":"center center","background-size":"auto","background-attachment":"scroll","background-type":"","background-media":"","overlay-type":"","overlay-color":"","overlay-opacity":"","overlay-gradient":""},"tablet":{"background-color":"var(--ast-global-color-4)","background-image":"","background-repeat":"repeat","background-position":"center center","background-size":"auto","background-attachment":"scroll","background-type":"","background-media":"","overlay-type":"","overlay-color":"","overlay-opacity":"","overlay-gradient":""},"mobile":{"background-color":"var(--ast-global-color-4)","background-image":"","background-repeat":"repeat","background-position":"center center","background-size":"auto","background-attachment":"scroll","background-type":"","background-media":"","overlay-type":"","overlay-color":"","overlay-opacity":"","overlay-gradient":""}}},"product_brand":[],"product_cat":[19],"product_tag":[],"class_list":{"0":"post-32906","1":"product","2":"type-product","3":"status-publish","4":"has-post-thumbnail","6":"product_cat-uncategorized","7":"pa_49485_c6s3gepi-kaffe","8":"pa_49485_c6s3gepi-leopard-brun","9":"pa_49485_c6s3gepi-leopard-graa","10":"pa_49485_c6s3gepi-lys-leopard","11":"pa_49485_c6s3gepi-sort","12":"pa_49485_oz8hce3l-1-stk","13":"pa_49485_oz8hce3l-2-stk","14":"pa_49485_oz8hce3l-4-stk","15":"desktop-align-left","16":"tablet-align-left","17":"mobile-align-left","19":"first","20":"instock","21":"shipping-taxable","22":"purchasable","23":"product-type-variable","24":"has-default-attributes"},"_links":{"self":[{"href":"https:\/\/ecostera.com\/dk\/wp-json\/wp\/v2\/product\/32906","targetHints":{"allow":["GET"]}}],"collection":[{"href":"https:\/\/ecostera.com\/dk\/wp-json\/wp\/v2\/product"}],"about":[{"href":"https:\/\/ecostera.com\/dk\/wp-json\/wp\/v2\/types\/product"}],"replies":[{"embeddable":true,"href":"https:\/\/ecostera.com\/dk\/wp-json\/wp\/v2\/comments?post=32906"}],"wp:featuredmedia":[{"embeddable":true,"href":"https:\/\/ecostera.com\/dk\/wp-json\/wp\/v2\/media\/32902"}],"wp:attachment":[{"href":"https:\/\/ecostera.com\/dk\/wp-json\/wp\/v2\/media?parent=32906"}],"wp:term":[{"taxonomy":"product_brand","embeddable":true,"href":"https:\/\/ecostera.com\/dk\/wp-json\/wp\/v2\/product_brand?post=32906"},{"taxonomy":"product_cat","embeddable":true,"href":"https:\/\/ecostera.com\/dk\/wp-json\/wp\/v2\/product_cat?post=32906"},{"taxonomy":"product_tag","embeddable":true,"href":"https:\/\/ecostera.com\/dk\/wp-json\/wp\/v2\/product_tag?post=32906"}],"curies":[{"name":"wp","href":"https:\/\/api.w.org\/{rel}","templated":true}]}}