{"id":3299,"date":"2025-07-16T12:22:46","date_gmt":"2025-07-16T12:22:46","guid":{"rendered":"https:\/\/ecostera.com\/dk\/product\/sportstaske-til-taljen\/"},"modified":"2025-08-25T16:33:48","modified_gmt":"2025-08-25T13:33:48","slug":"sportstaske-til-taljen","status":"publish","type":"product","link":"https:\/\/ecostera.com\/dk\/product\/sportstaske-til-taljen\/","title":{"rendered":"Sportstaske til taljen"},"content":{"rendered":"<h2 style=\"text-align: center\">Holdbart Og Let Design<\/h2>\n<p style=\"text-align: center\">Sportstasken er lavet af robust nylonmateriale, der sikrer, at den kan klare daglig brug og udend\u00f8rs aktiviteter. P\u00e5 trods af sin styrke er den let og nem at b\u00e6re, hvilket g\u00f8r den til den perfekte ledsager til l\u00f8b, vandring eller cykling. Hold dig aktiv uden nogen ekstra byrde.<\/p>\n<p><img decoding=\"async\" class=\"alignnone size-medium wp-image-8662 aligncenter\" src=\"https:\/\/keluvo.com\/template\/wp-content\/uploads\/sites\/5\/2025\/01\/S56af9484ae1a476ba0e216d12446f1fai.jpg_960x960q75.jpg_.jpeg\" alt=\"\" \/><\/p>\n<h2 style=\"text-align: center\">Vandt\u00e6t Og Vejrbestandig<\/h2>\n<p style=\"text-align: center\">Med sit vandt\u00e6tte design holder sportstasken dine ting sikre og t\u00f8rre under forskellige vejrforhold. Uanset om det er regn, sved eller st\u00e6nk, forbliver din telefon og andre v\u00e6rdigenstande beskyttet. Nyd dine udend\u00f8rs eventyr med ro i sindet.<\/p>\n<p><img decoding=\"async\" class=\"alignnone size-medium wp-image-8657 aligncenter\" src=\"https:\/\/keluvo.com\/template\/wp-content\/uploads\/sites\/5\/2025\/01\/S020fe17a7a194f6680f72a3e55552721i.jpg_960x960q75.jpg_.jpeg\" alt=\"\" \/><\/p>\n","protected":false},"excerpt":{"rendered":"<p>Holdbart Og Let Design Sportstasken er lavet af robust nylonmateriale, der sikrer, at den kan klare daglig brug og udend\u00f8rs [&hellip;]<\/p>\n","protected":false},"featured_media":3295,"comment_status":"open","ping_status":"closed","template":"","meta":{"site-sidebar-layout":"default","site-content-layout":"","ast-site-content-layout":"default","site-content-style":"default","site-sidebar-style":"default","ast-global-header-display":"","ast-banner-title-visibility":"","ast-main-header-display":"","ast-hfb-above-header-display":"","ast-hfb-below-header-display":"","ast-hfb-mobile-header-display":"","site-post-title":"","ast-breadcrumbs-content":"","ast-featured-img":"","footer-sml-layout":"","theme-transparent-header-meta":"default","adv-header-id-meta":"","stick-header-meta":"","header-above-stick-meta":"","header-main-stick-meta":"","header-below-stick-meta":"","astra-migrate-meta-layouts":"set","ast-page-background-enabled":"default","ast-page-background-meta":{"desktop":{"background-color":"var(--ast-global-color-5)","background-image":"","background-repeat":"repeat","background-position":"center center","background-size":"auto","background-attachment":"scroll","background-type":"","background-media":"","overlay-type":"","overlay-color":"","overlay-opacity":"","overlay-gradient":""},"tablet":{"background-color":"","background-image":"","background-repeat":"repeat","background-position":"center center","background-size":"auto","background-attachment":"scroll","background-type":"","background-media":"","overlay-type":"","overlay-color":"","overlay-opacity":"","overlay-gradient":""},"mobile":{"background-color":"","background-image":"","background-repeat":"repeat","background-position":"center center","background-size":"auto","background-attachment":"scroll","background-type":"","background-media":"","overlay-type":"","overlay-color":"","overlay-opacity":"","overlay-gradient":""}},"ast-content-background-meta":{"desktop":{"background-color":"var(--ast-global-color-4)","background-image":"","background-repeat":"repeat","background-position":"center center","background-size":"auto","background-attachment":"scroll","background-type":"","background-media":"","overlay-type":"","overlay-color":"","overlay-opacity":"","overlay-gradient":""},"tablet":{"background-color":"var(--ast-global-color-4)","background-image":"","background-repeat":"repeat","background-position":"center center","background-size":"auto","background-attachment":"scroll","background-type":"","background-media":"","overlay-type":"","overlay-color":"","overlay-opacity":"","overlay-gradient":""},"mobile":{"background-color":"var(--ast-global-color-4)","background-image":"","background-repeat":"repeat","background-position":"center center","background-size":"auto","background-attachment":"scroll","background-type":"","background-media":"","overlay-type":"","overlay-color":"","overlay-opacity":"","overlay-gradient":""}}},"product_brand":[],"product_cat":[19],"product_tag":[],"class_list":{"0":"post-3299","1":"product","2":"type-product","3":"status-publish","4":"has-post-thumbnail","6":"product_cat-uncategorized","7":"pa_39692_aj974afu-blaa","8":"pa_39692_aj974afu-groen","9":"pa_39692_aj974afu-orange","10":"pa_39692_aj974afu-rose","11":"pa_39692_aj974afu-sort","12":"desktop-align-left","13":"tablet-align-left","14":"mobile-align-left","16":"first","17":"instock","18":"shipping-taxable","19":"purchasable","20":"product-type-variable"},"_links":{"self":[{"href":"https:\/\/ecostera.com\/dk\/wp-json\/wp\/v2\/product\/3299","targetHints":{"allow":["GET"]}}],"collection":[{"href":"https:\/\/ecostera.com\/dk\/wp-json\/wp\/v2\/product"}],"about":[{"href":"https:\/\/ecostera.com\/dk\/wp-json\/wp\/v2\/types\/product"}],"replies":[{"embeddable":true,"href":"https:\/\/ecostera.com\/dk\/wp-json\/wp\/v2\/comments?post=3299"}],"wp:featuredmedia":[{"embeddable":true,"href":"https:\/\/ecostera.com\/dk\/wp-json\/wp\/v2\/media\/3295"}],"wp:attachment":[{"href":"https:\/\/ecostera.com\/dk\/wp-json\/wp\/v2\/media?parent=3299"}],"wp:term":[{"taxonomy":"product_brand","embeddable":true,"href":"https:\/\/ecostera.com\/dk\/wp-json\/wp\/v2\/product_brand?post=3299"},{"taxonomy":"product_cat","embeddable":true,"href":"https:\/\/ecostera.com\/dk\/wp-json\/wp\/v2\/product_cat?post=3299"},{"taxonomy":"product_tag","embeddable":true,"href":"https:\/\/ecostera.com\/dk\/wp-json\/wp\/v2\/product_tag?post=3299"}],"curies":[{"name":"wp","href":"https:\/\/api.w.org\/{rel}","templated":true}]}}