{"id":33022,"date":"2025-11-07T13:51:46","date_gmt":"2025-11-07T11:51:46","guid":{"rendered":"https:\/\/ecostera.com\/dk\/product\/anti-peeping-korthylster\/"},"modified":"2025-11-07T19:16:17","modified_gmt":"2025-11-07T17:16:17","slug":"anti-peeping-korthylster","status":"publish","type":"product","link":"https:\/\/ecostera.com\/dk\/product\/anti-peeping-korthylster\/","title":{"rendered":"Anti-kigge-kortlomme"},"content":{"rendered":"<p style=\"text-align: center\" data-start=\"0\" data-end=\"86\"><strong>Hold dine personlige oplysninger sikre og dine kort beskyttede, uanset hvor du g\u00e5r. \ud83d\udd12\ud83d\udcb3<\/strong><\/p>\n<p style=\"text-align: center\" data-start=\"88\" data-end=\"436\">Dette anti-spioneringskortlomme beskytter dine ID-kort, bankkort og adgangskort mod scanningstyveri og skader. Med antimagnetisk, ridsefast beskyttelse og et letv\u00e6gtsdesign holder det dine private data sikre, samtidig med at det forhindrer slitage p\u00e5 dine kort. Enkel, stilfuld og praktisk &#8211; et lille lag sikkerhed, der g\u00f8r en stor forskel.<\/p>\n<p data-start=\"88\" data-end=\"436\"><img decoding=\"async\" class=\"size-full wp-image-39634 aligncenter\" src=\"https:\/\/keluvo.com\/template\/wp-content\/uploads\/sites\/5\/2025\/11\/10223-ezgif.com-video-to-webp-converter-3.webp\" alt=\"\" \/><\/p>\n<h2 style=\"text-align: center\" data-start=\"438\" data-end=\"459\"><strong>Hovedfordele<\/strong><\/h2>\n<p data-start=\"462\" data-end=\"538\">\ud83d\udd10 Beskyttelse af privatlivets fred &#8211; blokerer tr\u00e5dl\u00f8s scanning for at forhindre datatyveri.<\/p>\n<p data-start=\"541\" data-end=\"625\">\ud83d\udee1\ufe0f Anti-magnetisk &amp; anti-ridse &#8211; beskytter b\u00e5de chippen og kortets overflade.<\/p>\n<p data-start=\"628\" data-end=\"705\">\ud83d\udc5c Ultra-let &amp; b\u00e6rbar &#8211; slank og nem at have med i enhver pung eller taske.<\/p>\n<p data-start=\"778\" data-end=\"852\">\ud83d\udcb0 Prisbillig sikkerhed &#8211; st\u00e6rk beskyttelse af privatlivets fred uden h\u00f8je omkostninger.<\/p>\n<p data-start=\"778\" data-end=\"852\"><img decoding=\"async\" class=\"size-full wp-image-39635 aligncenter\" src=\"https:\/\/keluvo.com\/template\/wp-content\/uploads\/sites\/5\/2025\/11\/spp_shopify20251016164623_fd5cb8ab182a4bed53fe37386e467dc7_602d9f60-3306-44c2-9199-396e825e100f.webp\" alt=\"\" \/><\/p>\n<h2 style=\"text-align: center\" data-start=\"854\" data-end=\"873\"><strong>S\u00e5dan Bruges<\/strong><\/h2>\n<ol data-start=\"874\" data-end=\"1117\">\n<li data-start=\"874\" data-end=\"942\">\n<p data-start=\"877\" data-end=\"942\">Inds\u00e6t dit ID-kort, bankkort eller adgangskort i sleevet.<\/p>\n<\/li>\n<li data-start=\"943\" data-end=\"1006\">\n<p data-start=\"946\" data-end=\"1006\">Placer sleevet i din pung, taske eller kortholder.<\/p>\n<\/li>\n<li data-start=\"1007\" data-end=\"1059\">\n<p data-start=\"1010\" data-end=\"1059\">Fjern kun kortet, n\u00e5r du scanner eller bruger det.<\/p>\n<\/li>\n<li data-start=\"1060\" data-end=\"1117\">\n<p data-start=\"1063\" data-end=\"1117\">Nyd roen i sindet ved at vide, at dine data forbliver private.<\/p>\n<\/li>\n<\/ol>\n<h2 style=\"text-align: center\" data-start=\"1119\" data-end=\"1143\"><strong>Produktdetaljer<\/strong><\/h2>\n<ul data-start=\"1144\" data-end=\"1365\">\n<li data-start=\"1144\" data-end=\"1173\">\n<p data-start=\"1146\" data-end=\"1173\">Materiale: Holdbar plast<\/p>\n<\/li>\n<li data-start=\"1174\" data-end=\"1194\">\n<p data-start=\"1176\" data-end=\"1194\">St\u00f8rrelse: 9,2 x 6 cm<\/p>\n<\/li>\n<li data-start=\"1241\" data-end=\"1309\">\n<p data-start=\"1243\" data-end=\"1309\">Funktioner: Anti-spionering, ridsefast, antimagnetisk, letv\u00e6gt<\/p>\n<\/li>\n<li data-start=\"1310\" data-end=\"1365\">\n<p data-start=\"1312\" data-end=\"1365\">Brug: Ideel til daglig brug i hjemmet, p\u00e5 arbejdet eller p\u00e5 rejsen<\/p>\n<\/li>\n<\/ul>\n<h2 style=\"text-align: center\" data-start=\"1367\" data-end=\"1392\"><strong>Pakken indeholder<\/strong><\/h2>\n<ul data-start=\"1393\" data-end=\"1425\">\n<li data-start=\"1393\" data-end=\"1425\">\n<p data-start=\"1395\" data-end=\"1425\">1, 2, 4x anti-spioneringskortlomme.<\/p>\n<\/li>\n<\/ul>\n","protected":false},"excerpt":{"rendered":"<p>Hold dine personlige oplysninger sikre og dine kort beskyttede, uanset hvor du g\u00e5r. \ud83d\udd12\ud83d\udcb3 Dette anti-spioneringskortlomme beskytter dine ID-kort, bankkort [&hellip;]<\/p>\n","protected":false},"featured_media":33018,"comment_status":"open","ping_status":"closed","template":"","meta":{"site-sidebar-layout":"default","site-content-layout":"","ast-site-content-layout":"default","site-content-style":"default","site-sidebar-style":"default","ast-global-header-display":"","ast-banner-title-visibility":"","ast-main-header-display":"","ast-hfb-above-header-display":"","ast-hfb-below-header-display":"","ast-hfb-mobile-header-display":"","site-post-title":"","ast-breadcrumbs-content":"","ast-featured-img":"","footer-sml-layout":"","theme-transparent-header-meta":"default","adv-header-id-meta":"","stick-header-meta":"","header-above-stick-meta":"","header-main-stick-meta":"","header-below-stick-meta":"","astra-migrate-meta-layouts":"set","ast-page-background-enabled":"default","ast-page-background-meta":{"desktop":{"background-color":"var(--ast-global-color-5)","background-image":"","background-repeat":"repeat","background-position":"center center","background-size":"auto","background-attachment":"scroll","background-type":"","background-media":"","overlay-type":"","overlay-color":"","overlay-opacity":"","overlay-gradient":""},"tablet":{"background-color":"","background-image":"","background-repeat":"repeat","background-position":"center center","background-size":"auto","background-attachment":"scroll","background-type":"","background-media":"","overlay-type":"","overlay-color":"","overlay-opacity":"","overlay-gradient":""},"mobile":{"background-color":"","background-image":"","background-repeat":"repeat","background-position":"center center","background-size":"auto","background-attachment":"scroll","background-type":"","background-media":"","overlay-type":"","overlay-color":"","overlay-opacity":"","overlay-gradient":""}},"ast-content-background-meta":{"desktop":{"background-color":"var(--ast-global-color-4)","background-image":"","background-repeat":"repeat","background-position":"center center","background-size":"auto","background-attachment":"scroll","background-type":"","background-media":"","overlay-type":"","overlay-color":"","overlay-opacity":"","overlay-gradient":""},"tablet":{"background-color":"var(--ast-global-color-4)","background-image":"","background-repeat":"repeat","background-position":"center center","background-size":"auto","background-attachment":"scroll","background-type":"","background-media":"","overlay-type":"","overlay-color":"","overlay-opacity":"","overlay-gradient":""},"mobile":{"background-color":"var(--ast-global-color-4)","background-image":"","background-repeat":"repeat","background-position":"center center","background-size":"auto","background-attachment":"scroll","background-type":"","background-media":"","overlay-type":"","overlay-color":"","overlay-opacity":"","overlay-gradient":""}}},"product_brand":[],"product_cat":[19],"product_tag":[],"class_list":{"0":"post-33022","1":"product","2":"type-product","3":"status-publish","4":"has-post-thumbnail","6":"product_cat-uncategorized","7":"pa_49625_f554zazt-1-stk","8":"pa_49625_f554zazt-2-stk","9":"pa_49625_f554zazt-4-stk","10":"desktop-align-left","11":"tablet-align-left","12":"mobile-align-left","14":"first","15":"instock","16":"shipping-taxable","17":"purchasable","18":"product-type-variable"},"_links":{"self":[{"href":"https:\/\/ecostera.com\/dk\/wp-json\/wp\/v2\/product\/33022","targetHints":{"allow":["GET"]}}],"collection":[{"href":"https:\/\/ecostera.com\/dk\/wp-json\/wp\/v2\/product"}],"about":[{"href":"https:\/\/ecostera.com\/dk\/wp-json\/wp\/v2\/types\/product"}],"replies":[{"embeddable":true,"href":"https:\/\/ecostera.com\/dk\/wp-json\/wp\/v2\/comments?post=33022"}],"wp:featuredmedia":[{"embeddable":true,"href":"https:\/\/ecostera.com\/dk\/wp-json\/wp\/v2\/media\/33018"}],"wp:attachment":[{"href":"https:\/\/ecostera.com\/dk\/wp-json\/wp\/v2\/media?parent=33022"}],"wp:term":[{"taxonomy":"product_brand","embeddable":true,"href":"https:\/\/ecostera.com\/dk\/wp-json\/wp\/v2\/product_brand?post=33022"},{"taxonomy":"product_cat","embeddable":true,"href":"https:\/\/ecostera.com\/dk\/wp-json\/wp\/v2\/product_cat?post=33022"},{"taxonomy":"product_tag","embeddable":true,"href":"https:\/\/ecostera.com\/dk\/wp-json\/wp\/v2\/product_tag?post=33022"}],"curies":[{"name":"wp","href":"https:\/\/api.w.org\/{rel}","templated":true}]}}