{"id":33058,"date":"2025-11-07T13:55:31","date_gmt":"2025-11-07T11:55:31","guid":{"rendered":"https:\/\/ecostera.com\/dk\/product\/vaerktoejssaet-til-vedligeholdelse-af-daekventiler\/"},"modified":"2025-11-07T19:23:07","modified_gmt":"2025-11-07T17:23:07","slug":"vaerktoejssaet-til-vedligeholdelse-af-daekventiler","status":"publish","type":"product","link":"https:\/\/ecostera.com\/dk\/product\/vaerktoejssaet-til-vedligeholdelse-af-daekventiler\/","title":{"rendered":"V\u00e6rkt\u00f8jss\u00e6t til vedligeholdelse af d\u00e6kventiler"},"content":{"rendered":"<p style=\"text-align: center\" data-start=\"0\" data-end=\"72\"><strong>G\u00f8r vedligeholdelsen af d\u00e6kventiler hurtigere, nemmere og fri for frustrationer. \ud83d\ude97\ud83d\udd27<\/strong><\/p>\n<p style=\"text-align: center\" data-start=\"74\" data-end=\"464\">Dette v\u00e6rkt\u00f8jss\u00e6t til vedligeholdelse af d\u00e6kventiler giver dig alt, hvad du beh\u00f8ver for at fjerne, installere og udskifte ventilst\u00e6ngler og -kerner p\u00e5 biler, motorcykler og cykler. Med st\u00e6rke, holdbare v\u00e6rkt\u00f8jer og smart ergonomisk design hj\u00e6lper dette s\u00e6t dig med at arbejde problemfrit og sikkert &#8211; der kr\u00e6ves ingen professionelle f\u00e6rdigheder. Perfekt til v\u00e6rksteder, roadtrip-s\u00e6t og alle, der kan lide at klare reparationer p\u00e5 egen h\u00e5nd.<\/p>\n<p data-start=\"74\" data-end=\"464\"><img decoding=\"async\" class=\"size-full wp-image-39667 aligncenter\" src=\"https:\/\/keluvo.com\/template\/wp-content\/uploads\/sites\/5\/2025\/11\/10225-ezgif.com-video-to-webp-converter-3.webp\" alt=\"\" \/><\/p>\n<h2 style=\"text-align: center\" data-start=\"466\" data-end=\"487\">Vigtigste fordele<\/h2>\n<p data-start=\"490\" data-end=\"590\">\u2699\ufe0f Alt-i-et-ventilreparationss\u00e6t &#8211; indeholder alt det v\u00e6rkt\u00f8j, der er n\u00f8dvendigt til fjernelse og installation af ventiler.<\/p>\n<p data-start=\"593\" data-end=\"683\">\ud83d\udcaa Holdbar og st\u00e6rk konstruktion &#8211; fremstillet af jern og gummi af h\u00f8j kvalitet til langvarig brug.<\/p>\n<p data-start=\"686\" data-end=\"765\">\ud83d\udc4c Let for begyndere &#8211; enkle v\u00e6rkt\u00f8jer, klar brug, ingen s\u00e6rlige f\u00e6rdigheder n\u00f8dvendige.<\/p>\n<p data-start=\"768\" data-end=\"843\">\ud83d\udeb4\u200d\u2642\ufe0f Universel kompatibilitet &#8211; fungerer p\u00e5 biler, motorcykler og cykler.<\/p>\n<p data-start=\"846\" data-end=\"936\">\ud83e\uddf2 Sikkert grebsdesign &#8211; rillet positioneringsr\u00f8r og tykt h\u00e5ndtag for bedre kontrol.<\/p>\n<p data-start=\"939\" data-end=\"1017\">\ud83e\uddf0 B\u00e6rbar og organiseret &#8211; tag den med p\u00e5 farten eller opbevar den i din v\u00e6rkt\u00f8jskasse.<\/p>\n<p data-start=\"939\" data-end=\"1017\"><img decoding=\"async\" class=\"size-full wp-image-39664 aligncenter\" src=\"https:\/\/keluvo.com\/template\/wp-content\/uploads\/sites\/5\/2025\/11\/Sf37a0f8e95f64a28b29de92516f332534.jpg_960x960q75.jpg_.jpg\" alt=\"\" \/><\/p>\n<h2 style=\"text-align: center\" data-start=\"1019\" data-end=\"1038\"><strong>S\u00e5dan Bruges<\/strong><\/h2>\n<ol data-start=\"1039\" data-end=\"1322\">\n<li data-start=\"1039\" data-end=\"1099\">\n<p data-start=\"1042\" data-end=\"1099\">Brug T-krogen eller ventilaftr\u00e6kkeren til at fjerne den gamle ventil.<\/p>\n<\/li>\n<li data-start=\"1100\" data-end=\"1152\">\n<p data-start=\"1103\" data-end=\"1152\">S\u00e6t den nye ventil i positioneringsr\u00f8ret.<\/p>\n<\/li>\n<li data-start=\"1153\" data-end=\"1214\">\n<p data-start=\"1156\" data-end=\"1214\">Skub eller tr\u00e6k ventilen p\u00e5 plads ved hj\u00e6lp af v\u00e6rkt\u00f8jsh\u00e5ndtaget.<\/p>\n<\/li>\n<li data-start=\"1215\" data-end=\"1283\">\n<p data-start=\"1218\" data-end=\"1283\">Brug ventilkernen\u00f8glen til at stramme eller udskifte ventilkernen.<\/p>\n<\/li>\n<li data-start=\"1284\" data-end=\"1322\">\n<p data-start=\"1287\" data-end=\"1322\">Tjek forseglingen &#8211; og du er f\u00e6rdig!<\/p>\n<\/li>\n<\/ol>\n<h2 style=\"text-align: center\" data-start=\"1324\" data-end=\"1348\"><strong>Produktdetaljer<\/strong><\/h2>\n<ul data-start=\"1349\" data-end=\"1708\">\n<li data-start=\"1349\" data-end=\"1376\">\n<p data-start=\"1351\" data-end=\"1376\">Materiale: Jern + gummi<\/p>\n<\/li>\n<li data-start=\"1377\" data-end=\"1394\">\n<p data-start=\"1379\" data-end=\"1394\">V\u00e6gt: ~340g<\/p>\n<\/li>\n<li data-start=\"1395\" data-end=\"1644\">\n<p data-start=\"1397\" data-end=\"1429\">V\u00e6rkt\u00f8j medf\u00f8lger: Nylon mundstykkehj\u00e6lp, krogmundstykkev\u00e6rkt\u00f8j, spole, skruen\u00f8gle, h\u00e6tte, ventil, ventilaftr\u00e6kker, 4-i-1 spolen\u00f8gle, dobbeltspolen\u00f8gle<\/p>\n<\/li>\n<li data-start=\"1645\" data-end=\"1708\">\n<p data-start=\"1647\" data-end=\"1708\">Anvendelse til: Biler, motorcykler, cykler og andre d\u00e6kventiler<\/p>\n<\/li>\n<li data-start=\"1645\" data-end=\"1708\">Farve: R\u00f8d, sort<\/li>\n<\/ul>\n<h2 style=\"text-align: center\" data-start=\"1710\" data-end=\"1735\"><strong>Pakken indeholder<\/strong><\/h2>\n<ul data-start=\"1736\" data-end=\"1790\">\n<li data-start=\"1736\" data-end=\"1790\">\n<p data-start=\"1738\" data-end=\"1790\">13, 23x v\u00e6rkt\u00f8jss\u00e6t til vedligeholdelse af d\u00e6kventiler.<\/p>\n<\/li>\n<\/ul>\n","protected":false},"excerpt":{"rendered":"<p>G\u00f8r vedligeholdelsen af d\u00e6kventiler hurtigere, nemmere og fri for frustrationer. \ud83d\ude97\ud83d\udd27 Dette v\u00e6rkt\u00f8jss\u00e6t til vedligeholdelse af d\u00e6kventiler giver dig alt, [&hellip;]<\/p>\n","protected":false},"featured_media":33054,"comment_status":"open","ping_status":"closed","template":"","meta":{"site-sidebar-layout":"default","site-content-layout":"","ast-site-content-layout":"default","site-content-style":"default","site-sidebar-style":"default","ast-global-header-display":"","ast-banner-title-visibility":"","ast-main-header-display":"","ast-hfb-above-header-display":"","ast-hfb-below-header-display":"","ast-hfb-mobile-header-display":"","site-post-title":"","ast-breadcrumbs-content":"","ast-featured-img":"","footer-sml-layout":"","theme-transparent-header-meta":"default","adv-header-id-meta":"","stick-header-meta":"","header-above-stick-meta":"","header-main-stick-meta":"","header-below-stick-meta":"","astra-migrate-meta-layouts":"set","ast-page-background-enabled":"default","ast-page-background-meta":{"desktop":{"background-color":"var(--ast-global-color-5)","background-image":"","background-repeat":"repeat","background-position":"center center","background-size":"auto","background-attachment":"scroll","background-type":"","background-media":"","overlay-type":"","overlay-color":"","overlay-opacity":"","overlay-gradient":""},"tablet":{"background-color":"","background-image":"","background-repeat":"repeat","background-position":"center center","background-size":"auto","background-attachment":"scroll","background-type":"","background-media":"","overlay-type":"","overlay-color":"","overlay-opacity":"","overlay-gradient":""},"mobile":{"background-color":"","background-image":"","background-repeat":"repeat","background-position":"center center","background-size":"auto","background-attachment":"scroll","background-type":"","background-media":"","overlay-type":"","overlay-color":"","overlay-opacity":"","overlay-gradient":""}},"ast-content-background-meta":{"desktop":{"background-color":"var(--ast-global-color-4)","background-image":"","background-repeat":"repeat","background-position":"center center","background-size":"auto","background-attachment":"scroll","background-type":"","background-media":"","overlay-type":"","overlay-color":"","overlay-opacity":"","overlay-gradient":""},"tablet":{"background-color":"var(--ast-global-color-4)","background-image":"","background-repeat":"repeat","background-position":"center center","background-size":"auto","background-attachment":"scroll","background-type":"","background-media":"","overlay-type":"","overlay-color":"","overlay-opacity":"","overlay-gradient":""},"mobile":{"background-color":"var(--ast-global-color-4)","background-image":"","background-repeat":"repeat","background-position":"center center","background-size":"auto","background-attachment":"scroll","background-type":"","background-media":"","overlay-type":"","overlay-color":"","overlay-opacity":"","overlay-gradient":""}}},"product_brand":[],"product_cat":[19],"product_tag":[],"class_list":{"0":"post-33058","1":"product","2":"type-product","3":"status-publish","4":"has-post-thumbnail","6":"product_cat-uncategorized","7":"pa_49627_5j2vi70y-13-stk","8":"pa_49627_5j2vi70y-23-stk","9":"pa_49627_v9ihtear-roed","10":"pa_49627_v9ihtear-sort","11":"desktop-align-left","12":"tablet-align-left","13":"mobile-align-left","15":"first","16":"instock","17":"shipping-taxable","18":"purchasable","19":"product-type-variable","20":"has-default-attributes"},"_links":{"self":[{"href":"https:\/\/ecostera.com\/dk\/wp-json\/wp\/v2\/product\/33058","targetHints":{"allow":["GET"]}}],"collection":[{"href":"https:\/\/ecostera.com\/dk\/wp-json\/wp\/v2\/product"}],"about":[{"href":"https:\/\/ecostera.com\/dk\/wp-json\/wp\/v2\/types\/product"}],"replies":[{"embeddable":true,"href":"https:\/\/ecostera.com\/dk\/wp-json\/wp\/v2\/comments?post=33058"}],"wp:featuredmedia":[{"embeddable":true,"href":"https:\/\/ecostera.com\/dk\/wp-json\/wp\/v2\/media\/33054"}],"wp:attachment":[{"href":"https:\/\/ecostera.com\/dk\/wp-json\/wp\/v2\/media?parent=33058"}],"wp:term":[{"taxonomy":"product_brand","embeddable":true,"href":"https:\/\/ecostera.com\/dk\/wp-json\/wp\/v2\/product_brand?post=33058"},{"taxonomy":"product_cat","embeddable":true,"href":"https:\/\/ecostera.com\/dk\/wp-json\/wp\/v2\/product_cat?post=33058"},{"taxonomy":"product_tag","embeddable":true,"href":"https:\/\/ecostera.com\/dk\/wp-json\/wp\/v2\/product_tag?post=33058"}],"curies":[{"name":"wp","href":"https:\/\/api.w.org\/{rel}","templated":true}]}}