{"id":33075,"date":"2025-11-07T13:57:07","date_gmt":"2025-11-07T11:57:07","guid":{"rendered":"https:\/\/ecostera.com\/dk\/product\/baerbar-justerbar-knivholder\/"},"modified":"2025-11-07T19:28:23","modified_gmt":"2025-11-07T17:28:23","slug":"baerbar-justerbar-knivholder","status":"publish","type":"product","link":"https:\/\/ecostera.com\/dk\/product\/baerbar-justerbar-knivholder\/","title":{"rendered":"B\u00e6rbar, justerbar knivholder"},"content":{"rendered":"<p style=\"text-align: center\" data-start=\"0\" data-end=\"79\"><strong>G\u00f8r dine snit mere lige, rene og pr\u00e6cise, uanset hvor du arbejder. \u2699\ufe0f\u2702\ufe0f<\/strong><\/p>\n<p style=\"text-align: center\" data-start=\"81\" data-end=\"568\">Dette b\u00e6rbar justerbar sk\u00e6reholder giver dig stabil st\u00f8tte til st\u00f8vsk\u00e6rere og marmorsk\u00e6rere, s\u00e5 du kan opn\u00e5 pr\u00e6cise lige snit hver gang. Med et justerbart l\u00e5sesystem og et st\u00e6rkt ABS-kabinet holder den din sk\u00e6rer p\u00e5 plads og giver dig mulighed for nemt at justere sk\u00e6reafstanden &#8211; perfekt til tr\u00e6bearbejdning, flisesk\u00e6ring, g\u00f8r-det-selv-projekter og professionelle opgaver. Den er let, b\u00e6rbar og nem at s\u00e6tte op og er den ideelle sk\u00e6reguide til rene resultater uden at vakle.<\/p>\n<p data-start=\"81\" data-end=\"568\"><img decoding=\"async\" class=\"size-full wp-image-39679 aligncenter\" src=\"https:\/\/keluvo.com\/template\/wp-content\/uploads\/sites\/5\/2025\/11\/10226-ezgif.com-video-to-webp-converter-3.webp\" alt=\"\" \/><\/p>\n<h2 style=\"text-align: center\" data-start=\"570\" data-end=\"591\"><strong>Hovedfordele<\/strong><\/h2>\n<p data-start=\"594\" data-end=\"680\">\ud83c\udfaf Pr\u00e6cisionssk\u00e6rest\u00f8tte &#8211; styrer din sk\u00e6rer til lige og pr\u00e6cise snit.<\/p>\n<p data-start=\"683\" data-end=\"767\">\ud83d\udd12 Sikkert l\u00e5sesystem &#8211; klemmer sk\u00e6rer<span style=\"font-size: 16px\">basen fast (145 mm-208 mm) for stabilitet.<\/span><\/p>\n<p data-start=\"770\" data-end=\"842\">\u2699\ufe0f Justerbar afstand &#8211; indstil sk\u00e6rebredden, s\u00e5 den passer til dine pr\u00e6cise behov.<\/p>\n<p data-start=\"845\" data-end=\"916\">\ud83d\udd01 Tovejssp\u00e6nde &#8211; forbliver l\u00e5st p\u00e5 plads, s\u00e5 den ikke forskubber sig under brug.<\/p>\n<p data-start=\"919\" data-end=\"1004\">\ud83d\udd28 Til flere sk\u00e6retyper &#8211; kompatibel med udvalgte 10 cm &amp;; 12,7-15 cm sk\u00e6rere.<\/p>\n<p data-start=\"1007\" data-end=\"1098\">\ud83d\ude80 Let &amp;; b\u00e6rbar &#8211; st\u00e6rk ABS-konstruktion til nem transport og holdbarhed.<\/p>\n<p data-start=\"1007\" data-end=\"1098\"><img decoding=\"async\" class=\"size-full wp-image-39684 aligncenter\" src=\"https:\/\/keluvo.com\/template\/wp-content\/uploads\/sites\/5\/2025\/11\/S8e1752d354f042f098ea54af36eb688aL.jpeg_960x960q75.jpeg_.avif\" alt=\"\" \/><\/p>\n<h2 style=\"text-align: center\" data-start=\"1100\" data-end=\"1119\"><strong>S\u00e5dan Bruges<\/strong><\/h2>\n<ol data-start=\"1120\" data-end=\"1375\">\n<li data-start=\"1120\" data-end=\"1164\">\n<p data-start=\"1123\" data-end=\"1164\">S\u00e6t din sk\u00e6rebase i holderen.<\/p>\n<\/li>\n<li data-start=\"1165\" data-end=\"1212\">\n<p data-start=\"1168\" data-end=\"1212\">Juster klemmebredden, s\u00e5 den passer (145-208 mm).<\/p>\n<\/li>\n<li data-start=\"1213\" data-end=\"1267\">\n<p data-start=\"1216\" data-end=\"1267\">L\u00e5s sk\u00e6reren sikkert med det omvendte sp\u00e6nde.<\/p>\n<\/li>\n<li data-start=\"1268\" data-end=\"1320\">\n<p data-start=\"1271\" data-end=\"1320\">Juster sideafstanden til din sk\u00e6relinje.<\/p>\n<\/li>\n<li data-start=\"1321\" data-end=\"1375\">\n<p data-start=\"1324\" data-end=\"1375\">Begynd at sk\u00e6re med ekstra stabilitet og pr\u00e6cision.<\/p>\n<\/li>\n<\/ol>\n<h2 style=\"text-align: center\" data-start=\"1377\" data-end=\"1401\"><strong>Produktoplysninger<\/strong><\/h2>\n<ul data-start=\"1402\" data-end=\"1667\">\n<li data-start=\"1402\" data-end=\"1440\">\n<p data-start=\"1404\" data-end=\"1440\">Materiale: ABS-plast af h\u00f8j kvalitet<\/p>\n<\/li>\n<li data-start=\"1441\" data-end=\"1492\">\n<p data-start=\"1443\" data-end=\"1492\">St\u00f8rrelse: 295 x 40 x 28 mm<\/p>\n<\/li>\n<li data-start=\"1493\" data-end=\"1588\">\n<p data-start=\"1495\" data-end=\"1511\">Kompatibilitet:<\/p>\n<ul data-start=\"1514\" data-end=\"1588\">\n<li data-start=\"1514\" data-end=\"1553\">\n<p data-start=\"1516\" data-end=\"1553\">V\u00e6lg 10 cm st\u00f8v- og marmorsk\u00e6rere<\/p>\n<\/li>\n<li data-start=\"1556\" data-end=\"1588\">\n<p data-start=\"1558\" data-end=\"1588\">V\u00e6lg 12,7-15 cm st\u00f8vsk\u00e6rere<\/p>\n<\/li>\n<\/ul>\n<\/li>\n<li data-start=\"1589\" data-end=\"1651\">\n<p data-start=\"1591\" data-end=\"1651\">Funktioner: Justerbar guide, anti-skiftl\u00e5s, b\u00e6rbar krop<\/p>\n<\/li>\n<li data-start=\"1652\" data-end=\"1667\">\n<p data-start=\"1654\" data-end=\"1667\">Farve: Bl\u00e5<\/p>\n<\/li>\n<\/ul>\n<h2 style=\"text-align: center\" data-start=\"1669\" data-end=\"1694\"><strong>Pakken indeholder<\/strong><\/h2>\n<ul data-start=\"1765\" data-end=\"1809\">\n<li data-start=\"1765\" data-end=\"1809\">\n<p data-start=\"1767\" data-end=\"1809\">1, 2x b\u00e6rbar justerbar sk\u00e6reholder.<\/p>\n<\/li>\n<\/ul>\n","protected":false},"excerpt":{"rendered":"<p>G\u00f8r dine snit mere lige, rene og pr\u00e6cise, uanset hvor du arbejder. \u2699\ufe0f\u2702\ufe0f Dette b\u00e6rbar justerbar sk\u00e6reholder giver dig stabil [&hellip;]<\/p>\n","protected":false},"featured_media":33071,"comment_status":"open","ping_status":"closed","template":"","meta":{"site-sidebar-layout":"default","site-content-layout":"","ast-site-content-layout":"default","site-content-style":"default","site-sidebar-style":"default","ast-global-header-display":"","ast-banner-title-visibility":"","ast-main-header-display":"","ast-hfb-above-header-display":"","ast-hfb-below-header-display":"","ast-hfb-mobile-header-display":"","site-post-title":"","ast-breadcrumbs-content":"","ast-featured-img":"","footer-sml-layout":"","theme-transparent-header-meta":"default","adv-header-id-meta":"","stick-header-meta":"","header-above-stick-meta":"","header-main-stick-meta":"","header-below-stick-meta":"","astra-migrate-meta-layouts":"set","ast-page-background-enabled":"default","ast-page-background-meta":{"desktop":{"background-color":"var(--ast-global-color-5)","background-image":"","background-repeat":"repeat","background-position":"center center","background-size":"auto","background-attachment":"scroll","background-type":"","background-media":"","overlay-type":"","overlay-color":"","overlay-opacity":"","overlay-gradient":""},"tablet":{"background-color":"","background-image":"","background-repeat":"repeat","background-position":"center center","background-size":"auto","background-attachment":"scroll","background-type":"","background-media":"","overlay-type":"","overlay-color":"","overlay-opacity":"","overlay-gradient":""},"mobile":{"background-color":"","background-image":"","background-repeat":"repeat","background-position":"center center","background-size":"auto","background-attachment":"scroll","background-type":"","background-media":"","overlay-type":"","overlay-color":"","overlay-opacity":"","overlay-gradient":""}},"ast-content-background-meta":{"desktop":{"background-color":"var(--ast-global-color-4)","background-image":"","background-repeat":"repeat","background-position":"center center","background-size":"auto","background-attachment":"scroll","background-type":"","background-media":"","overlay-type":"","overlay-color":"","overlay-opacity":"","overlay-gradient":""},"tablet":{"background-color":"var(--ast-global-color-4)","background-image":"","background-repeat":"repeat","background-position":"center center","background-size":"auto","background-attachment":"scroll","background-type":"","background-media":"","overlay-type":"","overlay-color":"","overlay-opacity":"","overlay-gradient":""},"mobile":{"background-color":"var(--ast-global-color-4)","background-image":"","background-repeat":"repeat","background-position":"center center","background-size":"auto","background-attachment":"scroll","background-type":"","background-media":"","overlay-type":"","overlay-color":"","overlay-opacity":"","overlay-gradient":""}}},"product_brand":[],"product_cat":[19],"product_tag":[],"class_list":{"0":"post-33075","1":"product","2":"type-product","3":"status-publish","4":"has-post-thumbnail","6":"product_cat-uncategorized","7":"pa_49639_6t0lk1po-1-stk","8":"pa_49639_6t0lk1po-2-stk","9":"desktop-align-left","10":"tablet-align-left","11":"mobile-align-left","13":"first","14":"instock","15":"shipping-taxable","16":"purchasable","17":"product-type-variable"},"_links":{"self":[{"href":"https:\/\/ecostera.com\/dk\/wp-json\/wp\/v2\/product\/33075","targetHints":{"allow":["GET"]}}],"collection":[{"href":"https:\/\/ecostera.com\/dk\/wp-json\/wp\/v2\/product"}],"about":[{"href":"https:\/\/ecostera.com\/dk\/wp-json\/wp\/v2\/types\/product"}],"replies":[{"embeddable":true,"href":"https:\/\/ecostera.com\/dk\/wp-json\/wp\/v2\/comments?post=33075"}],"wp:featuredmedia":[{"embeddable":true,"href":"https:\/\/ecostera.com\/dk\/wp-json\/wp\/v2\/media\/33071"}],"wp:attachment":[{"href":"https:\/\/ecostera.com\/dk\/wp-json\/wp\/v2\/media?parent=33075"}],"wp:term":[{"taxonomy":"product_brand","embeddable":true,"href":"https:\/\/ecostera.com\/dk\/wp-json\/wp\/v2\/product_brand?post=33075"},{"taxonomy":"product_cat","embeddable":true,"href":"https:\/\/ecostera.com\/dk\/wp-json\/wp\/v2\/product_cat?post=33075"},{"taxonomy":"product_tag","embeddable":true,"href":"https:\/\/ecostera.com\/dk\/wp-json\/wp\/v2\/product_tag?post=33075"}],"curies":[{"name":"wp","href":"https:\/\/api.w.org\/{rel}","templated":true}]}}