{"id":33223,"date":"2025-11-07T14:11:34","date_gmt":"2025-11-07T12:11:34","guid":{"rendered":"https:\/\/ecostera.com\/dk\/product\/baerbar-krukkeaabner\/"},"modified":"2025-11-18T15:43:23","modified_gmt":"2025-11-18T13:43:23","slug":"baerbar-krukkeaabner","status":"publish","type":"product","link":"https:\/\/ecostera.com\/dk\/product\/baerbar-krukkeaabner\/","title":{"rendered":"B\u00e6rbar krukke\u00e5bner"},"content":{"rendered":"<p style=\"text-align: center\" data-start=\"0\" data-end=\"66\"><strong data-start=\"0\" data-end=\"64\">\u00c5bn Enhver Krukke Eller Flaske Uden Besv\u00e6r \u2014 Uden Brug Af Kr\u00e6fter! \ud83d\udcaa<\/strong><\/p>\n<p style=\"text-align: center\" data-start=\"68\" data-end=\"384\">Med denne b\u00e6rbare krukke\u00e5bner h\u00f8rer genstridige l\u00e5g fortiden til. Uanset om det er et stramt syltet\u00f8jsglas, et l\u00e5g til jordn\u00f8ddesm\u00f8r eller en forseglet flaske, griber denne brugervenlige oplukker fat i dem alle og \u00e5bner dem med et enkelt vrid. Perfekt til alle, der \u00f8nsker bekvemmelighed &#8211; fra b\u00f8rn og \u00e6ldre til dem med begr\u00e6nset h\u00e5ndkraft.<\/p>\n<p data-start=\"68\" data-end=\"384\"><img decoding=\"async\" class=\"size-full wp-image-40062 aligncenter\" src=\"https:\/\/keluvo.com\/template\/wp-content\/uploads\/sites\/5\/2025\/11\/102211-ezgif.com-video-to-webp-converter.webp\" alt=\"\" \/><\/p>\n<h2 style=\"text-align: center\" data-start=\"391\" data-end=\"413\">\ud83c\udf1f Hovedfordele<\/h2>\n<p data-start=\"416\" data-end=\"493\">\ud83e\udd6b \u00c5bner ethvert l\u00e5g \u2013 H\u00e5ndterer nemt krukker, flasker og d\u00e5ser i alle st\u00f8rrelser.<\/p>\n<p data-start=\"496\" data-end=\"603\">\ud83e\udde4 Perfekt til alle \u2013 Ideel til b\u00f8rn, \u00e6ldre og personer med gigt eller begr\u00e6nset greb.<\/p>\n<p data-start=\"606\" data-end=\"707\">\ud83d\udd29 Nem installation \u2013 Monteres under skabe eller hylder ved hj\u00e6lp af den medf\u00f8lgende kl\u00e6bemiddel og skruer.<\/p>\n<p data-start=\"710\" data-end=\"808\">\ud83e\uddfc Pladsbesparende design \u2013 Holder sig skjult under k\u00f8kkenbordet, s\u00e5 k\u00f8kkenet ikke roder.<\/p>\n<p data-start=\"811\" data-end=\"892\">\ud83d\udcaa Holdbare materialer \u2013 Fremstillet af st\u00e6rkt ABS og metal til langvarig brug.<\/p>\n<p data-start=\"811\" data-end=\"892\"><img decoding=\"async\" class=\"size-full wp-image-40064 aligncenter\" src=\"https:\/\/keluvo.com\/template\/wp-content\/uploads\/sites\/5\/2025\/11\/5.jpeg\" alt=\"\" \/><\/p>\n<h2 style=\"text-align: center\" data-start=\"899\" data-end=\"918\">\ud83e\uddfe S\u00e5dan Bruges<\/h2>\n<ol data-start=\"919\" data-end=\"1203\">\n<li data-start=\"919\" data-end=\"1024\">\n<p data-start=\"922\" data-end=\"1024\">S\u00e6t \u00e5bneren fast eller skru den fast under et skab, et bord eller en hylde ved hj\u00e6lp af det medf\u00f8lgende kl\u00e6bemiddel og skruer.<\/p>\n<\/li>\n<li data-start=\"1025\" data-end=\"1077\">\n<p data-start=\"1028\" data-end=\"1077\">Placer l\u00e5get p\u00e5 din krukke eller flaske mellem grebene.<\/p>\n<\/li>\n<li data-start=\"1078\" data-end=\"1156\">\n<p data-start=\"1081\" data-end=\"1156\">Drej beholderen \u2014 \u00e5bneren holder og slipper l\u00e5get med det samme.<\/p>\n<\/li>\n<li data-start=\"1157\" data-end=\"1203\">\n<p data-start=\"1160\" data-end=\"1203\">Nyd nem \u00e5bning uden rod hver gang!<\/p>\n<\/li>\n<\/ol>\n<h2 style=\"text-align: center\" data-start=\"1210\" data-end=\"1234\">\u2699\ufe0f Produktoplysninger<\/h2>\n<ul data-start=\"1235\" data-end=\"1407\">\n<li data-start=\"1235\" data-end=\"1271\">\n<p data-start=\"1237\" data-end=\"1271\">Materiale: ABS-plast, metal<\/p>\n<\/li>\n<li data-start=\"1272\" data-end=\"1293\">\n<p data-start=\"1274\" data-end=\"1293\">Farve: Hvid<\/p>\n<\/li>\n<li data-start=\"1294\" data-end=\"1324\">\n<p data-start=\"1296\" data-end=\"1324\">St\u00f8rrelse: 18 x 1,9 x 18 cm<\/p>\n<\/li>\n<li data-start=\"1325\" data-end=\"1345\">\n<p data-start=\"1327\" data-end=\"1345\">V\u00e6gt: 125g<\/p>\n<\/li>\n<\/ul>\n<h2 style=\"text-align: center\" data-start=\"1414\" data-end=\"1439\">\ud83d\udce6 Pakken indeholder<\/h2>\n<ul data-start=\"1440\" data-end=\"1467\">\n<li data-start=\"1440\" data-end=\"1467\">\n<p data-start=\"1442\" data-end=\"1467\">1x b\u00e6rbar krukke\u00e5bner<\/p>\n<\/li>\n<li data-start=\"1440\" data-end=\"1467\">3x skruer.<\/li>\n<\/ul>\n","protected":false},"excerpt":{"rendered":"<p>\u00c5bn Enhver Krukke Eller Flaske Uden Besv\u00e6r \u2014 Uden Brug Af Kr\u00e6fter! \ud83d\udcaa Med denne b\u00e6rbare krukke\u00e5bner h\u00f8rer genstridige l\u00e5g [&hellip;]<\/p>\n","protected":false},"featured_media":33219,"comment_status":"open","ping_status":"closed","template":"","meta":{"site-sidebar-layout":"default","site-content-layout":"","ast-site-content-layout":"default","site-content-style":"default","site-sidebar-style":"default","ast-global-header-display":"","ast-banner-title-visibility":"","ast-main-header-display":"","ast-hfb-above-header-display":"","ast-hfb-below-header-display":"","ast-hfb-mobile-header-display":"","site-post-title":"","ast-breadcrumbs-content":"","ast-featured-img":"","footer-sml-layout":"","theme-transparent-header-meta":"default","adv-header-id-meta":"","stick-header-meta":"","header-above-stick-meta":"","header-main-stick-meta":"","header-below-stick-meta":"","astra-migrate-meta-layouts":"set","ast-page-background-enabled":"default","ast-page-background-meta":{"desktop":{"background-color":"var(--ast-global-color-5)","background-image":"","background-repeat":"repeat","background-position":"center center","background-size":"auto","background-attachment":"scroll","background-type":"","background-media":"","overlay-type":"","overlay-color":"","overlay-opacity":"","overlay-gradient":""},"tablet":{"background-color":"","background-image":"","background-repeat":"repeat","background-position":"center center","background-size":"auto","background-attachment":"scroll","background-type":"","background-media":"","overlay-type":"","overlay-color":"","overlay-opacity":"","overlay-gradient":""},"mobile":{"background-color":"","background-image":"","background-repeat":"repeat","background-position":"center center","background-size":"auto","background-attachment":"scroll","background-type":"","background-media":"","overlay-type":"","overlay-color":"","overlay-opacity":"","overlay-gradient":""}},"ast-content-background-meta":{"desktop":{"background-color":"var(--ast-global-color-4)","background-image":"","background-repeat":"repeat","background-position":"center center","background-size":"auto","background-attachment":"scroll","background-type":"","background-media":"","overlay-type":"","overlay-color":"","overlay-opacity":"","overlay-gradient":""},"tablet":{"background-color":"var(--ast-global-color-4)","background-image":"","background-repeat":"repeat","background-position":"center center","background-size":"auto","background-attachment":"scroll","background-type":"","background-media":"","overlay-type":"","overlay-color":"","overlay-opacity":"","overlay-gradient":""},"mobile":{"background-color":"var(--ast-global-color-4)","background-image":"","background-repeat":"repeat","background-position":"center center","background-size":"auto","background-attachment":"scroll","background-type":"","background-media":"","overlay-type":"","overlay-color":"","overlay-opacity":"","overlay-gradient":""}}},"product_brand":[],"product_cat":[19],"product_tag":[],"class_list":{"0":"post-33223","1":"product","2":"type-product","3":"status-publish","4":"has-post-thumbnail","6":"product_cat-uncategorized","7":"desktop-align-left","8":"tablet-align-left","9":"mobile-align-left","11":"first","12":"instock","13":"shipping-taxable","14":"purchasable","15":"product-type-simple"},"_links":{"self":[{"href":"https:\/\/ecostera.com\/dk\/wp-json\/wp\/v2\/product\/33223","targetHints":{"allow":["GET"]}}],"collection":[{"href":"https:\/\/ecostera.com\/dk\/wp-json\/wp\/v2\/product"}],"about":[{"href":"https:\/\/ecostera.com\/dk\/wp-json\/wp\/v2\/types\/product"}],"replies":[{"embeddable":true,"href":"https:\/\/ecostera.com\/dk\/wp-json\/wp\/v2\/comments?post=33223"}],"wp:featuredmedia":[{"embeddable":true,"href":"https:\/\/ecostera.com\/dk\/wp-json\/wp\/v2\/media\/33219"}],"wp:attachment":[{"href":"https:\/\/ecostera.com\/dk\/wp-json\/wp\/v2\/media?parent=33223"}],"wp:term":[{"taxonomy":"product_brand","embeddable":true,"href":"https:\/\/ecostera.com\/dk\/wp-json\/wp\/v2\/product_brand?post=33223"},{"taxonomy":"product_cat","embeddable":true,"href":"https:\/\/ecostera.com\/dk\/wp-json\/wp\/v2\/product_cat?post=33223"},{"taxonomy":"product_tag","embeddable":true,"href":"https:\/\/ecostera.com\/dk\/wp-json\/wp\/v2\/product_tag?post=33223"}],"curies":[{"name":"wp","href":"https:\/\/api.w.org\/{rel}","templated":true}]}}