{"id":33241,"date":"2025-11-07T14:13:26","date_gmt":"2025-11-07T12:13:26","guid":{"rendered":"https:\/\/ecostera.com\/dk\/product\/saet-med-magiske-laeringsboeger-4-stk\/"},"modified":"2025-11-18T15:43:16","modified_gmt":"2025-11-18T13:43:16","slug":"saet-med-magiske-laeringsboeger-4-stk","status":"publish","type":"product","link":"https:\/\/ecostera.com\/dk\/product\/saet-med-magiske-laeringsboeger-4-stk\/","title":{"rendered":"S\u00e6t med magiske l\u00e6ringsb\u00f8ger (4 stk.)"},"content":{"rendered":"<p style=\"text-align: center\" data-start=\"0\" data-end=\"55\"><strong data-start=\"0\" data-end=\"53\">G\u00f8r Det Sjovt Og Magisk For Dit Barn At L\u00e6re! \u270f\ufe0f\u2728<\/strong><\/p>\n<p style=\"text-align: center\" data-start=\"57\" data-end=\"378\">Dette magiske l\u00e6ringsbogss\u00e6t hj\u00e6lper b\u00f8rn med at \u00f8ve sig i at skrive, tegne og genkende bogstaver &#8211; alt sammen mens de har det sjovt! Hver side er designet med s\u00e6rligt forsvindende bl\u00e6k, s\u00e5 b\u00f8rnene kan skrive, se det forsvinde og \u00f8ve sig igen. Disse genanvendelige b\u00f8ger er perfekte til b\u00f8rn i alderen 3-8 \u00e5r og g\u00f8r l\u00e6ring engagerende og uden rod.<\/p>\n<p data-start=\"57\" data-end=\"378\"><img decoding=\"async\" class=\"size-full wp-image-40075 aligncenter\" src=\"https:\/\/keluvo.com\/template\/wp-content\/uploads\/sites\/5\/2025\/11\/9b8a91a0-dbec-4b53-af79-c91c0b4aac64.gif\" alt=\"\" \/><\/p>\n<h2 style=\"text-align: center\" data-start=\"385\" data-end=\"407\"><strong>Vigtigste Fordele<\/strong><\/h2>\n<p data-start=\"410\" data-end=\"526\">\ud83e\udde0 Genanvendelig og langtidsholdbar &#8211; Det magiske bl\u00e6k forsvinder efter 10 minutter, s\u00e5 b\u00f8rn kan genbruge bogen over 1000 gange.<\/p>\n<p data-start=\"529\" data-end=\"633\">\u270d\ufe0f Sjovt 3D-rilledesign &#8211; Hj\u00e6lper b\u00f8rn med at forme bogstaver og tal korrekt ved at guide deres h\u00e5nd.<\/p>\n<p data-start=\"636\" data-end=\"722\">\ud83c\udfa8 Opmuntrer til kreativitet &#8211; Lyse farver og sjove former g\u00f8r det sjovt at l\u00e6re.<\/p>\n<p data-start=\"725\" data-end=\"815\">\ud83d\udcaa Opbygger selvtillid &#8211; B\u00f8rn kan \u00f8ve sig gentagne gange uden at bekymre sig om fejl.<\/p>\n<p data-start=\"818\" data-end=\"921\">\ud83d\udcd8 Perfekt til tidlig l\u00e6ring &#8211; Ideel til h\u00e5ndskrift, tegning og udvikling af finmotorik.<\/p>\n<p data-start=\"818\" data-end=\"921\"><img decoding=\"async\" class=\"size-full wp-image-40076 aligncenter\" src=\"https:\/\/keluvo.com\/template\/wp-content\/uploads\/sites\/5\/2025\/11\/f08523e7-446e-4985-9ff9-6d1635dbf9b0.gif\" alt=\"\" \/><\/p>\n<h2 style=\"text-align: center\" data-start=\"928\" data-end=\"947\"><strong>S\u00e5dan Bruges<\/strong><\/h2>\n<ol data-start=\"948\" data-end=\"1208\">\n<li data-start=\"948\" data-end=\"1010\">\n<p data-start=\"951\" data-end=\"1010\">Brug den medf\u00f8lgende magiske pen til at skrive eller tegne p\u00e5 siderne.<\/p>\n<\/li>\n<li data-start=\"1011\" data-end=\"1078\">\n<p data-start=\"1014\" data-end=\"1078\">Se teksten forsvinde automatisk efter ca. 10 minutter.<\/p>\n<\/li>\n<li data-start=\"1079\" data-end=\"1144\">\n<p data-start=\"1082\" data-end=\"1144\">Lad dit barn \u00f8ve sig igen og igen &#8211; ingen sletning n\u00f8dvendig!<\/p>\n<\/li>\n<li data-start=\"1145\" data-end=\"1208\">\n<p data-start=\"1148\" data-end=\"1208\">Opbevar alt i penalhuset for nem organisering.<\/p>\n<\/li>\n<\/ol>\n<h2 style=\"text-align: center\" data-start=\"1215\" data-end=\"1239\"><strong>Produktoplysninger<\/strong><\/h2>\n<ul data-start=\"1240\" data-end=\"1456\">\n<li data-start=\"1295\" data-end=\"1353\">\n<p data-start=\"1297\" data-end=\"1353\">Materiale: Hvidt pap med 3D-pr\u00e6gede riller<\/p>\n<\/li>\n<li data-start=\"1354\" data-end=\"1389\">\n<p data-start=\"1356\" data-end=\"1389\">Passende alder: 3-8 \u00e5r<\/p>\n<\/li>\n<li data-start=\"1390\" data-end=\"1415\">\n<p data-start=\"1392\" data-end=\"1415\">Sprog: Engelsk<\/p>\n<\/li>\n<li data-start=\"1416\" data-end=\"1456\">\n<p data-start=\"1418\" data-end=\"1456\">Funktion: Genanvendelig til 1000+ anvendelser<\/p>\n<\/li>\n<li data-start=\"1416\" data-end=\"1456\">L\u00e6ringstema: Alfabet, tal, matematik, tegning<\/li>\n<\/ul>\n<h2 style=\"text-align: center\" data-start=\"1463\" data-end=\"1488\"><strong>Pakken indeholder<\/strong><\/h2>\n<ul data-start=\"1489\" data-end=\"1581\">\n<li data-start=\"1489\" data-end=\"1516\">\n<p data-start=\"1491\" data-end=\"1516\">4x magiske l\u00e6ringsb\u00f8ger<\/p>\n<\/li>\n<li data-start=\"1537\" data-end=\"1556\">\n<p data-start=\"1539\" data-end=\"1556\">4x pennerefiller.<\/p>\n<\/li>\n<\/ul>\n","protected":false},"excerpt":{"rendered":"<p>G\u00f8r Det Sjovt Og Magisk For Dit Barn At L\u00e6re! \u270f\ufe0f\u2728 Dette magiske l\u00e6ringsbogss\u00e6t hj\u00e6lper b\u00f8rn med at \u00f8ve sig [&hellip;]<\/p>\n","protected":false},"featured_media":33237,"comment_status":"open","ping_status":"closed","template":"","meta":{"site-sidebar-layout":"default","site-content-layout":"","ast-site-content-layout":"default","site-content-style":"default","site-sidebar-style":"default","ast-global-header-display":"","ast-banner-title-visibility":"","ast-main-header-display":"","ast-hfb-above-header-display":"","ast-hfb-below-header-display":"","ast-hfb-mobile-header-display":"","site-post-title":"","ast-breadcrumbs-content":"","ast-featured-img":"","footer-sml-layout":"","theme-transparent-header-meta":"default","adv-header-id-meta":"","stick-header-meta":"","header-above-stick-meta":"","header-main-stick-meta":"","header-below-stick-meta":"","astra-migrate-meta-layouts":"set","ast-page-background-enabled":"default","ast-page-background-meta":{"desktop":{"background-color":"var(--ast-global-color-5)","background-image":"","background-repeat":"repeat","background-position":"center center","background-size":"auto","background-attachment":"scroll","background-type":"","background-media":"","overlay-type":"","overlay-color":"","overlay-opacity":"","overlay-gradient":""},"tablet":{"background-color":"","background-image":"","background-repeat":"repeat","background-position":"center center","background-size":"auto","background-attachment":"scroll","background-type":"","background-media":"","overlay-type":"","overlay-color":"","overlay-opacity":"","overlay-gradient":""},"mobile":{"background-color":"","background-image":"","background-repeat":"repeat","background-position":"center center","background-size":"auto","background-attachment":"scroll","background-type":"","background-media":"","overlay-type":"","overlay-color":"","overlay-opacity":"","overlay-gradient":""}},"ast-content-background-meta":{"desktop":{"background-color":"var(--ast-global-color-4)","background-image":"","background-repeat":"repeat","background-position":"center center","background-size":"auto","background-attachment":"scroll","background-type":"","background-media":"","overlay-type":"","overlay-color":"","overlay-opacity":"","overlay-gradient":""},"tablet":{"background-color":"var(--ast-global-color-4)","background-image":"","background-repeat":"repeat","background-position":"center center","background-size":"auto","background-attachment":"scroll","background-type":"","background-media":"","overlay-type":"","overlay-color":"","overlay-opacity":"","overlay-gradient":""},"mobile":{"background-color":"var(--ast-global-color-4)","background-image":"","background-repeat":"repeat","background-position":"center center","background-size":"auto","background-attachment":"scroll","background-type":"","background-media":"","overlay-type":"","overlay-color":"","overlay-opacity":"","overlay-gradient":""}}},"product_brand":[],"product_cat":[19],"product_tag":[],"class_list":{"0":"post-33241","1":"product","2":"type-product","3":"status-publish","4":"has-post-thumbnail","6":"product_cat-uncategorized","7":"desktop-align-left","8":"tablet-align-left","9":"mobile-align-left","11":"first","12":"instock","13":"shipping-taxable","14":"purchasable","15":"product-type-simple"},"_links":{"self":[{"href":"https:\/\/ecostera.com\/dk\/wp-json\/wp\/v2\/product\/33241","targetHints":{"allow":["GET"]}}],"collection":[{"href":"https:\/\/ecostera.com\/dk\/wp-json\/wp\/v2\/product"}],"about":[{"href":"https:\/\/ecostera.com\/dk\/wp-json\/wp\/v2\/types\/product"}],"replies":[{"embeddable":true,"href":"https:\/\/ecostera.com\/dk\/wp-json\/wp\/v2\/comments?post=33241"}],"wp:featuredmedia":[{"embeddable":true,"href":"https:\/\/ecostera.com\/dk\/wp-json\/wp\/v2\/media\/33237"}],"wp:attachment":[{"href":"https:\/\/ecostera.com\/dk\/wp-json\/wp\/v2\/media?parent=33241"}],"wp:term":[{"taxonomy":"product_brand","embeddable":true,"href":"https:\/\/ecostera.com\/dk\/wp-json\/wp\/v2\/product_brand?post=33241"},{"taxonomy":"product_cat","embeddable":true,"href":"https:\/\/ecostera.com\/dk\/wp-json\/wp\/v2\/product_cat?post=33241"},{"taxonomy":"product_tag","embeddable":true,"href":"https:\/\/ecostera.com\/dk\/wp-json\/wp\/v2\/product_tag?post=33241"}],"curies":[{"name":"wp","href":"https:\/\/api.w.org\/{rel}","templated":true}]}}