{"id":33250,"date":"2025-11-07T14:14:38","date_gmt":"2025-11-07T12:14:38","guid":{"rendered":"https:\/\/ecostera.com\/dk\/product\/holder-til-drikkedunk-med-laag\/"},"modified":"2025-11-07T19:57:59","modified_gmt":"2025-11-07T17:57:59","slug":"holder-til-drikkedunk-med-laag","status":"publish","type":"product","link":"https:\/\/ecostera.com\/dk\/product\/holder-til-drikkedunk-med-laag\/","title":{"rendered":"Holder til drikkedunk med l\u00e5g"},"content":{"rendered":"<p style=\"text-align: center\" data-start=\"0\" data-end=\"63\"><strong data-start=\"0\" data-end=\"61\">Hold dine drikkevarer friske og fri for spild, uanset hvor du g\u00e5r! \ud83e\udd64<\/strong><\/p>\n<p style=\"text-align: center\" data-start=\"65\" data-end=\"327\">Denne drikked\u00e5seholder med l\u00e5g forvandler enhver standardd\u00e5se til en b\u00e6rbar, l\u00e6kagesikker kop. Uanset om du er p\u00e5 stranden, p\u00e5 camping eller p\u00e5 picnic, holder dette smarte l\u00e5g din sodavand, juice eller \u00f8l frisk og nem at drikke &#8211; uden at spilde eller insekter kommer ind.<\/p>\n<p data-start=\"65\" data-end=\"327\"><img decoding=\"async\" class=\"size-full wp-image-40084 aligncenter\" src=\"https:\/\/keluvo.com\/template\/wp-content\/uploads\/sites\/5\/2025\/11\/102213-ezgif.com-video-to-webp-converter.webp\" alt=\"\" \/><\/p>\n<h2 style=\"text-align: center\" data-start=\"334\" data-end=\"356\"><strong>Hovedfordele<\/strong><\/h2>\n<p data-start=\"359\" data-end=\"439\">\ud83e\uddc3 Ikke mere spild &#8211; Forhindrer l\u00e6kager og rod, mens du drikker eller rejser.<\/p>\n<p data-start=\"442\" data-end=\"537\">\ud83c\udf3f Sikker og genanvendelig &#8211; Lavet af f\u00f8devaregodkendt plast og silikone, holdbar og milj\u00f8venlig.<\/p>\n<p data-start=\"540\" data-end=\"628\">\ud83e\uddf3 Perfekt til at v\u00e6re p\u00e5 farten &#8211; Kompakt og let, nem at have med til udend\u00f8rs sjov.<\/p>\n<p data-start=\"631\" data-end=\"716\">\ud83c\udf7a Universel pasform &#8211; Designet til standardd\u00e5ser p\u00e5 5,8 cm (sodavand, \u00f8l eller juice).<\/p>\n<p data-start=\"719\" data-end=\"799\">\ud83e\uddfc Nem at reng\u00f8re &#8211; Vask og genbrug igen og igen &#8211; sparer penge og affald.<\/p>\n<p data-start=\"719\" data-end=\"799\"><img decoding=\"async\" class=\"size-full wp-image-40086 aligncenter\" src=\"https:\/\/keluvo.com\/template\/wp-content\/uploads\/sites\/5\/2025\/11\/S7648479abc4644d996482f9dbafac271R.jpg_960x960q75.jpg_.avif\" alt=\"\" \/><\/p>\n<h2 style=\"text-align: center\" data-start=\"806\" data-end=\"825\"><strong>S\u00e5dan Bruges<\/strong><\/h2>\n<ol data-start=\"826\" data-end=\"1040\">\n<li data-start=\"826\" data-end=\"876\">\n<p data-start=\"829\" data-end=\"876\">Snap l\u00e5get fast p\u00e5 en d\u00e5se i standardst\u00f8rrelse.<\/p>\n<\/li>\n<li data-start=\"877\" data-end=\"923\">\n<p data-start=\"880\" data-end=\"923\">Inds\u00e6t suger\u00f8ret gennem den \u00f8verste \u00e5bning.<\/p>\n<\/li>\n<li data-start=\"924\" data-end=\"984\">\n<p data-start=\"927\" data-end=\"984\">Nyd din drink uden at bekymre dig om spild eller st\u00f8v.<\/p>\n<\/li>\n<li data-start=\"985\" data-end=\"1040\">\n<p data-start=\"988\" data-end=\"1040\">Skyl efter brug, og opbevar den til dit n\u00e6ste eventyr!<\/p>\n<\/li>\n<\/ol>\n<h2 style=\"text-align: center\" data-start=\"1047\" data-end=\"1071\"><strong>Produktdetaljer<\/strong><\/h2>\n<ul data-start=\"1072\" data-end=\"1307\">\n<li data-start=\"1072\" data-end=\"1122\">\n<p data-start=\"1074\" data-end=\"1122\">Materiale: PP-plast af f\u00f8devarekvalitet + silikone<\/p>\n<\/li>\n<li data-start=\"1123\" data-end=\"1158\">\n<p data-start=\"1125\" data-end=\"1158\">Farve: Gr\u00e5, lilla, gr\u00f8n, bl\u00e5<\/p>\n<\/li>\n<li data-start=\"1159\" data-end=\"1189\">\n<p data-start=\"1161\" data-end=\"1189\">Ydre diameter: 5,8 cm<\/p>\n<\/li>\n<li data-start=\"1190\" data-end=\"1260\">\n<p data-start=\"1192\" data-end=\"1260\">Passer til: Standard 5,8 cm d\u00e5se\u00e5bning (ikke til slanke eller h\u00f8je d\u00e5ser)<\/p>\n<\/li>\n<li data-start=\"1261\" data-end=\"1307\">\n<p data-start=\"1263\" data-end=\"1307\">Funktioner: Genanvendelig, b\u00e6rbar og sikker<\/p>\n<\/li>\n<\/ul>\n<h2 style=\"text-align: center\" data-start=\"1314\" data-end=\"1339\"><strong>Pakken indeholder<\/strong><\/h2>\n<ul data-start=\"1340\" data-end=\"1376\">\n<li data-start=\"1340\" data-end=\"1361\">\n<p data-start=\"1342\" data-end=\"1361\">1, 4x drikked\u00e5sel\u00e5g<\/p>\n<\/li>\n<li data-start=\"1362\" data-end=\"1376\">\n<p data-start=\"1364\" data-end=\"1376\">2, 8x suger\u00f8r.<\/p>\n<\/li>\n<\/ul>\n","protected":false},"excerpt":{"rendered":"<p>Hold dine drikkevarer friske og fri for spild, uanset hvor du g\u00e5r! \ud83e\udd64 Denne drikked\u00e5seholder med l\u00e5g forvandler enhver standardd\u00e5se [&hellip;]<\/p>\n","protected":false},"featured_media":33246,"comment_status":"open","ping_status":"closed","template":"","meta":{"site-sidebar-layout":"default","site-content-layout":"","ast-site-content-layout":"default","site-content-style":"default","site-sidebar-style":"default","ast-global-header-display":"","ast-banner-title-visibility":"","ast-main-header-display":"","ast-hfb-above-header-display":"","ast-hfb-below-header-display":"","ast-hfb-mobile-header-display":"","site-post-title":"","ast-breadcrumbs-content":"","ast-featured-img":"","footer-sml-layout":"","theme-transparent-header-meta":"default","adv-header-id-meta":"","stick-header-meta":"","header-above-stick-meta":"","header-main-stick-meta":"","header-below-stick-meta":"","astra-migrate-meta-layouts":"set","ast-page-background-enabled":"default","ast-page-background-meta":{"desktop":{"background-color":"var(--ast-global-color-5)","background-image":"","background-repeat":"repeat","background-position":"center center","background-size":"auto","background-attachment":"scroll","background-type":"","background-media":"","overlay-type":"","overlay-color":"","overlay-opacity":"","overlay-gradient":""},"tablet":{"background-color":"","background-image":"","background-repeat":"repeat","background-position":"center center","background-size":"auto","background-attachment":"scroll","background-type":"","background-media":"","overlay-type":"","overlay-color":"","overlay-opacity":"","overlay-gradient":""},"mobile":{"background-color":"","background-image":"","background-repeat":"repeat","background-position":"center center","background-size":"auto","background-attachment":"scroll","background-type":"","background-media":"","overlay-type":"","overlay-color":"","overlay-opacity":"","overlay-gradient":""}},"ast-content-background-meta":{"desktop":{"background-color":"var(--ast-global-color-4)","background-image":"","background-repeat":"repeat","background-position":"center center","background-size":"auto","background-attachment":"scroll","background-type":"","background-media":"","overlay-type":"","overlay-color":"","overlay-opacity":"","overlay-gradient":""},"tablet":{"background-color":"var(--ast-global-color-4)","background-image":"","background-repeat":"repeat","background-position":"center center","background-size":"auto","background-attachment":"scroll","background-type":"","background-media":"","overlay-type":"","overlay-color":"","overlay-opacity":"","overlay-gradient":""},"mobile":{"background-color":"var(--ast-global-color-4)","background-image":"","background-repeat":"repeat","background-position":"center center","background-size":"auto","background-attachment":"scroll","background-type":"","background-media":"","overlay-type":"","overlay-color":"","overlay-opacity":"","overlay-gradient":""}}},"product_brand":[],"product_cat":[19],"product_tag":[],"class_list":{"0":"post-33250","1":"product","2":"type-product","3":"status-publish","4":"has-post-thumbnail","6":"product_cat-uncategorized","7":"pa_49896_iwll8zgc-blaa","8":"pa_49896_iwll8zgc-graa","9":"pa_49896_iwll8zgc-groen","10":"pa_49896_iwll8zgc-lilla","11":"pa_49896_iwll8zgc-saet-med-4-stk","12":"desktop-align-left","13":"tablet-align-left","14":"mobile-align-left","16":"first","17":"instock","18":"shipping-taxable","19":"purchasable","20":"product-type-variable"},"_links":{"self":[{"href":"https:\/\/ecostera.com\/dk\/wp-json\/wp\/v2\/product\/33250","targetHints":{"allow":["GET"]}}],"collection":[{"href":"https:\/\/ecostera.com\/dk\/wp-json\/wp\/v2\/product"}],"about":[{"href":"https:\/\/ecostera.com\/dk\/wp-json\/wp\/v2\/types\/product"}],"replies":[{"embeddable":true,"href":"https:\/\/ecostera.com\/dk\/wp-json\/wp\/v2\/comments?post=33250"}],"wp:featuredmedia":[{"embeddable":true,"href":"https:\/\/ecostera.com\/dk\/wp-json\/wp\/v2\/media\/33246"}],"wp:attachment":[{"href":"https:\/\/ecostera.com\/dk\/wp-json\/wp\/v2\/media?parent=33250"}],"wp:term":[{"taxonomy":"product_brand","embeddable":true,"href":"https:\/\/ecostera.com\/dk\/wp-json\/wp\/v2\/product_brand?post=33250"},{"taxonomy":"product_cat","embeddable":true,"href":"https:\/\/ecostera.com\/dk\/wp-json\/wp\/v2\/product_cat?post=33250"},{"taxonomy":"product_tag","embeddable":true,"href":"https:\/\/ecostera.com\/dk\/wp-json\/wp\/v2\/product_tag?post=33250"}],"curies":[{"name":"wp","href":"https:\/\/api.w.org\/{rel}","templated":true}]}}