{"id":33299,"date":"2025-11-07T14:18:43","date_gmt":"2025-11-07T12:18:43","guid":{"rendered":"https:\/\/ecostera.com\/dk\/product\/digital-vinkelsoeger-med-laser\/"},"modified":"2025-11-18T15:43:12","modified_gmt":"2025-11-18T13:43:12","slug":"digital-vinkelsoeger-med-laser","status":"publish","type":"product","link":"https:\/\/ecostera.com\/dk\/product\/digital-vinkelsoeger-med-laser\/","title":{"rendered":"Digital vinkels\u00f8ger med laser"},"content":{"rendered":"<p style=\"text-align: center\" data-start=\"0\" data-end=\"67\"><strong data-start=\"0\" data-end=\"65\">M\u00e5l Vinkler Og Niveauer Med Ultimativ Pr\u00e6cision Og Lethed \u2699\ufe0f<\/strong><\/p>\n<p style=\"text-align: center\" data-start=\"69\" data-end=\"407\">Denne digitale vinkelm\u00e5ler kombinerer kraften fra et niveau og en vinkelm\u00e5ler i \u00e9t kompakt v\u00e6rkt\u00f8j. Den er designet til professionelle og g\u00f8r-det-selv-entusiaster og giver n\u00f8jagtige m\u00e5linger til t\u00f8mrerarbejde, VVS, byggeri og meget mere. Dens magnetiske base, klare LCD-sk\u00e6rm og genopladelige design g\u00f8r hvert job hurtigere, nemmere og mere pr\u00e6cist.<\/p>\n<p data-start=\"69\" data-end=\"407\"><img decoding=\"async\" class=\"size-full wp-image-40129 aligncenter\" src=\"https:\/\/keluvo.com\/template\/wp-content\/uploads\/sites\/5\/2025\/11\/1022-ezgif.com-video-to-webp-converter-1.webp\" alt=\"\" \/><\/p>\n<h2 style=\"text-align: center\" data-start=\"414\" data-end=\"436\"><strong>Vigtigste Fordele<\/strong><\/h2>\n<p data-start=\"439\" data-end=\"529\">\ud83d\udccf 2-i-1-v\u00e6rkt\u00f8j &#8211; fungerer b\u00e5de som vaterpas og vinkelm\u00e5ler til flere form\u00e5l.<\/p>\n<p data-start=\"532\" data-end=\"609\">\ud83c\udfaf H\u00f8j n\u00f8jagtighed &#8211; leverer pr\u00e6cise m\u00e5linger med en n\u00f8jagtighed p\u00e5 \u00b10,2\u00b0.<\/p>\n<p data-start=\"612\" data-end=\"704\">\ud83e\uddf2 Magnetisk base &#8211; sidder godt fast p\u00e5 metaloverflader for stabil, h\u00e5ndfri m\u00e5ling.<\/p>\n<p data-start=\"707\" data-end=\"803\">\ud83d\udd0b Genopladelig og effektiv &#8211; Type-C-opladningsport og automatisk slukning sparer tid og energi.<\/p>\n<p data-start=\"806\" data-end=\"892\">\ud83d\udca1 Let at l\u00e6se &#8211; Vendbar LCD-sk\u00e6rm sikrer klar visning fra enhver position.<\/p>\n<p data-start=\"895\" data-end=\"974\">\ud83e\uddf0 Holdbar konstruktion &#8211; Lavet af f\u00f8rsteklasses aluminiumslegering til langvarig brug.<\/p>\n<p data-start=\"895\" data-end=\"974\"><img decoding=\"async\" class=\"size-full wp-image-40131 aligncenter\" src=\"https:\/\/keluvo.com\/template\/wp-content\/uploads\/sites\/5\/2025\/11\/S1cead86afc1346ccadc07a257126595bt.jpg_960x960q75.jpg_.avif\" alt=\"\" \/><\/p>\n<h2 style=\"text-align: center\" data-start=\"981\" data-end=\"1000\"><strong>S\u00e5dan Bruges<\/strong><\/h2>\n<ol data-start=\"1001\" data-end=\"1300\">\n<li data-start=\"1001\" data-end=\"1067\">\n<p data-start=\"1004\" data-end=\"1067\">Fastg\u00f8r vinkels\u00f8geren til en overflade ved hj\u00e6lp af dens magnetiske base.<\/p>\n<\/li>\n<li data-start=\"1068\" data-end=\"1110\">\n<p data-start=\"1071\" data-end=\"1110\">Tryk p\u00e5 t\u00e6nd\/sluk-knappen for at t\u00e6nde den.<\/p>\n<\/li>\n<li data-start=\"1111\" data-end=\"1197\">\n<p data-start=\"1114\" data-end=\"1197\">Brug tilstandsknappen til at skifte mellem relativ eller absolut vinkelm\u00e5ling.<\/p>\n<\/li>\n<li data-start=\"1198\" data-end=\"1253\">\n<p data-start=\"1201\" data-end=\"1253\">Juster og afl\u00e6s m\u00e5lingen p\u00e5 LCD-sk\u00e6rmen.<\/p>\n<\/li>\n<li data-start=\"1254\" data-end=\"1300\">\n<p data-start=\"1257\" data-end=\"1300\">Genoplad via Type-C-porten, n\u00e5r det er n\u00f8dvendigt.<\/p>\n<\/li>\n<\/ol>\n<h2 style=\"text-align: center\" data-start=\"1307\" data-end=\"1331\"><strong>Produktdetaljer<\/strong><\/h2>\n<ul data-start=\"1332\" data-end=\"1592\">\n<li data-start=\"1332\" data-end=\"1364\">Type: Digital vinkels\u00f8ger med laser<\/li>\n<li data-start=\"1332\" data-end=\"1364\">Materiale: Aluminiumslegering<\/li>\n<li data-start=\"1332\" data-end=\"1364\">St\u00f8rrelse: 62 x 60 x 33 mm<\/li>\n<li data-start=\"1332\" data-end=\"1364\">N\u00f8jagtighed: \u00b10,2\u00b0<\/li>\n<li data-start=\"1332\" data-end=\"1364\">Batteri: 3,7V litiumbatteri<\/li>\n<li data-start=\"1457\" data-end=\"1507\">\n<p data-start=\"1459\" data-end=\"1507\">Opladningsinterface: DC 5V \/ 400mA (Type-C)<\/p>\n<\/li>\n<\/ul>\n<h2 style=\"text-align: center\" data-start=\"1599\" data-end=\"1624\"><strong>Pakken indeholder<\/strong><\/h2>\n<ul data-start=\"1625\" data-end=\"1686\">\n<li data-start=\"1625\" data-end=\"1686\">\n<p data-start=\"1627\" data-end=\"1686\">1x digital vinkels\u00f8ger med laser.<\/p>\n<\/li>\n<\/ul>\n","protected":false},"excerpt":{"rendered":"<p>M\u00e5l Vinkler Og Niveauer Med Ultimativ Pr\u00e6cision Og Lethed \u2699\ufe0f Denne digitale vinkelm\u00e5ler kombinerer kraften fra et niveau og en [&hellip;]<\/p>\n","protected":false},"featured_media":33295,"comment_status":"open","ping_status":"closed","template":"","meta":{"site-sidebar-layout":"default","site-content-layout":"","ast-site-content-layout":"default","site-content-style":"default","site-sidebar-style":"default","ast-global-header-display":"","ast-banner-title-visibility":"","ast-main-header-display":"","ast-hfb-above-header-display":"","ast-hfb-below-header-display":"","ast-hfb-mobile-header-display":"","site-post-title":"","ast-breadcrumbs-content":"","ast-featured-img":"","footer-sml-layout":"","theme-transparent-header-meta":"default","adv-header-id-meta":"","stick-header-meta":"","header-above-stick-meta":"","header-main-stick-meta":"","header-below-stick-meta":"","astra-migrate-meta-layouts":"set","ast-page-background-enabled":"default","ast-page-background-meta":{"desktop":{"background-color":"var(--ast-global-color-5)","background-image":"","background-repeat":"repeat","background-position":"center center","background-size":"auto","background-attachment":"scroll","background-type":"","background-media":"","overlay-type":"","overlay-color":"","overlay-opacity":"","overlay-gradient":""},"tablet":{"background-color":"","background-image":"","background-repeat":"repeat","background-position":"center center","background-size":"auto","background-attachment":"scroll","background-type":"","background-media":"","overlay-type":"","overlay-color":"","overlay-opacity":"","overlay-gradient":""},"mobile":{"background-color":"","background-image":"","background-repeat":"repeat","background-position":"center center","background-size":"auto","background-attachment":"scroll","background-type":"","background-media":"","overlay-type":"","overlay-color":"","overlay-opacity":"","overlay-gradient":""}},"ast-content-background-meta":{"desktop":{"background-color":"var(--ast-global-color-4)","background-image":"","background-repeat":"repeat","background-position":"center center","background-size":"auto","background-attachment":"scroll","background-type":"","background-media":"","overlay-type":"","overlay-color":"","overlay-opacity":"","overlay-gradient":""},"tablet":{"background-color":"var(--ast-global-color-4)","background-image":"","background-repeat":"repeat","background-position":"center center","background-size":"auto","background-attachment":"scroll","background-type":"","background-media":"","overlay-type":"","overlay-color":"","overlay-opacity":"","overlay-gradient":""},"mobile":{"background-color":"var(--ast-global-color-4)","background-image":"","background-repeat":"repeat","background-position":"center center","background-size":"auto","background-attachment":"scroll","background-type":"","background-media":"","overlay-type":"","overlay-color":"","overlay-opacity":"","overlay-gradient":""}}},"product_brand":[],"product_cat":[19],"product_tag":[],"class_list":{"0":"post-33299","1":"product","2":"type-product","3":"status-publish","4":"has-post-thumbnail","6":"product_cat-uncategorized","7":"desktop-align-left","8":"tablet-align-left","9":"mobile-align-left","11":"first","12":"instock","13":"shipping-taxable","14":"purchasable","15":"product-type-simple"},"_links":{"self":[{"href":"https:\/\/ecostera.com\/dk\/wp-json\/wp\/v2\/product\/33299","targetHints":{"allow":["GET"]}}],"collection":[{"href":"https:\/\/ecostera.com\/dk\/wp-json\/wp\/v2\/product"}],"about":[{"href":"https:\/\/ecostera.com\/dk\/wp-json\/wp\/v2\/types\/product"}],"replies":[{"embeddable":true,"href":"https:\/\/ecostera.com\/dk\/wp-json\/wp\/v2\/comments?post=33299"}],"wp:featuredmedia":[{"embeddable":true,"href":"https:\/\/ecostera.com\/dk\/wp-json\/wp\/v2\/media\/33295"}],"wp:attachment":[{"href":"https:\/\/ecostera.com\/dk\/wp-json\/wp\/v2\/media?parent=33299"}],"wp:term":[{"taxonomy":"product_brand","embeddable":true,"href":"https:\/\/ecostera.com\/dk\/wp-json\/wp\/v2\/product_brand?post=33299"},{"taxonomy":"product_cat","embeddable":true,"href":"https:\/\/ecostera.com\/dk\/wp-json\/wp\/v2\/product_cat?post=33299"},{"taxonomy":"product_tag","embeddable":true,"href":"https:\/\/ecostera.com\/dk\/wp-json\/wp\/v2\/product_tag?post=33299"}],"curies":[{"name":"wp","href":"https:\/\/api.w.org\/{rel}","templated":true}]}}