{"id":33354,"date":"2025-11-07T20:46:10","date_gmt":"2025-11-07T18:46:10","guid":{"rendered":"https:\/\/ecostera.com\/dk\/product\/diy-taeppe-til-farvelaegning\/"},"modified":"2025-11-07T21:27:19","modified_gmt":"2025-11-07T19:27:19","slug":"diy-taeppe-til-farvelaegning","status":"publish","type":"product","link":"https:\/\/ecostera.com\/dk\/product\/diy-taeppe-til-farvelaegning\/","title":{"rendered":"DIY-t\u00e6ppe til farvel\u00e6gning"},"content":{"rendered":"<p style=\"text-align: center\" data-start=\"0\" data-end=\"45\"><strong data-start=\"0\" data-end=\"43\">G\u00f8r Dit T\u00e6ppe Til Et Mesterv\u00e6rk \ud83c\udfa8<\/strong><\/p>\n<p style=\"text-align: center\" data-start=\"47\" data-end=\"315\">Med dette DIY-t\u00e6ppe til farvel\u00e6gning kan du kombinere kreativitet og komfort i \u00e9t sjovt projekt. Brug de medf\u00f8lgende tuscher til at farvel\u00e6gge unikke designs, udtrykke din stil og skabe et hyggeligt t\u00e6ppe, der virkelig er dit. Perfekt til b\u00f8rn, voksne eller alle, der elsker kunst og afslapning.<\/p>\n<p data-start=\"47\" data-end=\"315\"><img decoding=\"async\" class=\"size-full wp-image-40145 aligncenter\" src=\"https:\/\/keluvo.com\/template\/wp-content\/uploads\/sites\/5\/2025\/11\/10222-ezgif.com-video-to-webp-converter-1.webp\" alt=\"\" \/><\/p>\n<h2 style=\"text-align: center\" data-start=\"322\" data-end=\"344\">\ud83c\udf08 Vigtigste fordele<\/h2>\n<p data-start=\"347\" data-end=\"432\">\ud83d\udd8d\ufe0f Kreativt udtryk &#8211; Forvandl et simpelt t\u00e6ppe til dit personlige kunstv\u00e6rk.<\/p>\n<p data-start=\"435\" data-end=\"514\">\ud83d\udecb\ufe0f Bl\u00f8dt &amp; hyggeligt &#8211; Lavet af bl\u00f8dt stof i h\u00f8j kvalitet for maksimal komfort.<\/p>\n<p data-start=\"517\" data-end=\"613\">\ud83e\uddfc Let at reng\u00f8re &#8211; Kan vaskes i maskine uden at falme &#8211; dine farver forbliver lyse og smukke.<\/p>\n<p data-start=\"616\" data-end=\"715\">\ud83c\udf81 Perfekt gaveid\u00e9 &#8211; En sjov og bet\u00e6nksom gave til kreative venner, b\u00f8rn eller kunstelskere.<\/p>\n<p data-start=\"718\" data-end=\"819\">\ud83e\udde0 Stressaflastning &#8211; Farvel\u00e6gning hj\u00e6lper med at berolige sindet og \u00f8ge fokus, samtidig med at det er en afslappende aktivitet.<\/p>\n<p data-start=\"718\" data-end=\"819\"><img decoding=\"async\" class=\"size-full wp-image-40147 aligncenter\" src=\"https:\/\/keluvo.com\/template\/wp-content\/uploads\/sites\/5\/2025\/11\/Sb7863998aabf4c01bea6e459c6c64396s.jpg_960x960q75.jpg_.jpg\" alt=\"\" \/><\/p>\n<h2 style=\"text-align: center\">\ud83e\ude84 S\u00e5dan Bruges<\/h2>\n<ol data-start=\"846\" data-end=\"1060\">\n<li data-start=\"846\" data-end=\"893\">\n<p data-start=\"849\" data-end=\"893\">Spred dit t\u00e6ppe ud p\u00e5 en flad overflade.<\/p>\n<\/li>\n<li data-start=\"894\" data-end=\"959\">\n<p data-start=\"897\" data-end=\"959\">Brug de medf\u00f8lgende tuschpenne til at farvel\u00e6gge de trykte motiver.<\/p>\n<\/li>\n<li data-start=\"960\" data-end=\"1011\">\n<p data-start=\"963\" data-end=\"1011\">Lad det t\u00f8rre helt, f\u00f8r du bruger eller vasker det.<\/p>\n<\/li>\n<li data-start=\"1012\" data-end=\"1060\">\n<p data-start=\"1015\" data-end=\"1060\">Nyd dit hyggelige, unikke kunstt\u00e6ppe!<\/p>\n<\/li>\n<\/ol>\n<h2 style=\"text-align: center\" data-start=\"1067\" data-end=\"1091\">\ud83d\udccf Produktdetaljer<\/h2>\n<ul data-start=\"1092\" data-end=\"1280\">\n<li data-start=\"1092\" data-end=\"1126\">\n<p data-start=\"1094\" data-end=\"1126\">Material: Bl\u00f8dt, slidst\u00e6rkt stof<\/p>\n<\/li>\n<li data-start=\"1127\" data-end=\"1149\">\n<p data-start=\"1129\" data-end=\"1149\">St\u00f8rrelse: 150 x 125 cm<\/p>\n<\/li>\n<li data-start=\"1150\" data-end=\"1167\">\n<p data-start=\"1152\" data-end=\"1167\">V\u00e6gt: 300 g<\/p>\n<\/li>\n<li data-start=\"1168\" data-end=\"1207\">\n<p data-start=\"1170\" data-end=\"1207\">Motiver: 12 forskellige designmuligheder<\/p>\n<\/li>\n<li data-start=\"1208\" data-end=\"1253\">\n<p data-start=\"1210\" data-end=\"1253\">S\u00e6t med tuscher: 24 farver<\/p>\n<\/li>\n<li data-start=\"1254\" data-end=\"1280\">\n<p data-start=\"1256\" data-end=\"1280\">Vaskbar og farve\u00e6gte<\/p>\n<\/li>\n<\/ul>\n<h2 style=\"text-align: center\" data-start=\"1287\" data-end=\"1312\">\ud83d\udce6 Pakken indeholder<\/h2>\n<ul data-start=\"1313\" data-end=\"1388\">\n<li data-start=\"1313\" data-end=\"1341\">\n<p data-start=\"1315\" data-end=\"1341\">1x DIY-t\u00e6ppe til farvel\u00e6gning<\/p>\n<\/li>\n<li data-start=\"1342\" data-end=\"1388\">\n<p data-start=\"1344\" data-end=\"1388\">1x s\u00e6t med tuscher (24 farver).<\/p>\n<\/li>\n<\/ul>\n","protected":false},"excerpt":{"rendered":"<p>G\u00f8r Dit T\u00e6ppe Til Et Mesterv\u00e6rk \ud83c\udfa8 Med dette DIY-t\u00e6ppe til farvel\u00e6gning kan du kombinere kreativitet og komfort i \u00e9t [&hellip;]<\/p>\n","protected":false},"featured_media":33350,"comment_status":"open","ping_status":"closed","template":"","meta":{"site-sidebar-layout":"default","site-content-layout":"","ast-site-content-layout":"default","site-content-style":"default","site-sidebar-style":"default","ast-global-header-display":"","ast-banner-title-visibility":"","ast-main-header-display":"","ast-hfb-above-header-display":"","ast-hfb-below-header-display":"","ast-hfb-mobile-header-display":"","site-post-title":"","ast-breadcrumbs-content":"","ast-featured-img":"","footer-sml-layout":"","theme-transparent-header-meta":"default","adv-header-id-meta":"","stick-header-meta":"","header-above-stick-meta":"","header-main-stick-meta":"","header-below-stick-meta":"","astra-migrate-meta-layouts":"set","ast-page-background-enabled":"default","ast-page-background-meta":{"desktop":{"background-color":"var(--ast-global-color-5)","background-image":"","background-repeat":"repeat","background-position":"center center","background-size":"auto","background-attachment":"scroll","background-type":"","background-media":"","overlay-type":"","overlay-color":"","overlay-opacity":"","overlay-gradient":""},"tablet":{"background-color":"","background-image":"","background-repeat":"repeat","background-position":"center center","background-size":"auto","background-attachment":"scroll","background-type":"","background-media":"","overlay-type":"","overlay-color":"","overlay-opacity":"","overlay-gradient":""},"mobile":{"background-color":"","background-image":"","background-repeat":"repeat","background-position":"center center","background-size":"auto","background-attachment":"scroll","background-type":"","background-media":"","overlay-type":"","overlay-color":"","overlay-opacity":"","overlay-gradient":""}},"ast-content-background-meta":{"desktop":{"background-color":"var(--ast-global-color-4)","background-image":"","background-repeat":"repeat","background-position":"center center","background-size":"auto","background-attachment":"scroll","background-type":"","background-media":"","overlay-type":"","overlay-color":"","overlay-opacity":"","overlay-gradient":""},"tablet":{"background-color":"var(--ast-global-color-4)","background-image":"","background-repeat":"repeat","background-position":"center center","background-size":"auto","background-attachment":"scroll","background-type":"","background-media":"","overlay-type":"","overlay-color":"","overlay-opacity":"","overlay-gradient":""},"mobile":{"background-color":"var(--ast-global-color-4)","background-image":"","background-repeat":"repeat","background-position":"center center","background-size":"auto","background-attachment":"scroll","background-type":"","background-media":"","overlay-type":"","overlay-color":"","overlay-opacity":"","overlay-gradient":""}}},"product_brand":[],"product_cat":[19],"product_tag":[],"class_list":{"0":"post-33354","1":"product","2":"type-product","3":"status-publish","4":"has-post-thumbnail","6":"product_cat-uncategorized","7":"pa_50147_skwmi907-a","8":"pa_50147_skwmi907-b","9":"pa_50147_skwmi907-c","10":"pa_50147_skwmi907-d","11":"pa_50147_skwmi907-e","12":"pa_50147_skwmi907-f","13":"pa_50147_skwmi907-g","14":"pa_50147_skwmi907-h","15":"pa_50147_skwmi907-i","16":"pa_50147_skwmi907-j","17":"pa_50147_skwmi907-k","18":"pa_50147_skwmi907-l","19":"desktop-align-left","20":"tablet-align-left","21":"mobile-align-left","23":"first","24":"instock","25":"shipping-taxable","26":"purchasable","27":"product-type-variable"},"_links":{"self":[{"href":"https:\/\/ecostera.com\/dk\/wp-json\/wp\/v2\/product\/33354","targetHints":{"allow":["GET"]}}],"collection":[{"href":"https:\/\/ecostera.com\/dk\/wp-json\/wp\/v2\/product"}],"about":[{"href":"https:\/\/ecostera.com\/dk\/wp-json\/wp\/v2\/types\/product"}],"replies":[{"embeddable":true,"href":"https:\/\/ecostera.com\/dk\/wp-json\/wp\/v2\/comments?post=33354"}],"wp:featuredmedia":[{"embeddable":true,"href":"https:\/\/ecostera.com\/dk\/wp-json\/wp\/v2\/media\/33350"}],"wp:attachment":[{"href":"https:\/\/ecostera.com\/dk\/wp-json\/wp\/v2\/media?parent=33354"}],"wp:term":[{"taxonomy":"product_brand","embeddable":true,"href":"https:\/\/ecostera.com\/dk\/wp-json\/wp\/v2\/product_brand?post=33354"},{"taxonomy":"product_cat","embeddable":true,"href":"https:\/\/ecostera.com\/dk\/wp-json\/wp\/v2\/product_cat?post=33354"},{"taxonomy":"product_tag","embeddable":true,"href":"https:\/\/ecostera.com\/dk\/wp-json\/wp\/v2\/product_tag?post=33354"}],"curies":[{"name":"wp","href":"https:\/\/api.w.org\/{rel}","templated":true}]}}