{"id":33387,"date":"2025-11-07T20:49:25","date_gmt":"2025-11-07T18:49:25","guid":{"rendered":"https:\/\/ecostera.com\/dk\/product\/skakbraet-af-trae-med-hukommelse\/"},"modified":"2025-11-24T15:48:14","modified_gmt":"2025-11-24T13:48:14","slug":"skakbraet-af-trae-med-hukommelse","status":"publish","type":"product","link":"https:\/\/ecostera.com\/dk\/product\/skakbraet-af-trae-med-hukommelse\/","title":{"rendered":"Skakbr\u00e6t af tr\u00e6 med hukommelse"},"content":{"rendered":"<p style=\"text-align: center\" data-start=\"0\" data-end=\"49\"><strong data-start=\"0\" data-end=\"47\">Boost Hukommelse Og Fokus Med Sjov Og Leg \ud83c\udfaf<\/strong><\/p>\n<p style=\"text-align: center\" data-start=\"51\" data-end=\"364\">Dette hukommelsesskakbr\u00e6t i tr\u00e6 er et Montessori-inspireret p\u00e6dagogisk leget\u00f8j, der er designet til at tr\u00e6ne hukommelse, fokus og h\u00e5nd-\u00f8je-koordination &#8211; alt sammen mens man har det sjovt. Det er lavet af milj\u00f8venligt tr\u00e6 af h\u00f8j kvalitet og hj\u00e6lper b\u00e5de b\u00f8rn og voksne med at forbedre koncentration og mental smidighed gennem farverigt og engagerende spil.<\/p>\n<p data-start=\"51\" data-end=\"364\"><img decoding=\"async\" class=\"size-full wp-image-40174 aligncenter\" src=\"https:\/\/keluvo.com\/template\/wp-content\/uploads\/sites\/5\/2025\/11\/10223-ezgif.com-video-to-webp-converter-1.webp\" alt=\"\" \/><\/p>\n<h2 style=\"text-align: center\" data-start=\"371\" data-end=\"393\"><strong>Vigtigste Fordele<\/strong><\/h2>\n<p data-start=\"396\" data-end=\"487\">\ud83e\udde0 Hukommelsesbooster &#8211; Styrker korttidshukommelsen og forbedrer fokus for hver runde.<\/p>\n<p data-start=\"490\" data-end=\"589\">\ud83c\udfa8 Farvel\u00e6ring &#8211; Lyse, sjove farver hj\u00e6lper b\u00f8rn med at genkende og huske farvem\u00f8nstre nemt.<\/p>\n<p data-start=\"592\" data-end=\"695\">\ud83c\udf33 Sikre materialer &#8211; Lavet af glat, ikke-giftigt tr\u00e6 &#8211; sikkert for b\u00e5de b\u00f8rn og milj\u00f8.<\/p>\n<p data-start=\"698\" data-end=\"795\">\ud83d\udc76 Montessori-p\u00e6dagogik &#8211; Tilskynder til aktiv l\u00e6ring og kognitiv udvikling gennem leg.<\/p>\n<p data-start=\"798\" data-end=\"897\">\ud83d\udc6a Sjovt for alle aldre &#8211; Fantastisk aktivitet for familier, velegnet til b\u00f8rn (3+) og voksne.<\/p>\n<p data-start=\"900\" data-end=\"984\">\ud83c\udf81 Perfekt gaveid\u00e9 &#8211; Ideel til f\u00f8dselsdage, jul eller l\u00e6rerig leg.<\/p>\n<p data-start=\"900\" data-end=\"984\"><img decoding=\"async\" class=\"size-full wp-image-40176 aligncenter\" src=\"https:\/\/keluvo.com\/template\/wp-content\/uploads\/sites\/5\/2025\/11\/6c18e2869430aec0ef9fcda03bdb3dbea10fe492.avif\" alt=\"\" \/><\/p>\n<h2 style=\"text-align: center\">\ud83d\udd79\ufe0f S\u00e5dan Bruges<\/h2>\n<ol data-start=\"1012\" data-end=\"1331\">\n<li data-start=\"1012\" data-end=\"1068\">\n<p data-start=\"1015\" data-end=\"1068\">Placer alle de farvede skakbrikker p\u00e5 tr\u00e6br\u00e6ttet.<\/p>\n<\/li>\n<li data-start=\"1069\" data-end=\"1126\">\n<p data-start=\"1072\" data-end=\"1126\">Pr\u00f8v hurtigt at huske farvernes placering.<\/p>\n<\/li>\n<li data-start=\"1127\" data-end=\"1164\">\n<p data-start=\"1130\" data-end=\"1164\">Kast terningerne for at afsl\u00f8re en farve.<\/p>\n<\/li>\n<li data-start=\"1165\" data-end=\"1268\">\n<p data-start=\"1168\" data-end=\"1268\">V\u00e6lg en skakbrik &#8211; hvis farven matcher, beholder du den! Hvis ikke, skal du l\u00e6gge den tilbage og lade den n\u00e6ste spiller pr\u00f8ve.<\/p>\n<\/li>\n<li data-start=\"1269\" data-end=\"1331\">\n<p data-start=\"1272\" data-end=\"1331\">Den spiller, der har flest skakbrikker til sidst, har vundet spillet.<\/p>\n<\/li>\n<\/ol>\n<h2 style=\"text-align: center\" data-start=\"1338\" data-end=\"1362\">\ud83d\udccf Produktdetaljer<\/h2>\n<ul data-start=\"1363\" data-end=\"1583\">\n<li data-start=\"1391\" data-end=\"1433\">\n<p data-start=\"1393\" data-end=\"1433\">Materiale: Giftfrit tr\u00e6 af h\u00f8j kvalitet<\/p>\n<\/li>\n<li data-start=\"1434\" data-end=\"1468\">\n<p data-start=\"1436\" data-end=\"1468\">St\u00f8rrelse: 16,5 cm x 16,5 cm x 4 cm<\/p>\n<\/li>\n<li data-start=\"1469\" data-end=\"1516\">\n<p data-start=\"1471\" data-end=\"1516\">Afslut: Glatte, runde kanter &#8211; sikkert for b\u00f8rn<\/p>\n<\/li>\n<li data-start=\"1517\" data-end=\"1556\">\n<p data-start=\"1519\" data-end=\"1556\">Anbefalet alder: 3 \u00e5r og derover<\/p>\n<\/li>\n<li data-start=\"1517\" data-end=\"1556\">\n<p data-start=\"1519\" data-end=\"1556\">St\u00f8rrelse: Lille (16 x 1,4 cm), Stor (17 x 2 cm)<\/p>\n<\/li>\n<li data-start=\"1517\" data-end=\"1556\">Skakbrikkernes farver: Hvid, gr\u00f8n, r\u00f8d, gul, sort, bl\u00e5<\/li>\n<\/ul>\n<h2 style=\"text-align: center\" data-start=\"1590\" data-end=\"1615\">\ud83d\udce6 Pakken indeholder<\/h2>\n<ul data-start=\"1616\" data-end=\"1689\">\n<li data-start=\"1616\" data-end=\"1648\">\n<p data-start=\"1618\" data-end=\"1648\">1x hukommelse-skakbr\u00e6t i tr\u00e6<\/p>\n<\/li>\n<li data-start=\"1649\" data-end=\"1676\">\n<p data-start=\"1651\" data-end=\"1676\">24x skakbrikker<\/p>\n<\/li>\n<li data-start=\"1677\" data-end=\"1689\">\n<p data-start=\"1679\" data-end=\"1689\">1x terninger.<\/p>\n<\/li>\n<\/ul>\n","protected":false},"excerpt":{"rendered":"<p>Boost Hukommelse Og Fokus Med Sjov Og Leg \ud83c\udfaf Dette hukommelsesskakbr\u00e6t i tr\u00e6 er et Montessori-inspireret p\u00e6dagogisk leget\u00f8j, der er [&hellip;]<\/p>\n","protected":false},"featured_media":33383,"comment_status":"open","ping_status":"closed","template":"","meta":{"site-sidebar-layout":"default","site-content-layout":"","ast-site-content-layout":"default","site-content-style":"default","site-sidebar-style":"default","ast-global-header-display":"","ast-banner-title-visibility":"","ast-main-header-display":"","ast-hfb-above-header-display":"","ast-hfb-below-header-display":"","ast-hfb-mobile-header-display":"","site-post-title":"","ast-breadcrumbs-content":"","ast-featured-img":"","footer-sml-layout":"","theme-transparent-header-meta":"default","adv-header-id-meta":"","stick-header-meta":"","header-above-stick-meta":"","header-main-stick-meta":"","header-below-stick-meta":"","astra-migrate-meta-layouts":"set","ast-page-background-enabled":"default","ast-page-background-meta":{"desktop":{"background-color":"var(--ast-global-color-5)","background-image":"","background-repeat":"repeat","background-position":"center center","background-size":"auto","background-attachment":"scroll","background-type":"","background-media":"","overlay-type":"","overlay-color":"","overlay-opacity":"","overlay-gradient":""},"tablet":{"background-color":"","background-image":"","background-repeat":"repeat","background-position":"center center","background-size":"auto","background-attachment":"scroll","background-type":"","background-media":"","overlay-type":"","overlay-color":"","overlay-opacity":"","overlay-gradient":""},"mobile":{"background-color":"","background-image":"","background-repeat":"repeat","background-position":"center center","background-size":"auto","background-attachment":"scroll","background-type":"","background-media":"","overlay-type":"","overlay-color":"","overlay-opacity":"","overlay-gradient":""}},"ast-content-background-meta":{"desktop":{"background-color":"var(--ast-global-color-4)","background-image":"","background-repeat":"repeat","background-position":"center center","background-size":"auto","background-attachment":"scroll","background-type":"","background-media":"","overlay-type":"","overlay-color":"","overlay-opacity":"","overlay-gradient":""},"tablet":{"background-color":"var(--ast-global-color-4)","background-image":"","background-repeat":"repeat","background-position":"center center","background-size":"auto","background-attachment":"scroll","background-type":"","background-media":"","overlay-type":"","overlay-color":"","overlay-opacity":"","overlay-gradient":""},"mobile":{"background-color":"var(--ast-global-color-4)","background-image":"","background-repeat":"repeat","background-position":"center center","background-size":"auto","background-attachment":"scroll","background-type":"","background-media":"","overlay-type":"","overlay-color":"","overlay-opacity":"","overlay-gradient":""}}},"product_brand":[],"product_cat":[19],"product_tag":[],"class_list":{"0":"post-33387","1":"product","2":"type-product","3":"status-publish","4":"has-post-thumbnail","6":"product_cat-uncategorized","7":"pa_50167_q6z2viq2-lille","8":"pa_50167_q6z2viq2-stor","9":"desktop-align-left","10":"tablet-align-left","11":"mobile-align-left","13":"first","14":"instock","15":"shipping-taxable","16":"purchasable","17":"product-type-variable"},"_links":{"self":[{"href":"https:\/\/ecostera.com\/dk\/wp-json\/wp\/v2\/product\/33387","targetHints":{"allow":["GET"]}}],"collection":[{"href":"https:\/\/ecostera.com\/dk\/wp-json\/wp\/v2\/product"}],"about":[{"href":"https:\/\/ecostera.com\/dk\/wp-json\/wp\/v2\/types\/product"}],"replies":[{"embeddable":true,"href":"https:\/\/ecostera.com\/dk\/wp-json\/wp\/v2\/comments?post=33387"}],"wp:featuredmedia":[{"embeddable":true,"href":"https:\/\/ecostera.com\/dk\/wp-json\/wp\/v2\/media\/33383"}],"wp:attachment":[{"href":"https:\/\/ecostera.com\/dk\/wp-json\/wp\/v2\/media?parent=33387"}],"wp:term":[{"taxonomy":"product_brand","embeddable":true,"href":"https:\/\/ecostera.com\/dk\/wp-json\/wp\/v2\/product_brand?post=33387"},{"taxonomy":"product_cat","embeddable":true,"href":"https:\/\/ecostera.com\/dk\/wp-json\/wp\/v2\/product_cat?post=33387"},{"taxonomy":"product_tag","embeddable":true,"href":"https:\/\/ecostera.com\/dk\/wp-json\/wp\/v2\/product_tag?post=33387"}],"curies":[{"name":"wp","href":"https:\/\/api.w.org\/{rel}","templated":true}]}}