{"id":33400,"date":"2025-11-07T20:51:12","date_gmt":"2025-11-07T18:51:12","guid":{"rendered":"https:\/\/ecostera.com\/dk\/product\/skridsikker-universalstander-til-gaskomfur\/"},"modified":"2025-11-07T21:31:18","modified_gmt":"2025-11-07T19:31:18","slug":"skridsikker-universalstander-til-gaskomfur","status":"publish","type":"product","link":"https:\/\/ecostera.com\/dk\/product\/skridsikker-universalstander-til-gaskomfur\/","title":{"rendered":"Skridsikker universalstander til gaskomfur"},"content":{"rendered":"<p style=\"text-align: center\" data-start=\"0\" data-end=\"55\"><strong data-start=\"0\" data-end=\"53\">Hold Dine Gryder Stabile, Og Lav Mad Med Selvtillid \ud83d\udd25<\/strong><\/p>\n<p style=\"text-align: center\" data-start=\"57\" data-end=\"327\">Denne holdbare, skridsikre universalstander til gaskomfur giver dine gryder og pander ekstra balance og sikkerhed, mens du laver mad. Den er lavet af st\u00e6rkt st\u00f8bejern og forhindrer, at den glider, fordeler varmen j\u00e6vnt og passer til de fleste gaskomfurer &#8211; hvilket g\u00f8r din madlavning sikrere, hurtigere og mere effektiv.<\/p>\n<p data-start=\"57\" data-end=\"327\"><img decoding=\"async\" class=\"size-full wp-image-40189 aligncenter\" src=\"https:\/\/keluvo.com\/template\/wp-content\/uploads\/sites\/5\/2025\/11\/10224-ezgif.com-video-to-webp-converter-1.webp\" alt=\"\" \/><\/p>\n<h2 style=\"text-align: center\" data-start=\"334\" data-end=\"356\">\ud83c\udf73 Hovedfordele<\/h2>\n<p data-start=\"359\" data-end=\"441\">\ud83e\uddf1 St\u00e6rk og holdbar &#8211; Bygget af st\u00f8bejern af h\u00f8j kvalitet til langvarig brug.<\/p>\n<p data-start=\"444\" data-end=\"526\">\ud83d\udd25 J\u00e6vn varme &#8211; Fordeler varmen j\u00e6vnt for bedre og hurtigere madlavningsresultater.<\/p>\n<p data-start=\"529\" data-end=\"618\">\ud83d\udee1\ufe0f Skridsikkert design &#8211; Holder din gryde eller wok stabil og forhindrer utilsigtet bev\u00e6gelse.<\/p>\n<p data-start=\"621\" data-end=\"703\">\ud83c\udf0d Universel pasform &#8211; Passer til de fleste gaskomfurmodeller, perfekt til ethvert k\u00f8kken.<\/p>\n<p data-start=\"706\" data-end=\"774\">\ud83d\udebf Let at reng\u00f8re &#8211; Rustbestandig og nem at vaske efter brug.<\/p>\n<p data-start=\"706\" data-end=\"774\"><img decoding=\"async\" class=\"size-full wp-image-40187 aligncenter\" src=\"https:\/\/keluvo.com\/template\/wp-content\/uploads\/sites\/5\/2025\/11\/Sfee8c1ad68cf47cd8e7856f223018bc9j.jpg_960x960q75.jpg_.jpg\" alt=\"\" \/><\/p>\n<h2 style=\"text-align: center\" data-start=\"781\" data-end=\"800\">\u2699\ufe0f S\u00e5dan Bruges<\/h2>\n<ol data-start=\"801\" data-end=\"1058\">\n<li data-start=\"801\" data-end=\"847\">\n<p data-start=\"804\" data-end=\"847\">Placer stativet oven p\u00e5 dit gaskomfur.<\/p>\n<\/li>\n<li data-start=\"848\" data-end=\"895\">\n<p data-start=\"851\" data-end=\"895\">Centrer din wok, gryde eller pande p\u00e5 stativet.<\/p>\n<\/li>\n<li data-start=\"896\" data-end=\"979\">\n<p data-start=\"899\" data-end=\"979\">T\u00e6nd for komfuret, og lav mad som normalt &#8211; stativet sikrer stabilitet og j\u00e6vn varme.<\/p>\n<\/li>\n<li data-start=\"980\" data-end=\"1058\">\n<p data-start=\"983\" data-end=\"1058\">Efter madlavning skal du lade det k\u00f8le af og reng\u00f8re det med en fugtig klud eller svamp.<\/p>\n<\/li>\n<\/ol>\n<h2 style=\"text-align: center\" data-start=\"1065\" data-end=\"1089\">\ud83d\udccf Produktdetaljer<\/h2>\n<ul data-start=\"1090\" data-end=\"1327\">\n<li data-start=\"1090\" data-end=\"1113\">\n<p data-start=\"1092\" data-end=\"1113\">Materiale: St\u00f8bejern<\/p>\n<\/li>\n<li data-start=\"1114\" data-end=\"1133\">\n<p data-start=\"1116\" data-end=\"1133\">Farve: Sort<\/p>\n<\/li>\n<li data-start=\"1134\" data-end=\"1182\">\n<p data-start=\"1136\" data-end=\"1182\">Design: Universel pasform til forskellige gaskomfurer<\/p>\n<\/li>\n<li data-start=\"1183\" data-end=\"1251\">\n<p data-start=\"1185\" data-end=\"1251\">Funktioner: Skridsikker bund, j\u00e6vn varmeledning, rustbeskyttende bel\u00e6gning<\/p>\n<\/li>\n<li data-start=\"1252\" data-end=\"1288\">\n<p data-start=\"1254\" data-end=\"1288\">St\u00f8rrelse: 24,5 x 16 x 3,5 mm<\/p>\n<\/li>\n<li data-start=\"1289\" data-end=\"1327\">\n<p data-start=\"1291\" data-end=\"1327\">V\u00e6gt: Holdbar, men let at h\u00e5ndtere<\/p>\n<\/li>\n<\/ul>\n<h2 style=\"text-align: center\" data-start=\"1334\" data-end=\"1359\">\ud83d\udce6 Pakken indeholder<\/h2>\n<ul data-start=\"1360\" data-end=\"1410\">\n<li data-start=\"1360\" data-end=\"1410\">\n<p data-start=\"1362\" data-end=\"1410\">1, 2, 4x skridsikker universalstander til gaskomfur.<\/p>\n<\/li>\n<\/ul>\n","protected":false},"excerpt":{"rendered":"<p>Hold Dine Gryder Stabile, Og Lav Mad Med Selvtillid \ud83d\udd25 Denne holdbare, skridsikre universalstander til gaskomfur giver dine gryder og [&hellip;]<\/p>\n","protected":false},"featured_media":33396,"comment_status":"open","ping_status":"closed","template":"","meta":{"site-sidebar-layout":"default","site-content-layout":"","ast-site-content-layout":"default","site-content-style":"default","site-sidebar-style":"default","ast-global-header-display":"","ast-banner-title-visibility":"","ast-main-header-display":"","ast-hfb-above-header-display":"","ast-hfb-below-header-display":"","ast-hfb-mobile-header-display":"","site-post-title":"","ast-breadcrumbs-content":"","ast-featured-img":"","footer-sml-layout":"","theme-transparent-header-meta":"default","adv-header-id-meta":"","stick-header-meta":"","header-above-stick-meta":"","header-main-stick-meta":"","header-below-stick-meta":"","astra-migrate-meta-layouts":"set","ast-page-background-enabled":"default","ast-page-background-meta":{"desktop":{"background-color":"var(--ast-global-color-5)","background-image":"","background-repeat":"repeat","background-position":"center center","background-size":"auto","background-attachment":"scroll","background-type":"","background-media":"","overlay-type":"","overlay-color":"","overlay-opacity":"","overlay-gradient":""},"tablet":{"background-color":"","background-image":"","background-repeat":"repeat","background-position":"center center","background-size":"auto","background-attachment":"scroll","background-type":"","background-media":"","overlay-type":"","overlay-color":"","overlay-opacity":"","overlay-gradient":""},"mobile":{"background-color":"","background-image":"","background-repeat":"repeat","background-position":"center center","background-size":"auto","background-attachment":"scroll","background-type":"","background-media":"","overlay-type":"","overlay-color":"","overlay-opacity":"","overlay-gradient":""}},"ast-content-background-meta":{"desktop":{"background-color":"var(--ast-global-color-4)","background-image":"","background-repeat":"repeat","background-position":"center center","background-size":"auto","background-attachment":"scroll","background-type":"","background-media":"","overlay-type":"","overlay-color":"","overlay-opacity":"","overlay-gradient":""},"tablet":{"background-color":"var(--ast-global-color-4)","background-image":"","background-repeat":"repeat","background-position":"center center","background-size":"auto","background-attachment":"scroll","background-type":"","background-media":"","overlay-type":"","overlay-color":"","overlay-opacity":"","overlay-gradient":""},"mobile":{"background-color":"var(--ast-global-color-4)","background-image":"","background-repeat":"repeat","background-position":"center center","background-size":"auto","background-attachment":"scroll","background-type":"","background-media":"","overlay-type":"","overlay-color":"","overlay-opacity":"","overlay-gradient":""}}},"product_brand":[],"product_cat":[19],"product_tag":[],"class_list":{"0":"post-33400","1":"product","2":"type-product","3":"status-publish","4":"has-post-thumbnail","6":"product_cat-uncategorized","7":"pa_50173_xz9e8yjg-1-stk","8":"pa_50173_xz9e8yjg-2-stk","9":"pa_50173_xz9e8yjg-4-stk","10":"desktop-align-left","11":"tablet-align-left","12":"mobile-align-left","14":"first","15":"instock","16":"shipping-taxable","17":"purchasable","18":"product-type-variable"},"_links":{"self":[{"href":"https:\/\/ecostera.com\/dk\/wp-json\/wp\/v2\/product\/33400","targetHints":{"allow":["GET"]}}],"collection":[{"href":"https:\/\/ecostera.com\/dk\/wp-json\/wp\/v2\/product"}],"about":[{"href":"https:\/\/ecostera.com\/dk\/wp-json\/wp\/v2\/types\/product"}],"replies":[{"embeddable":true,"href":"https:\/\/ecostera.com\/dk\/wp-json\/wp\/v2\/comments?post=33400"}],"wp:featuredmedia":[{"embeddable":true,"href":"https:\/\/ecostera.com\/dk\/wp-json\/wp\/v2\/media\/33396"}],"wp:attachment":[{"href":"https:\/\/ecostera.com\/dk\/wp-json\/wp\/v2\/media?parent=33400"}],"wp:term":[{"taxonomy":"product_brand","embeddable":true,"href":"https:\/\/ecostera.com\/dk\/wp-json\/wp\/v2\/product_brand?post=33400"},{"taxonomy":"product_cat","embeddable":true,"href":"https:\/\/ecostera.com\/dk\/wp-json\/wp\/v2\/product_cat?post=33400"},{"taxonomy":"product_tag","embeddable":true,"href":"https:\/\/ecostera.com\/dk\/wp-json\/wp\/v2\/product_tag?post=33400"}],"curies":[{"name":"wp","href":"https:\/\/api.w.org\/{rel}","templated":true}]}}