{"id":33415,"date":"2025-11-07T20:53:24","date_gmt":"2025-11-07T18:53:24","guid":{"rendered":"https:\/\/ecostera.com\/dk\/product\/taktisk-baelte-i-nylon\/"},"modified":"2025-11-18T15:43:24","modified_gmt":"2025-11-18T13:43:24","slug":"taktisk-baelte-i-nylon","status":"publish","type":"product","link":"https:\/\/ecostera.com\/dk\/product\/taktisk-baelte-i-nylon\/","title":{"rendered":"Taktisk b\u00e6lte i nylon"},"content":{"rendered":"<p style=\"text-align: center\" data-start=\"0\" data-end=\"59\"><strong data-start=\"0\" data-end=\"57\">V\u00e6r sikker, stilfuld og klar til enhver aktivitet. \ud83c\udfd5\ufe0f<\/strong><\/p>\n<p style=\"text-align: center\" data-start=\"61\" data-end=\"387\">Dette taktisk nylonb\u00e6lte er bygget til styrke, komfort og alsidighed. Det er lavet af slidst\u00e6rkt nylon med et automatisk sp\u00e6nde og passer perfekt hver gang &#8211; uanset om du er p\u00e5 vandretur, p\u00e5 arbejde eller bare kl\u00e6der dig p\u00e5 til dagen. Dette b\u00e6lte er designet til at klare enhver situation og holder dig komfortabel og sikker, uanset hvor du g\u00e5r.<\/p>\n<p data-start=\"61\" data-end=\"387\"><img decoding=\"async\" class=\"size-full wp-image-40202 aligncenter\" src=\"https:\/\/keluvo.com\/template\/wp-content\/uploads\/sites\/5\/2025\/11\/spp_20250120183133_51c07ca3690c5b530e18529c7efeac74.webp\" alt=\"\" \/><\/p>\n<h2 style=\"text-align: center\" data-start=\"394\" data-end=\"416\"><strong>Hovedfordele<\/strong><\/h2>\n<p data-start=\"419\" data-end=\"496\">\ud83e\uddf1 Ultraholdbart &#8211; Lavet af st\u00e6rk, slidst\u00e6rk nylon, der er bygget til at holde.<\/p>\n<p data-start=\"499\" data-end=\"596\">\ud83c\udfbd Komfortabel pasform &#8211; Fleksibelt materiale sikrer komfort hele dagen uden at klemme eller glide.<\/p>\n<p data-start=\"599\" data-end=\"704\">\u2699\ufe0f Nem justering &#8211; Automatisk sp\u00e6nde giver dig mulighed for hurtigt at stramme eller l\u00f8sne b\u00e6ltet for at f\u00e5 en perfekt pasform.<\/p>\n<p data-start=\"707\" data-end=\"830\">\ud83d\udd76\ufe0f Alsidig stil &#8211; Ser godt ud sammen med jeans, cargobukser eller udend\u00f8rsudstyr &#8211; perfekt til arbejde, sport eller fritid.<\/p>\n<p data-start=\"833\" data-end=\"941\">\ud83d\udeb6 Taktisk ydeevne &#8211; Designet til udend\u00f8rsaktiviteter og tilbyder b\u00e5de praktisk og moderne stil.<\/p>\n<p data-start=\"833\" data-end=\"941\"><img decoding=\"async\" class=\"size-full wp-image-40203 aligncenter\" src=\"https:\/\/keluvo.com\/template\/wp-content\/uploads\/sites\/5\/2025\/11\/spp_20250120183127_fdfa95e5a982dafc9089086c4b861e48.webp\" alt=\"\" \/><\/p>\n<h2 style=\"text-align: center\" data-start=\"948\" data-end=\"967\"><strong>S\u00e5dan Bruges<\/strong><\/h2>\n<ol data-start=\"968\" data-end=\"1213\">\n<li data-start=\"968\" data-end=\"1012\">\n<p data-start=\"971\" data-end=\"1012\">Skub b\u00e6ltet gennem dine buksestropper.<\/p>\n<\/li>\n<li data-start=\"1013\" data-end=\"1086\">\n<p data-start=\"1016\" data-end=\"1086\">S\u00e6t enden ind i det automatiske sp\u00e6nde, indtil det klikker p\u00e5 plads.<\/p>\n<\/li>\n<li data-start=\"1087\" data-end=\"1144\">\n<p data-start=\"1090\" data-end=\"1144\">Juster til din foretrukne stramhed for en sikker pasform.<\/p>\n<\/li>\n<li data-start=\"1145\" data-end=\"1213\">\n<p data-start=\"1148\" data-end=\"1213\">For at frig\u00f8re skal du blot l\u00f8fte sp\u00e6ndeh\u00e5ndtaget og tr\u00e6kke b\u00e6ltet ud.<\/p>\n<\/li>\n<\/ol>\n<h2 style=\"text-align: center\" data-start=\"1220\" data-end=\"1244\"><strong>Produktdetaljer<\/strong><\/h2>\n<ul data-start=\"1245\" data-end=\"1490\">\n<li data-start=\"1245\" data-end=\"1277\">\n<p data-start=\"1247\" data-end=\"1277\">Materiale: Nylon af h\u00f8j kvalitet<\/p>\n<\/li>\n<li data-start=\"1278\" data-end=\"1338\">\n<p data-start=\"1280\" data-end=\"1338\">Sp\u00e6ndetype: Automatisk (taktisk design med otte tegn)<\/p>\n<\/li>\n<li data-start=\"1339\" data-end=\"1393\">\n<p data-start=\"1341\" data-end=\"1393\">Pasform: Justerbar til taljest\u00f8rrelser i forskellige l\u00e6ngder<\/p>\n<\/li>\n<li data-start=\"1394\" data-end=\"1432\">\n<p data-start=\"1396\" data-end=\"1432\">Stil: Taktisk, udend\u00f8rs, afslappet<\/p>\n<\/li>\n<li data-start=\"1433\" data-end=\"1490\">\n<p data-start=\"1435\" data-end=\"1490\">Brug: Velegnet til daglig brug, sport, vandring eller arbejde<\/p>\n<\/li>\n<li data-start=\"1433\" data-end=\"1490\">B\u00e6ltel\u00e6ngde: 120 cm<\/li>\n<\/ul>\n<h2 style=\"text-align: center\" data-start=\"1497\" data-end=\"1522\"><strong>Pakken indeholder<\/strong><\/h2>\n<ul data-start=\"1523\" data-end=\"1550\">\n<li data-start=\"1523\" data-end=\"1550\">\n<p data-start=\"1525\" data-end=\"1550\">1, 2x taktisk nylonb\u00e6lte.<\/p>\n<\/li>\n<\/ul>\n","protected":false},"excerpt":{"rendered":"<p>V\u00e6r sikker, stilfuld og klar til enhver aktivitet. \ud83c\udfd5\ufe0f Dette taktisk nylonb\u00e6lte er bygget til styrke, komfort og alsidighed. Det [&hellip;]<\/p>\n","protected":false},"featured_media":33411,"comment_status":"open","ping_status":"closed","template":"","meta":{"site-sidebar-layout":"default","site-content-layout":"","ast-site-content-layout":"default","site-content-style":"default","site-sidebar-style":"default","ast-global-header-display":"","ast-banner-title-visibility":"","ast-main-header-display":"","ast-hfb-above-header-display":"","ast-hfb-below-header-display":"","ast-hfb-mobile-header-display":"","site-post-title":"","ast-breadcrumbs-content":"","ast-featured-img":"","footer-sml-layout":"","theme-transparent-header-meta":"default","adv-header-id-meta":"","stick-header-meta":"","header-above-stick-meta":"","header-main-stick-meta":"","header-below-stick-meta":"","astra-migrate-meta-layouts":"set","ast-page-background-enabled":"default","ast-page-background-meta":{"desktop":{"background-color":"var(--ast-global-color-5)","background-image":"","background-repeat":"repeat","background-position":"center center","background-size":"auto","background-attachment":"scroll","background-type":"","background-media":"","overlay-type":"","overlay-color":"","overlay-opacity":"","overlay-gradient":""},"tablet":{"background-color":"","background-image":"","background-repeat":"repeat","background-position":"center center","background-size":"auto","background-attachment":"scroll","background-type":"","background-media":"","overlay-type":"","overlay-color":"","overlay-opacity":"","overlay-gradient":""},"mobile":{"background-color":"","background-image":"","background-repeat":"repeat","background-position":"center center","background-size":"auto","background-attachment":"scroll","background-type":"","background-media":"","overlay-type":"","overlay-color":"","overlay-opacity":"","overlay-gradient":""}},"ast-content-background-meta":{"desktop":{"background-color":"var(--ast-global-color-4)","background-image":"","background-repeat":"repeat","background-position":"center center","background-size":"auto","background-attachment":"scroll","background-type":"","background-media":"","overlay-type":"","overlay-color":"","overlay-opacity":"","overlay-gradient":""},"tablet":{"background-color":"var(--ast-global-color-4)","background-image":"","background-repeat":"repeat","background-position":"center center","background-size":"auto","background-attachment":"scroll","background-type":"","background-media":"","overlay-type":"","overlay-color":"","overlay-opacity":"","overlay-gradient":""},"mobile":{"background-color":"var(--ast-global-color-4)","background-image":"","background-repeat":"repeat","background-position":"center center","background-size":"auto","background-attachment":"scroll","background-type":"","background-media":"","overlay-type":"","overlay-color":"","overlay-opacity":"","overlay-gradient":""}}},"product_brand":[],"product_cat":[19],"product_tag":[],"class_list":{"0":"post-33415","1":"product","2":"type-product","3":"status-publish","4":"has-post-thumbnail","6":"product_cat-uncategorized","7":"pa_50192_2qh78bgn-armygroen","8":"pa_50192_2qh78bgn-graa","9":"pa_50192_2qh78bgn-kaffe","10":"pa_50192_2qh78bgn-khaki","11":"pa_50192_2qh78bgn-marineblaa","12":"pa_50192_2qh78bgn-sort","13":"pa_50192_in8ilanm-1-stk","14":"pa_50192_in8ilanm-2-stk","15":"desktop-align-left","16":"tablet-align-left","17":"mobile-align-left","19":"first","20":"instock","21":"shipping-taxable","22":"purchasable","23":"product-type-variable","24":"has-default-attributes"},"_links":{"self":[{"href":"https:\/\/ecostera.com\/dk\/wp-json\/wp\/v2\/product\/33415","targetHints":{"allow":["GET"]}}],"collection":[{"href":"https:\/\/ecostera.com\/dk\/wp-json\/wp\/v2\/product"}],"about":[{"href":"https:\/\/ecostera.com\/dk\/wp-json\/wp\/v2\/types\/product"}],"replies":[{"embeddable":true,"href":"https:\/\/ecostera.com\/dk\/wp-json\/wp\/v2\/comments?post=33415"}],"wp:featuredmedia":[{"embeddable":true,"href":"https:\/\/ecostera.com\/dk\/wp-json\/wp\/v2\/media\/33411"}],"wp:attachment":[{"href":"https:\/\/ecostera.com\/dk\/wp-json\/wp\/v2\/media?parent=33415"}],"wp:term":[{"taxonomy":"product_brand","embeddable":true,"href":"https:\/\/ecostera.com\/dk\/wp-json\/wp\/v2\/product_brand?post=33415"},{"taxonomy":"product_cat","embeddable":true,"href":"https:\/\/ecostera.com\/dk\/wp-json\/wp\/v2\/product_cat?post=33415"},{"taxonomy":"product_tag","embeddable":true,"href":"https:\/\/ecostera.com\/dk\/wp-json\/wp\/v2\/product_tag?post=33415"}],"curies":[{"name":"wp","href":"https:\/\/api.w.org\/{rel}","templated":true}]}}