{"id":3348,"date":"2025-07-16T12:24:56","date_gmt":"2025-07-16T12:24:56","guid":{"rendered":"https:\/\/ecostera.com\/dk\/product\/dyse-til-haandvasksproejte\/"},"modified":"2025-07-16T12:25:02","modified_gmt":"2025-07-16T12:25:02","slug":"dyse-til-haandvasksproejte","status":"publish","type":"product","link":"https:\/\/ecostera.com\/dk\/product\/dyse-til-haandvasksproejte\/","title":{"rendered":"Dyse til h\u00e5ndvaskspr\u00f8jte"},"content":{"rendered":"<h2 style=\"text-align: center\">Tre Vandtilstande for Alsidighed<\/h2>\n<p style=\"text-align: center\">Vaskespr\u00f8jtedysen har tre vandgennemstr\u00f8mningstilstande, der passer til dine behov. Brug den bl\u00f8de vandgennemstr\u00f8mning til sk\u00e5nsom skylning, netudl\u00f8bene til reng\u00f8ring af store omr\u00e5der eller den vifteformede spray til at skylle snavs ud. Disse muligheder g\u00f8r reng\u00f8ringsopgaverne hurtigere og mere effektive.<\/p>\n<p><img decoding=\"async\" class=\"alignnone size-medium wp-image-7111 aligncenter\" src=\"https:\/\/keluvo.com\/template\/wp-content\/uploads\/sites\/5\/2025\/01\/S4bb215991ddd436fb43f2cf8c89cb296d.jpg_960x960q75.jpg_.webp\" \/><\/p>\n<h2 style=\"text-align: center\">Let at Reng\u00f8re og Vedligeholde<\/h2>\n<p style=\"text-align: center\">Vaskespr\u00f8jtedysen har selvrensende silikonestr\u00e5ler, der modst\u00e5r snavs, mineraler og aflejringer af h\u00e5rdt vand. Det sikrer en langvarig ydelse og g\u00f8r reng\u00f8ringen af dysen hurtig og problemfri. Den er designet til at forblive ren og funktionel med minimal indsats.<\/p>\n<p style=\"text-align: center\"><img decoding=\"async\" class=\"alignnone size-medium wp-image-7113\" src=\"https:\/\/keluvo.com\/template\/wp-content\/uploads\/sites\/5\/2025\/01\/S12828674a561401f9fc4ae00075590c49.jpg_960x960q75.jpg_.webp\" alt=\"\" \/><\/p>\n","protected":false},"excerpt":{"rendered":"<p>Tre Vandtilstande for Alsidighed Vaskespr\u00f8jtedysen har tre vandgennemstr\u00f8mningstilstande, der passer til dine behov. Brug den bl\u00f8de vandgennemstr\u00f8mning til sk\u00e5nsom skylning, [&hellip;]<\/p>\n","protected":false},"featured_media":3344,"comment_status":"open","ping_status":"closed","template":"","meta":{"site-sidebar-layout":"default","site-content-layout":"","ast-site-content-layout":"default","site-content-style":"default","site-sidebar-style":"default","ast-global-header-display":"","ast-banner-title-visibility":"","ast-main-header-display":"","ast-hfb-above-header-display":"","ast-hfb-below-header-display":"","ast-hfb-mobile-header-display":"","site-post-title":"","ast-breadcrumbs-content":"","ast-featured-img":"","footer-sml-layout":"","theme-transparent-header-meta":"default","adv-header-id-meta":"","stick-header-meta":"","header-above-stick-meta":"","header-main-stick-meta":"","header-below-stick-meta":"","astra-migrate-meta-layouts":"set","ast-page-background-enabled":"default","ast-page-background-meta":{"desktop":{"background-color":"var(--ast-global-color-5)","background-image":"","background-repeat":"repeat","background-position":"center center","background-size":"auto","background-attachment":"scroll","background-type":"","background-media":"","overlay-type":"","overlay-color":"","overlay-opacity":"","overlay-gradient":""},"tablet":{"background-color":"","background-image":"","background-repeat":"repeat","background-position":"center center","background-size":"auto","background-attachment":"scroll","background-type":"","background-media":"","overlay-type":"","overlay-color":"","overlay-opacity":"","overlay-gradient":""},"mobile":{"background-color":"","background-image":"","background-repeat":"repeat","background-position":"center center","background-size":"auto","background-attachment":"scroll","background-type":"","background-media":"","overlay-type":"","overlay-color":"","overlay-opacity":"","overlay-gradient":""}},"ast-content-background-meta":{"desktop":{"background-color":"var(--ast-global-color-4)","background-image":"","background-repeat":"repeat","background-position":"center center","background-size":"auto","background-attachment":"scroll","background-type":"","background-media":"","overlay-type":"","overlay-color":"","overlay-opacity":"","overlay-gradient":""},"tablet":{"background-color":"var(--ast-global-color-4)","background-image":"","background-repeat":"repeat","background-position":"center center","background-size":"auto","background-attachment":"scroll","background-type":"","background-media":"","overlay-type":"","overlay-color":"","overlay-opacity":"","overlay-gradient":""},"mobile":{"background-color":"var(--ast-global-color-4)","background-image":"","background-repeat":"repeat","background-position":"center center","background-size":"auto","background-attachment":"scroll","background-type":"","background-media":"","overlay-type":"","overlay-color":"","overlay-opacity":"","overlay-gradient":""}}},"product_brand":[],"product_cat":[19],"product_tag":[],"class_list":{"0":"post-3348","1":"product","2":"type-product","3":"status-publish","4":"has-post-thumbnail","6":"product_cat-uncategorized","7":"pa_36951_2ssck1yo-boerstet","8":"pa_36951_2ssck1yo-guld","9":"pa_36951_2ssck1yo-soelv","10":"pa_36951_2ssck1yo-sort","11":"desktop-align-left","12":"tablet-align-left","13":"mobile-align-left","15":"first","16":"instock","17":"shipping-taxable","18":"purchasable","19":"product-type-variable"},"_links":{"self":[{"href":"https:\/\/ecostera.com\/dk\/wp-json\/wp\/v2\/product\/3348","targetHints":{"allow":["GET"]}}],"collection":[{"href":"https:\/\/ecostera.com\/dk\/wp-json\/wp\/v2\/product"}],"about":[{"href":"https:\/\/ecostera.com\/dk\/wp-json\/wp\/v2\/types\/product"}],"replies":[{"embeddable":true,"href":"https:\/\/ecostera.com\/dk\/wp-json\/wp\/v2\/comments?post=3348"}],"wp:featuredmedia":[{"embeddable":true,"href":"https:\/\/ecostera.com\/dk\/wp-json\/wp\/v2\/media\/3344"}],"wp:attachment":[{"href":"https:\/\/ecostera.com\/dk\/wp-json\/wp\/v2\/media?parent=3348"}],"wp:term":[{"taxonomy":"product_brand","embeddable":true,"href":"https:\/\/ecostera.com\/dk\/wp-json\/wp\/v2\/product_brand?post=3348"},{"taxonomy":"product_cat","embeddable":true,"href":"https:\/\/ecostera.com\/dk\/wp-json\/wp\/v2\/product_cat?post=3348"},{"taxonomy":"product_tag","embeddable":true,"href":"https:\/\/ecostera.com\/dk\/wp-json\/wp\/v2\/product_tag?post=3348"}],"curies":[{"name":"wp","href":"https:\/\/api.w.org\/{rel}","templated":true}]}}