{"id":3361,"date":"2025-07-16T12:25:31","date_gmt":"2025-07-16T12:25:31","guid":{"rendered":"https:\/\/ecostera.com\/dk\/product\/vaerktoej-til-at-lave-koedboller\/"},"modified":"2025-07-16T12:25:38","modified_gmt":"2025-07-16T12:25:38","slug":"vaerktoej-til-at-lave-koedboller","status":"publish","type":"product","link":"https:\/\/ecostera.com\/dk\/product\/vaerktoej-til-at-lave-koedboller\/","title":{"rendered":"V\u00e6rkt\u00f8j til at lave k\u00f8dboller"},"content":{"rendered":"<h2 style=\"text-align: center\">Nem Formning Af Frikadeller<\/h2>\n<p style=\"text-align: center\">Frikadellev\u00e6rkt\u00f8jet forenkler processen med at lave perfekt runde frikadeller. Dens design med fire led giver dig mulighed for at presse og forme k\u00f8dboller hurtigt og j\u00e6vnt. Det er perfekt til at lave k\u00f8d-, fiske- eller risboller med ensartet st\u00f8rrelse og form.<\/p>\n<p><img decoding=\"async\" class=\"alignnone size-medium wp-image-7141 aligncenter\" src=\"https:\/\/keluvo.com\/template\/wp-content\/uploads\/sites\/5\/2025\/01\/Sd4ccae58d067442fbd59f3f025815a37u.jpg_960x960q75.jpg_.webp\" \/><\/p>\n<h2 style=\"text-align: center\">Holdbar Og Nem At Reng\u00f8re<\/h2>\n<p style=\"text-align: center\">Frikadellev\u00e6rkt\u00f8jet er fremstillet af PP-materiale af h\u00f8j kvalitet og er robust og bygget til at holde. Den glatte overflade sikrer nem reng\u00f8ring, s\u00e5 du sparer tid i k\u00f8kkenet. Nyd et p\u00e5lideligt v\u00e6rkt\u00f8j, der g\u00f8r tilberedningen af m\u00e5ltider stressfri.<\/p>\n<p><img decoding=\"async\" class=\"alignnone size-medium wp-image-7140 aligncenter\" src=\"https:\/\/keluvo.com\/template\/wp-content\/uploads\/sites\/5\/2025\/01\/S13195617f6cf4de7b1651e6a669f4501g.jpg_960x960q75.jpg_.webp\" \/><\/p>\n","protected":false},"excerpt":{"rendered":"<p>Nem Formning Af Frikadeller Frikadellev\u00e6rkt\u00f8jet forenkler processen med at lave perfekt runde frikadeller. Dens design med fire led giver dig [&hellip;]<\/p>\n","protected":false},"featured_media":3357,"comment_status":"open","ping_status":"closed","template":"","meta":{"site-sidebar-layout":"default","site-content-layout":"","ast-site-content-layout":"default","site-content-style":"default","site-sidebar-style":"default","ast-global-header-display":"","ast-banner-title-visibility":"","ast-main-header-display":"","ast-hfb-above-header-display":"","ast-hfb-below-header-display":"","ast-hfb-mobile-header-display":"","site-post-title":"","ast-breadcrumbs-content":"","ast-featured-img":"","footer-sml-layout":"","theme-transparent-header-meta":"default","adv-header-id-meta":"","stick-header-meta":"","header-above-stick-meta":"","header-main-stick-meta":"","header-below-stick-meta":"","astra-migrate-meta-layouts":"set","ast-page-background-enabled":"default","ast-page-background-meta":{"desktop":{"background-color":"var(--ast-global-color-5)","background-image":"","background-repeat":"repeat","background-position":"center center","background-size":"auto","background-attachment":"scroll","background-type":"","background-media":"","overlay-type":"","overlay-color":"","overlay-opacity":"","overlay-gradient":""},"tablet":{"background-color":"","background-image":"","background-repeat":"repeat","background-position":"center center","background-size":"auto","background-attachment":"scroll","background-type":"","background-media":"","overlay-type":"","overlay-color":"","overlay-opacity":"","overlay-gradient":""},"mobile":{"background-color":"","background-image":"","background-repeat":"repeat","background-position":"center center","background-size":"auto","background-attachment":"scroll","background-type":"","background-media":"","overlay-type":"","overlay-color":"","overlay-opacity":"","overlay-gradient":""}},"ast-content-background-meta":{"desktop":{"background-color":"var(--ast-global-color-4)","background-image":"","background-repeat":"repeat","background-position":"center center","background-size":"auto","background-attachment":"scroll","background-type":"","background-media":"","overlay-type":"","overlay-color":"","overlay-opacity":"","overlay-gradient":""},"tablet":{"background-color":"var(--ast-global-color-4)","background-image":"","background-repeat":"repeat","background-position":"center center","background-size":"auto","background-attachment":"scroll","background-type":"","background-media":"","overlay-type":"","overlay-color":"","overlay-opacity":"","overlay-gradient":""},"mobile":{"background-color":"var(--ast-global-color-4)","background-image":"","background-repeat":"repeat","background-position":"center center","background-size":"auto","background-attachment":"scroll","background-type":"","background-media":"","overlay-type":"","overlay-color":"","overlay-opacity":"","overlay-gradient":""}}},"product_brand":[],"product_cat":[19],"product_tag":[],"class_list":{"0":"post-3361","1":"product","2":"type-product","3":"status-publish","4":"has-post-thumbnail","6":"product_cat-uncategorized","7":"pa_41589_0uukxyd1-3-raekker","8":"pa_41589_0uukxyd1-4-raekker","9":"pa_41589_g6xs6ddd-gul","10":"pa_41589_g6xs6ddd-hvid","11":"desktop-align-left","12":"tablet-align-left","13":"mobile-align-left","15":"first","16":"instock","17":"shipping-taxable","18":"purchasable","19":"product-type-variable"},"_links":{"self":[{"href":"https:\/\/ecostera.com\/dk\/wp-json\/wp\/v2\/product\/3361","targetHints":{"allow":["GET"]}}],"collection":[{"href":"https:\/\/ecostera.com\/dk\/wp-json\/wp\/v2\/product"}],"about":[{"href":"https:\/\/ecostera.com\/dk\/wp-json\/wp\/v2\/types\/product"}],"replies":[{"embeddable":true,"href":"https:\/\/ecostera.com\/dk\/wp-json\/wp\/v2\/comments?post=3361"}],"wp:featuredmedia":[{"embeddable":true,"href":"https:\/\/ecostera.com\/dk\/wp-json\/wp\/v2\/media\/3357"}],"wp:attachment":[{"href":"https:\/\/ecostera.com\/dk\/wp-json\/wp\/v2\/media?parent=3361"}],"wp:term":[{"taxonomy":"product_brand","embeddable":true,"href":"https:\/\/ecostera.com\/dk\/wp-json\/wp\/v2\/product_brand?post=3361"},{"taxonomy":"product_cat","embeddable":true,"href":"https:\/\/ecostera.com\/dk\/wp-json\/wp\/v2\/product_cat?post=3361"},{"taxonomy":"product_tag","embeddable":true,"href":"https:\/\/ecostera.com\/dk\/wp-json\/wp\/v2\/product_tag?post=3361"}],"curies":[{"name":"wp","href":"https:\/\/api.w.org\/{rel}","templated":true}]}}