{"id":33708,"date":"2025-11-10T17:44:28","date_gmt":"2025-11-10T15:44:28","guid":{"rendered":"https:\/\/ecostera.com\/dk\/product\/haandtag-til-sne\/"},"modified":"2025-12-12T14:47:14","modified_gmt":"2025-12-12T12:47:14","slug":"haandtag-til-sne","status":"publish","type":"product","link":"https:\/\/ecostera.com\/dk\/product\/haandtag-til-sne\/","title":{"rendered":"H\u00e5ndtag til sne"},"content":{"rendered":"<p style=\"text-align: center\" data-start=\"0\" data-end=\"52\"><strong>G\u00e5 sikkert og trygt p\u00e5 sne og is \u2744\ufe0f<\/strong><\/p>\n<p style=\"text-align: center\" data-start=\"54\" data-end=\"283\">Disse sne-greb giver dig ekstra greb og stabilitet under vinterens g\u00e5- eller l\u00f8beture. De er designet til at passe til de fleste skotyper og forhindrer, at du glider og falder p\u00e5 isede overflader, s\u00e5 du kan f\u00e6rdes sikkert og trygt udend\u00f8rs hele s\u00e6sonen.<\/p>\n<p data-start=\"54\" data-end=\"283\"><img decoding=\"async\" class=\"size-full wp-image-40290 aligncenter\" src=\"https:\/\/keluvo.com\/template\/wp-content\/uploads\/sites\/5\/2025\/11\/10227-ezgif.com-video-to-webp-converter-1.webp\" alt=\"\" \/><\/p>\n<h2 style=\"text-align: center\" data-start=\"290\" data-end=\"312\">\ud83c\udf1f Vigtigste fordele<\/h2>\n<p data-start=\"315\" data-end=\"394\">\ud83e\uddca Skridsikring &#8211; St\u00e6rke klodser griber fat i is og sne for at forhindre fald.<\/p>\n<p data-start=\"315\" data-end=\"394\">\ud83d\udc5f Universel pasform &#8211; Str\u00e6kbart gummi passer til de fleste former og st\u00f8rrelser af fodt\u00f8j.<\/p>\n<p data-start=\"315\" data-end=\"394\">\u26a1 Nemme at bruge &#8211; Tages af og p\u00e5 p\u00e5 f\u00e5 sekunder &#8211; uden brug af v\u00e6rkt\u00f8j.<\/p>\n<p data-start=\"315\" data-end=\"394\">\ud83e\uddf3 Kompakte og b\u00e6rbare &#8211; Lette og nemme at have med i tasken eller i lommen.<\/p>\n<p data-start=\"315\" data-end=\"394\">\ud83d\udcaa Holdbart design &#8211; Lavet af fleksibelt gummi og h\u00e5rde aluminiumslegeringer til langvarig brug.<\/p>\n<p data-start=\"315\" data-end=\"394\">\ud83c\udfc3 Komfort i al slags vejr &#8211; Perfekt til g\u00e5ture, l\u00f8b, vandreture eller daglige udend\u00f8rsaktiviteter.<\/p>\n<p data-start=\"742\" data-end=\"836\"><img decoding=\"async\" class=\"size-full wp-image-40289 aligncenter\" src=\"https:\/\/keluvo.com\/template\/wp-content\/uploads\/sites\/5\/2025\/11\/aa29a172-1e40-492e-9bef-94b9ba06e9d4.jpg\" alt=\"\" \/><\/p>\n<h2 style=\"text-align: center\" data-start=\"843\" data-end=\"862\">\u2699\ufe0f S\u00e5dan bruges de<\/h2>\n<ol data-start=\"863\" data-end=\"1090\">\n<li data-start=\"863\" data-end=\"916\">Str\u00e6k snegrebene over dine sko eller st\u00f8vler.<\/li>\n<li data-start=\"863\" data-end=\"916\">Juster, indtil klamperne er j\u00e6vnt placeret under din s\u00e5l.<\/li>\n<li data-start=\"863\" data-end=\"916\">S\u00f8rg for, at de sidder godt fast, f\u00f8r du g\u00e5r.<\/li>\n<li data-start=\"863\" data-end=\"916\">Efter brug skal du fjerne og folde &#8211; let at opbevare og genbruge.<\/li>\n<\/ol>\n<h2 style=\"text-align: center\" data-start=\"1097\" data-end=\"1121\">\ud83d\udccf Produktdetaljer<\/h2>\n<ul data-start=\"1122\" data-end=\"1362\">\n<li data-start=\"1122\" data-end=\"1166\">Materiale: Gummi + klamper af aluminiumslegering<\/li>\n<li data-start=\"1122\" data-end=\"1166\">St\u00f8rrelser: S (EU 24-34), M (EU 35-41)<\/li>\n<li data-start=\"1122\" data-end=\"1166\">Farve: Sort, bl\u00e5, r\u00f8d<\/li>\n<li data-start=\"1122\" data-end=\"1166\">Str\u00e6kbar og holdbart design<\/li>\n<li data-start=\"1122\" data-end=\"1166\">Velegnet til: g\u00e5ture, l\u00f8b, vandreture eller udend\u00f8rs arbejde i sne og is<\/li>\n<\/ul>\n<h2 style=\"text-align: center\" data-start=\"1369\" data-end=\"1394\">\ud83d\udce6 Pakken indeholder<\/h2>\n<ul data-start=\"1395\" data-end=\"1421\">\n<li data-start=\"1395\" data-end=\"1421\">\n<p data-start=\"1397\" data-end=\"1421\">1, 2x par snefang.<\/p>\n<\/li>\n<\/ul>\n","protected":false},"excerpt":{"rendered":"<p>G\u00e5 sikkert og trygt p\u00e5 sne og is \u2744\ufe0f Disse sne-greb giver dig ekstra greb og stabilitet under vinterens g\u00e5- [&hellip;]<\/p>\n","protected":false},"featured_media":33704,"comment_status":"open","ping_status":"closed","template":"","meta":{"site-sidebar-layout":"default","site-content-layout":"","ast-site-content-layout":"default","site-content-style":"default","site-sidebar-style":"default","ast-global-header-display":"","ast-banner-title-visibility":"","ast-main-header-display":"","ast-hfb-above-header-display":"","ast-hfb-below-header-display":"","ast-hfb-mobile-header-display":"","site-post-title":"","ast-breadcrumbs-content":"","ast-featured-img":"","footer-sml-layout":"","theme-transparent-header-meta":"default","adv-header-id-meta":"","stick-header-meta":"","header-above-stick-meta":"","header-main-stick-meta":"","header-below-stick-meta":"","astra-migrate-meta-layouts":"set","ast-page-background-enabled":"default","ast-page-background-meta":{"desktop":{"background-color":"var(--ast-global-color-5)","background-image":"","background-repeat":"repeat","background-position":"center center","background-size":"auto","background-attachment":"scroll","background-type":"","background-media":"","overlay-type":"","overlay-color":"","overlay-opacity":"","overlay-gradient":""},"tablet":{"background-color":"","background-image":"","background-repeat":"repeat","background-position":"center center","background-size":"auto","background-attachment":"scroll","background-type":"","background-media":"","overlay-type":"","overlay-color":"","overlay-opacity":"","overlay-gradient":""},"mobile":{"background-color":"","background-image":"","background-repeat":"repeat","background-position":"center center","background-size":"auto","background-attachment":"scroll","background-type":"","background-media":"","overlay-type":"","overlay-color":"","overlay-opacity":"","overlay-gradient":""}},"ast-content-background-meta":{"desktop":{"background-color":"var(--ast-global-color-4)","background-image":"","background-repeat":"repeat","background-position":"center center","background-size":"auto","background-attachment":"scroll","background-type":"","background-media":"","overlay-type":"","overlay-color":"","overlay-opacity":"","overlay-gradient":""},"tablet":{"background-color":"var(--ast-global-color-4)","background-image":"","background-repeat":"repeat","background-position":"center center","background-size":"auto","background-attachment":"scroll","background-type":"","background-media":"","overlay-type":"","overlay-color":"","overlay-opacity":"","overlay-gradient":""},"mobile":{"background-color":"var(--ast-global-color-4)","background-image":"","background-repeat":"repeat","background-position":"center center","background-size":"auto","background-attachment":"scroll","background-type":"","background-media":"","overlay-type":"","overlay-color":"","overlay-opacity":"","overlay-gradient":""}}},"product_brand":[],"product_cat":[19],"product_tag":[],"class_list":{"0":"post-33708","1":"product","2":"type-product","3":"status-publish","4":"has-post-thumbnail","6":"product_cat-uncategorized","7":"pa_18454_2936pyju-blaa","8":"pa_18454_2936pyju-roed","9":"pa_18454_2936pyju-sort","10":"pa_18454_l3aojrg0-1-par","11":"pa_18454_l3aojrg0-2-par","12":"pa_18454_tzd0aqsa-s-eu-24-34","13":"pa_18454_tzd0aqsa-m-eu-35-41","14":"desktop-align-left","15":"tablet-align-left","16":"mobile-align-left","18":"first","19":"instock","20":"shipping-taxable","21":"purchasable","22":"product-type-variable","23":"has-default-attributes"},"_links":{"self":[{"href":"https:\/\/ecostera.com\/dk\/wp-json\/wp\/v2\/product\/33708","targetHints":{"allow":["GET"]}}],"collection":[{"href":"https:\/\/ecostera.com\/dk\/wp-json\/wp\/v2\/product"}],"about":[{"href":"https:\/\/ecostera.com\/dk\/wp-json\/wp\/v2\/types\/product"}],"replies":[{"embeddable":true,"href":"https:\/\/ecostera.com\/dk\/wp-json\/wp\/v2\/comments?post=33708"}],"wp:featuredmedia":[{"embeddable":true,"href":"https:\/\/ecostera.com\/dk\/wp-json\/wp\/v2\/media\/33704"}],"wp:attachment":[{"href":"https:\/\/ecostera.com\/dk\/wp-json\/wp\/v2\/media?parent=33708"}],"wp:term":[{"taxonomy":"product_brand","embeddable":true,"href":"https:\/\/ecostera.com\/dk\/wp-json\/wp\/v2\/product_brand?post=33708"},{"taxonomy":"product_cat","embeddable":true,"href":"https:\/\/ecostera.com\/dk\/wp-json\/wp\/v2\/product_cat?post=33708"},{"taxonomy":"product_tag","embeddable":true,"href":"https:\/\/ecostera.com\/dk\/wp-json\/wp\/v2\/product_tag?post=33708"}],"curies":[{"name":"wp","href":"https:\/\/api.w.org\/{rel}","templated":true}]}}