{"id":3374,"date":"2025-07-16T12:25:54","date_gmt":"2025-07-16T12:25:54","guid":{"rendered":"https:\/\/ecostera.com\/dk\/product\/udtraekkelig-stoevboerste\/"},"modified":"2025-07-16T12:25:54","modified_gmt":"2025-07-16T12:25:54","slug":"udtraekkelig-stoevboerste","status":"publish","type":"product","link":"https:\/\/ecostera.com\/dk\/product\/udtraekkelig-stoevboerste\/","title":{"rendered":"Udtr\u00e6kkelig st\u00f8vb\u00f8rste"},"content":{"rendered":"<h2 style=\"text-align: center\" data-start=\"0\" data-end=\"41\">Langt Skaft Til Sv\u00e6rt Tilg\u00e6ngelige Steder<\/h2>\n<p style=\"text-align: center\" data-start=\"42\" data-end=\"304\">Den udtr\u00e6kkelige st\u00f8vb\u00f8rste har et udtr\u00e6kkeligt skaft, som g\u00f8r det nemt at reng\u00f8re h\u00f8je og smalle steder. Med den lange r\u00e6kkevidde kan du uden problemer tackle st\u00f8v og snavs i loftshj\u00f8rner eller mellem m\u00f8belhuller. Reng\u00f8ring er lige blevet enklere og mere effektiv.<\/p>\n<p data-start=\"42\" data-end=\"304\"><img decoding=\"async\" class=\"alignnone size-medium wp-image-11734 aligncenter\" src=\"https:\/\/keluvo.com\/template\/wp-content\/uploads\/sites\/5\/2025\/02\/Seae85d8bc5054039adc633647f82d96aX.jpeg\" alt=\"\" \/><\/p>\n<h2 style=\"text-align: center\" data-start=\"306\" data-end=\"340\">Fladt B\u00f8rstehoved Til Spr\u00e6kker<\/h2>\n<p style=\"text-align: center\" data-start=\"341\" data-end=\"546\">Det flade b\u00f8rstehoved er designet til at passe ind i sn\u00e6vre rum, hvor snavs ofte gemmer sig. Det glider let ind i spr\u00e6kkerne og fejer st\u00f8v og h\u00e5r v\u00e6k. Dette design sikrer, at selv sv\u00e6rt tilg\u00e6ngelige omr\u00e5der forbliver pletfri.<\/p>\n<p data-start=\"341\" data-end=\"546\"><img decoding=\"async\" class=\"alignnone size-medium wp-image-11735 aligncenter\" src=\"https:\/\/keluvo.com\/template\/wp-content\/uploads\/sites\/5\/2025\/02\/Sf9d04d1da59b4ab18a0bdfd2021c8d3cF.jpeg\" alt=\"\" \/><\/p>\n","protected":false},"excerpt":{"rendered":"<p>Langt Skaft Til Sv\u00e6rt Tilg\u00e6ngelige Steder Den udtr\u00e6kkelige st\u00f8vb\u00f8rste har et udtr\u00e6kkeligt skaft, som g\u00f8r det nemt at reng\u00f8re h\u00f8je [&hellip;]<\/p>\n","protected":false},"featured_media":3370,"comment_status":"open","ping_status":"closed","template":"","meta":{"site-sidebar-layout":"default","site-content-layout":"","ast-site-content-layout":"default","site-content-style":"default","site-sidebar-style":"default","ast-global-header-display":"","ast-banner-title-visibility":"","ast-main-header-display":"","ast-hfb-above-header-display":"","ast-hfb-below-header-display":"","ast-hfb-mobile-header-display":"","site-post-title":"","ast-breadcrumbs-content":"","ast-featured-img":"","footer-sml-layout":"","theme-transparent-header-meta":"default","adv-header-id-meta":"","stick-header-meta":"","header-above-stick-meta":"","header-main-stick-meta":"","header-below-stick-meta":"","astra-migrate-meta-layouts":"set","ast-page-background-enabled":"default","ast-page-background-meta":{"desktop":{"background-color":"var(--ast-global-color-5)","background-image":"","background-repeat":"repeat","background-position":"center center","background-size":"auto","background-attachment":"scroll","background-type":"","background-media":"","overlay-type":"","overlay-color":"","overlay-opacity":"","overlay-gradient":""},"tablet":{"background-color":"","background-image":"","background-repeat":"repeat","background-position":"center center","background-size":"auto","background-attachment":"scroll","background-type":"","background-media":"","overlay-type":"","overlay-color":"","overlay-opacity":"","overlay-gradient":""},"mobile":{"background-color":"","background-image":"","background-repeat":"repeat","background-position":"center center","background-size":"auto","background-attachment":"scroll","background-type":"","background-media":"","overlay-type":"","overlay-color":"","overlay-opacity":"","overlay-gradient":""}},"ast-content-background-meta":{"desktop":{"background-color":"var(--ast-global-color-4)","background-image":"","background-repeat":"repeat","background-position":"center center","background-size":"auto","background-attachment":"scroll","background-type":"","background-media":"","overlay-type":"","overlay-color":"","overlay-opacity":"","overlay-gradient":""},"tablet":{"background-color":"var(--ast-global-color-4)","background-image":"","background-repeat":"repeat","background-position":"center center","background-size":"auto","background-attachment":"scroll","background-type":"","background-media":"","overlay-type":"","overlay-color":"","overlay-opacity":"","overlay-gradient":""},"mobile":{"background-color":"var(--ast-global-color-4)","background-image":"","background-repeat":"repeat","background-position":"center center","background-size":"auto","background-attachment":"scroll","background-type":"","background-media":"","overlay-type":"","overlay-color":"","overlay-opacity":"","overlay-gradient":""}}},"product_brand":[],"product_cat":[19],"product_tag":[],"class_list":{"0":"post-3374","1":"product","2":"type-product","3":"status-publish","4":"has-post-thumbnail","6":"product_cat-uncategorized","7":"desktop-align-left","8":"tablet-align-left","9":"mobile-align-left","11":"first","12":"instock","13":"shipping-taxable","14":"purchasable","15":"product-type-simple"},"_links":{"self":[{"href":"https:\/\/ecostera.com\/dk\/wp-json\/wp\/v2\/product\/3374","targetHints":{"allow":["GET"]}}],"collection":[{"href":"https:\/\/ecostera.com\/dk\/wp-json\/wp\/v2\/product"}],"about":[{"href":"https:\/\/ecostera.com\/dk\/wp-json\/wp\/v2\/types\/product"}],"replies":[{"embeddable":true,"href":"https:\/\/ecostera.com\/dk\/wp-json\/wp\/v2\/comments?post=3374"}],"wp:featuredmedia":[{"embeddable":true,"href":"https:\/\/ecostera.com\/dk\/wp-json\/wp\/v2\/media\/3370"}],"wp:attachment":[{"href":"https:\/\/ecostera.com\/dk\/wp-json\/wp\/v2\/media?parent=3374"}],"wp:term":[{"taxonomy":"product_brand","embeddable":true,"href":"https:\/\/ecostera.com\/dk\/wp-json\/wp\/v2\/product_brand?post=3374"},{"taxonomy":"product_cat","embeddable":true,"href":"https:\/\/ecostera.com\/dk\/wp-json\/wp\/v2\/product_cat?post=3374"},{"taxonomy":"product_tag","embeddable":true,"href":"https:\/\/ecostera.com\/dk\/wp-json\/wp\/v2\/product_tag?post=3374"}],"curies":[{"name":"wp","href":"https:\/\/api.w.org\/{rel}","templated":true}]}}