{"id":33741,"date":"2025-11-10T17:47:01","date_gmt":"2025-11-10T15:47:01","guid":{"rendered":"https:\/\/ecostera.com\/dk\/product\/spil-med-ringkast\/"},"modified":"2025-11-24T15:48:33","modified_gmt":"2025-11-24T13:48:33","slug":"spil-med-ringkast","status":"publish","type":"product","link":"https:\/\/ecostera.com\/dk\/product\/spil-med-ringkast\/","title":{"rendered":"Spil med ringkast"},"content":{"rendered":"<p style=\"text-align: center\" data-start=\"0\" data-end=\"55\"><strong data-start=\"0\" data-end=\"53\">Bring Latter Og Sjov Til Din Julefest \ud83c\udf84<\/strong><\/p>\n<p style=\"text-align: center\" data-start=\"57\" data-end=\"333\">Dette ringkastespil er den perfekte ferieaktivitet for familie og venner. Med oppustelige rensdyrgevirer og ringe forvandler det enhver sammenkomst til en munter konkurrence. Enkelt, sikkert og sjovt &#8211; det er et must-have for b\u00e5de b\u00f8rn og voksne under julefesterne!<\/p>\n<p data-start=\"57\" data-end=\"333\"><img fetchpriority=\"high\" decoding=\"async\" class=\"wp-image-40335 aligncenter\" src=\"https:\/\/keluvo.com\/template\/wp-content\/uploads\/sites\/5\/2025\/11\/1_480x480_df5845f2-333c-4e06-ad9b-00aff464fb24_480x480.webp\" alt=\"\" width=\"500\" height=\"418\" \/><\/p>\n<h2 style=\"text-align: center\" data-start=\"340\" data-end=\"362\"><strong>Vigtigste Fordele<\/strong><\/h2>\n<p data-start=\"365\" data-end=\"456\">\ud83e\udd8c Sjovt for alle &#8211; Fantastisk interaktivt spil for b\u00f8rn og voksne til julefester.<\/p>\n<p data-start=\"459\" data-end=\"557\">\ud83c\udf81 Let at spille &#8211; Bare kast ringene p\u00e5 de oppustelige rensdyrgevirer &#8211; ingen ops\u00e6tning n\u00f8dvendig!<\/p>\n<p data-start=\"560\" data-end=\"646\">\ud83d\ude02 \u00d8jeblikkelig gl\u00e6de &#8211; Bringer latter, sp\u00e6nding og festlig stemning til enhver lejlighed.<\/p>\n<p data-start=\"649\" data-end=\"742\">\ud83d\udca8 Hurtig at puste op &#8211; Let, b\u00e6rbar og nem at puste op eller t\u00f8mme for luft til opbevaring.<\/p>\n<p data-start=\"745\" data-end=\"834\">\ud83c\udfe0 Indend\u00f8rs og udend\u00f8rs sjov &#8211; Perfekt til fester, skolearrangementer og familiesammenkomster.<\/p>\n<p data-start=\"745\" data-end=\"834\"><img decoding=\"async\" class=\" wp-image-40334 aligncenter\" src=\"https:\/\/keluvo.com\/template\/wp-content\/uploads\/sites\/5\/2025\/11\/2_480x480_6c4d656b-749a-49c5-b4dd-5b97e367f0da_480x480.webp\" alt=\"\" width=\"501\" height=\"426\" \/><\/p>\n<h2 style=\"text-align: center\" data-start=\"841\" data-end=\"860\"><strong>S\u00e5dan Bruges<\/strong><\/h2>\n<ol data-start=\"861\" data-end=\"1115\">\n<li data-start=\"861\" data-end=\"908\">\n<p data-start=\"864\" data-end=\"908\">Pust rensdyrgevirhatten og ringene op.<\/p>\n<\/li>\n<li data-start=\"909\" data-end=\"953\">\n<p data-start=\"912\" data-end=\"953\">Placer gevirhatten p\u00e5 en persons hoved.<\/p>\n<\/li>\n<li data-start=\"954\" data-end=\"1005\">\n<p data-start=\"957\" data-end=\"1005\">Skiftes til at kaste ringene p\u00e5 geviret.<\/p>\n<\/li>\n<li data-start=\"1006\" data-end=\"1058\">\n<p data-start=\"1009\" data-end=\"1058\">T\u00e6l point og se, hvem der kan lande flest ringe!<\/p>\n<\/li>\n<li data-start=\"1059\" data-end=\"1115\">\n<p data-start=\"1062\" data-end=\"1115\">T\u00f8m luften efter festen, s\u00e5 den er nem at opbevare og genbruge.<\/p>\n<\/li>\n<\/ol>\n<h2 style=\"text-align: center\" data-start=\"1122\" data-end=\"1146\"><strong>Produktdetaljer<\/strong><\/h2>\n<ul data-start=\"1147\" data-end=\"1354\">\n<li data-start=\"1147\" data-end=\"1187\">\n<p data-start=\"1149\" data-end=\"1187\">Materiale: Holdbar oppustelig plast<\/p>\n<\/li>\n<li data-start=\"1188\" data-end=\"1240\">\n<p data-start=\"1190\" data-end=\"1240\">Rensdyrgevirhat st\u00f8rrelse: 85 x 35 cm<\/p>\n<\/li>\n<li data-start=\"1241\" data-end=\"1270\">\n<p data-start=\"1243\" data-end=\"1270\">Ringdiameter: 18 cm<\/p>\n<\/li>\n<li data-start=\"1271\" data-end=\"1311\">\n<p data-start=\"1273\" data-end=\"1311\">Anbefales til alder: 3 \u00e5r og opefter<\/p>\n<\/li>\n<li data-start=\"1312\" data-end=\"1354\">\n<p data-start=\"1314\" data-end=\"1354\">Anvendelse: Indend\u00f8rs eller udend\u00f8rs julelege<\/p>\n<\/li>\n<\/ul>\n<h2 style=\"text-align: center\" data-start=\"1361\" data-end=\"1386\"><strong>Pakken indeholder<\/strong><\/h2>\n<ul data-start=\"1387\" data-end=\"1455\">\n<li data-start=\"1387\" data-end=\"1425\">\n<p data-start=\"1389\" data-end=\"1425\">1x oppustelig rensdyrgevirhat<\/p>\n<\/li>\n<li data-start=\"1426\" data-end=\"1455\">\n<p data-start=\"1428\" data-end=\"1455\">4x oppustelige kasteringe.<\/p>\n<\/li>\n<\/ul>\n","protected":false},"excerpt":{"rendered":"<p>Bring Latter Og Sjov Til Din Julefest \ud83c\udf84 Dette ringkastespil er den perfekte ferieaktivitet for familie og venner. Med oppustelige [&hellip;]<\/p>\n","protected":false},"featured_media":33737,"comment_status":"open","ping_status":"closed","template":"","meta":{"site-sidebar-layout":"default","site-content-layout":"","ast-site-content-layout":"default","site-content-style":"default","site-sidebar-style":"default","ast-global-header-display":"","ast-banner-title-visibility":"","ast-main-header-display":"","ast-hfb-above-header-display":"","ast-hfb-below-header-display":"","ast-hfb-mobile-header-display":"","site-post-title":"","ast-breadcrumbs-content":"","ast-featured-img":"","footer-sml-layout":"","theme-transparent-header-meta":"default","adv-header-id-meta":"","stick-header-meta":"","header-above-stick-meta":"","header-main-stick-meta":"","header-below-stick-meta":"","astra-migrate-meta-layouts":"set","ast-page-background-enabled":"default","ast-page-background-meta":{"desktop":{"background-color":"var(--ast-global-color-5)","background-image":"","background-repeat":"repeat","background-position":"center center","background-size":"auto","background-attachment":"scroll","background-type":"","background-media":"","overlay-type":"","overlay-color":"","overlay-opacity":"","overlay-gradient":""},"tablet":{"background-color":"","background-image":"","background-repeat":"repeat","background-position":"center center","background-size":"auto","background-attachment":"scroll","background-type":"","background-media":"","overlay-type":"","overlay-color":"","overlay-opacity":"","overlay-gradient":""},"mobile":{"background-color":"","background-image":"","background-repeat":"repeat","background-position":"center center","background-size":"auto","background-attachment":"scroll","background-type":"","background-media":"","overlay-type":"","overlay-color":"","overlay-opacity":"","overlay-gradient":""}},"ast-content-background-meta":{"desktop":{"background-color":"var(--ast-global-color-4)","background-image":"","background-repeat":"repeat","background-position":"center center","background-size":"auto","background-attachment":"scroll","background-type":"","background-media":"","overlay-type":"","overlay-color":"","overlay-opacity":"","overlay-gradient":""},"tablet":{"background-color":"var(--ast-global-color-4)","background-image":"","background-repeat":"repeat","background-position":"center center","background-size":"auto","background-attachment":"scroll","background-type":"","background-media":"","overlay-type":"","overlay-color":"","overlay-opacity":"","overlay-gradient":""},"mobile":{"background-color":"var(--ast-global-color-4)","background-image":"","background-repeat":"repeat","background-position":"center center","background-size":"auto","background-attachment":"scroll","background-type":"","background-media":"","overlay-type":"","overlay-color":"","overlay-opacity":"","overlay-gradient":""}}},"product_brand":[],"product_cat":[19],"product_tag":[],"class_list":{"0":"post-33741","1":"product","2":"type-product","3":"status-publish","4":"has-post-thumbnail","6":"product_cat-uncategorized","7":"pa_18521_cyzvu6o5-1-saet","8":"pa_18521_cyzvu6o5-2-saet","9":"pa_18521_cyzvu6o5-4-saet","10":"desktop-align-left","11":"tablet-align-left","12":"mobile-align-left","14":"first","15":"instock","16":"shipping-taxable","17":"purchasable","18":"product-type-variable"},"_links":{"self":[{"href":"https:\/\/ecostera.com\/dk\/wp-json\/wp\/v2\/product\/33741","targetHints":{"allow":["GET"]}}],"collection":[{"href":"https:\/\/ecostera.com\/dk\/wp-json\/wp\/v2\/product"}],"about":[{"href":"https:\/\/ecostera.com\/dk\/wp-json\/wp\/v2\/types\/product"}],"replies":[{"embeddable":true,"href":"https:\/\/ecostera.com\/dk\/wp-json\/wp\/v2\/comments?post=33741"}],"wp:featuredmedia":[{"embeddable":true,"href":"https:\/\/ecostera.com\/dk\/wp-json\/wp\/v2\/media\/33737"}],"wp:attachment":[{"href":"https:\/\/ecostera.com\/dk\/wp-json\/wp\/v2\/media?parent=33741"}],"wp:term":[{"taxonomy":"product_brand","embeddable":true,"href":"https:\/\/ecostera.com\/dk\/wp-json\/wp\/v2\/product_brand?post=33741"},{"taxonomy":"product_cat","embeddable":true,"href":"https:\/\/ecostera.com\/dk\/wp-json\/wp\/v2\/product_cat?post=33741"},{"taxonomy":"product_tag","embeddable":true,"href":"https:\/\/ecostera.com\/dk\/wp-json\/wp\/v2\/product_tag?post=33741"}],"curies":[{"name":"wp","href":"https:\/\/api.w.org\/{rel}","templated":true}]}}