{"id":33756,"date":"2025-11-10T17:48:28","date_gmt":"2025-11-10T15:48:28","guid":{"rendered":"https:\/\/ecostera.com\/dk\/product\/vaerktoej-til-snerydning\/"},"modified":"2025-12-01T12:58:31","modified_gmt":"2025-12-01T10:58:31","slug":"vaerktoej-til-snerydning","status":"publish","type":"product","link":"https:\/\/ecostera.com\/dk\/product\/vaerktoej-til-snerydning\/","title":{"rendered":"V\u00e6rkt\u00f8j til snerydning"},"content":{"rendered":"<p style=\"text-align: center\" data-start=\"0\" data-end=\"53\"><strong data-start=\"0\" data-end=\"51\">Ryd sneen hurtigt, og k\u00f8r sikkert denne vinter \u2744\ufe0f<\/strong><\/p>\n<p style=\"text-align: center\" data-start=\"55\" data-end=\"322\">Dette Snerydningsv\u00e6rkt\u00f8jet g\u00f8r det hurtigt, nemt og ubesv\u00e6ret at reng\u00f8re bilens ruder. Den er bygget af st\u00e6rke materialer og et behageligt h\u00e5ndtag og fjerner sne og is effektivt uden at ridse glasset &#8211; s\u00e5 du har frit udsyn og en stressfri morgen.<\/p>\n<p data-start=\"55\" data-end=\"322\"><img decoding=\"async\" class=\"size-full wp-image-40347 aligncenter\" src=\"https:\/\/keluvo.com\/template\/wp-content\/uploads\/sites\/5\/2025\/11\/10226-ezgif.com-video-to-webp-converter-2.webp\" alt=\"\" \/><\/p>\n<h2 style=\"text-align: center\" data-start=\"329\" data-end=\"351\"><strong>Vigtigste Fordele<\/strong><\/h2>\n<p style=\"text-align: left\" data-start=\"354\" data-end=\"450\">\u26a1 Hurtig snerydning &#8211; fjerner hurtigt sne og is fra bilens ruder, spejle og tag.<\/p>\n<p style=\"text-align: left\" data-start=\"453\" data-end=\"540\">\ud83d\ude97 Universelt design &#8211; passer til alle k\u00f8ret\u00f8jer &#8211; perfekt til biler, lastbiler og varevogne.<\/p>\n<p style=\"text-align: left\" data-start=\"543\" data-end=\"639\">\ud83d\udcaa Holdbar konstruktion &#8211; lavet af robuste materialer af h\u00f8j kvalitet, der holder gennem mange vintre.<\/p>\n<p style=\"text-align: left\" data-start=\"642\" data-end=\"732\">\u270b Komfortabelt h\u00e5ndtag &#8211; Ergonomisk greb reducerer anstrengelse og tr\u00e6thed i h\u00e5nden under skrabning.<\/p>\n<p style=\"text-align: left\" data-start=\"735\" data-end=\"834\">\ud83e\uddca Sikkert for glas &#8211; Designet til at reng\u00f8re effektivt uden at ridse eller beskadige dit k\u00f8ret\u00f8j.<\/p>\n<p data-start=\"735\" data-end=\"834\"><img decoding=\"async\" class=\"size-full wp-image-40348 aligncenter\" src=\"https:\/\/keluvo.com\/template\/wp-content\/uploads\/sites\/5\/2025\/11\/078f40719786d4821ff75cfcf7f03e055c9a37ce_gif_480x480.webp\" alt=\"\" \/><\/p>\n<h2 style=\"text-align: center\" data-start=\"841\" data-end=\"860\"><strong>S\u00e5dan Bruges<\/strong><\/h2>\n<ol data-start=\"861\" data-end=\"1163\">\n<li data-start=\"861\" data-end=\"901\">\n<p data-start=\"864\" data-end=\"901\">Hold v\u00e6rkt\u00f8jet godt fast i h\u00e5ndtaget.<\/p>\n<\/li>\n<li data-start=\"902\" data-end=\"983\">\n<p data-start=\"905\" data-end=\"983\">Start fra toppen af forruden, og skrab nedad for at fjerne sne eller is.<\/p>\n<\/li>\n<li data-start=\"984\" data-end=\"1037\">\n<p data-start=\"987\" data-end=\"1037\">Brug j\u00e6vne, stabile bev\u00e6gelser for at opn\u00e5 de bedste resultater.<\/p>\n<\/li>\n<li data-start=\"1038\" data-end=\"1097\">\n<p data-start=\"1041\" data-end=\"1097\">Gentag p\u00e5 spejle, vinduer og andre omr\u00e5der efter behov.<\/p>\n<\/li>\n<li data-start=\"1098\" data-end=\"1163\">\n<p data-start=\"1101\" data-end=\"1163\">Efter brug kan du opbevare det i handskerummet eller bagagerummet, s\u00e5 du har nem adgang.<\/p>\n<\/li>\n<\/ol>\n<h2 style=\"text-align: center\" data-start=\"1170\" data-end=\"1194\"><strong>Produktdetaljer<\/strong><\/h2>\n<ul data-start=\"1195\" data-end=\"1447\">\n<li data-start=\"1195\" data-end=\"1259\">\n<p data-start=\"1197\" data-end=\"1259\">Materiale: Holdbare plast- og metalkomponenter af h\u00f8j kvalitet<\/p>\n<\/li>\n<li data-start=\"1260\" data-end=\"1302\">\n<p data-start=\"1262\" data-end=\"1302\">Design: Universel pasform til alle k\u00f8ret\u00f8jer<\/p>\n<\/li>\n<li data-start=\"1303\" data-end=\"1339\">\n<p data-start=\"1305\" data-end=\"1339\">H\u00e5ndtag: Ergonomisk, skridsikkert greb<\/p>\n<\/li>\n<li data-start=\"1340\" data-end=\"1394\">\n<p data-start=\"1342\" data-end=\"1394\">Anvendelse: Velegnet til privat- og erhvervsk\u00f8ret\u00f8jer<\/p>\n<\/li>\n<li data-start=\"1395\" data-end=\"1447\">\n<p data-start=\"1397\" data-end=\"1447\">Funktion: Fjernelse af sne og is fra bilens overflader<\/p>\n<\/li>\n<\/ul>\n<h2 style=\"text-align: center\" data-start=\"1454\" data-end=\"1479\"><strong>Pakken indeholder<\/strong><\/h2>\n<ul data-start=\"1480\" data-end=\"1505\">\n<li data-start=\"1480\" data-end=\"1505\">\n<p data-start=\"1482\" data-end=\"1505\">1x snerydningsv\u00e6rkt\u00f8j.<\/p>\n<\/li>\n<\/ul>\n","protected":false},"excerpt":{"rendered":"<p>Ryd sneen hurtigt, og k\u00f8r sikkert denne vinter \u2744\ufe0f Dette Snerydningsv\u00e6rkt\u00f8jet g\u00f8r det hurtigt, nemt og ubesv\u00e6ret at reng\u00f8re bilens [&hellip;]<\/p>\n","protected":false},"featured_media":33752,"comment_status":"open","ping_status":"closed","template":"","meta":{"site-sidebar-layout":"default","site-content-layout":"","ast-site-content-layout":"default","site-content-style":"default","site-sidebar-style":"default","ast-global-header-display":"","ast-banner-title-visibility":"","ast-main-header-display":"","ast-hfb-above-header-display":"","ast-hfb-below-header-display":"","ast-hfb-mobile-header-display":"","site-post-title":"","ast-breadcrumbs-content":"","ast-featured-img":"","footer-sml-layout":"","theme-transparent-header-meta":"default","adv-header-id-meta":"","stick-header-meta":"","header-above-stick-meta":"","header-main-stick-meta":"","header-below-stick-meta":"","astra-migrate-meta-layouts":"set","ast-page-background-enabled":"default","ast-page-background-meta":{"desktop":{"background-color":"var(--ast-global-color-5)","background-image":"","background-repeat":"repeat","background-position":"center center","background-size":"auto","background-attachment":"scroll","background-type":"","background-media":"","overlay-type":"","overlay-color":"","overlay-opacity":"","overlay-gradient":""},"tablet":{"background-color":"","background-image":"","background-repeat":"repeat","background-position":"center center","background-size":"auto","background-attachment":"scroll","background-type":"","background-media":"","overlay-type":"","overlay-color":"","overlay-opacity":"","overlay-gradient":""},"mobile":{"background-color":"","background-image":"","background-repeat":"repeat","background-position":"center center","background-size":"auto","background-attachment":"scroll","background-type":"","background-media":"","overlay-type":"","overlay-color":"","overlay-opacity":"","overlay-gradient":""}},"ast-content-background-meta":{"desktop":{"background-color":"var(--ast-global-color-4)","background-image":"","background-repeat":"repeat","background-position":"center center","background-size":"auto","background-attachment":"scroll","background-type":"","background-media":"","overlay-type":"","overlay-color":"","overlay-opacity":"","overlay-gradient":""},"tablet":{"background-color":"var(--ast-global-color-4)","background-image":"","background-repeat":"repeat","background-position":"center center","background-size":"auto","background-attachment":"scroll","background-type":"","background-media":"","overlay-type":"","overlay-color":"","overlay-opacity":"","overlay-gradient":""},"mobile":{"background-color":"var(--ast-global-color-4)","background-image":"","background-repeat":"repeat","background-position":"center center","background-size":"auto","background-attachment":"scroll","background-type":"","background-media":"","overlay-type":"","overlay-color":"","overlay-opacity":"","overlay-gradient":""}}},"product_brand":[],"product_cat":[19],"product_tag":[],"class_list":{"0":"post-33756","1":"product","2":"type-product","3":"status-publish","4":"has-post-thumbnail","6":"product_cat-uncategorized","7":"desktop-align-left","8":"tablet-align-left","9":"mobile-align-left","11":"first","12":"instock","13":"shipping-taxable","14":"purchasable","15":"product-type-simple"},"_links":{"self":[{"href":"https:\/\/ecostera.com\/dk\/wp-json\/wp\/v2\/product\/33756","targetHints":{"allow":["GET"]}}],"collection":[{"href":"https:\/\/ecostera.com\/dk\/wp-json\/wp\/v2\/product"}],"about":[{"href":"https:\/\/ecostera.com\/dk\/wp-json\/wp\/v2\/types\/product"}],"replies":[{"embeddable":true,"href":"https:\/\/ecostera.com\/dk\/wp-json\/wp\/v2\/comments?post=33756"}],"wp:featuredmedia":[{"embeddable":true,"href":"https:\/\/ecostera.com\/dk\/wp-json\/wp\/v2\/media\/33752"}],"wp:attachment":[{"href":"https:\/\/ecostera.com\/dk\/wp-json\/wp\/v2\/media?parent=33756"}],"wp:term":[{"taxonomy":"product_brand","embeddable":true,"href":"https:\/\/ecostera.com\/dk\/wp-json\/wp\/v2\/product_brand?post=33756"},{"taxonomy":"product_cat","embeddable":true,"href":"https:\/\/ecostera.com\/dk\/wp-json\/wp\/v2\/product_cat?post=33756"},{"taxonomy":"product_tag","embeddable":true,"href":"https:\/\/ecostera.com\/dk\/wp-json\/wp\/v2\/product_tag?post=33756"}],"curies":[{"name":"wp","href":"https:\/\/api.w.org\/{rel}","templated":true}]}}