{"id":33765,"date":"2025-11-10T17:49:59","date_gmt":"2025-11-10T15:49:59","guid":{"rendered":"https:\/\/ecostera.com\/dk\/product\/ansigtsmaske\/"},"modified":"2025-11-10T18:32:52","modified_gmt":"2025-11-10T16:32:52","slug":"ansigtsmaske","status":"publish","type":"product","link":"https:\/\/ecostera.com\/dk\/product\/ansigtsmaske\/","title":{"rendered":"Ansigtsmaske"},"content":{"rendered":"<p style=\"text-align: center\" data-start=\"0\" data-end=\"62\"><strong data-start=\"0\" data-end=\"60\">Hold dig varm og beskyttet p\u00e5 alle vintereventyr \u2744\ufe0f<\/strong><\/p>\n<p style=\"text-align: center\" data-start=\"64\" data-end=\"403\">Dette ansigtsmaske er dit foretrukne udstyr til kolde, bl\u00e6sende eller snefyldte dage. Den er fremstillet af ultrabl\u00f8d polarfleece og holder ansigt, \u00f8rer og n\u00e6se varme, samtidig med at den lukker vinden ude. Den sikrer klart udsyn og total komfort &#8211; perfekt til skil\u00f8b, snowboarding, cykling eller daglig vinterbrug.<\/p>\n<p data-start=\"64\" data-end=\"403\"><img fetchpriority=\"high\" decoding=\"async\" class=\" wp-image-40354 aligncenter\" src=\"https:\/\/keluvo.com\/template\/wp-content\/uploads\/sites\/5\/2025\/11\/ddee90e7df0cf759670ba23ba6d8fd3cbafec91a64fae78908e4545c31813852.gif\" alt=\"\" width=\"410\" height=\"514\" \/><\/p>\n<h2 style=\"text-align: center\" data-start=\"410\" data-end=\"432\"><strong>Vigtigste Fordele<\/strong><\/h2>\n<p data-start=\"435\" data-end=\"539\">\ud83e\udde3 Ultimativ varme &#8211; Bl\u00f8dt fleecemateriale giver overlegen termisk beskyttelse i frostvejr.<\/p>\n<p data-start=\"721\" data-end=\"816\">\ud83e\uddcd Unisex &amp; komfortabel &#8211; Designet til at passe b\u00e5de m\u00e6nd og kvinder med en tilpasningsdygtig pasform.<\/p>\n<p data-start=\"819\" data-end=\"914\">\ud83d\udca8 Fuld beskyttelse &#8211; Beskytter dit ansigt, \u00f8rer og nakke mod vind, st\u00f8v, kulde og UV-str\u00e5ler.<\/p>\n<p data-start=\"917\" data-end=\"1019\">\ud83c\udfd4\ufe0f Perfekt til vintersport &#8211; Perfekt til skil\u00f8b, snowboarding, vandring, cykling og motorcykling.<\/p>\n<p data-start=\"917\" data-end=\"1019\"><img decoding=\"async\" class=\" wp-image-40355 aligncenter\" src=\"https:\/\/keluvo.com\/template\/wp-content\/uploads\/sites\/5\/2025\/11\/37da116be4baaf0ffd61a4c8567865c052c2c354ea860f15cedd6481ff3c461f.gif\" alt=\"\" width=\"409\" height=\"512\" \/><\/p>\n<h2 style=\"text-align: center\" data-start=\"1026\" data-end=\"1045\"><strong>S\u00e5dan Bruges<\/strong><\/h2>\n<ol data-start=\"1046\" data-end=\"1365\">\n<li data-start=\"1046\" data-end=\"1128\">\n<p data-start=\"1049\" data-end=\"1128\">S\u00e6t masken over hovedet, og juster den, s\u00e5 den d\u00e6kker ansigt, \u00f8rer og hals.<\/p>\n<\/li>\n<li data-start=\"1129\" data-end=\"1205\">\n<p data-start=\"1132\" data-end=\"1205\">Fastg\u00f8r pasformen til dit komfortniveau for maksimal varme og beskyttelse.<\/p>\n<\/li>\n<li data-start=\"1286\" data-end=\"1365\">\n<p data-start=\"1289\" data-end=\"1365\">Efter brug kan du vaske den i h\u00e5nden eller i maskinen p\u00e5 et sk\u00e5nsomt program og lade den luftt\u00f8rre.<\/p>\n<\/li>\n<\/ol>\n<h2 style=\"text-align: center\" data-start=\"1372\" data-end=\"1396\"><strong>Produktdetaljer<\/strong><\/h2>\n<ul data-start=\"1397\" data-end=\"1734\">\n<li data-start=\"1397\" data-end=\"1461\">\n<p data-start=\"1399\" data-end=\"1461\">Materiale: Polarfleece (bl\u00f8dt, \u00e5ndbart og hudvenligt)<\/p>\n<\/li>\n<li data-start=\"1462\" data-end=\"1551\">\n<p data-start=\"1464\" data-end=\"1551\">Funktioner: Varmeisolering, tilpasningsbar pasform, vindbeskyttelse<\/p>\n<\/li>\n<li data-start=\"1590\" data-end=\"1641\">\n<p data-start=\"1592\" data-end=\"1641\">Design: Unisex, velegnet til b\u00e5de m\u00e6nd og kvinder<\/p>\n<\/li>\n<li data-start=\"1642\" data-end=\"1734\">\n<p data-start=\"1644\" data-end=\"1734\">Brug: Udend\u00f8rs aktiviteter som skil\u00f8b, vandring, cykling, motorcykling eller dagligt vintert\u00f8j<\/p>\n<\/li>\n<\/ul>\n<h2 style=\"text-align: center\" data-start=\"1741\" data-end=\"1766\"><strong>Pakken indeholder<\/strong><\/h2>\n<ul data-start=\"1767\" data-end=\"1789\">\n<li data-start=\"1767\" data-end=\"1789\">\n<p data-start=\"1769\" data-end=\"1789\">1, 2x varm ansigtsmaske.<\/p>\n<\/li>\n<\/ul>\n","protected":false},"excerpt":{"rendered":"<p>Hold dig varm og beskyttet p\u00e5 alle vintereventyr \u2744\ufe0f Dette ansigtsmaske er dit foretrukne udstyr til kolde, bl\u00e6sende eller snefyldte [&hellip;]<\/p>\n","protected":false},"featured_media":33761,"comment_status":"open","ping_status":"closed","template":"","meta":{"site-sidebar-layout":"default","site-content-layout":"","ast-site-content-layout":"default","site-content-style":"default","site-sidebar-style":"default","ast-global-header-display":"","ast-banner-title-visibility":"","ast-main-header-display":"","ast-hfb-above-header-display":"","ast-hfb-below-header-display":"","ast-hfb-mobile-header-display":"","site-post-title":"","ast-breadcrumbs-content":"","ast-featured-img":"","footer-sml-layout":"","theme-transparent-header-meta":"default","adv-header-id-meta":"","stick-header-meta":"","header-above-stick-meta":"","header-main-stick-meta":"","header-below-stick-meta":"","astra-migrate-meta-layouts":"set","ast-page-background-enabled":"default","ast-page-background-meta":{"desktop":{"background-color":"var(--ast-global-color-5)","background-image":"","background-repeat":"repeat","background-position":"center center","background-size":"auto","background-attachment":"scroll","background-type":"","background-media":"","overlay-type":"","overlay-color":"","overlay-opacity":"","overlay-gradient":""},"tablet":{"background-color":"","background-image":"","background-repeat":"repeat","background-position":"center center","background-size":"auto","background-attachment":"scroll","background-type":"","background-media":"","overlay-type":"","overlay-color":"","overlay-opacity":"","overlay-gradient":""},"mobile":{"background-color":"","background-image":"","background-repeat":"repeat","background-position":"center center","background-size":"auto","background-attachment":"scroll","background-type":"","background-media":"","overlay-type":"","overlay-color":"","overlay-opacity":"","overlay-gradient":""}},"ast-content-background-meta":{"desktop":{"background-color":"var(--ast-global-color-4)","background-image":"","background-repeat":"repeat","background-position":"center center","background-size":"auto","background-attachment":"scroll","background-type":"","background-media":"","overlay-type":"","overlay-color":"","overlay-opacity":"","overlay-gradient":""},"tablet":{"background-color":"var(--ast-global-color-4)","background-image":"","background-repeat":"repeat","background-position":"center center","background-size":"auto","background-attachment":"scroll","background-type":"","background-media":"","overlay-type":"","overlay-color":"","overlay-opacity":"","overlay-gradient":""},"mobile":{"background-color":"var(--ast-global-color-4)","background-image":"","background-repeat":"repeat","background-position":"center center","background-size":"auto","background-attachment":"scroll","background-type":"","background-media":"","overlay-type":"","overlay-color":"","overlay-opacity":"","overlay-gradient":""}}},"product_brand":[],"product_cat":[19],"product_tag":[],"class_list":{"0":"post-33765","1":"product","2":"type-product","3":"status-publish","4":"has-post-thumbnail","6":"product_cat-uncategorized","7":"pa_18896_5lqsohim-1-stk","8":"pa_18896_5lqsohim-2-stk","9":"pa_18896_h8peupnc-blaa","10":"pa_18896_h8peupnc-graa","11":"pa_18896_h8peupnc-lyseroed","12":"pa_18896_h8peupnc-roed","13":"pa_18896_h8peupnc-sort","14":"desktop-align-left","15":"tablet-align-left","16":"mobile-align-left","18":"first","19":"instock","20":"shipping-taxable","21":"purchasable","22":"product-type-variable","23":"has-default-attributes"},"_links":{"self":[{"href":"https:\/\/ecostera.com\/dk\/wp-json\/wp\/v2\/product\/33765","targetHints":{"allow":["GET"]}}],"collection":[{"href":"https:\/\/ecostera.com\/dk\/wp-json\/wp\/v2\/product"}],"about":[{"href":"https:\/\/ecostera.com\/dk\/wp-json\/wp\/v2\/types\/product"}],"replies":[{"embeddable":true,"href":"https:\/\/ecostera.com\/dk\/wp-json\/wp\/v2\/comments?post=33765"}],"wp:featuredmedia":[{"embeddable":true,"href":"https:\/\/ecostera.com\/dk\/wp-json\/wp\/v2\/media\/33761"}],"wp:attachment":[{"href":"https:\/\/ecostera.com\/dk\/wp-json\/wp\/v2\/media?parent=33765"}],"wp:term":[{"taxonomy":"product_brand","embeddable":true,"href":"https:\/\/ecostera.com\/dk\/wp-json\/wp\/v2\/product_brand?post=33765"},{"taxonomy":"product_cat","embeddable":true,"href":"https:\/\/ecostera.com\/dk\/wp-json\/wp\/v2\/product_cat?post=33765"},{"taxonomy":"product_tag","embeddable":true,"href":"https:\/\/ecostera.com\/dk\/wp-json\/wp\/v2\/product_tag?post=33765"}],"curies":[{"name":"wp","href":"https:\/\/api.w.org\/{rel}","templated":true}]}}