{"id":33887,"date":"2025-11-11T16:37:33","date_gmt":"2025-11-11T14:37:33","guid":{"rendered":"https:\/\/ecostera.com\/dk\/product\/jule-telefontaske\/"},"modified":"2025-11-18T16:41:28","modified_gmt":"2025-11-18T14:41:28","slug":"jule-telefontaske","status":"publish","type":"product","link":"https:\/\/ecostera.com\/dk\/product\/jule-telefontaske\/","title":{"rendered":"Jule-telefontaske"},"content":{"rendered":"<p style=\"text-align: center\" data-start=\"0\" data-end=\"61\"><strong data-start=\"0\" data-end=\"59\">Giv Din Telefon Et Festligt Sk\u00e6r Denne Jul \ud83c\udf84\ud83d\udcf1<\/strong><\/p>\n<p style=\"text-align: center\" data-start=\"63\" data-end=\"391\">Dette juleetui er den perfekte blanding af julegl\u00e6de og hverdagsbeskyttelse. Det er designet med levende julem\u00f8nstre og klare farver og giver din telefon et festligt udseende, samtidig med at det beskytter den mod ridser, fald og st\u00f8d. Det fungerer endda som et spejl &#8211; perfekt til hurtige retoucheringer under dine feriesammenkomster!<\/p>\n<p data-start=\"63\" data-end=\"391\"><img decoding=\"async\" class=\"size-full wp-image-40412 aligncenter\" src=\"https:\/\/keluvo.com\/template\/wp-content\/uploads\/sites\/5\/2025\/11\/32cb3126028c8e2d9691f6a75f4b399d54469370.webp\" alt=\"\" \/><\/p>\n<h2 style=\"text-align: center\" data-start=\"398\" data-end=\"420\">\ud83c\udf1f Vigtigste Fordele<\/h2>\n<p data-start=\"423\" data-end=\"512\">\ud83c\udf85 Festligt design &#8211; Lyse, detaljerede julem\u00f8nstre, der ikke falmer eller skaller af.<\/p>\n<p data-start=\"515\" data-end=\"608\">\ud83e\ude9e Indbygget spejl &#8211; Tjek din makeup eller dit look n\u00e5r som helst uden at have et ekstra spejl med.<\/p>\n<p data-start=\"611\" data-end=\"709\">\ud83d\udcaa St\u00e6rk beskyttelse &#8211; Lavet af TPU-silikone af h\u00f8j kvalitet, der modst\u00e5r ridser og st\u00f8d.<\/p>\n<p data-start=\"712\" data-end=\"797\">\ud83c\udfa8 Levende farver &#8211; Trykte designs forbliver levende og klare for langvarig stil.<\/p>\n<p data-start=\"800\" data-end=\"898\">\ud83c\udf81 Perfekt gaveid\u00e9 &#8211; En sjov og praktisk julegave til venner, familie eller dem, du holder af.<\/p>\n<p data-start=\"800\" data-end=\"898\"><img decoding=\"async\" class=\"size-full wp-image-40411 aligncenter\" src=\"https:\/\/keluvo.com\/template\/wp-content\/uploads\/sites\/5\/2025\/11\/e69f0a655a390514ed0b45aef3e0ebc45cf06ad3.webp\" alt=\"\" \/><\/p>\n<h2 style=\"text-align: center\" data-start=\"905\" data-end=\"924\">\u2699\ufe0f S\u00e5dan Bruges<\/h2>\n<ol data-start=\"925\" data-end=\"1133\">\n<li data-start=\"925\" data-end=\"974\">\n<p data-start=\"928\" data-end=\"974\">S\u00e6t forsigtigt telefonhylsteret p\u00e5 din enhed.<\/p>\n<\/li>\n<li data-start=\"975\" data-end=\"1020\">\n<p data-start=\"978\" data-end=\"1020\">S\u00f8rg for, at alle kanter og knapper passer godt.<\/p>\n<\/li>\n<li data-start=\"1021\" data-end=\"1076\">\n<p data-start=\"1024\" data-end=\"1076\">Nyd fuld beskyttelse og et muntert ferieudseende.<\/p>\n<\/li>\n<li data-start=\"1077\" data-end=\"1133\">\n<p data-start=\"1080\" data-end=\"1133\">Brug spejlet bagp\u00e5 n\u00e5r som helst for en hurtig refleksion.<\/p>\n<\/li>\n<\/ol>\n<h2 style=\"text-align: center\" data-start=\"1140\" data-end=\"1164\">\ud83d\udccf Produktdetaljer<\/h2>\n<ul data-start=\"1165\" data-end=\"1417\">\n<li data-start=\"1165\" data-end=\"1204\">\n<p data-start=\"1167\" data-end=\"1204\">Materiale: TPU-silikone af h\u00f8j kvalitet<\/p>\n<\/li>\n<li data-start=\"1205\" data-end=\"1227\">\n<p data-start=\"1207\" data-end=\"1227\">Farver: Gr\u00f8n, R\u00f8d<\/p>\n<\/li>\n<li data-start=\"1228\" data-end=\"1291\">\n<p data-start=\"1230\" data-end=\"1291\">Funktion: St\u00f8dsikker, ridsefast, spejlbagside<\/p>\n<\/li>\n<li data-start=\"1292\" data-end=\"1347\">\n<p data-start=\"1294\" data-end=\"1347\">Design: Juletr\u00e6 og festlige tegneseriem\u00f8nstre<\/p>\n<\/li>\n<li data-start=\"1348\" data-end=\"1417\">\n<p data-start=\"1350\" data-end=\"1417\">Kompatibilitet: Passer til forskellige telefonmodeller (afh\u00e6ngigt af valg)<\/p>\n<\/li>\n<li data-start=\"1348\" data-end=\"1417\">Stil: Med ornament og uden ornament<\/li>\n<\/ul>\n<h2 style=\"text-align: center\" data-start=\"1424\" data-end=\"1449\">\ud83d\udce6 Pakken indeholder<\/h2>\n<ul data-start=\"1450\" data-end=\"1478\">\n<li data-start=\"1450\" data-end=\"1478\">\n<p data-start=\"1452\" data-end=\"1478\">1x juletaske til telefon.<\/p>\n<\/li>\n<\/ul>\n","protected":false},"excerpt":{"rendered":"<p>Giv Din Telefon Et Festligt Sk\u00e6r Denne Jul \ud83c\udf84\ud83d\udcf1 Dette juleetui er den perfekte blanding af julegl\u00e6de og hverdagsbeskyttelse. Det [&hellip;]<\/p>\n","protected":false},"featured_media":33883,"comment_status":"open","ping_status":"closed","template":"","meta":{"site-sidebar-layout":"default","site-content-layout":"","ast-site-content-layout":"default","site-content-style":"default","site-sidebar-style":"default","ast-global-header-display":"","ast-banner-title-visibility":"","ast-main-header-display":"","ast-hfb-above-header-display":"","ast-hfb-below-header-display":"","ast-hfb-mobile-header-display":"","site-post-title":"","ast-breadcrumbs-content":"","ast-featured-img":"","footer-sml-layout":"","ast-disable-related-posts":"","theme-transparent-header-meta":"default","adv-header-id-meta":"","stick-header-meta":"","header-above-stick-meta":"","header-main-stick-meta":"","header-below-stick-meta":"","astra-migrate-meta-layouts":"set","ast-page-background-enabled":"default","ast-page-background-meta":{"desktop":{"background-color":"var(--ast-global-color-5)","background-image":"","background-repeat":"repeat","background-position":"center center","background-size":"auto","background-attachment":"scroll","background-type":"","background-media":"","overlay-type":"","overlay-color":"","overlay-opacity":"","overlay-gradient":""},"tablet":{"background-color":"","background-image":"","background-repeat":"repeat","background-position":"center center","background-size":"auto","background-attachment":"scroll","background-type":"","background-media":"","overlay-type":"","overlay-color":"","overlay-opacity":"","overlay-gradient":""},"mobile":{"background-color":"","background-image":"","background-repeat":"repeat","background-position":"center center","background-size":"auto","background-attachment":"scroll","background-type":"","background-media":"","overlay-type":"","overlay-color":"","overlay-opacity":"","overlay-gradient":""}},"ast-content-background-meta":{"desktop":{"background-color":"var(--ast-global-color-4)","background-image":"","background-repeat":"repeat","background-position":"center center","background-size":"auto","background-attachment":"scroll","background-type":"","background-media":"","overlay-type":"","overlay-color":"","overlay-opacity":"","overlay-gradient":""},"tablet":{"background-color":"var(--ast-global-color-4)","background-image":"","background-repeat":"repeat","background-position":"center center","background-size":"auto","background-attachment":"scroll","background-type":"","background-media":"","overlay-type":"","overlay-color":"","overlay-opacity":"","overlay-gradient":""},"mobile":{"background-color":"var(--ast-global-color-4)","background-image":"","background-repeat":"repeat","background-position":"center center","background-size":"auto","background-attachment":"scroll","background-type":"","background-media":"","overlay-type":"","overlay-color":"","overlay-opacity":"","overlay-gradient":""}}},"product_brand":[],"product_cat":[19],"product_tag":[],"class_list":{"0":"post-33887","1":"product","2":"type-product","3":"status-publish","4":"has-post-thumbnail","6":"product_cat-uncategorized","7":"pa_34093_7bv6062x-ingen-udsmykning","8":"pa_34093_7bv6062x-med-ornament","9":"pa_34093_i3txelg7-groen","10":"pa_34093_i3txelg7-roed","11":"pa_34093_ufouct08-iphone-11","12":"pa_34093_ufouct08-iphone-12","13":"pa_34093_ufouct08-iphone-12-pro","14":"pa_34093_ufouct08-iphone-12-pro-max","15":"pa_34093_ufouct08-iphone-13","16":"pa_34093_ufouct08-iphone-13-pro","17":"pa_34093_ufouct08-iphone-13-pro-max","18":"pa_34093_ufouct08-iphone-14","19":"pa_34093_ufouct08-iphone-14-plus","20":"pa_34093_ufouct08-iphone-14-pro","21":"pa_34093_ufouct08-iphone-14-pro-max","22":"pa_34093_ufouct08-iphone-15","23":"pa_34093_ufouct08-iphone-15-plus","24":"pa_34093_ufouct08-iphone-15-pro","25":"pa_34093_ufouct08-iphone-15-pro-max","26":"pa_34093_ufouct08-iphone-16","27":"pa_34093_ufouct08-iphone-16-plus","28":"pa_34093_ufouct08-iphone-16-pro","29":"pa_34093_ufouct08-iphone-16-pro-max","30":"pa_34093_ufouct08-iphone17","31":"pa_34093_ufouct08-iphone17-pro","32":"pa_34093_ufouct08-iphone17-pro-max","33":"desktop-align-left","34":"tablet-align-left","35":"mobile-align-left","37":"first","38":"instock","39":"shipping-taxable","40":"purchasable","41":"product-type-variable","42":"has-default-attributes"},"_links":{"self":[{"href":"https:\/\/ecostera.com\/dk\/wp-json\/wp\/v2\/product\/33887","targetHints":{"allow":["GET"]}}],"collection":[{"href":"https:\/\/ecostera.com\/dk\/wp-json\/wp\/v2\/product"}],"about":[{"href":"https:\/\/ecostera.com\/dk\/wp-json\/wp\/v2\/types\/product"}],"replies":[{"embeddable":true,"href":"https:\/\/ecostera.com\/dk\/wp-json\/wp\/v2\/comments?post=33887"}],"wp:featuredmedia":[{"embeddable":true,"href":"https:\/\/ecostera.com\/dk\/wp-json\/wp\/v2\/media\/33883"}],"wp:attachment":[{"href":"https:\/\/ecostera.com\/dk\/wp-json\/wp\/v2\/media?parent=33887"}],"wp:term":[{"taxonomy":"product_brand","embeddable":true,"href":"https:\/\/ecostera.com\/dk\/wp-json\/wp\/v2\/product_brand?post=33887"},{"taxonomy":"product_cat","embeddable":true,"href":"https:\/\/ecostera.com\/dk\/wp-json\/wp\/v2\/product_cat?post=33887"},{"taxonomy":"product_tag","embeddable":true,"href":"https:\/\/ecostera.com\/dk\/wp-json\/wp\/v2\/product_tag?post=33887"}],"curies":[{"name":"wp","href":"https:\/\/api.w.org\/{rel}","templated":true}]}}