{"id":34085,"date":"2025-11-11T16:50:51","date_gmt":"2025-11-11T14:50:51","guid":{"rendered":"https:\/\/ecostera.com\/dk\/product\/julebroderikit\/"},"modified":"2025-11-11T17:30:11","modified_gmt":"2025-11-11T15:30:11","slug":"julebroderikit","status":"publish","type":"product","link":"https:\/\/ecostera.com\/dk\/product\/julebroderikit\/","title":{"rendered":"Julebroderikit"},"content":{"rendered":"<p style=\"text-align: center\" data-start=\"0\" data-end=\"61\"><strong data-start=\"0\" data-end=\"59\">Skab Dit Eget Festlige Mesterv\u00e6rk Denne Jul \ud83c\udf84\ud83e\uddf5<\/strong><\/p>\n<p style=\"text-align: center\" data-start=\"63\" data-end=\"369\">Dette julebroderikit g\u00f8r det nemt at lave en smuk h\u00e5ndlavet dekoration fuld af ferievarme og charme. Uanset om du er nybegynder eller en erfaren h\u00e5ndv\u00e6rker, indeholder dette s\u00e6t alt, hvad du beh\u00f8ver for at nyde en afslappende, kreativ oplevelse, mens du laver en dejlig vinterscene til at vise eller give.<\/p>\n<p data-start=\"63\" data-end=\"369\"><img decoding=\"async\" class=\"size-full wp-image-40536 aligncenter\" src=\"https:\/\/keluvo.com\/template\/wp-content\/uploads\/sites\/5\/2025\/11\/S6bbbaa1962e840668f6e811253dea3cdD.jpg_960x960q75.jpg_.avif\" alt=\"\" \/><\/p>\n<h2 style=\"text-align: center\" data-start=\"376\" data-end=\"398\"><strong>Hovedfordele<\/strong><\/h2>\n<p data-start=\"401\" data-end=\"504\">\ud83e\udea1 Begyndervenlig &#8211; Leveres med klare instruktioner og fotos, s\u00e5 alle nemt kan f\u00f8lge med.<\/p>\n<p data-start=\"507\" data-end=\"596\">\ud83c\udf84 Festligt design &#8211; Skab en charmerende julescene, der giver varme til dit hjem.<\/p>\n<p data-start=\"599\" data-end=\"700\">\ud83d\udc96 Tankev\u00e6kkende gave &#8211; En perfekt h\u00e5ndlavet gave til familie eller venner, der elsker kreative hobbyer.<\/p>\n<p data-start=\"703\" data-end=\"813\">\ud83d\udcaa F\u00f8rsteklasses materialer &#8211; Lavet med broderistof af h\u00f8j kvalitet og farverige tr\u00e5de for et holdbart resultat.<\/p>\n<p data-start=\"816\" data-end=\"922\">\ud83c\udfe0 Smuk boligindretning &#8211; N\u00e5r du er f\u00e6rdig, kan du indramme dit broderi i den medf\u00f8lgende ramme, s\u00e5 det er nemt at vise frem.<\/p>\n<p data-start=\"816\" data-end=\"922\"><img decoding=\"async\" class=\"size-full wp-image-40538 aligncenter\" src=\"https:\/\/keluvo.com\/template\/wp-content\/uploads\/sites\/5\/2025\/11\/S7bda06eaf75743ffb28fcdd8e0a8510av.jpg_960x960q75.jpg_.avif\" alt=\"\" \/><\/p>\n<h2 style=\"text-align: center\" data-start=\"929\" data-end=\"948\"><strong>S\u00e5dan Bruges<\/strong><\/h2>\n<ol data-start=\"949\" data-end=\"1346\">\n<li data-start=\"949\" data-end=\"1011\">\n<p data-start=\"952\" data-end=\"1011\">Pak dit broderis\u00e6t ud, og l\u00e6g alle materialerne frem.<\/p>\n<\/li>\n<li data-start=\"1012\" data-end=\"1082\">\n<p data-start=\"1015\" data-end=\"1082\">F\u00f8lg den medf\u00f8lgende vejledning for at begynde at sy det trykte m\u00f8nster.<\/p>\n<\/li>\n<li data-start=\"1083\" data-end=\"1151\">\n<p data-start=\"1086\" data-end=\"1151\">Brug den medf\u00f8lgende ramme til at holde stoffet stramt, mens du arbejder.<\/p>\n<\/li>\n<li data-start=\"1152\" data-end=\"1242\">\n<p data-start=\"1155\" data-end=\"1242\">N\u00e5r du er f\u00e6rdig, kan du indramme dit arbejde i rammen og vise det frem eller give det til en s\u00e6rlig person.<\/p>\n<\/li>\n<li data-start=\"1243\" data-end=\"1346\">\n<p data-start=\"1246\" data-end=\"1346\">Undg\u00e5 kontakt med vand, indtil dit broderi er f\u00e6rdigt, da stofdesignet er vandopl\u00f8seligt.<\/p>\n<\/li>\n<\/ol>\n<h2 style=\"text-align: center\" data-start=\"1353\" data-end=\"1377\"><strong>Produktoplysninger<\/strong><\/h2>\n<ul data-start=\"1378\" data-end=\"1682\">\n<li data-start=\"1378\" data-end=\"1442\">\n<p data-start=\"1380\" data-end=\"1442\">Materiale: Broderistof af h\u00f8j kvalitet og farverige tr\u00e5de<\/p>\n<\/li>\n<li data-start=\"1498\" data-end=\"1525\">\n<p data-start=\"1500\" data-end=\"1525\">St\u00f8rrelse: 150 x 150 x 10 mm<\/p>\n<\/li>\n<li data-start=\"1526\" data-end=\"1565\">\n<p data-start=\"1528\" data-end=\"1565\">Anbefalet alder: 12 \u00e5r og \u00e6ldre<\/p>\n<\/li>\n<li data-start=\"1593\" data-end=\"1641\">\n<p data-start=\"1595\" data-end=\"1641\">M\u00f8nster: Vandopl\u00f8seligt og begyndervenligt<\/p>\n<\/li>\n<li data-start=\"1642\" data-end=\"1682\">\n<p data-start=\"1644\" data-end=\"1682\">Kategori: DIY-broderistarts\u00e6t<\/p>\n<\/li>\n<\/ul>\n<h2 style=\"text-align: center\" data-start=\"1689\" data-end=\"1714\"><strong>Pakken indeholder<\/strong><\/h2>\n<ul data-start=\"1715\" data-end=\"1837\">\n<li data-start=\"1715\" data-end=\"1802\">\n<p data-start=\"1717\" data-end=\"1802\">1x julebroderis\u00e6t (inkluderer broderiklud, tr\u00e5de, n\u00e5l og ramme)<\/p>\n<\/li>\n<li data-start=\"1803\" data-end=\"1837\">\n<p data-start=\"1805\" data-end=\"1837\">1x detaljeret vejledning.<\/p>\n<\/li>\n<\/ul>\n","protected":false},"excerpt":{"rendered":"<p>Skab Dit Eget Festlige Mesterv\u00e6rk Denne Jul \ud83c\udf84\ud83e\uddf5 Dette julebroderikit g\u00f8r det nemt at lave en smuk h\u00e5ndlavet dekoration fuld [&hellip;]<\/p>\n","protected":false},"featured_media":34081,"comment_status":"open","ping_status":"closed","template":"","meta":{"site-sidebar-layout":"default","site-content-layout":"","ast-site-content-layout":"default","site-content-style":"default","site-sidebar-style":"default","ast-global-header-display":"","ast-banner-title-visibility":"","ast-main-header-display":"","ast-hfb-above-header-display":"","ast-hfb-below-header-display":"","ast-hfb-mobile-header-display":"","site-post-title":"","ast-breadcrumbs-content":"","ast-featured-img":"","footer-sml-layout":"","ast-disable-related-posts":"","theme-transparent-header-meta":"default","adv-header-id-meta":"","stick-header-meta":"","header-above-stick-meta":"","header-main-stick-meta":"","header-below-stick-meta":"","astra-migrate-meta-layouts":"set","ast-page-background-enabled":"default","ast-page-background-meta":{"desktop":{"background-color":"var(--ast-global-color-5)","background-image":"","background-repeat":"repeat","background-position":"center center","background-size":"auto","background-attachment":"scroll","background-type":"","background-media":"","overlay-type":"","overlay-color":"","overlay-opacity":"","overlay-gradient":""},"tablet":{"background-color":"","background-image":"","background-repeat":"repeat","background-position":"center center","background-size":"auto","background-attachment":"scroll","background-type":"","background-media":"","overlay-type":"","overlay-color":"","overlay-opacity":"","overlay-gradient":""},"mobile":{"background-color":"","background-image":"","background-repeat":"repeat","background-position":"center center","background-size":"auto","background-attachment":"scroll","background-type":"","background-media":"","overlay-type":"","overlay-color":"","overlay-opacity":"","overlay-gradient":""}},"ast-content-background-meta":{"desktop":{"background-color":"var(--ast-global-color-4)","background-image":"","background-repeat":"repeat","background-position":"center center","background-size":"auto","background-attachment":"scroll","background-type":"","background-media":"","overlay-type":"","overlay-color":"","overlay-opacity":"","overlay-gradient":""},"tablet":{"background-color":"var(--ast-global-color-4)","background-image":"","background-repeat":"repeat","background-position":"center center","background-size":"auto","background-attachment":"scroll","background-type":"","background-media":"","overlay-type":"","overlay-color":"","overlay-opacity":"","overlay-gradient":""},"mobile":{"background-color":"var(--ast-global-color-4)","background-image":"","background-repeat":"repeat","background-position":"center center","background-size":"auto","background-attachment":"scroll","background-type":"","background-media":"","overlay-type":"","overlay-color":"","overlay-opacity":"","overlay-gradient":""}}},"product_brand":[],"product_cat":[19],"product_tag":[],"class_list":{"0":"post-34085","1":"product","2":"type-product","3":"status-publish","4":"has-post-thumbnail","6":"product_cat-uncategorized","7":"pa_36318_ke14tbjp-ferieby","8":"pa_36318_ke14tbjp-julenisse","9":"pa_36318_ke14tbjp-kristuskugle","10":"pa_36318_ke14tbjp-krybbespil","11":"pa_36318_ke14tbjp-lastbil","12":"pa_36318_ke14tbjp-pejs","13":"pa_36318_ke14tbjp-saet-med-4-stk","14":"pa_36318_ke14tbjp-stroempe","15":"pa_36318_ke14tbjp-sukkerroer","16":"desktop-align-left","17":"tablet-align-left","18":"mobile-align-left","20":"first","21":"instock","22":"shipping-taxable","23":"purchasable","24":"product-type-variable"},"_links":{"self":[{"href":"https:\/\/ecostera.com\/dk\/wp-json\/wp\/v2\/product\/34085","targetHints":{"allow":["GET"]}}],"collection":[{"href":"https:\/\/ecostera.com\/dk\/wp-json\/wp\/v2\/product"}],"about":[{"href":"https:\/\/ecostera.com\/dk\/wp-json\/wp\/v2\/types\/product"}],"replies":[{"embeddable":true,"href":"https:\/\/ecostera.com\/dk\/wp-json\/wp\/v2\/comments?post=34085"}],"wp:featuredmedia":[{"embeddable":true,"href":"https:\/\/ecostera.com\/dk\/wp-json\/wp\/v2\/media\/34081"}],"wp:attachment":[{"href":"https:\/\/ecostera.com\/dk\/wp-json\/wp\/v2\/media?parent=34085"}],"wp:term":[{"taxonomy":"product_brand","embeddable":true,"href":"https:\/\/ecostera.com\/dk\/wp-json\/wp\/v2\/product_brand?post=34085"},{"taxonomy":"product_cat","embeddable":true,"href":"https:\/\/ecostera.com\/dk\/wp-json\/wp\/v2\/product_cat?post=34085"},{"taxonomy":"product_tag","embeddable":true,"href":"https:\/\/ecostera.com\/dk\/wp-json\/wp\/v2\/product_tag?post=34085"}],"curies":[{"name":"wp","href":"https:\/\/api.w.org\/{rel}","templated":true}]}}