{"id":34137,"date":"2025-11-11T16:55:52","date_gmt":"2025-11-11T14:55:52","guid":{"rendered":"https:\/\/ecostera.com\/dk\/product\/ventilator-til-braendeovn\/"},"modified":"2025-11-24T16:03:55","modified_gmt":"2025-11-24T14:03:55","slug":"ventilator-til-braendeovn","status":"publish","type":"product","link":"https:\/\/ecostera.com\/dk\/product\/ventilator-til-braendeovn\/","title":{"rendered":"Ventilator til br\u00e6ndeovn"},"content":{"rendered":"<p style=\"text-align: center\" data-start=\"0\" data-end=\"49\"><strong data-start=\"0\" data-end=\"47\">Fordel Varmen J\u00e6vnt Og Effektivt \ud83d\udd25<\/strong><\/p>\n<p style=\"text-align: center\" data-start=\"51\" data-end=\"409\">Denne br\u00e6ndeovnsventilator spreder varmen fra din pejs i hele rummet &#8211; uden brug af elektricitet eller batterier. Denne ventilator drives udelukkende af varmen fra din br\u00e6ndeovn og hj\u00e6lper dig med at nyde et varmere og hyggeligere hjem, samtidig med at du sparer energi og reducerer tr\u00e6forbruget. Den er st\u00f8jsvag, effektiv og smukt designet og er den perfekte ledsager til enhver br\u00e6ndeovn.<\/p>\n<p data-start=\"51\" data-end=\"409\"><img decoding=\"async\" class=\"size-full wp-image-40584 aligncenter\" src=\"https:\/\/keluvo.com\/template\/wp-content\/uploads\/sites\/5\/2025\/11\/Designsanstitre-2025-08-21T193117.723-ezgif.com-gif-to-webp-converter_480x480.webp\" alt=\"\" \/><\/p>\n<h2 style=\"text-align: center\" data-start=\"416\" data-end=\"438\">\ud83c\udf1f Vigtigste fordele<\/h2>\n<p data-start=\"441\" data-end=\"533\">\ud83c\udf21\ufe0f Energibesparende design &#8211; K\u00f8rer p\u00e5 br\u00e6ndeovnens varme &#8211; ingen ledninger, stik eller batterier er p\u00e5kr\u00e6vet.<\/p>\n<p data-start=\"536\" data-end=\"647\">\ud83d\udd07 Sikker og stille &#8211; Lavet af anodiseret aluminium af h\u00f8j kvalitet, der modst\u00e5r deformation og fungerer lydl\u00f8st.<\/p>\n<p data-start=\"650\" data-end=\"746\">\ud83d\udca8 Bedre varmecirkulation &#8211; Spred varm luft j\u00e6vnt over dit rum for hurtigere opvarmning.<\/p>\n<p data-start=\"749\" data-end=\"839\">\ud83d\udd25 Automatisk drift &#8211; Begynder at dreje, n\u00e5r br\u00e6ndeovnens overflade n\u00e5r 50 \u00b0 C.<\/p>\n<p data-start=\"842\" data-end=\"929\">\ud83c\udfe0 Stilfuld og holdbar &#8211; Elegant sort finish, der passer perfekt til enhver pejs.<\/p>\n<p data-start=\"932\" data-end=\"1026\">\ud83c\udf81 Perfekt gaveid\u00e9 &#8211; En bet\u00e6nksom og praktisk gave til hus- eller hytteejere.<\/p>\n<p data-start=\"932\" data-end=\"1026\"><img decoding=\"async\" class=\"size-full wp-image-40583 aligncenter\" src=\"https:\/\/keluvo.com\/template\/wp-content\/uploads\/sites\/5\/2025\/11\/Designsanstitre-2025-08-21T193214.300-ezgif.com-gif-to-webp-converter_480x480.webp\" alt=\"\" \/><\/p>\n<h2 style=\"text-align: center\" data-start=\"1033\" data-end=\"1052\">\u2699\ufe0f S\u00e5dan Bruges<\/h2>\n<ol data-start=\"1053\" data-end=\"1384\">\n<li data-start=\"1053\" data-end=\"1134\">\n<p data-start=\"1056\" data-end=\"1134\">Placer ventilatoren p\u00e5 en flad, glat overflade n\u00e6r bagsiden eller siden af din br\u00e6ndeovn.<\/p>\n<\/li>\n<li data-start=\"1135\" data-end=\"1181\">\n<p data-start=\"1138\" data-end=\"1181\">S\u00f8rg for, at den ikke er direkte over flammen.<\/p>\n<\/li>\n<li data-start=\"1182\" data-end=\"1274\">\n<p data-start=\"1185\" data-end=\"1274\">N\u00e5r br\u00e6ndeovnen bliver varm (over 50 \u00b0C), begynder ventilatoren automatisk at dreje rundt.<\/p>\n<\/li>\n<li data-start=\"1275\" data-end=\"1340\">\n<p data-start=\"1278\" data-end=\"1340\">Nyd den j\u00e6vnt fordelte varme luft i hele rummet.<\/p>\n<\/li>\n<li data-start=\"1341\" data-end=\"1384\">\n<p data-start=\"1344\" data-end=\"1384\">Lad den k\u00f8le af, f\u00f8r du flytter eller reng\u00f8r den.<\/p>\n<\/li>\n<\/ol>\n<h2 style=\"text-align: center\" data-start=\"1391\" data-end=\"1415\">\ud83d\udccf Produktdetaljer<\/h2>\n<ul data-start=\"1416\" data-end=\"1750\">\n<li data-start=\"1416\" data-end=\"1466\">\n<p data-start=\"1418\" data-end=\"1466\">Materiale: Anodiseret aluminiumslegering af h\u00f8j kvalitet<\/p>\n<\/li>\n<li data-start=\"1467\" data-end=\"1490\">\n<p data-start=\"1469\" data-end=\"1490\">Antal blade: 6<\/p>\n<\/li>\n<li data-start=\"1491\" data-end=\"1517\">\n<p data-start=\"1493\" data-end=\"1517\">Bladdiameter: 148 mm<\/p>\n<\/li>\n<li data-start=\"1518\" data-end=\"1545\">\n<p data-start=\"1520\" data-end=\"1545\">Luftm\u00e6ngde: 140-200 CFM<\/p>\n<\/li>\n<li data-start=\"1546\" data-end=\"1575\">\n<p data-start=\"1548\" data-end=\"1575\">Motorhastighed: 750-1400 RPM<\/p>\n<\/li>\n<li data-start=\"1576\" data-end=\"1613\">\n<p data-start=\"1578\" data-end=\"1613\">St\u00f8jniveau: \u226425 dB (ultra-stille)<\/p>\n<\/li>\n<li data-start=\"1614\" data-end=\"1665\">\n<p data-start=\"1616\" data-end=\"1665\">Driftstemperatur: 50\u00b0C-350\u00b0C<\/p>\n<\/li>\n<li data-start=\"1666\" data-end=\"1682\">\n<p data-start=\"1668\" data-end=\"1682\">Farve: Sort<\/p>\n<\/li>\n<li data-start=\"1683\" data-end=\"1750\">\n<p data-start=\"1685\" data-end=\"1750\">Energikilde: Varmedrevet (ingen elektricitet eller batterier n\u00f8dvendige)<\/p>\n<\/li>\n<\/ul>\n<h2 style=\"text-align: center\" data-start=\"1757\" data-end=\"1782\">\ud83d\udce6 Pakken indeholder<\/h2>\n<ul data-start=\"1783\" data-end=\"1825\">\n<li data-start=\"1783\" data-end=\"1805\">\n<p data-start=\"1785\" data-end=\"1805\">1x br\u00e6ndeovnsventilator<\/p>\n<\/li>\n<li data-start=\"1806\" data-end=\"1825\">\n<p data-start=\"1808\" data-end=\"1825\">1x brugervejledning.<\/p>\n<\/li>\n<\/ul>\n","protected":false},"excerpt":{"rendered":"<p>Fordel Varmen J\u00e6vnt Og Effektivt \ud83d\udd25 Denne br\u00e6ndeovnsventilator spreder varmen fra din pejs i hele rummet &#8211; uden brug af [&hellip;]<\/p>\n","protected":false},"featured_media":34133,"comment_status":"open","ping_status":"closed","template":"","meta":{"site-sidebar-layout":"default","site-content-layout":"","ast-site-content-layout":"default","site-content-style":"default","site-sidebar-style":"default","ast-global-header-display":"","ast-banner-title-visibility":"","ast-main-header-display":"","ast-hfb-above-header-display":"","ast-hfb-below-header-display":"","ast-hfb-mobile-header-display":"","site-post-title":"","ast-breadcrumbs-content":"","ast-featured-img":"","footer-sml-layout":"","theme-transparent-header-meta":"default","adv-header-id-meta":"","stick-header-meta":"","header-above-stick-meta":"","header-main-stick-meta":"","header-below-stick-meta":"","astra-migrate-meta-layouts":"set","ast-page-background-enabled":"default","ast-page-background-meta":{"desktop":{"background-color":"var(--ast-global-color-5)","background-image":"","background-repeat":"repeat","background-position":"center center","background-size":"auto","background-attachment":"scroll","background-type":"","background-media":"","overlay-type":"","overlay-color":"","overlay-opacity":"","overlay-gradient":""},"tablet":{"background-color":"","background-image":"","background-repeat":"repeat","background-position":"center center","background-size":"auto","background-attachment":"scroll","background-type":"","background-media":"","overlay-type":"","overlay-color":"","overlay-opacity":"","overlay-gradient":""},"mobile":{"background-color":"","background-image":"","background-repeat":"repeat","background-position":"center center","background-size":"auto","background-attachment":"scroll","background-type":"","background-media":"","overlay-type":"","overlay-color":"","overlay-opacity":"","overlay-gradient":""}},"ast-content-background-meta":{"desktop":{"background-color":"var(--ast-global-color-4)","background-image":"","background-repeat":"repeat","background-position":"center center","background-size":"auto","background-attachment":"scroll","background-type":"","background-media":"","overlay-type":"","overlay-color":"","overlay-opacity":"","overlay-gradient":""},"tablet":{"background-color":"var(--ast-global-color-4)","background-image":"","background-repeat":"repeat","background-position":"center center","background-size":"auto","background-attachment":"scroll","background-type":"","background-media":"","overlay-type":"","overlay-color":"","overlay-opacity":"","overlay-gradient":""},"mobile":{"background-color":"var(--ast-global-color-4)","background-image":"","background-repeat":"repeat","background-position":"center center","background-size":"auto","background-attachment":"scroll","background-type":"","background-media":"","overlay-type":"","overlay-color":"","overlay-opacity":"","overlay-gradient":""}}},"product_brand":[],"product_cat":[19],"product_tag":[],"class_list":{"0":"post-34137","1":"product","2":"type-product","3":"status-publish","4":"has-post-thumbnail","6":"product_cat-uncategorized","7":"desktop-align-left","8":"tablet-align-left","9":"mobile-align-left","11":"first","12":"instock","13":"shipping-taxable","14":"purchasable","15":"product-type-simple"},"_links":{"self":[{"href":"https:\/\/ecostera.com\/dk\/wp-json\/wp\/v2\/product\/34137","targetHints":{"allow":["GET"]}}],"collection":[{"href":"https:\/\/ecostera.com\/dk\/wp-json\/wp\/v2\/product"}],"about":[{"href":"https:\/\/ecostera.com\/dk\/wp-json\/wp\/v2\/types\/product"}],"replies":[{"embeddable":true,"href":"https:\/\/ecostera.com\/dk\/wp-json\/wp\/v2\/comments?post=34137"}],"wp:featuredmedia":[{"embeddable":true,"href":"https:\/\/ecostera.com\/dk\/wp-json\/wp\/v2\/media\/34133"}],"wp:attachment":[{"href":"https:\/\/ecostera.com\/dk\/wp-json\/wp\/v2\/media?parent=34137"}],"wp:term":[{"taxonomy":"product_brand","embeddable":true,"href":"https:\/\/ecostera.com\/dk\/wp-json\/wp\/v2\/product_brand?post=34137"},{"taxonomy":"product_cat","embeddable":true,"href":"https:\/\/ecostera.com\/dk\/wp-json\/wp\/v2\/product_cat?post=34137"},{"taxonomy":"product_tag","embeddable":true,"href":"https:\/\/ecostera.com\/dk\/wp-json\/wp\/v2\/product_tag?post=34137"}],"curies":[{"name":"wp","href":"https:\/\/api.w.org\/{rel}","templated":true}]}}