{"id":34203,"date":"2025-11-11T17:47:39","date_gmt":"2025-11-11T15:47:39","guid":{"rendered":"https:\/\/ecostera.com\/dk\/product\/snemandslampe\/"},"modified":"2025-11-24T15:48:33","modified_gmt":"2025-11-24T13:48:33","slug":"snemandslampe","status":"publish","type":"product","link":"https:\/\/ecostera.com\/dk\/product\/snemandslampe\/","title":{"rendered":"Snemandslampe"},"content":{"rendered":"<p style=\"text-align: center\" data-start=\"0\" data-end=\"56\"><strong data-start=\"0\" data-end=\"54\">Oplys Dine Vinteraftener Med Festlig Charme \u2603\ufe0f\u2728<\/strong><\/p>\n<p style=\"text-align: center\" data-start=\"58\" data-end=\"344\">Denne snemandslampe giver et varmt og magisk sk\u00e6r til dit uderum. Drevet af solenergi lyser denne yndige dekoration klart om natten &#8211; ingen ledninger, ingen flammer og ingen indsats er n\u00f8dvendig. Perfekt til at skabe en hyggelig, festlig atmosf\u00e6re i din have, p\u00e5 terrassen eller i g\u00e5rden hele vinteren.<\/p>\n<p data-start=\"58\" data-end=\"344\"><img decoding=\"async\" class=\"size-full wp-image-40523 aligncenter\" src=\"https:\/\/keluvo.com\/template\/wp-content\/uploads\/sites\/5\/2025\/11\/102210-ezgif.com-video-to-webp-converter-1.webp\" alt=\"\" \/><\/p>\n<h2 style=\"text-align: center\" data-start=\"351\" data-end=\"373\">\ud83c\udf1f Vigtigste fordele<\/h2>\n<p data-start=\"376\" data-end=\"494\">\u2600\ufe0f Solcelledrevet &#8211; oplades i l\u00f8bet af dagen og t\u00e6ndes automatisk om natten &#8211; ingen elektricitet eller ledninger er n\u00f8dvendige.<\/p>\n<p data-start=\"497\" data-end=\"604\">\ud83e\uddca Vejrbestandigt design &#8211; bygget med IP4 vandt\u00e6t beskyttelse, perfekt til udend\u00f8rs brug i alle \u00e5rstider.<\/p>\n<p data-start=\"607\" data-end=\"695\">\ud83d\udca1 Varm og sikker gl\u00f8d &#8211; LED-lys giver en bl\u00f8d, hyggelig stemning uden \u00e5ben ild.<\/p>\n<p data-start=\"698\" data-end=\"787\">\ud83c\udfe1 Alsidig dekoration &#8211; Perfekt til haver, gangbroer, terrasser, poolsider og gr\u00e6spl\u00e6ner.<\/p>\n<p data-start=\"790\" data-end=\"882\">\ud83c\udf85 Charmerende design &#8211; Den s\u00f8de snemandsfigur tilf\u00f8jer et gl\u00e6deligt feriepr\u00e6g til din boligindretning.<\/p>\n<p data-start=\"790\" data-end=\"882\"><img decoding=\"async\" class=\"size-full wp-image-40527 aligncenter\" src=\"https:\/\/keluvo.com\/template\/wp-content\/uploads\/sites\/5\/2025\/11\/S2f4ace65ca2e4e9aa8751b7c2c3c37370.jpg_960x960q75.jpg_.avif\" alt=\"\" \/><\/p>\n<h2 style=\"text-align: center\" data-start=\"889\" data-end=\"908\">\u2699\ufe0f S\u00e5dan Bruges<\/h2>\n<ol data-start=\"909\" data-end=\"1130\">\n<li data-start=\"909\" data-end=\"961\">\n<p data-start=\"912\" data-end=\"961\">Placer snemandslampen i et solrigt udend\u00f8rs omr\u00e5de.<\/p>\n<\/li>\n<li data-start=\"962\" data-end=\"1022\">\n<p data-start=\"965\" data-end=\"1022\">Lad den oplade under direkte sollys i 4-6 timer.<\/p>\n<\/li>\n<li data-start=\"1023\" data-end=\"1082\">\n<p data-start=\"1026\" data-end=\"1082\">N\u00e5r den er opladet, t\u00e6ndes den automatisk om natten.<\/p>\n<\/li>\n<li data-start=\"1083\" data-end=\"1130\">\n<p data-start=\"1086\" data-end=\"1130\">Nyd 6-8 timers varm, festlig belysning.<\/p>\n<\/li>\n<\/ol>\n<h2 style=\"text-align: center\" data-start=\"1137\" data-end=\"1161\">\ud83d\udccf Produktdetaljer<\/h2>\n<ul data-start=\"1162\" data-end=\"1400\">\n<li data-start=\"1162\" data-end=\"1185\">\n<p data-start=\"1164\" data-end=\"1185\">Kilde til str\u00f8m: Solenergi<\/p>\n<\/li>\n<li data-start=\"1186\" data-end=\"1214\">\n<p data-start=\"1188\" data-end=\"1214\">Opladningstid: 4\u20136 timer<\/p>\n<\/li>\n<li data-start=\"1215\" data-end=\"1247\">\n<p data-start=\"1217\" data-end=\"1247\">Lysets varighed: 6\u20138 timer<\/p>\n<\/li>\n<li data-start=\"1248\" data-end=\"1287\">\n<p data-start=\"1250\" data-end=\"1287\">Materiale: Vejrbestandig plast<\/p>\n<\/li>\n<li data-start=\"1288\" data-end=\"1314\">\n<p data-start=\"1290\" data-end=\"1314\">St\u00f8rrelse: 11 x 7,8 cm<\/p>\n<\/li>\n<li data-start=\"1315\" data-end=\"1341\">\n<p data-start=\"1317\" data-end=\"1341\">Vandt\u00e6t klassificering: IP4<\/p>\n<\/li>\n<li data-start=\"1342\" data-end=\"1400\">\n<p data-start=\"1344\" data-end=\"1400\">Brug: Have, g\u00e5rdhave, g\u00e5rdsplads, vejkant, poolkant og meget mere<\/p>\n<\/li>\n<\/ul>\n<h2 style=\"text-align: center\" data-start=\"1407\" data-end=\"1432\">\ud83d\udce6 Pakken indeholder<\/h2>\n<ul data-start=\"1433\" data-end=\"1459\">\n<li data-start=\"1433\" data-end=\"1459\">\n<p data-start=\"1435\" data-end=\"1459\">1, 2x snemand solcellelampe.<\/p>\n<\/li>\n<\/ul>\n","protected":false},"excerpt":{"rendered":"<p>Oplys Dine Vinteraftener Med Festlig Charme \u2603\ufe0f\u2728 Denne snemandslampe giver et varmt og magisk sk\u00e6r til dit uderum. Drevet af [&hellip;]<\/p>\n","protected":false},"featured_media":34199,"comment_status":"open","ping_status":"closed","template":"","meta":{"site-sidebar-layout":"default","site-content-layout":"","ast-site-content-layout":"default","site-content-style":"default","site-sidebar-style":"default","ast-global-header-display":"","ast-banner-title-visibility":"","ast-main-header-display":"","ast-hfb-above-header-display":"","ast-hfb-below-header-display":"","ast-hfb-mobile-header-display":"","site-post-title":"","ast-breadcrumbs-content":"","ast-featured-img":"","footer-sml-layout":"","theme-transparent-header-meta":"default","adv-header-id-meta":"","stick-header-meta":"","header-above-stick-meta":"","header-main-stick-meta":"","header-below-stick-meta":"","astra-migrate-meta-layouts":"set","ast-page-background-enabled":"default","ast-page-background-meta":{"desktop":{"background-color":"var(--ast-global-color-5)","background-image":"","background-repeat":"repeat","background-position":"center center","background-size":"auto","background-attachment":"scroll","background-type":"","background-media":"","overlay-type":"","overlay-color":"","overlay-opacity":"","overlay-gradient":""},"tablet":{"background-color":"","background-image":"","background-repeat":"repeat","background-position":"center center","background-size":"auto","background-attachment":"scroll","background-type":"","background-media":"","overlay-type":"","overlay-color":"","overlay-opacity":"","overlay-gradient":""},"mobile":{"background-color":"","background-image":"","background-repeat":"repeat","background-position":"center center","background-size":"auto","background-attachment":"scroll","background-type":"","background-media":"","overlay-type":"","overlay-color":"","overlay-opacity":"","overlay-gradient":""}},"ast-content-background-meta":{"desktop":{"background-color":"var(--ast-global-color-4)","background-image":"","background-repeat":"repeat","background-position":"center center","background-size":"auto","background-attachment":"scroll","background-type":"","background-media":"","overlay-type":"","overlay-color":"","overlay-opacity":"","overlay-gradient":""},"tablet":{"background-color":"var(--ast-global-color-4)","background-image":"","background-repeat":"repeat","background-position":"center center","background-size":"auto","background-attachment":"scroll","background-type":"","background-media":"","overlay-type":"","overlay-color":"","overlay-opacity":"","overlay-gradient":""},"mobile":{"background-color":"var(--ast-global-color-4)","background-image":"","background-repeat":"repeat","background-position":"center center","background-size":"auto","background-attachment":"scroll","background-type":"","background-media":"","overlay-type":"","overlay-color":"","overlay-opacity":"","overlay-gradient":""}}},"product_brand":[],"product_cat":[19],"product_tag":[],"class_list":{"0":"post-34203","1":"product","2":"type-product","3":"status-publish","4":"has-post-thumbnail","6":"product_cat-uncategorized","7":"pa_35057_v49r5tlv-1-stk","8":"pa_35057_v49r5tlv-2-stk","9":"desktop-align-left","10":"tablet-align-left","11":"mobile-align-left","13":"first","14":"instock","15":"shipping-taxable","16":"purchasable","17":"product-type-variable"},"_links":{"self":[{"href":"https:\/\/ecostera.com\/dk\/wp-json\/wp\/v2\/product\/34203","targetHints":{"allow":["GET"]}}],"collection":[{"href":"https:\/\/ecostera.com\/dk\/wp-json\/wp\/v2\/product"}],"about":[{"href":"https:\/\/ecostera.com\/dk\/wp-json\/wp\/v2\/types\/product"}],"replies":[{"embeddable":true,"href":"https:\/\/ecostera.com\/dk\/wp-json\/wp\/v2\/comments?post=34203"}],"wp:featuredmedia":[{"embeddable":true,"href":"https:\/\/ecostera.com\/dk\/wp-json\/wp\/v2\/media\/34199"}],"wp:attachment":[{"href":"https:\/\/ecostera.com\/dk\/wp-json\/wp\/v2\/media?parent=34203"}],"wp:term":[{"taxonomy":"product_brand","embeddable":true,"href":"https:\/\/ecostera.com\/dk\/wp-json\/wp\/v2\/product_brand?post=34203"},{"taxonomy":"product_cat","embeddable":true,"href":"https:\/\/ecostera.com\/dk\/wp-json\/wp\/v2\/product_cat?post=34203"},{"taxonomy":"product_tag","embeddable":true,"href":"https:\/\/ecostera.com\/dk\/wp-json\/wp\/v2\/product_tag?post=34203"}],"curies":[{"name":"wp","href":"https:\/\/api.w.org\/{rel}","templated":true}]}}