{"id":34344,"date":"2025-11-12T18:35:48","date_gmt":"2025-11-12T16:35:48","guid":{"rendered":"https:\/\/ecostera.com\/dk\/product\/indendoers-juletaeppe\/"},"modified":"2025-11-12T20:36:24","modified_gmt":"2025-11-12T18:36:24","slug":"indendoers-juletaeppe","status":"publish","type":"product","link":"https:\/\/ecostera.com\/dk\/product\/indendoers-juletaeppe\/","title":{"rendered":"Indend\u00f8rs julet\u00e6ppe"},"content":{"rendered":"<p style=\"text-align: center\" data-start=\"0\" data-end=\"66\"><strong data-start=\"0\" data-end=\"64\">Tilf\u00f8j varme og festlig stemning til dit hjem denne jul \ud83c\udf84\u2728<\/strong><\/p>\n<p style=\"text-align: center\" data-start=\"68\" data-end=\"350\">Dette indend\u00f8rs julet\u00e6ppe bringer b\u00e5de stil og komfort til din ferieindretning. Det er designet med fine syninger, skridsikker bagside og holdbare materialer og er perfekt til stuer, gange og entr\u00e9er &#8211; det giver et hyggeligt og muntert juletouch, samtidig med at det ligger godt fast.<\/p>\n<p data-start=\"68\" data-end=\"350\"><img decoding=\"async\" class=\"size-full wp-image-40691 aligncenter\" src=\"https:\/\/keluvo.com\/template\/wp-content\/uploads\/sites\/5\/2025\/11\/10222-ezgif.com-video-to-webp-converter-2.webp\" alt=\"\" \/><\/p>\n<h2 style=\"text-align: center\" data-start=\"357\" data-end=\"379\">\ud83c\udf1f Hovedfordele<\/h2>\n<p data-start=\"382\" data-end=\"489\">\ud83e\uddf5 Holdbart h\u00e5ndv\u00e6rk &#8211; Dobbelte finsyede kanter forhindrer flosser og sikrer langvarig kvalitet.<\/p>\n<p data-start=\"492\" data-end=\"577\">\ud83d\udeaa Perfekt tykkelse &#8211; Tynd nok til at passe under d\u00f8re uden at blokere for bev\u00e6gelse.<\/p>\n<p data-start=\"580\" data-end=\"684\">\ud83e\udde9 Skridsikkert underlag &#8211; Plastpartikler i bunden holder t\u00e6ppet sikkert p\u00e5 plads p\u00e5 ethvert gulv.<\/p>\n<p data-start=\"687\" data-end=\"788\">\ud83d\udcaa Let at vedligeholde &#8211; Smudsafvisende og slidst\u00e6rkt stof holder sig rent og friskt i l\u00e6ngere tid.<\/p>\n<p data-start=\"791\" data-end=\"908\">\ud83c\udf85 Festligt design &#8211; Tilf\u00f8rer \u00f8jeblikkelig julestemning til dit hjem &#8211; en perfekt blanding af dekoration og funktionalitet.<\/p>\n<p data-start=\"791\" data-end=\"908\"><img decoding=\"async\" class=\"size-full wp-image-40694 aligncenter\" src=\"https:\/\/keluvo.com\/template\/wp-content\/uploads\/sites\/5\/2025\/11\/S81836cae389a48ecbb2e8e572b2af1c02.webp\" alt=\"\" \/><\/p>\n<h2 style=\"text-align: center\" data-start=\"915\" data-end=\"934\">\u2699\ufe0f S\u00e5dan bruges<\/h2>\n<ol data-start=\"935\" data-end=\"1180\">\n<li data-start=\"935\" data-end=\"997\">\n<p data-start=\"938\" data-end=\"997\">Rul t\u00e6ppet ud, og l\u00e6g det fladt p\u00e5 den \u00f8nskede overflade.<\/p>\n<\/li>\n<li data-start=\"998\" data-end=\"1069\">\n<p data-start=\"1001\" data-end=\"1069\">S\u00f8rg for, at undersiden med plastpartikler vender mod gulvet.<\/p>\n<\/li>\n<li data-start=\"1070\" data-end=\"1123\">\n<p data-start=\"1073\" data-end=\"1123\">Udglat eventuelle rynker for at f\u00e5 en j\u00e6vn, stabil pasform.<\/p>\n<\/li>\n<li data-start=\"1124\" data-end=\"1180\">\n<p data-start=\"1127\" data-end=\"1180\">Nyd det hyggelige, festlige look, det tilf\u00f8rer dit rum.<\/p>\n<\/li>\n<\/ol>\n<h2 style=\"text-align: center\" data-start=\"1187\" data-end=\"1211\">\ud83d\udccf Produktdetaljer<\/h2>\n<ul data-start=\"1212\" data-end=\"1534\">\n<li data-start=\"1212\" data-end=\"1283\">\n<p data-start=\"1214\" data-end=\"1283\">Materiale: Smudsafvisende stof af h\u00f8j kvalitet med skridsikker bagside<\/p>\n<\/li>\n<li data-start=\"1284\" data-end=\"1337\">\n<p data-start=\"1286\" data-end=\"1337\">Kant: Dobbelt fintsyet l\u00e5sning for holdbarhed<\/p>\n<\/li>\n<li data-start=\"1338\" data-end=\"1389\">\n<p data-start=\"1340\" data-end=\"1389\">Tykkelse: Moderat &#8211; blokerer ikke for d\u00f8rens bev\u00e6gelser<\/p>\n<\/li>\n<li data-start=\"1390\" data-end=\"1433\">\n<p data-start=\"1392\" data-end=\"1433\">Base: Skridsikker bund af plastpartikler<\/p>\n<\/li>\n<li data-start=\"1434\" data-end=\"1490\">\n<p data-start=\"1436\" data-end=\"1490\">Anvendelse: Stuer, korridorer, gange eller indgangspartier<\/p>\n<\/li>\n<li data-start=\"1491\" data-end=\"1534\">\n<p data-start=\"1493\" data-end=\"1534\">Design: Dekorativt t\u00e6ppe med juletema<\/p>\n<\/li>\n<li data-start=\"1491\" data-end=\"1534\">St\u00f8rrelser: 40 x 120 cm, 50 x 160 cm, 60 x 160 cm,\u00a0<span data-spm-anchor-id=\"a2g0o.detail.0.i17.6758INCNINCNaL\">80 x 200 cm, 80 x 240 cm\u00a0<\/span><\/li>\n<\/ul>\n<h2 style=\"text-align: center\" data-start=\"1541\" data-end=\"1566\">\ud83d\udce6 Pakken indeholder<\/h2>\n<ul data-start=\"1567\" data-end=\"1595\">\n<li data-start=\"1567\" data-end=\"1595\">\n<p data-start=\"1569\" data-end=\"1595\">1x indend\u00f8rs julet\u00e6ppe.<\/p>\n<\/li>\n<\/ul>\n","protected":false},"excerpt":{"rendered":"<p>Tilf\u00f8j varme og festlig stemning til dit hjem denne jul \ud83c\udf84\u2728 Dette indend\u00f8rs julet\u00e6ppe bringer b\u00e5de stil og komfort til [&hellip;]<\/p>\n","protected":false},"featured_media":34340,"comment_status":"open","ping_status":"closed","template":"","meta":{"site-sidebar-layout":"default","site-content-layout":"","ast-site-content-layout":"default","site-content-style":"default","site-sidebar-style":"default","ast-global-header-display":"","ast-banner-title-visibility":"","ast-main-header-display":"","ast-hfb-above-header-display":"","ast-hfb-below-header-display":"","ast-hfb-mobile-header-display":"","site-post-title":"","ast-breadcrumbs-content":"","ast-featured-img":"","footer-sml-layout":"","theme-transparent-header-meta":"default","adv-header-id-meta":"","stick-header-meta":"","header-above-stick-meta":"","header-main-stick-meta":"","header-below-stick-meta":"","astra-migrate-meta-layouts":"set","ast-page-background-enabled":"default","ast-page-background-meta":{"desktop":{"background-color":"var(--ast-global-color-5)","background-image":"","background-repeat":"repeat","background-position":"center center","background-size":"auto","background-attachment":"scroll","background-type":"","background-media":"","overlay-type":"","overlay-color":"","overlay-opacity":"","overlay-gradient":""},"tablet":{"background-color":"","background-image":"","background-repeat":"repeat","background-position":"center center","background-size":"auto","background-attachment":"scroll","background-type":"","background-media":"","overlay-type":"","overlay-color":"","overlay-opacity":"","overlay-gradient":""},"mobile":{"background-color":"","background-image":"","background-repeat":"repeat","background-position":"center center","background-size":"auto","background-attachment":"scroll","background-type":"","background-media":"","overlay-type":"","overlay-color":"","overlay-opacity":"","overlay-gradient":""}},"ast-content-background-meta":{"desktop":{"background-color":"var(--ast-global-color-4)","background-image":"","background-repeat":"repeat","background-position":"center center","background-size":"auto","background-attachment":"scroll","background-type":"","background-media":"","overlay-type":"","overlay-color":"","overlay-opacity":"","overlay-gradient":""},"tablet":{"background-color":"var(--ast-global-color-4)","background-image":"","background-repeat":"repeat","background-position":"center center","background-size":"auto","background-attachment":"scroll","background-type":"","background-media":"","overlay-type":"","overlay-color":"","overlay-opacity":"","overlay-gradient":""},"mobile":{"background-color":"var(--ast-global-color-4)","background-image":"","background-repeat":"repeat","background-position":"center center","background-size":"auto","background-attachment":"scroll","background-type":"","background-media":"","overlay-type":"","overlay-color":"","overlay-opacity":"","overlay-gradient":""}}},"product_brand":[],"product_cat":[19],"product_tag":[],"class_list":{"0":"post-34344","1":"product","2":"type-product","3":"status-publish","4":"has-post-thumbnail","6":"product_cat-uncategorized","7":"pa_49069_9fqvdeff-40-x-120-cm","8":"pa_49069_9fqvdeff-50-x-160-cm","9":"pa_49069_9fqvdeff-60-x-160-cm","10":"pa_49069_9fqvdeff-80-x-200-cm","11":"pa_49069_9fqvdeff-80-x-240-cm","12":"pa_49069_k48u1sf1-a","13":"pa_49069_k48u1sf1-b","14":"pa_49069_k48u1sf1-c","15":"pa_49069_k48u1sf1-d","16":"desktop-align-left","17":"tablet-align-left","18":"mobile-align-left","20":"first","21":"instock","22":"shipping-taxable","23":"purchasable","24":"product-type-variable","25":"has-default-attributes"},"_links":{"self":[{"href":"https:\/\/ecostera.com\/dk\/wp-json\/wp\/v2\/product\/34344","targetHints":{"allow":["GET"]}}],"collection":[{"href":"https:\/\/ecostera.com\/dk\/wp-json\/wp\/v2\/product"}],"about":[{"href":"https:\/\/ecostera.com\/dk\/wp-json\/wp\/v2\/types\/product"}],"replies":[{"embeddable":true,"href":"https:\/\/ecostera.com\/dk\/wp-json\/wp\/v2\/comments?post=34344"}],"wp:featuredmedia":[{"embeddable":true,"href":"https:\/\/ecostera.com\/dk\/wp-json\/wp\/v2\/media\/34340"}],"wp:attachment":[{"href":"https:\/\/ecostera.com\/dk\/wp-json\/wp\/v2\/media?parent=34344"}],"wp:term":[{"taxonomy":"product_brand","embeddable":true,"href":"https:\/\/ecostera.com\/dk\/wp-json\/wp\/v2\/product_brand?post=34344"},{"taxonomy":"product_cat","embeddable":true,"href":"https:\/\/ecostera.com\/dk\/wp-json\/wp\/v2\/product_cat?post=34344"},{"taxonomy":"product_tag","embeddable":true,"href":"https:\/\/ecostera.com\/dk\/wp-json\/wp\/v2\/product_tag?post=34344"}],"curies":[{"name":"wp","href":"https:\/\/api.w.org\/{rel}","templated":true}]}}