{"id":34503,"date":"2025-11-12T18:50:36","date_gmt":"2025-11-12T16:50:36","guid":{"rendered":"https:\/\/ecostera.com\/dk\/product\/juledekoration-til-garageporten\/"},"modified":"2025-11-24T15:47:15","modified_gmt":"2025-11-24T13:47:15","slug":"juledekoration-til-garageporten","status":"publish","type":"product","link":"https:\/\/ecostera.com\/dk\/product\/juledekoration-til-garageporten\/","title":{"rendered":"Juledekoration til garageporten"},"content":{"rendered":"<p style=\"text-align: center\" data-start=\"0\" data-end=\"74\"><strong data-start=\"0\" data-end=\"72\">Forvandl din garage til et festligt mesterv\u00e6rk denne jul \ud83c\udf85\ud83d\udeaa<\/strong><\/p>\n<p style=\"text-align: center\" data-start=\"76\" data-end=\"386\">Denne juledekoration til garageporten forvandler \u00f8jeblikkeligt din almindelige garageport til en fantastisk ferieudstilling. Den er lavet af vejrbestandig polyester af h\u00f8j kvalitet, er nem at installere, kan genbruges og vil med garanti g\u00f8re dit hjem til det mest festlige i kvarteret &#8211; uden at p\u00e5virke din ports normale brug.<\/p>\n<p data-start=\"76\" data-end=\"386\"><img fetchpriority=\"high\" decoding=\"async\" class=\" wp-image-40883 aligncenter\" src=\"https:\/\/keluvo.com\/template\/wp-content\/uploads\/sites\/5\/2025\/11\/e2afec3aa395c44cd5ae9321c2851e4cb9bd7af8.webp\" alt=\"\" width=\"585\" height=\"329\" \/><\/p>\n<h2 style=\"text-align: center\" data-start=\"393\" data-end=\"415\"><strong>Vigtigste Fordele<\/strong><\/h2>\n<p data-start=\"418\" data-end=\"516\">\ud83c\udf84 I\u00f8jnefaldende design &#8211; Lyse, farverige julem\u00f8nstre, der f\u00e5r din garage til at skille sig ud.<\/p>\n<p data-start=\"519\" data-end=\"623\">\u2699\ufe0f Hurtig installation &#8211; S\u00e6ttes op p\u00e5 f\u00e5 minutter med de medf\u00f8lgende skruer &#8211; kr\u00e6ver ikke specialv\u00e6rkt\u00f8j.<\/p>\n<p data-start=\"626\" data-end=\"720\">\ud83e\uddf1 Holdbart materiale &#8211; Lavet af tyk polyester af h\u00f8j kvalitet, der modst\u00e5r slitage.<\/p>\n<p data-start=\"723\" data-end=\"810\">\ud83d\udca1 Ingen forstyrrelser &#8211; Fungerer perfekt p\u00e5 b\u00e5de rulle- og taggarageporte.<\/p>\n<p data-start=\"813\" data-end=\"905\">\ud83d\udd01 Kan genbruges og er nem at opbevare &#8211; Fold den sammen, og brug den igen i mange julem\u00e5neder fremover.<\/p>\n<p data-start=\"813\" data-end=\"905\"><img decoding=\"async\" class=\" wp-image-40884 aligncenter\" src=\"https:\/\/keluvo.com\/template\/wp-content\/uploads\/sites\/5\/2025\/11\/10229-ezgif.com-video-to-webp-converter-2.webp\" alt=\"\" width=\"549\" height=\"309\" \/><\/p>\n<h2 style=\"text-align: center\" data-start=\"912\" data-end=\"931\"><strong>S\u00e5dan Bruges<\/strong><\/h2>\n<ol data-start=\"932\" data-end=\"1256\">\n<li data-start=\"932\" data-end=\"984\">\n<p data-start=\"935\" data-end=\"984\">Pak dit garageportovertr\u00e6k ud af pakken.<\/p>\n<\/li>\n<li data-start=\"985\" data-end=\"1044\">\n<p data-start=\"988\" data-end=\"1044\">Placer det p\u00e5 tv\u00e6rs af din garageport, s\u00e5 det passer perfekt.<\/p>\n<\/li>\n<li data-start=\"1045\" data-end=\"1143\">\n<p data-start=\"1048\" data-end=\"1143\">Brug det medf\u00f8lgende monteringss\u00e6t til at s\u00e6tte det p\u00e5 plads.<\/p>\n<\/li>\n<li data-start=\"1144\" data-end=\"1190\">\n<p data-start=\"1147\" data-end=\"1190\">Glat rynker ud, og juster efter behov.<\/p>\n<\/li>\n<li data-start=\"1191\" data-end=\"1256\">\n<p data-start=\"1194\" data-end=\"1256\">Tr\u00e6d tilbage, og nyd din flotte juledekoration!<\/p>\n<\/li>\n<\/ol>\n<h2 style=\"text-align: center\" data-start=\"1263\" data-end=\"1287\"><strong>Produktoplysninger<\/strong><\/h2>\n<ul data-start=\"1288\" data-end=\"1565\">\n<li data-start=\"1288\" data-end=\"1319\">\n<p data-start=\"1290\" data-end=\"1319\">Materiale: Holdbar polyester<\/p>\n<\/li>\n<li data-start=\"1320\" data-end=\"1373\">\n<p data-start=\"1322\" data-end=\"1373\">Str\u00f8mkilde: Ingen p\u00e5kr\u00e6vet (manuel installation)<\/p>\n<\/li>\n<li data-start=\"1374\" data-end=\"1430\">\n<p data-start=\"1376\" data-end=\"1394\">Tilg\u00e6ngelige st\u00f8rrelser: 150 x 210 cm, 180 x 240 cm, 180 x 400 cm<\/p>\n<\/li>\n<li data-start=\"1431\" data-end=\"1509\">\n<p data-start=\"1433\" data-end=\"1509\">Kompatibilitet: Passer til b\u00e5de rulleporte (ledhejseporte) og baldakinporte (flade porte)<\/p>\n<\/li>\n<li data-start=\"1510\" data-end=\"1565\">\n<p data-start=\"1512\" data-end=\"1565\">Anvendelse: Udend\u00f8rs festlig dekoration (vejrbestandig)<\/p>\n<\/li>\n<\/ul>\n<h2 style=\"text-align: center\" data-start=\"1572\" data-end=\"1597\"><strong>Pakken indeholder<\/strong><\/h2>\n<ul data-start=\"1598\" data-end=\"1724\">\n<li data-start=\"1598\" data-end=\"1642\">\n<p data-start=\"1600\" data-end=\"1642\">1x julepynt til garageporte<\/p>\n<\/li>\n<li data-start=\"1643\" data-end=\"1724\">\n<p data-start=\"1645\" data-end=\"1724\">1x monteringss\u00e6t.<\/p>\n<\/li>\n<\/ul>\n","protected":false},"excerpt":{"rendered":"<p>Forvandl din garage til et festligt mesterv\u00e6rk denne jul \ud83c\udf85\ud83d\udeaa Denne juledekoration til garageporten forvandler \u00f8jeblikkeligt din almindelige garageport til [&hellip;]<\/p>\n","protected":false},"featured_media":34499,"comment_status":"open","ping_status":"closed","template":"","meta":{"site-sidebar-layout":"default","site-content-layout":"","ast-site-content-layout":"default","site-content-style":"default","site-sidebar-style":"default","ast-global-header-display":"","ast-banner-title-visibility":"","ast-main-header-display":"","ast-hfb-above-header-display":"","ast-hfb-below-header-display":"","ast-hfb-mobile-header-display":"","site-post-title":"","ast-breadcrumbs-content":"","ast-featured-img":"","footer-sml-layout":"","ast-disable-related-posts":"","theme-transparent-header-meta":"default","adv-header-id-meta":"","stick-header-meta":"","header-above-stick-meta":"","header-main-stick-meta":"","header-below-stick-meta":"","astra-migrate-meta-layouts":"set","ast-page-background-enabled":"default","ast-page-background-meta":{"desktop":{"background-color":"var(--ast-global-color-5)","background-image":"","background-repeat":"repeat","background-position":"center center","background-size":"auto","background-attachment":"scroll","background-type":"","background-media":"","overlay-type":"","overlay-color":"","overlay-opacity":"","overlay-gradient":""},"tablet":{"background-color":"","background-image":"","background-repeat":"repeat","background-position":"center center","background-size":"auto","background-attachment":"scroll","background-type":"","background-media":"","overlay-type":"","overlay-color":"","overlay-opacity":"","overlay-gradient":""},"mobile":{"background-color":"","background-image":"","background-repeat":"repeat","background-position":"center center","background-size":"auto","background-attachment":"scroll","background-type":"","background-media":"","overlay-type":"","overlay-color":"","overlay-opacity":"","overlay-gradient":""}},"ast-content-background-meta":{"desktop":{"background-color":"var(--ast-global-color-4)","background-image":"","background-repeat":"repeat","background-position":"center center","background-size":"auto","background-attachment":"scroll","background-type":"","background-media":"","overlay-type":"","overlay-color":"","overlay-opacity":"","overlay-gradient":""},"tablet":{"background-color":"var(--ast-global-color-4)","background-image":"","background-repeat":"repeat","background-position":"center center","background-size":"auto","background-attachment":"scroll","background-type":"","background-media":"","overlay-type":"","overlay-color":"","overlay-opacity":"","overlay-gradient":""},"mobile":{"background-color":"var(--ast-global-color-4)","background-image":"","background-repeat":"repeat","background-position":"center center","background-size":"auto","background-attachment":"scroll","background-type":"","background-media":"","overlay-type":"","overlay-color":"","overlay-opacity":"","overlay-gradient":""}}},"product_brand":[],"product_cat":[19],"product_tag":[],"class_list":{"0":"post-34503","1":"product","2":"type-product","3":"status-publish","4":"has-post-thumbnail","6":"product_cat-uncategorized","7":"pa_53977_e5ulrllv-150-x-210-cm","8":"pa_53977_e5ulrllv-180-x-240-cm","9":"pa_53977_e5ulrllv-180-x-400-cm","10":"pa_53977_sl4riia1-a","11":"pa_53977_sl4riia1-b","12":"pa_53977_sl4riia1-c","13":"pa_53977_sl4riia1-d","14":"pa_53977_sl4riia1-e","15":"pa_53977_sl4riia1-f","16":"pa_53977_sl4riia1-g","17":"pa_53977_sl4riia1-h","18":"pa_53977_sl4riia1-i","19":"pa_53977_sl4riia1-j","20":"desktop-align-left","21":"tablet-align-left","22":"mobile-align-left","24":"first","25":"instock","26":"shipping-taxable","27":"purchasable","28":"product-type-variable","29":"has-default-attributes"},"_links":{"self":[{"href":"https:\/\/ecostera.com\/dk\/wp-json\/wp\/v2\/product\/34503","targetHints":{"allow":["GET"]}}],"collection":[{"href":"https:\/\/ecostera.com\/dk\/wp-json\/wp\/v2\/product"}],"about":[{"href":"https:\/\/ecostera.com\/dk\/wp-json\/wp\/v2\/types\/product"}],"replies":[{"embeddable":true,"href":"https:\/\/ecostera.com\/dk\/wp-json\/wp\/v2\/comments?post=34503"}],"wp:featuredmedia":[{"embeddable":true,"href":"https:\/\/ecostera.com\/dk\/wp-json\/wp\/v2\/media\/34499"}],"wp:attachment":[{"href":"https:\/\/ecostera.com\/dk\/wp-json\/wp\/v2\/media?parent=34503"}],"wp:term":[{"taxonomy":"product_brand","embeddable":true,"href":"https:\/\/ecostera.com\/dk\/wp-json\/wp\/v2\/product_brand?post=34503"},{"taxonomy":"product_cat","embeddable":true,"href":"https:\/\/ecostera.com\/dk\/wp-json\/wp\/v2\/product_cat?post=34503"},{"taxonomy":"product_tag","embeddable":true,"href":"https:\/\/ecostera.com\/dk\/wp-json\/wp\/v2\/product_tag?post=34503"}],"curies":[{"name":"wp","href":"https:\/\/api.w.org\/{rel}","templated":true}]}}