{"id":34662,"date":"2025-11-12T20:15:49","date_gmt":"2025-11-12T18:15:49","guid":{"rendered":"https:\/\/ecostera.com\/dk\/product\/vandfaldslys-til-juletraeer\/"},"modified":"2025-11-18T15:43:18","modified_gmt":"2025-11-18T13:43:18","slug":"vandfaldslys-til-juletraeer","status":"publish","type":"product","link":"https:\/\/ecostera.com\/dk\/product\/vandfaldslys-til-juletraeer\/","title":{"rendered":"Vandfaldslys til juletr\u00e6er"},"content":{"rendered":"<p style=\"text-align: center\" data-start=\"0\" data-end=\"75\"><strong data-start=\"0\" data-end=\"73\">Pynt dit juletr\u00e6 p\u00e5 1 minut &#8211; ingen sammenfiltring, ingen stress \ud83c\udf84\u2728<\/strong><\/p>\n<p style=\"text-align: center\" data-start=\"77\" data-end=\"432\">Disse vandfaldslys til juletr\u00e6er g\u00f8r det hurtigt, nemt og magisk at pynte op. I mods\u00e6tning til traditionelle lysk\u00e6der, der skal vikles i en uendelighed, er disse lys designet til at passe perfekt over dit juletr\u00e6 &#8211; bare placer ringen p\u00e5 toppen, lad tr\u00e5dene falde, og nyd et fantastisk vandfald af lys, der forvandler dit hjem til et festligt eventyrland.<\/p>\n<p data-start=\"77\" data-end=\"432\"><img decoding=\"async\" class=\"size-full wp-image-41001 aligncenter\" src=\"https:\/\/keluvo.com\/template\/wp-content\/uploads\/sites\/5\/2025\/11\/102213-ezgif.com-video-to-webp-converter-1.webp\" alt=\"\" \/><\/p>\n<h2 style=\"text-align: center\" data-start=\"439\" data-end=\"461\"><strong>Hovedfordele<\/strong><\/h2>\n<p data-start=\"464\" data-end=\"542\">\u26a1 1-minuts ops\u00e6tning &#8211; Ingen vikling eller v\u00e6rkt\u00f8j er n\u00f8dvendigt &#8211; bare slip og dekorer.<\/p>\n<p data-start=\"545\" data-end=\"656\">\ud83c\udf08 8 belysningstilstande &#8211; V\u00e6lg mellem blinkende, langsom fade, konstant gl\u00f8d og mere for den perfekte festlige stemning.<\/p>\n<p data-start=\"659\" data-end=\"735\">\ud83d\udd06 4 lysstyrkeniveauer &#8211; Juster lysintensiteten, s\u00e5 den passer til dit hum\u00f8r.<\/p>\n<p data-start=\"849\" data-end=\"961\">\ud83d\udca7 Vandt\u00e6t og sikker &#8211; IP44-klassificeret til indend\u00f8rs\/udend\u00f8rs brug, sikker for b\u00f8rn og k\u00e6ledyr med USB-stikforbindelse.<\/p>\n<p data-start=\"964\" data-end=\"1064\">\ud83c\udf0d Energibesparende LED&#8217;er &#8211; Bruger 90 % mindre str\u00f8m end traditionelle p\u00e6rer og forbliver k\u00f8lig at r\u00f8re ved.<\/p>\n<p data-start=\"964\" data-end=\"1064\"><img fetchpriority=\"high\" decoding=\"async\" class=\" wp-image-41006 aligncenter\" src=\"https:\/\/keluvo.com\/template\/wp-content\/uploads\/sites\/5\/2025\/11\/c08152ec00a25155e7e652c27bb742d70db5e687-1.gif\" alt=\"\" width=\"471\" height=\"628\" \/><\/p>\n<h2 style=\"text-align: center\" data-start=\"1071\" data-end=\"1090\"><strong>S\u00e5dan Bruges<\/strong><\/h2>\n<ol data-start=\"1091\" data-end=\"1421\">\n<li data-start=\"1091\" data-end=\"1159\">\n<p data-start=\"1094\" data-end=\"1159\">Placer glorieringen sikkert p\u00e5 toppen af dit juletr\u00e6.<\/p>\n<\/li>\n<li data-start=\"1160\" data-end=\"1219\">\n<p data-start=\"1163\" data-end=\"1219\">Lad hver lysk\u00e6de falde j\u00e6vnt rundt om tr\u00e6et.<\/p>\n<\/li>\n<li data-start=\"1220\" data-end=\"1261\">\n<p data-start=\"1223\" data-end=\"1261\">Tilslut lysene til en str\u00f8mkilde.<\/p>\n<\/li>\n<li data-start=\"1262\" data-end=\"1350\">\n<p data-start=\"1265\" data-end=\"1350\">Brug fjernbetjeningen eller stik-knappen til at v\u00e6lge din lystilstand og lysstyrke.<\/p>\n<\/li>\n<li data-start=\"1351\" data-end=\"1421\">\n<p data-start=\"1354\" data-end=\"1421\">L\u00e6n dig tilbage og nyd dit bl\u00e6ndende juletr\u00e6s vandfaldseffekt!<\/p>\n<\/li>\n<\/ol>\n<h2 style=\"text-align: center\" data-start=\"1428\" data-end=\"1452\"><strong>Produktdetaljer<\/strong><\/h2>\n<ul data-start=\"1453\" data-end=\"2085\">\n<li data-start=\"1510\" data-end=\"1548\">\n<p data-start=\"1512\" data-end=\"1548\">Tilg\u00e6ngelige st\u00f8rrelser: 1,5 m (200LED), 2 m (280LED), 3 m (400LED)<\/p>\n<\/li>\n<li data-start=\"1549\" data-end=\"1666\">\n<p data-start=\"1551\" data-end=\"1666\">Belysningstilstande: 8 (kombination, i b\u00f8lger, sekventiel, Slo-Glo, blinkende\/k\u00e6de, langsom fade, blinkende, konstant t\u00e6ndt)<\/p>\n<\/li>\n<li data-start=\"1667\" data-end=\"1702\">\n<p data-start=\"1669\" data-end=\"1702\">Lysstyrke: 4 justerbare niveauer<\/p>\n<\/li>\n<li data-start=\"1703\" data-end=\"1759\">\n<p data-start=\"1705\" data-end=\"1759\">Kontrol: Fjernbetjening<\/p>\n<\/li>\n<li data-start=\"1792\" data-end=\"1838\">\n<p data-start=\"1794\" data-end=\"1838\">Str\u00f8m: USB-stik<\/p>\n<\/li>\n<li data-start=\"1839\" data-end=\"1888\">\n<p data-start=\"1841\" data-end=\"1888\">Materiale: PVC + kobber (milit\u00e6rgr\u00f8nt kabel)<\/p>\n<\/li>\n<li data-start=\"1889\" data-end=\"1939\">\n<p data-start=\"1891\" data-end=\"1939\">Vandt\u00e6t klassificer&#8230;<\/p>\n<\/li>\n<\/ul>\n","protected":false},"excerpt":{"rendered":"<p>Pynt dit juletr\u00e6 p\u00e5 1 minut &#8211; ingen sammenfiltring, ingen stress \ud83c\udf84\u2728 Disse vandfaldslys til juletr\u00e6er g\u00f8r det hurtigt, nemt [&hellip;]<\/p>\n","protected":false},"featured_media":34658,"comment_status":"open","ping_status":"closed","template":"","meta":{"site-sidebar-layout":"default","site-content-layout":"","ast-site-content-layout":"default","site-content-style":"default","site-sidebar-style":"default","ast-global-header-display":"","ast-banner-title-visibility":"","ast-main-header-display":"","ast-hfb-above-header-display":"","ast-hfb-below-header-display":"","ast-hfb-mobile-header-display":"","site-post-title":"","ast-breadcrumbs-content":"","ast-featured-img":"","footer-sml-layout":"","theme-transparent-header-meta":"default","adv-header-id-meta":"","stick-header-meta":"","header-above-stick-meta":"","header-main-stick-meta":"","header-below-stick-meta":"","astra-migrate-meta-layouts":"set","ast-page-background-enabled":"default","ast-page-background-meta":{"desktop":{"background-color":"var(--ast-global-color-5)","background-image":"","background-repeat":"repeat","background-position":"center center","background-size":"auto","background-attachment":"scroll","background-type":"","background-media":"","overlay-type":"","overlay-color":"","overlay-opacity":"","overlay-gradient":""},"tablet":{"background-color":"","background-image":"","background-repeat":"repeat","background-position":"center center","background-size":"auto","background-attachment":"scroll","background-type":"","background-media":"","overlay-type":"","overlay-color":"","overlay-opacity":"","overlay-gradient":""},"mobile":{"background-color":"","background-image":"","background-repeat":"repeat","background-position":"center center","background-size":"auto","background-attachment":"scroll","background-type":"","background-media":"","overlay-type":"","overlay-color":"","overlay-opacity":"","overlay-gradient":""}},"ast-content-background-meta":{"desktop":{"background-color":"var(--ast-global-color-4)","background-image":"","background-repeat":"repeat","background-position":"center center","background-size":"auto","background-attachment":"scroll","background-type":"","background-media":"","overlay-type":"","overlay-color":"","overlay-opacity":"","overlay-gradient":""},"tablet":{"background-color":"var(--ast-global-color-4)","background-image":"","background-repeat":"repeat","background-position":"center center","background-size":"auto","background-attachment":"scroll","background-type":"","background-media":"","overlay-type":"","overlay-color":"","overlay-opacity":"","overlay-gradient":""},"mobile":{"background-color":"var(--ast-global-color-4)","background-image":"","background-repeat":"repeat","background-position":"center center","background-size":"auto","background-attachment":"scroll","background-type":"","background-media":"","overlay-type":"","overlay-color":"","overlay-opacity":"","overlay-gradient":""}}},"product_brand":[],"product_cat":[19],"product_tag":[],"class_list":{"0":"post-34662","1":"product","2":"type-product","3":"status-publish","4":"has-post-thumbnail","6":"product_cat-uncategorized","7":"pa_52999_27mdblqi-flerfarvet","8":"pa_52999_27mdblqi-varm-hvid","9":"pa_52999_jhhog4fq-1-5m","10":"pa_52999_jhhog4fq-2m","11":"pa_52999_jhhog4fq-3m","12":"desktop-align-left","13":"tablet-align-left","14":"mobile-align-left","16":"first","17":"instock","18":"shipping-taxable","19":"purchasable","20":"product-type-variable","21":"has-default-attributes"},"_links":{"self":[{"href":"https:\/\/ecostera.com\/dk\/wp-json\/wp\/v2\/product\/34662","targetHints":{"allow":["GET"]}}],"collection":[{"href":"https:\/\/ecostera.com\/dk\/wp-json\/wp\/v2\/product"}],"about":[{"href":"https:\/\/ecostera.com\/dk\/wp-json\/wp\/v2\/types\/product"}],"replies":[{"embeddable":true,"href":"https:\/\/ecostera.com\/dk\/wp-json\/wp\/v2\/comments?post=34662"}],"wp:featuredmedia":[{"embeddable":true,"href":"https:\/\/ecostera.com\/dk\/wp-json\/wp\/v2\/media\/34658"}],"wp:attachment":[{"href":"https:\/\/ecostera.com\/dk\/wp-json\/wp\/v2\/media?parent=34662"}],"wp:term":[{"taxonomy":"product_brand","embeddable":true,"href":"https:\/\/ecostera.com\/dk\/wp-json\/wp\/v2\/product_brand?post=34662"},{"taxonomy":"product_cat","embeddable":true,"href":"https:\/\/ecostera.com\/dk\/wp-json\/wp\/v2\/product_cat?post=34662"},{"taxonomy":"product_tag","embeddable":true,"href":"https:\/\/ecostera.com\/dk\/wp-json\/wp\/v2\/product_tag?post=34662"}],"curies":[{"name":"wp","href":"https:\/\/api.w.org\/{rel}","templated":true}]}}