{"id":34683,"date":"2025-11-12T20:17:38","date_gmt":"2025-11-12T18:17:38","guid":{"rendered":"https:\/\/ecostera.com\/dk\/product\/saet-med-juledyser\/"},"modified":"2025-11-18T15:43:26","modified_gmt":"2025-11-18T13:43:26","slug":"saet-med-juledyser","status":"publish","type":"product","link":"https:\/\/ecostera.com\/dk\/product\/saet-med-juledyser\/","title":{"rendered":"S\u00e6t med juledyser"},"content":{"rendered":"<p style=\"text-align: center\" data-start=\"0\" data-end=\"64\"><strong data-start=\"0\" data-end=\"62\">G\u00f8r Din Julebagning Til Et Festligt Mesterv\u00e6rk \ud83c\udf84\ud83c\udf6a<\/strong><\/p>\n<p style=\"text-align: center\" data-start=\"66\" data-end=\"426\">F\u00e5 dine cookies, cupcakes og kager til at se fantastiske ud i julen med dette s\u00e6t juledyser! Tyllerne er designet med smukke, festlige former, s\u00e5 du nemt kan lave professionelt udseende l\u00e6kkerier, der vil gl\u00e6de b\u00e5de b\u00f8rn og voksne. Uanset om du er nybegynder eller en erfaren bager, g\u00f8r dette s\u00e6t det sjovt, enkelt og magisk at dekorere.<\/p>\n<p data-start=\"66\" data-end=\"426\"><img decoding=\"async\" class=\"size-full wp-image-41021 aligncenter\" src=\"https:\/\/keluvo.com\/template\/wp-content\/uploads\/sites\/5\/2025\/11\/102214-ezgif.com-video-to-webp-converter-1.webp\" alt=\"\" \/><\/p>\n<h2 style=\"text-align: center\" data-start=\"433\" data-end=\"455\"><strong>Vigtigste Fordele<\/strong><\/h2>\n<p data-start=\"458\" data-end=\"571\">\ud83c\udf70 Smukke, festlige designs &#8211; Skab charmerende julem\u00f8nstre, der f\u00e5r dine desserter til at se uimodst\u00e5elige ud.<\/p>\n<p data-start=\"574\" data-end=\"686\">\ud83d\udcaa Materialer af h\u00f8j kvalitet &#8211; Fremstillet af st\u00e6rkt, korrosionsbestandigt 304 rustfrit st\u00e5l til langvarig brug.<\/p>\n<p data-start=\"689\" data-end=\"794\">\ud83d\udc69\u200d\ud83c\udf73 Let at bruge &#8211; Perfekt til b\u00e5de nybegyndere og erfarne bagere &#8211; kr\u00e6ver ingen avancerede f\u00e6rdigheder.<\/p>\n<p data-start=\"797\" data-end=\"901\">\ud83e\uddc1 F\u00f8devaresikker og giftfri &#8211; Mundstykkerne er lavet af 304 rustfrit st\u00e5l.<\/p>\n<p data-start=\"904\" data-end=\"1021\">\ud83c\udf81 Perfekt julegave &#8211; En bet\u00e6nksom og sjov gave til alle, der elsker at bage eller lave festlige l\u00e6kkerier.<\/p>\n<p data-start=\"904\" data-end=\"1021\"><img fetchpriority=\"high\" decoding=\"async\" class=\" wp-image-41026 aligncenter\" src=\"https:\/\/keluvo.com\/template\/wp-content\/uploads\/sites\/5\/2025\/11\/bf2bc86acb797c9fedfeece942d584e2be46873a.gif\" alt=\"\" width=\"499\" height=\"499\" \/><\/p>\n<h2 style=\"text-align: center\" data-start=\"1028\" data-end=\"1047\"><strong>S\u00e5dan Bruges<\/strong><\/h2>\n<ol data-start=\"1048\" data-end=\"1331\">\n<li data-start=\"1048\" data-end=\"1112\">\n<p data-start=\"1051\" data-end=\"1112\">Fastg\u00f8r det \u00f8nskede mundstykke til omformeren og spr\u00f8jteposen.<\/p>\n<\/li>\n<li data-start=\"1113\" data-end=\"1169\">\n<p data-start=\"1116\" data-end=\"1169\">Fyld posen med frosting eller creme efter eget valg.<\/p>\n<\/li>\n<li data-start=\"1170\" data-end=\"1247\">\n<p data-start=\"1173\" data-end=\"1247\">Klem forsigtigt posen for at spr\u00f8jte dine yndlingsformer og festlige designs.<\/p>\n<\/li>\n<li data-start=\"1248\" data-end=\"1331\">\n<p data-start=\"1251\" data-end=\"1331\">Dekorer cookies, kager, cupcakes og meget mere &#8211; og nyd de smukke resultater!<\/p>\n<\/li>\n<\/ol>\n<h2 style=\"text-align: center\" data-start=\"1338\" data-end=\"1362\"><strong>Produktdetaljer<\/strong><\/h2>\n<ul data-start=\"1363\" data-end=\"1605\">\n<li data-start=\"1403\" data-end=\"1474\">\n<p data-start=\"1405\" data-end=\"1474\">Materiale: 304 rustfrit st\u00e5l (mundstykker)<\/p>\n<\/li>\n<li data-start=\"1475\" data-end=\"1512\">\n<p data-start=\"1477\" data-end=\"1512\">Type: Russiske kuglespr\u00f8jtetyller<\/p>\n<\/li>\n<li data-start=\"1513\" data-end=\"1568\">\n<p data-start=\"1515\" data-end=\"1568\">Velegnet til: Cookies, cupcakes, kager og meget mere<\/p>\n<\/li>\n<li data-start=\"1569\" data-end=\"1605\">\n<p data-start=\"1571\" data-end=\"1605\">Sikker, holdbar og nem at reng\u00f8re<\/p>\n<\/li>\n<li data-start=\"1569\" data-end=\"1605\">St\u00f8rrelse: Basisdiameter: 37mm<\/li>\n<\/ul>\n<h2 style=\"text-align: center\" data-start=\"1612\" data-end=\"1637\"><strong>Pakken indeholder<\/strong><\/h2>\n<ul data-start=\"1638\" data-end=\"1714\">\n<li data-start=\"1638\" data-end=\"1677\">\n<p data-start=\"1640\" data-end=\"1677\">4, 10, 13x julespr\u00f8jtetyller.<\/p>\n<\/li>\n<\/ul>\n","protected":false},"excerpt":{"rendered":"<p>G\u00f8r Din Julebagning Til Et Festligt Mesterv\u00e6rk \ud83c\udf84\ud83c\udf6a F\u00e5 dine cookies, cupcakes og kager til at se fantastiske ud i [&hellip;]<\/p>\n","protected":false},"featured_media":34679,"comment_status":"open","ping_status":"closed","template":"","meta":{"site-sidebar-layout":"default","site-content-layout":"","ast-site-content-layout":"default","site-content-style":"default","site-sidebar-style":"default","ast-global-header-display":"","ast-banner-title-visibility":"","ast-main-header-display":"","ast-hfb-above-header-display":"","ast-hfb-below-header-display":"","ast-hfb-mobile-header-display":"","site-post-title":"","ast-breadcrumbs-content":"","ast-featured-img":"","footer-sml-layout":"","theme-transparent-header-meta":"default","adv-header-id-meta":"","stick-header-meta":"","header-above-stick-meta":"","header-main-stick-meta":"","header-below-stick-meta":"","astra-migrate-meta-layouts":"set","ast-page-background-enabled":"default","ast-page-background-meta":{"desktop":{"background-color":"var(--ast-global-color-5)","background-image":"","background-repeat":"repeat","background-position":"center center","background-size":"auto","background-attachment":"scroll","background-type":"","background-media":"","overlay-type":"","overlay-color":"","overlay-opacity":"","overlay-gradient":""},"tablet":{"background-color":"","background-image":"","background-repeat":"repeat","background-position":"center center","background-size":"auto","background-attachment":"scroll","background-type":"","background-media":"","overlay-type":"","overlay-color":"","overlay-opacity":"","overlay-gradient":""},"mobile":{"background-color":"","background-image":"","background-repeat":"repeat","background-position":"center center","background-size":"auto","background-attachment":"scroll","background-type":"","background-media":"","overlay-type":"","overlay-color":"","overlay-opacity":"","overlay-gradient":""}},"ast-content-background-meta":{"desktop":{"background-color":"var(--ast-global-color-4)","background-image":"","background-repeat":"repeat","background-position":"center center","background-size":"auto","background-attachment":"scroll","background-type":"","background-media":"","overlay-type":"","overlay-color":"","overlay-opacity":"","overlay-gradient":""},"tablet":{"background-color":"var(--ast-global-color-4)","background-image":"","background-repeat":"repeat","background-position":"center center","background-size":"auto","background-attachment":"scroll","background-type":"","background-media":"","overlay-type":"","overlay-color":"","overlay-opacity":"","overlay-gradient":""},"mobile":{"background-color":"var(--ast-global-color-4)","background-image":"","background-repeat":"repeat","background-position":"center center","background-size":"auto","background-attachment":"scroll","background-type":"","background-media":"","overlay-type":"","overlay-color":"","overlay-opacity":"","overlay-gradient":""}}},"product_brand":[],"product_cat":[19],"product_tag":[],"class_list":{"0":"post-34683","1":"product","2":"type-product","3":"status-publish","4":"has-post-thumbnail","6":"product_cat-uncategorized","7":"pa_53857_brktu0j6-4-stk","8":"pa_53857_brktu0j6-10-stk","9":"pa_53857_brktu0j6-13-stk","10":"desktop-align-left","11":"tablet-align-left","12":"mobile-align-left","14":"first","15":"instock","16":"shipping-taxable","17":"purchasable","18":"product-type-variable"},"_links":{"self":[{"href":"https:\/\/ecostera.com\/dk\/wp-json\/wp\/v2\/product\/34683","targetHints":{"allow":["GET"]}}],"collection":[{"href":"https:\/\/ecostera.com\/dk\/wp-json\/wp\/v2\/product"}],"about":[{"href":"https:\/\/ecostera.com\/dk\/wp-json\/wp\/v2\/types\/product"}],"replies":[{"embeddable":true,"href":"https:\/\/ecostera.com\/dk\/wp-json\/wp\/v2\/comments?post=34683"}],"wp:featuredmedia":[{"embeddable":true,"href":"https:\/\/ecostera.com\/dk\/wp-json\/wp\/v2\/media\/34679"}],"wp:attachment":[{"href":"https:\/\/ecostera.com\/dk\/wp-json\/wp\/v2\/media?parent=34683"}],"wp:term":[{"taxonomy":"product_brand","embeddable":true,"href":"https:\/\/ecostera.com\/dk\/wp-json\/wp\/v2\/product_brand?post=34683"},{"taxonomy":"product_cat","embeddable":true,"href":"https:\/\/ecostera.com\/dk\/wp-json\/wp\/v2\/product_cat?post=34683"},{"taxonomy":"product_tag","embeddable":true,"href":"https:\/\/ecostera.com\/dk\/wp-json\/wp\/v2\/product_tag?post=34683"}],"curies":[{"name":"wp","href":"https:\/\/api.w.org\/{rel}","templated":true}]}}