{"id":34872,"date":"2025-11-13T21:00:01","date_gmt":"2025-11-13T19:00:01","guid":{"rendered":"https:\/\/ecostera.com\/dk\/product\/halogen-laekagedetektor\/"},"modified":"2025-11-24T15:48:53","modified_gmt":"2025-11-24T13:48:53","slug":"halogen-laekagedetektor","status":"publish","type":"product","link":"https:\/\/ecostera.com\/dk\/product\/halogen-laekagedetektor\/","title":{"rendered":"Halogen-l\u00e6kagedetektor"},"content":{"rendered":"<p style=\"text-align: center\" data-start=\"0\" data-end=\"73\"><strong data-start=\"0\" data-end=\"71\">Registrer hurtigt k\u00f8lemiddell\u00e6kager med stor n\u00f8jagtighed og sikkerhed. \u26a1<\/strong><\/p>\n<p style=\"text-align: center\" data-start=\"75\" data-end=\"433\">Denne halogenl\u00e6kagedetektor er et p\u00e5lideligt h\u00e5ndholdt v\u00e6rkt\u00f8j, der er designet til \u00f8jeblikkeligt at registrere l\u00e6kager i klimaanl\u00e6g, k\u00f8leskabe, brandslukningssystemer og alt udstyr, der bruger halogenbaserede k\u00f8lemidler. Med sin h\u00f8je f\u00f8lsomhed, hurtige responstid og klare audiovisuelle advarsler kan du hurtigt lokalisere l\u00e6kager og forhindre dyre systemfejl.<\/p>\n<p data-start=\"75\" data-end=\"433\"><img decoding=\"async\" class=\"size-full wp-image-41119 aligncenter\" src=\"https:\/\/keluvo.com\/template\/wp-content\/uploads\/sites\/5\/2025\/11\/10226-ezgif.com-video-to-webp-converter-4.webp\" alt=\"\" \/><\/p>\n<h2 style=\"text-align: center\" data-start=\"440\" data-end=\"462\"><strong>Vigtigste Fordele<\/strong><\/h2>\n<p style=\"text-align: left\" data-start=\"465\" data-end=\"598\">\ud83d\udd0d Detektion med h\u00f8j f\u00f8lsomhed &#8211; Registrerer n\u00f8jagtigt alle halogenerede k\u00f8lemidler, herunder CFC&#8217;er, HCFC&#8217;er, HFC&#8217;er og blandingsgasser.<\/p>\n<p style=\"text-align: left\" data-start=\"601\" data-end=\"690\">\u26a1 \u00d8jeblikkelig respons &#8211; \u00d8jeblikkelig detektionsrespons med hurtig opvarmning og hurtig nulstilling.<\/p>\n<p style=\"text-align: left\" data-start=\"693\" data-end=\"789\">\ud83d\udd14 Lyd- og visuelle advarsler &#8211; Bip og blinkende lys giver dig besked i det \u00f8jeblik, der findes en l\u00e6kage.<\/p>\n<p style=\"text-align: left\" data-start=\"792\" data-end=\"872\">\ud83d\udd0b Lang batterilevetid &#8211; Ultra-lavt str\u00f8mkredsl\u00f8b giver op til 50 timers brug.<\/p>\n<p style=\"text-align: left\" data-start=\"875\" data-end=\"1012\">\ud83d\udee0\ufe0f Alsidig brug &#8211; Velegnet til vekselstr\u00f8mssystemer, k\u00f8leskabe, afbrydere, steriliseringsudstyr og brandslukningssystemer.<\/p>\n<p style=\"text-align: left\" data-start=\"1015\" data-end=\"1110\">\ud83d\udca1 Let at justere &#8211; F\u00f8lsomheden kan indstilles manuelt eller justeres automatisk for at opn\u00e5 den bedste ydelse.<\/p>\n<p data-start=\"1015\" data-end=\"1110\"><img decoding=\"async\" class=\"size-full wp-image-41120 aligncenter\" src=\"https:\/\/keluvo.com\/template\/wp-content\/uploads\/sites\/5\/2025\/11\/c69037af-7d64-426d-901e-82b65b088bc9.webp\" alt=\"\" \/><\/p>\n<h2 style=\"text-align: center\" data-start=\"1117\" data-end=\"1136\"><strong>S\u00e5dan Bruges<\/strong><\/h2>\n<ol data-start=\"1137\" data-end=\"1498\">\n<li data-start=\"1137\" data-end=\"1184\">\n<p data-start=\"1140\" data-end=\"1184\">S\u00e6t 2x AAA-batterier i (medf\u00f8lger ikke).<\/p>\n<\/li>\n<li data-start=\"1185\" data-end=\"1260\">\n<p data-start=\"1188\" data-end=\"1260\">T\u00e6nd for detektoren, og lad den varme op i ca. 6 sekunder.<\/p>\n<\/li>\n<li data-start=\"1261\" data-end=\"1320\">\n<p data-start=\"1264\" data-end=\"1320\">Placer den 20 cm lange sonde i n\u00e6rheden af det formodede l\u00e6kageomr\u00e5de.<\/p>\n<\/li>\n<li data-start=\"1321\" data-end=\"1369\">\n<p data-start=\"1324\" data-end=\"1369\">Bev\u00e6g dig langsomt langs r\u00f8r, samlinger eller ventiler.<\/p>\n<\/li>\n<li data-start=\"1370\" data-end=\"1438\">\n<p data-start=\"1373\" data-end=\"1438\">N\u00e5r der registreres halogengas, bipper og blinker enheden.<\/p>\n<\/li>\n<li data-start=\"1439\" data-end=\"1498\">\n<p data-start=\"1442\" data-end=\"1498\">Juster f\u00f8lsomheden efter behov for mere pr\u00e6cise resultater.<\/p>\n<\/li>\n<\/ol>\n<h2 style=\"text-align: center\" data-start=\"1505\" data-end=\"1529\"><strong>Produktdetaljer<\/strong><\/h2>\n<ul data-start=\"1530\" data-end=\"2037\">\n<li data-start=\"1530\" data-end=\"1575\">\n<p data-start=\"1532\" data-end=\"1575\">Model: WJL-6000 Halogen L\u00e6kagedetektor<\/p>\n<\/li>\n<li data-start=\"1576\" data-end=\"1680\">\n<p data-start=\"1578\" data-end=\"1680\">Detekterer: Alle halogenerede gasser (CFC&#8217;er, HCFC&#8217;er, HFC&#8217;er, blandinger, SF-6, reng\u00f8ringsmidler, steriliseringsgasser)<\/p>\n<\/li>\n<li data-start=\"1681\" data-end=\"1722\">\n<p data-start=\"1683\" data-end=\"1722\">Driftstemperatur: 0\u00b0C &#8211; 52\u00b0C<\/p>\n<\/li>\n<li data-start=\"1723\" data-end=\"1754\">\n<p data-start=\"1725\" data-end=\"1754\">Max f\u00f8lsomhed: 6 g\/\u00e5r<\/p>\n<\/li>\n<li data-start=\"1755\" data-end=\"1787\">\n<p data-start=\"1757\" data-end=\"1787\">Reaktionstid: Umiddelbar<\/p>\n<\/li>\n<li data-start=\"1788\" data-end=\"1820\">\n<p data-start=\"1790\" data-end=\"1820\">Opvarmningstid: ~6 sekunder<\/p>\n<\/li>\n<li data-start=\"1821\" data-end=\"1853\">\n<p data-start=\"1823\" data-end=\"1853\">Resettid: 2-10 sekunder<\/p>\n<\/li>\n<li data-start=\"1854\" data-end=\"1878\">\n<p data-start=\"1856\" data-end=\"1878\">Kontinuerlig arbejdstilstand<\/p>\n<\/li>\n<li data-start=\"1879\" data-end=\"1928\">\n<p data-start=\"1881\" data-end=\"1928\">Batterilevetid: Op til 50 timer (normal brug)<\/p>\n<\/li>\n<li data-start=\"1929\" data-end=\"1956\">\n<p data-start=\"1931\" data-end=\"1956\">Sondel\u00e6ngde: 20 cm<\/p>\n<\/li>\n<li data-start=\"1957\" data-end=\"1989\">\n<p data-start=\"1959\" data-end=\"1989\">Enhedsst\u00f8rrelse: 15 x 3 x 3 cm<\/p>\n<\/li>\n<li data-start=\"1990\" data-end=\"2037\">\n<p data-start=\"1992\" data-end=\"2037\">Str\u00f8m: 2x AAA-batterier (medf\u00f8lger ikke)<\/p>\n<\/li>\n<\/ul>\n<h2 style=\"text-align: center\" data-start=\"2044\" data-end=\"2069\"><strong>Pakken indeholder<\/strong><\/h2>\n<ul data-start=\"2070\" data-end=\"2128\">\n<li data-start=\"2070\" data-end=\"2108\">\n<p data-start=\"2072\" data-end=\"2108\">1x halogenl\u00e6kagedetektor<\/p>\n<\/li>\n<li data-start=\"2109\" data-end=\"2128\">\n<p data-start=\"2111\" data-end=\"2128\">1x brugervejledning.<\/p>\n<\/li>\n<\/ul>\n","protected":false},"excerpt":{"rendered":"<p>Registrer hurtigt k\u00f8lemiddell\u00e6kager med stor n\u00f8jagtighed og sikkerhed. \u26a1 Denne halogenl\u00e6kagedetektor er et p\u00e5lideligt h\u00e5ndholdt v\u00e6rkt\u00f8j, der er designet til [&hellip;]<\/p>\n","protected":false},"featured_media":34868,"comment_status":"open","ping_status":"closed","template":"","meta":{"site-sidebar-layout":"default","site-content-layout":"","ast-site-content-layout":"default","site-content-style":"default","site-sidebar-style":"default","ast-global-header-display":"","ast-banner-title-visibility":"","ast-main-header-display":"","ast-hfb-above-header-display":"","ast-hfb-below-header-display":"","ast-hfb-mobile-header-display":"","site-post-title":"","ast-breadcrumbs-content":"","ast-featured-img":"","footer-sml-layout":"","theme-transparent-header-meta":"default","adv-header-id-meta":"","stick-header-meta":"","header-above-stick-meta":"","header-main-stick-meta":"","header-below-stick-meta":"","astra-migrate-meta-layouts":"set","ast-page-background-enabled":"default","ast-page-background-meta":{"desktop":{"background-color":"var(--ast-global-color-5)","background-image":"","background-repeat":"repeat","background-position":"center center","background-size":"auto","background-attachment":"scroll","background-type":"","background-media":"","overlay-type":"","overlay-color":"","overlay-opacity":"","overlay-gradient":""},"tablet":{"background-color":"","background-image":"","background-repeat":"repeat","background-position":"center center","background-size":"auto","background-attachment":"scroll","background-type":"","background-media":"","overlay-type":"","overlay-color":"","overlay-opacity":"","overlay-gradient":""},"mobile":{"background-color":"","background-image":"","background-repeat":"repeat","background-position":"center center","background-size":"auto","background-attachment":"scroll","background-type":"","background-media":"","overlay-type":"","overlay-color":"","overlay-opacity":"","overlay-gradient":""}},"ast-content-background-meta":{"desktop":{"background-color":"var(--ast-global-color-4)","background-image":"","background-repeat":"repeat","background-position":"center center","background-size":"auto","background-attachment":"scroll","background-type":"","background-media":"","overlay-type":"","overlay-color":"","overlay-opacity":"","overlay-gradient":""},"tablet":{"background-color":"var(--ast-global-color-4)","background-image":"","background-repeat":"repeat","background-position":"center center","background-size":"auto","background-attachment":"scroll","background-type":"","background-media":"","overlay-type":"","overlay-color":"","overlay-opacity":"","overlay-gradient":""},"mobile":{"background-color":"var(--ast-global-color-4)","background-image":"","background-repeat":"repeat","background-position":"center center","background-size":"auto","background-attachment":"scroll","background-type":"","background-media":"","overlay-type":"","overlay-color":"","overlay-opacity":"","overlay-gradient":""}}},"product_brand":[],"product_cat":[19],"product_tag":[],"class_list":{"0":"post-34872","1":"product","2":"type-product","3":"status-publish","4":"has-post-thumbnail","6":"product_cat-uncategorized","7":"pa_50938_g6lht4bu-med-lys","8":"pa_50938_g6lht4bu-uden-lys","9":"desktop-align-left","10":"tablet-align-left","11":"mobile-align-left","13":"first","14":"instock","15":"shipping-taxable","16":"purchasable","17":"product-type-variable"},"_links":{"self":[{"href":"https:\/\/ecostera.com\/dk\/wp-json\/wp\/v2\/product\/34872","targetHints":{"allow":["GET"]}}],"collection":[{"href":"https:\/\/ecostera.com\/dk\/wp-json\/wp\/v2\/product"}],"about":[{"href":"https:\/\/ecostera.com\/dk\/wp-json\/wp\/v2\/types\/product"}],"replies":[{"embeddable":true,"href":"https:\/\/ecostera.com\/dk\/wp-json\/wp\/v2\/comments?post=34872"}],"wp:featuredmedia":[{"embeddable":true,"href":"https:\/\/ecostera.com\/dk\/wp-json\/wp\/v2\/media\/34868"}],"wp:attachment":[{"href":"https:\/\/ecostera.com\/dk\/wp-json\/wp\/v2\/media?parent=34872"}],"wp:term":[{"taxonomy":"product_brand","embeddable":true,"href":"https:\/\/ecostera.com\/dk\/wp-json\/wp\/v2\/product_brand?post=34872"},{"taxonomy":"product_cat","embeddable":true,"href":"https:\/\/ecostera.com\/dk\/wp-json\/wp\/v2\/product_cat?post=34872"},{"taxonomy":"product_tag","embeddable":true,"href":"https:\/\/ecostera.com\/dk\/wp-json\/wp\/v2\/product_tag?post=34872"}],"curies":[{"name":"wp","href":"https:\/\/api.w.org\/{rel}","templated":true}]}}