{"id":34932,"date":"2025-11-13T21:08:18","date_gmt":"2025-11-13T19:08:18","guid":{"rendered":"https:\/\/ecostera.com\/dk\/product\/doerkile-stopper\/"},"modified":"2025-11-14T15:24:47","modified_gmt":"2025-11-14T13:24:47","slug":"doerkile-stopper","status":"publish","type":"product","link":"https:\/\/ecostera.com\/dk\/product\/doerkile-stopper\/","title":{"rendered":"D\u00f8rkile-stopper"},"content":{"rendered":"<p style=\"text-align: center\" data-start=\"0\" data-end=\"58\"><strong data-start=\"0\" data-end=\"58\">Hold Dine D\u00f8re Stille, Sikre Og Perfekt P\u00e5 Plads. \ud83d\udd07<\/strong><\/p>\n<p style=\"text-align: center\" data-start=\"60\" data-end=\"343\">Denne d\u00f8rkile stopper er designet til at stoppe u\u00f8nsket d\u00f8rbev\u00e6gelse, samtidig med at den reducerer st\u00f8j og beskytter dine v\u00e6gge og gulve. Med et magnetisk design uden boring og justerbar h\u00f8jde passer den til ethvert rum og enhver d\u00f8r og tilbyder en enkel, holdbar og effektiv l\u00f8sning til daglig brug.<\/p>\n<p data-start=\"60\" data-end=\"343\"><img decoding=\"async\" class=\"size-full wp-image-41175 aligncenter\" src=\"https:\/\/keluvo.com\/template\/wp-content\/uploads\/sites\/5\/2025\/11\/10229-ezgif.com-video-to-webp-converter-3.webp\" alt=\"\" \/><\/p>\n<h2 style=\"text-align: center\" data-start=\"350\" data-end=\"372\"><strong>Hovedfordele<\/strong><\/h2>\n<p data-start=\"375\" data-end=\"457\">\ud83d\udd07 Lydl\u00f8s drift &#8211; Reducerer st\u00f8j fra d\u00f8rkollisioner for et roligt og stille hjem.<\/p>\n<p data-start=\"460\" data-end=\"552\">\ud83d\udee0\ufe0f Ingen boring n\u00f8dvendig &#8211; Installeres p\u00e5 gulvet uden at beskadige v\u00e6gge eller d\u00f8rkarme.<\/p>\n<p data-start=\"555\" data-end=\"632\">\ud83d\udd12 St\u00e6rkt magnetisk greb &#8211; Holder d\u00f8re sikkert lukket eller fastgjort p\u00e5 plads.<\/p>\n<p data-start=\"635\" data-end=\"722\">\ud83e\uddf1 H\u00f8j styrke &amp; holdbar &#8211; Lavet af zinklegering for at modst\u00e5 hyppig daglig brug.<\/p>\n<p data-start=\"725\" data-end=\"818\">\u2699\ufe0f Justerbar h\u00f8jde &#8211; Passer til forskellige d\u00f8rhuller og gulvtyper for perfekt placering.<\/p>\n<p data-start=\"725\" data-end=\"818\"><img decoding=\"async\" class=\"size-full wp-image-41172 aligncenter\" src=\"https:\/\/keluvo.com\/template\/wp-content\/uploads\/sites\/5\/2025\/11\/Saaae73f338c0448ba2d4e0320924c450j.jpg_960x960q75.jpg_.jpg\" alt=\"\" \/><\/p>\n<h2 style=\"text-align: center\" data-start=\"825\" data-end=\"844\"><strong>S\u00e5dan Bruges<\/strong><\/h2>\n<ol data-start=\"845\" data-end=\"1160\">\n<li data-start=\"845\" data-end=\"907\">\n<p data-start=\"848\" data-end=\"907\">Reng\u00f8r gulvfladen, hvor proppen skal placeres.<\/p>\n<\/li>\n<li data-start=\"908\" data-end=\"974\">\n<p data-start=\"911\" data-end=\"974\">Placer proppen under d\u00f8ren for at finde den rigtige h\u00f8jde.<\/p>\n<\/li>\n<li data-start=\"975\" data-end=\"1026\">\n<p data-start=\"978\" data-end=\"1026\">Juster h\u00f8jden om n\u00f8dvendigt for en perfekt pasform.<\/p>\n<\/li>\n<li data-start=\"1027\" data-end=\"1096\">\n<p data-start=\"1030\" data-end=\"1096\">Fastg\u00f8r proppen ved hj\u00e6lp af den medf\u00f8lgende lim eller monteringsbase.<\/p>\n<\/li>\n<li data-start=\"1097\" data-end=\"1160\">\n<p data-start=\"1100\" data-end=\"1160\">Lad den magnetiske fanger holde d\u00f8ren, n\u00e5r den lukkes.<\/p>\n<\/li>\n<\/ol>\n<h2 style=\"text-align: center\" data-start=\"1167\" data-end=\"1191\"><strong>Produktdetaljer<\/strong><\/h2>\n<ul data-start=\"1192\" data-end=\"1463\">\n<li data-start=\"1192\" data-end=\"1220\">\n<p data-start=\"1194\" data-end=\"1220\">Materiale: Zinklegering<\/p>\n<\/li>\n<li data-start=\"1221\" data-end=\"1250\">\n<p data-start=\"1223\" data-end=\"1250\">St\u00f8rrelse: 62 x 50 x 30 mm<\/p>\n<\/li>\n<li data-start=\"1251\" data-end=\"1300\">\n<p data-start=\"1253\" data-end=\"1300\">Installation: Gulvmontering uden boring<\/p>\n<\/li>\n<li data-start=\"1301\" data-end=\"1374\">\n<p data-start=\"1303\" data-end=\"1374\">Funktioner: Magnetisk fastg\u00f8relse, justerbar h\u00f8jde, lydl\u00f8s d\u00e6mpning<\/p>\n<\/li>\n<li data-start=\"1375\" data-end=\"1463\">\n<p data-start=\"1377\" data-end=\"1463\">Farver til r\u00e5dighed: Sort, gr\u00e5, messing, lys s\u00f8lv, guld, bronze, hvid<\/p>\n<\/li>\n<\/ul>\n<h2 style=\"text-align: center\" data-start=\"1470\" data-end=\"1495\"><strong>Pakken indeholder<\/strong><\/h2>\n<ul data-start=\"1496\" data-end=\"1526\">\n<li data-start=\"1496\" data-end=\"1526\">\n<p data-start=\"1498\" data-end=\"1526\">1, 2, 4x d\u00f8rkilestopper<\/p>\n<\/li>\n<li data-start=\"1496\" data-end=\"1526\">\n<p data-start=\"1498\" data-end=\"1526\">1, 2, 4x kl\u00e6beb\u00e5nd.<\/p>\n<\/li>\n<\/ul>\n","protected":false},"excerpt":{"rendered":"<p>Hold Dine D\u00f8re Stille, Sikre Og Perfekt P\u00e5 Plads. \ud83d\udd07 Denne d\u00f8rkile stopper er designet til at stoppe u\u00f8nsket d\u00f8rbev\u00e6gelse, [&hellip;]<\/p>\n","protected":false},"featured_media":34928,"comment_status":"open","ping_status":"closed","template":"","meta":{"site-sidebar-layout":"default","site-content-layout":"","ast-site-content-layout":"default","site-content-style":"default","site-sidebar-style":"default","ast-global-header-display":"","ast-banner-title-visibility":"","ast-main-header-display":"","ast-hfb-above-header-display":"","ast-hfb-below-header-display":"","ast-hfb-mobile-header-display":"","site-post-title":"","ast-breadcrumbs-content":"","ast-featured-img":"","footer-sml-layout":"","theme-transparent-header-meta":"default","adv-header-id-meta":"","stick-header-meta":"","header-above-stick-meta":"","header-main-stick-meta":"","header-below-stick-meta":"","astra-migrate-meta-layouts":"set","ast-page-background-enabled":"default","ast-page-background-meta":{"desktop":{"background-color":"var(--ast-global-color-5)","background-image":"","background-repeat":"repeat","background-position":"center center","background-size":"auto","background-attachment":"scroll","background-type":"","background-media":"","overlay-type":"","overlay-color":"","overlay-opacity":"","overlay-gradient":""},"tablet":{"background-color":"","background-image":"","background-repeat":"repeat","background-position":"center center","background-size":"auto","background-attachment":"scroll","background-type":"","background-media":"","overlay-type":"","overlay-color":"","overlay-opacity":"","overlay-gradient":""},"mobile":{"background-color":"","background-image":"","background-repeat":"repeat","background-position":"center center","background-size":"auto","background-attachment":"scroll","background-type":"","background-media":"","overlay-type":"","overlay-color":"","overlay-opacity":"","overlay-gradient":""}},"ast-content-background-meta":{"desktop":{"background-color":"var(--ast-global-color-4)","background-image":"","background-repeat":"repeat","background-position":"center center","background-size":"auto","background-attachment":"scroll","background-type":"","background-media":"","overlay-type":"","overlay-color":"","overlay-opacity":"","overlay-gradient":""},"tablet":{"background-color":"var(--ast-global-color-4)","background-image":"","background-repeat":"repeat","background-position":"center center","background-size":"auto","background-attachment":"scroll","background-type":"","background-media":"","overlay-type":"","overlay-color":"","overlay-opacity":"","overlay-gradient":""},"mobile":{"background-color":"var(--ast-global-color-4)","background-image":"","background-repeat":"repeat","background-position":"center center","background-size":"auto","background-attachment":"scroll","background-type":"","background-media":"","overlay-type":"","overlay-color":"","overlay-opacity":"","overlay-gradient":""}}},"product_brand":[],"product_cat":[19],"product_tag":[],"class_list":{"0":"post-34932","1":"product","2":"type-product","3":"status-publish","4":"has-post-thumbnail","6":"product_cat-uncategorized","7":"pa_51178_9rvwpb9z-1-stk","8":"pa_51178_9rvwpb9z-2-stk","9":"pa_51178_9rvwpb9z-4-stk","10":"pa_51178_csgj2sea-bronze","11":"pa_51178_csgj2sea-graa","12":"pa_51178_csgj2sea-guld","13":"pa_51178_csgj2sea-hvid","14":"pa_51178_csgj2sea-lyst-soelv","15":"pa_51178_csgj2sea-messing","16":"pa_51178_csgj2sea-sort","17":"desktop-align-left","18":"tablet-align-left","19":"mobile-align-left","21":"first","22":"instock","23":"shipping-taxable","24":"purchasable","25":"product-type-variable","26":"has-default-attributes"},"_links":{"self":[{"href":"https:\/\/ecostera.com\/dk\/wp-json\/wp\/v2\/product\/34932","targetHints":{"allow":["GET"]}}],"collection":[{"href":"https:\/\/ecostera.com\/dk\/wp-json\/wp\/v2\/product"}],"about":[{"href":"https:\/\/ecostera.com\/dk\/wp-json\/wp\/v2\/types\/product"}],"replies":[{"embeddable":true,"href":"https:\/\/ecostera.com\/dk\/wp-json\/wp\/v2\/comments?post=34932"}],"wp:featuredmedia":[{"embeddable":true,"href":"https:\/\/ecostera.com\/dk\/wp-json\/wp\/v2\/media\/34928"}],"wp:attachment":[{"href":"https:\/\/ecostera.com\/dk\/wp-json\/wp\/v2\/media?parent=34932"}],"wp:term":[{"taxonomy":"product_brand","embeddable":true,"href":"https:\/\/ecostera.com\/dk\/wp-json\/wp\/v2\/product_brand?post=34932"},{"taxonomy":"product_cat","embeddable":true,"href":"https:\/\/ecostera.com\/dk\/wp-json\/wp\/v2\/product_cat?post=34932"},{"taxonomy":"product_tag","embeddable":true,"href":"https:\/\/ecostera.com\/dk\/wp-json\/wp\/v2\/product_tag?post=34932"}],"curies":[{"name":"wp","href":"https:\/\/api.w.org\/{rel}","templated":true}]}}