{"id":3557,"date":"2025-07-21T08:43:58","date_gmt":"2025-07-21T08:43:58","guid":{"rendered":"https:\/\/ecostera.com\/dk\/product\/sommerlig-denimkjole-med-v-hals\/"},"modified":"2025-07-21T09:37:20","modified_gmt":"2025-07-21T09:37:20","slug":"sommerlig-denimkjole-med-v-hals","status":"publish","type":"product","link":"https:\/\/ecostera.com\/dk\/product\/sommerlig-denimkjole-med-v-hals\/","title":{"rendered":"Sommerlig denimkjole med V-hals"},"content":{"rendered":"<h2><img decoding=\"async\" class=\"alignnone size-full wp-image-21992 aligncenter\" src=\"https:\/\/keluvo.com\/template\/wp-content\/uploads\/sites\/5\/2025\/05\/denim-chart.jpg\" alt=\"\" \/><\/h2>\n<h2 style=\"text-align: center\">F\u00e5 selvtillid med en kjole, der har det hele!<\/h2>\n<p style=\"text-align: center\">Fang opm\u00e6rksomheden i en denimkjole, der kombinerer afslappet stil med nyttige funktioner. Den er designet til kvinder, der s\u00e6tter pris p\u00e5 alsidig mode &#8211; ideel til afslappede bruncher, uventede udflugter eller elegante aftener. Hvis du vil have en kjole, der smigrer og er nem at have p\u00e5, s\u00e5 er det den her.<\/p>\n<p><img decoding=\"async\" class=\"alignnone size-full wp-image-21530 aligncenter\" src=\"https:\/\/keluvo.com\/template\/wp-content\/uploads\/sites\/5\/2025\/05\/Janina_Lindberg_Stockholm_T1_1.webp\" alt=\"\" \/><\/p>\n<h2 style=\"text-align: center\">Din nye go-to item til skabet<\/h2>\n<p><strong>\u2713 Flatterende Silhuet<\/strong>: Designet til at fremh\u00e6ve din naturlige form med en afslappet og luftig fornemmelse, som du vil s\u00e6tte pris p\u00e5 hele dagen. Du kan sp\u00e6nde den ind med et b\u00e6lte for et mere skr\u00e6ddersyet look eller b\u00e6re den l\u00f8st for en afslappet stemning.<\/p>\n<p><strong>\u2713 Alsidig til Alle \u00c5rstider<\/strong>: S\u00e6t den sammen med st\u00f8vler og en cardigan om efter\u00e5ret eller sandaler om sommeren. Denne kjole er perfekt til alle \u00e5rstider &#8211; en tidl\u00f8s favorit.<\/p>\n<p><strong>\u2713 Luksuri\u00f8s Denim af H\u00f8j Kvalitet<\/strong>: Lavet af f\u00f8rsteklasses denim, der f\u00f8les vidunderligt og ser fantastisk ud &#8211; bl\u00f8dt mod din hud med den perfekte tekstur. Holdbar nok til hverdagsbrug, men alligevel behagelig nok til brug hele dagen.<\/p>\n<p><strong>\u2713 Design med V-Hals og Funktionelle Lommer<\/strong>: Med en smart V-udsk\u00e6ring og to praktiske sidelommer kombinerer den stil med funktionalitet. Kl\u00e6d den p\u00e5, eller hold den afslappet &#8211; valget er dit!<\/p>\n<p><img decoding=\"async\" class=\"alignnone size-full wp-image-21529 aligncenter\" src=\"https:\/\/keluvo.com\/template\/wp-content\/uploads\/sites\/5\/2025\/05\/Janina_Lindberg_Stockholm_T2.webp\" alt=\"\" \/><\/p>\n","protected":false},"excerpt":{"rendered":"<p>F\u00e5 selvtillid med en kjole, der har det hele! Fang opm\u00e6rksomheden i en denimkjole, der kombinerer afslappet stil med nyttige [&hellip;]<\/p>\n","protected":false},"featured_media":3553,"comment_status":"open","ping_status":"closed","template":"","meta":{"site-sidebar-layout":"default","site-content-layout":"","ast-site-content-layout":"default","site-content-style":"default","site-sidebar-style":"default","ast-global-header-display":"","ast-banner-title-visibility":"","ast-main-header-display":"","ast-hfb-above-header-display":"","ast-hfb-below-header-display":"","ast-hfb-mobile-header-display":"","site-post-title":"","ast-breadcrumbs-content":"","ast-featured-img":"","footer-sml-layout":"","theme-transparent-header-meta":"default","adv-header-id-meta":"","stick-header-meta":"","header-above-stick-meta":"","header-main-stick-meta":"","header-below-stick-meta":"","astra-migrate-meta-layouts":"set","ast-page-background-enabled":"default","ast-page-background-meta":{"desktop":{"background-color":"var(--ast-global-color-5)","background-image":"","background-repeat":"repeat","background-position":"center center","background-size":"auto","background-attachment":"scroll","background-type":"","background-media":"","overlay-type":"","overlay-color":"","overlay-opacity":"","overlay-gradient":""},"tablet":{"background-color":"","background-image":"","background-repeat":"repeat","background-position":"center center","background-size":"auto","background-attachment":"scroll","background-type":"","background-media":"","overlay-type":"","overlay-color":"","overlay-opacity":"","overlay-gradient":""},"mobile":{"background-color":"","background-image":"","background-repeat":"repeat","background-position":"center center","background-size":"auto","background-attachment":"scroll","background-type":"","background-media":"","overlay-type":"","overlay-color":"","overlay-opacity":"","overlay-gradient":""}},"ast-content-background-meta":{"desktop":{"background-color":"var(--ast-global-color-4)","background-image":"","background-repeat":"repeat","background-position":"center center","background-size":"auto","background-attachment":"scroll","background-type":"","background-media":"","overlay-type":"","overlay-color":"","overlay-opacity":"","overlay-gradient":""},"tablet":{"background-color":"var(--ast-global-color-4)","background-image":"","background-repeat":"repeat","background-position":"center center","background-size":"auto","background-attachment":"scroll","background-type":"","background-media":"","overlay-type":"","overlay-color":"","overlay-opacity":"","overlay-gradient":""},"mobile":{"background-color":"var(--ast-global-color-4)","background-image":"","background-repeat":"repeat","background-position":"center center","background-size":"auto","background-attachment":"scroll","background-type":"","background-media":"","overlay-type":"","overlay-color":"","overlay-opacity":"","overlay-gradient":""}}},"product_brand":[],"product_cat":[19],"product_tag":[],"class_list":{"0":"post-3557","1":"product","2":"type-product","3":"status-publish","4":"has-post-thumbnail","6":"product_cat-uncategorized","7":"pa_48139_a10861eb-s","8":"pa_48139_a10861eb-m","9":"pa_48139_a10861eb-l","10":"pa_48139_a10861eb-xl","11":"pa_48139_a10861eb-2xl","12":"pa_48139_a10861eb-3-xl","13":"desktop-align-left","14":"tablet-align-left","15":"mobile-align-left","17":"first","18":"instock","19":"shipping-taxable","20":"purchasable","21":"product-type-variable"},"_links":{"self":[{"href":"https:\/\/ecostera.com\/dk\/wp-json\/wp\/v2\/product\/3557","targetHints":{"allow":["GET"]}}],"collection":[{"href":"https:\/\/ecostera.com\/dk\/wp-json\/wp\/v2\/product"}],"about":[{"href":"https:\/\/ecostera.com\/dk\/wp-json\/wp\/v2\/types\/product"}],"replies":[{"embeddable":true,"href":"https:\/\/ecostera.com\/dk\/wp-json\/wp\/v2\/comments?post=3557"}],"wp:featuredmedia":[{"embeddable":true,"href":"https:\/\/ecostera.com\/dk\/wp-json\/wp\/v2\/media\/3553"}],"wp:attachment":[{"href":"https:\/\/ecostera.com\/dk\/wp-json\/wp\/v2\/media?parent=3557"}],"wp:term":[{"taxonomy":"product_brand","embeddable":true,"href":"https:\/\/ecostera.com\/dk\/wp-json\/wp\/v2\/product_brand?post=3557"},{"taxonomy":"product_cat","embeddable":true,"href":"https:\/\/ecostera.com\/dk\/wp-json\/wp\/v2\/product_cat?post=3557"},{"taxonomy":"product_tag","embeddable":true,"href":"https:\/\/ecostera.com\/dk\/wp-json\/wp\/v2\/product_tag?post=3557"}],"curies":[{"name":"wp","href":"https:\/\/api.w.org\/{rel}","templated":true}]}}