{"id":35598,"date":"2025-11-18T19:01:10","date_gmt":"2025-11-18T17:01:10","guid":{"rendered":"https:\/\/ecostera.com\/dk\/product\/diy-sysaet-til-boern\/"},"modified":"2025-11-24T15:48:34","modified_gmt":"2025-11-24T13:48:34","slug":"diy-sysaet-til-boern","status":"publish","type":"product","link":"https:\/\/ecostera.com\/dk\/product\/diy-sysaet-til-boern\/","title":{"rendered":"DIY-sys\u00e6t til b\u00f8rn"},"content":{"rendered":"<p style=\"text-align: center\" data-start=\"0\" data-end=\"86\"><strong data-start=\"0\" data-end=\"84\">En sjov og nem m\u00e5de for b\u00f8rn at l\u00e6re at sy og skabe s\u00f8de h\u00e5ndlavede ting. \ud83e\uddf5<\/strong><\/p>\n<p style=\"text-align: center\" data-start=\"88\" data-end=\"338\">Dette sjove DIY-sys\u00e6t til b\u00f8rn introducerer b\u00f8rn til h\u00e5ndarbejde p\u00e5 en enkel og sp\u00e6ndende m\u00e5de. Med s\u00f8de dyrem\u00f8nstre, farverige tr\u00e5de og nemme instruktioner hj\u00e6lper dette s\u00e6t b\u00f8rn med at opbygge selvtillid, mens de skaber deres helt egne syede mesterv\u00e6rker.<\/p>\n<p data-start=\"88\" data-end=\"338\"><img decoding=\"async\" class=\"size-full wp-image-41355 aligncenter\" src=\"https:\/\/keluvo.com\/template\/wp-content\/uploads\/sites\/5\/2025\/11\/10223-ezgif.com-video-to-webp-converter-4.webp\" alt=\"\" \/><\/p>\n<h2 style=\"text-align: center\" data-start=\"345\" data-end=\"367\"><strong>Vigtigste Fordele<\/strong><\/h2>\n<p data-start=\"370\" data-end=\"447\">\ud83c\udfa8 \u00d8ger kreativiteten &#8211; Opmuntrer fantasien gennem praktisk arbejde.<\/p>\n<p data-start=\"450\" data-end=\"536\">\u270b Forbedrer finmotorikken &#8211; Hj\u00e6lper med at udvikle h\u00e5nd-\u00f8je-koordination og pr\u00e6cision.<\/p>\n<p data-start=\"539\" data-end=\"615\">\ud83d\udc3b S\u00f8de m\u00f8nstre &#8211; Leveres med s\u00f8de dyrem\u00f8nstre, som b\u00f8rn elsker at sy.<\/p>\n<p data-start=\"618\" data-end=\"686\">\ud83c\udf08 Farverige tr\u00e5de &#8211; tilf\u00f8jer sjov og lys til hvert projekt.<\/p>\n<p data-start=\"689\" data-end=\"785\">\ud83d\udcd8 Begyndervenlig &#8211; nemme trin, der g\u00f8r syning enkel og forn\u00f8jelig for unge elever.<\/p>\n<p data-start=\"689\" data-end=\"785\"><img decoding=\"async\" class=\"size-full wp-image-41356 aligncenter\" src=\"https:\/\/keluvo.com\/template\/wp-content\/uploads\/sites\/5\/2025\/11\/d46d2f0b-6420-4f13-88d4-3f0c91de7175.gif\" alt=\"\" \/><\/p>\n<h2 style=\"text-align: center\" data-start=\"792\" data-end=\"811\"><strong>S\u00e5dan Bruges<\/strong><\/h2>\n<ol data-start=\"812\" data-end=\"1036\">\n<li data-start=\"812\" data-end=\"866\">\n<p data-start=\"815\" data-end=\"866\">V\u00e6lg dit foretrukne dyrem\u00f8nster fra s\u00e6ttet.<\/p>\n<\/li>\n<li data-start=\"867\" data-end=\"911\">\n<p data-start=\"870\" data-end=\"911\">V\u00e6lg de tr\u00e5dfarver, du vil bruge.<\/p>\n<\/li>\n<li data-start=\"912\" data-end=\"981\">\n<p data-start=\"915\" data-end=\"981\">F\u00f8lg de trinvise instruktioner for at sy figurerne sammen.<\/p>\n<\/li>\n<li data-start=\"982\" data-end=\"1036\">\n<p data-start=\"985\" data-end=\"1036\">Afslut din kreation, og nyd dit h\u00e5ndlavede h\u00e5ndv\u00e6rk!<\/p>\n<\/li>\n<\/ol>\n<h2 style=\"text-align: center\" data-start=\"1043\" data-end=\"1067\"><strong>Produktdetaljer<\/strong><\/h2>\n<ul data-start=\"1068\" data-end=\"1243\">\n<li data-start=\"1068\" data-end=\"1109\">\n<p data-start=\"1070\" data-end=\"1109\">Emballagest\u00f8rrelse: 155 x 190 x 45 mm<\/p>\n<\/li>\n<li data-start=\"1110\" data-end=\"1169\">\n<p data-start=\"1112\" data-end=\"1169\">Designet til: B\u00f8rns h\u00e5ndv\u00e6rk, l\u00e6ring og DIY-sjov<\/p>\n<\/li>\n<li data-start=\"1170\" data-end=\"1243\">\n<p data-start=\"1172\" data-end=\"1243\">Indeholder flere s\u00f8de designskabeloner og farverige symaterialer (sikre for b\u00f8rn)<\/p>\n<\/li>\n<li data-start=\"1170\" data-end=\"1243\">6 s\u00f8de designs i s\u00e6ttet: Hund, fr\u00f8, kanin, kat, bj\u00f8rn, gulerod<\/li>\n<\/ul>\n<h2 style=\"text-align: center\">\ud83d\udce6 Pakken indeholder<\/h2>\n<ul data-start=\"1276\" data-end=\"1325\" data-is-last-node=\"\" data-is-only-node=\"\">\n<li data-start=\"1276\" data-end=\"1325\" data-is-last-node=\"\">\n<p data-start=\"1278\" data-end=\"1325\" data-is-last-node=\"\">1x sjovt DIY-syningss\u00e6t til b\u00f8rn.<\/p>\n<\/li>\n<\/ul>\n","protected":false},"excerpt":{"rendered":"<p>En sjov og nem m\u00e5de for b\u00f8rn at l\u00e6re at sy og skabe s\u00f8de h\u00e5ndlavede ting. \ud83e\uddf5 Dette sjove DIY-sys\u00e6t [&hellip;]<\/p>\n","protected":false},"featured_media":35594,"comment_status":"open","ping_status":"closed","template":"","meta":{"site-sidebar-layout":"default","site-content-layout":"","ast-site-content-layout":"default","site-content-style":"default","site-sidebar-style":"default","ast-global-header-display":"","ast-banner-title-visibility":"","ast-main-header-display":"","ast-hfb-above-header-display":"","ast-hfb-below-header-display":"","ast-hfb-mobile-header-display":"","site-post-title":"","ast-breadcrumbs-content":"","ast-featured-img":"","footer-sml-layout":"","theme-transparent-header-meta":"default","adv-header-id-meta":"","stick-header-meta":"","header-above-stick-meta":"","header-main-stick-meta":"","header-below-stick-meta":"","astra-migrate-meta-layouts":"set","ast-page-background-enabled":"default","ast-page-background-meta":{"desktop":{"background-color":"var(--ast-global-color-5)","background-image":"","background-repeat":"repeat","background-position":"center center","background-size":"auto","background-attachment":"scroll","background-type":"","background-media":"","overlay-type":"","overlay-color":"","overlay-opacity":"","overlay-gradient":""},"tablet":{"background-color":"","background-image":"","background-repeat":"repeat","background-position":"center center","background-size":"auto","background-attachment":"scroll","background-type":"","background-media":"","overlay-type":"","overlay-color":"","overlay-opacity":"","overlay-gradient":""},"mobile":{"background-color":"","background-image":"","background-repeat":"repeat","background-position":"center center","background-size":"auto","background-attachment":"scroll","background-type":"","background-media":"","overlay-type":"","overlay-color":"","overlay-opacity":"","overlay-gradient":""}},"ast-content-background-meta":{"desktop":{"background-color":"var(--ast-global-color-4)","background-image":"","background-repeat":"repeat","background-position":"center center","background-size":"auto","background-attachment":"scroll","background-type":"","background-media":"","overlay-type":"","overlay-color":"","overlay-opacity":"","overlay-gradient":""},"tablet":{"background-color":"var(--ast-global-color-4)","background-image":"","background-repeat":"repeat","background-position":"center center","background-size":"auto","background-attachment":"scroll","background-type":"","background-media":"","overlay-type":"","overlay-color":"","overlay-opacity":"","overlay-gradient":""},"mobile":{"background-color":"var(--ast-global-color-4)","background-image":"","background-repeat":"repeat","background-position":"center center","background-size":"auto","background-attachment":"scroll","background-type":"","background-media":"","overlay-type":"","overlay-color":"","overlay-opacity":"","overlay-gradient":""}}},"product_brand":[],"product_cat":[19],"product_tag":[],"class_list":{"0":"post-35598","1":"product","2":"type-product","3":"status-publish","4":"has-post-thumbnail","6":"product_cat-uncategorized","7":"desktop-align-left","8":"tablet-align-left","9":"mobile-align-left","11":"first","12":"instock","13":"shipping-taxable","14":"purchasable","15":"product-type-simple"},"_links":{"self":[{"href":"https:\/\/ecostera.com\/dk\/wp-json\/wp\/v2\/product\/35598","targetHints":{"allow":["GET"]}}],"collection":[{"href":"https:\/\/ecostera.com\/dk\/wp-json\/wp\/v2\/product"}],"about":[{"href":"https:\/\/ecostera.com\/dk\/wp-json\/wp\/v2\/types\/product"}],"replies":[{"embeddable":true,"href":"https:\/\/ecostera.com\/dk\/wp-json\/wp\/v2\/comments?post=35598"}],"wp:featuredmedia":[{"embeddable":true,"href":"https:\/\/ecostera.com\/dk\/wp-json\/wp\/v2\/media\/35594"}],"wp:attachment":[{"href":"https:\/\/ecostera.com\/dk\/wp-json\/wp\/v2\/media?parent=35598"}],"wp:term":[{"taxonomy":"product_brand","embeddable":true,"href":"https:\/\/ecostera.com\/dk\/wp-json\/wp\/v2\/product_brand?post=35598"},{"taxonomy":"product_cat","embeddable":true,"href":"https:\/\/ecostera.com\/dk\/wp-json\/wp\/v2\/product_cat?post=35598"},{"taxonomy":"product_tag","embeddable":true,"href":"https:\/\/ecostera.com\/dk\/wp-json\/wp\/v2\/product_tag?post=35598"}],"curies":[{"name":"wp","href":"https:\/\/api.w.org\/{rel}","templated":true}]}}