{"id":35608,"date":"2025-11-18T19:05:04","date_gmt":"2025-11-18T17:05:04","guid":{"rendered":"https:\/\/ecostera.com\/dk\/product\/boejle-til-organisering-af-leggings\/"},"modified":"2025-11-18T22:14:37","modified_gmt":"2025-11-18T20:14:37","slug":"boejle-til-organisering-af-leggings","status":"publish","type":"product","link":"https:\/\/ecostera.com\/dk\/product\/boejle-til-organisering-af-leggings\/","title":{"rendered":"B\u00f8jle til organisering af leggings"},"content":{"rendered":"<article class=\"text-token-text-primary w-full focus:outline-none [--shadow-height:45px] has-data-writing-block:pointer-events-none has-data-writing-block:-mt-(--shadow-height) has-data-writing-block:pt-(--shadow-height) [&amp;:has([data-writing-block])&gt;*]:pointer-events-auto [content-visibility:auto] supports-[content-visibility:auto]:[contain-intrinsic-size:auto_100lvh] scroll-mt-[calc(var(--header-height)+min(200px,max(70px,20svh)))]\" dir=\"auto\" data-turn-id=\"request-690dc81b-93ec-832a-be91-bbb3d6c506b5-4\" data-testid=\"conversation-turn-118\" data-scroll-anchor=\"true\" data-turn=\"assistant\">\n<div class=\"text-base my-auto mx-auto pb-10 [--thread-content-margin:--spacing(4)] thread-sm:[--thread-content-margin:--spacing(6)] thread-lg:[--thread-content-margin:--spacing(16)] px-(--thread-content-margin)\">\n<div class=\"[--thread-content-max-width:40rem] thread-lg:[--thread-content-max-width:48rem] mx-auto max-w-(--thread-content-max-width) flex-1 group\/turn-messages focus-visible:outline-hidden relative flex w-full min-w-0 flex-col agent-turn\">\n<div class=\"flex max-w-full flex-col grow\">\n<div class=\"min-h-8 text-message relative flex w-full flex-col items-end gap-2 text-start break-words [.text-message+&amp;]:mt-1\" dir=\"auto\" data-message-author-role=\"assistant\" data-message-id=\"d7d70a19-8764-49f8-b1b0-6aee15cb4bf3\" data-message-model-slug=\"gpt-5-1\">\n<div class=\"flex w-full flex-col gap-1 empty:hidden first:pt-[1px]\">\n<div class=\"markdown prose dark:prose-invert w-full break-words light markdown-new-styling\">\n<p style=\"text-align: center\" data-start=\"0\" data-end=\"89\"><strong data-start=\"0\" data-end=\"87\">Organiser Alle Dine Leggings, Bukser Og T\u00f8j I \u00c9n Kompakt, Pladsbesparende B\u00f8jle. \ud83d\udc56<\/strong><\/p>\n<p style=\"text-align: center\" data-start=\"91\" data-end=\"338\">Denne b\u00f8jle til organisering af leggings giver dig en nem og effektiv m\u00e5de at opbevare op til 10 genstande p\u00e5 en enkelt b\u00f8jle. Den er designet til at spare plads i skabet og samtidig beskytte dit t\u00f8j og hj\u00e6lper med at holde din garderobe p\u00e6n, synlig og let tilg\u00e6ngelig hver dag.<\/p>\n<p data-start=\"91\" data-end=\"338\"><img decoding=\"async\" class=\"size-full wp-image-41377 aligncenter\" src=\"https:\/\/keluvo.com\/template\/wp-content\/uploads\/sites\/5\/2025\/11\/4-2-1.jpg\" alt=\"\" \/><\/p>\n<h2 style=\"text-align: center\" data-start=\"345\" data-end=\"367\"><strong>\ud83c\udf1f Vigtigste Fordele<\/strong><\/h2>\n<p data-start=\"370\" data-end=\"464\">\ud83d\udc56 Kan rumme op til 10 ting p\u00e5 \u00e9n gang &#8211; perfekt til leggings, bukser, nederdele, shorts og meget mere.<\/p>\n<p data-start=\"467\" data-end=\"553\">\ud83e\uddf2 Sk\u00e5nsomme klips uden m\u00e6rker &#8211; dyppet plastbeskyttelse forhindrer folder eller skader.<\/p>\n<p data-start=\"556\" data-end=\"640\">\ud83c\udfe0 Maksimerer sm\u00e5 skabe &#8211; bruger lodret plads til at holde alt organiseret.<\/p>\n<p data-start=\"643\" data-end=\"718\">\ud83d\udcaa Holdbar kulstofst\u00e5lramme &#8211; st\u00e6rk belastningskapacitet uden at b\u00f8je.<\/p>\n<p data-start=\"721\" data-end=\"806\">\ud83d\udeaa Alsidige oph\u00e6ngningsmuligheder &#8211; h\u00e6ng i skabet, bag en d\u00f8r eller p\u00e5 en v\u00e6g.<\/p>\n<p data-start=\"809\" data-end=\"860\">\ud83d\ude80 Klar til brug med det samme &#8211; ingen samling n\u00f8dvendig.<\/p>\n<p data-start=\"809\" data-end=\"860\"><img fetchpriority=\"high\" decoding=\"async\" class=\"size-full wp-image-41376 aligncenter\" src=\"https:\/\/keluvo.com\/template\/wp-content\/uploads\/sites\/5\/2025\/11\/5-2-1.jpg\" alt=\"\" width=\"1080\" height=\"1080\" \/><\/p>\n<h2 style=\"text-align: center\" data-start=\"867\" data-end=\"886\"><strong>\ud83e\udde9 S\u00e5dan Bruges<\/strong><\/h2>\n<ol data-start=\"887\" data-end=\"1131\">\n<li data-start=\"887\" data-end=\"943\">\n<p data-start=\"890\" data-end=\"943\">H\u00e6ng organisatoren i dit skab eller det \u00f8nskede sted.<\/p>\n<\/li>\n<li data-start=\"944\" data-end=\"1017\">\n<p data-start=\"947\" data-end=\"1017\">S\u00e6t dine leggings, bukser, nederdele eller andet t\u00f8j p\u00e5 hver klips.<\/p>\n<\/li>\n<li data-start=\"1018\" data-end=\"1063\">\n<p data-start=\"1021\" data-end=\"1063\">Fyld alle 10 klips for at spare maksimal plads.<\/p>\n<\/li>\n<li data-start=\"1064\" data-end=\"1131\">\n<p data-start=\"1067\" data-end=\"1131\">Fjern eller s\u00e6t genstande p\u00e5 igen n\u00e5r som helst &#8211; ingen foldning eller rulning er n\u00f8dvendig.<\/p>\n<\/li>\n<\/ol>\n<h2 style=\"text-align: center\" data-start=\"1138\" data-end=\"1162\"><strong>\ud83d\udccf Produktdetaljer<\/strong><\/h2>\n<ul data-start=\"1163\" data-end=\"1555\">\n<li data-start=\"1163\" data-end=\"1232\">\n<p data-start=\"1165\" data-end=\"1232\">Materiale: Kulstofst\u00e5l af h\u00f8j kvalitet med galvaniseret finish<\/p>\n<\/li>\n<li data-start=\"1233\" data-end=\"1299\">\n<p data-start=\"1235\" data-end=\"1299\">klipbeskyttelse: Bl\u00f8d, dyppet plast (ingen m\u00e6rker, ingen skader)<\/p>\n<\/li>\n<li data-start=\"1300\" data-end=\"1338\">\n<p data-start=\"1302\" data-end=\"1338\">Kapacitet: Kan rumme op til 10 genstande<\/p>\n<\/li>\n<li data-start=\"1339\" data-end=\"1442\">\n<p data-start=\"1341\" data-end=\"1442\">Bruges til: Leggings, jeans, bukser, nederdele, shorts, t\u00f8rkl\u00e6der, undert\u00f8j, sportst\u00f8j, T-shirts og meget mere<\/p>\n<\/li>\n<li data-start=\"1443\" data-end=\"1485\">\n<p data-start=\"1445\" data-end=\"1485\">Installation: Ingen samling p\u00e5kr\u00e6vet<\/p>\n<\/li>\n<li data-start=\"1486\" data-end=\"1555\">\n<p data-start=\"1488\" data-end=\"1555\">Placeringsmuligheder: Skabsstang, d\u00f8rkrog, v\u00e6gkrog, opbevaringsstativ<\/p>\n<\/li>\n<li data-start=\"1486\" data-end=\"1555\">Farve: Sort, pink, lysegr\u00e5<\/li>\n<\/ul>\n<h2 style=\"text-align: center\" data-start=\"1562\" data-end=\"1587\"><strong>\ud83d\udce6 Pakken indeholder<\/strong><\/h2>\n<ul data-start=\"1588\" data-end=\"1640\" data-is-last-node=\"\" data-is-only-node=\"\">\n<li data-start=\"1588\" data-end=\"1640\" data-is-last-node=\"\">\n<p data-start=\"1590\" data-end=\"1640\" data-is-last-node=\"\">1, 2, 4x Leggings-opbevaringsb\u00f8jle.<\/p>\n<\/li>\n<\/ul>\n<\/div>\n<\/div>\n<\/div>\n<\/div>\n<\/div>\n<\/div>\n<\/article>\n","protected":false},"excerpt":{"rendered":"<p>Organiser Alle Dine Leggings, Bukser Og T\u00f8j I \u00c9n Kompakt, Pladsbesparende B\u00f8jle. \ud83d\udc56 Denne b\u00f8jle til organisering af leggings giver [&hellip;]<\/p>\n","protected":false},"featured_media":35604,"comment_status":"open","ping_status":"closed","template":"","meta":{"site-sidebar-layout":"default","site-content-layout":"","ast-site-content-layout":"default","site-content-style":"default","site-sidebar-style":"default","ast-global-header-display":"","ast-banner-title-visibility":"","ast-main-header-display":"","ast-hfb-above-header-display":"","ast-hfb-below-header-display":"","ast-hfb-mobile-header-display":"","site-post-title":"","ast-breadcrumbs-content":"","ast-featured-img":"","footer-sml-layout":"","theme-transparent-header-meta":"default","adv-header-id-meta":"","stick-header-meta":"","header-above-stick-meta":"","header-main-stick-meta":"","header-below-stick-meta":"","astra-migrate-meta-layouts":"set","ast-page-background-enabled":"default","ast-page-background-meta":{"desktop":{"background-color":"var(--ast-global-color-5)","background-image":"","background-repeat":"repeat","background-position":"center center","background-size":"auto","background-attachment":"scroll","background-type":"","background-media":"","overlay-type":"","overlay-color":"","overlay-opacity":"","overlay-gradient":""},"tablet":{"background-color":"","background-image":"","background-repeat":"repeat","background-position":"center center","background-size":"auto","background-attachment":"scroll","background-type":"","background-media":"","overlay-type":"","overlay-color":"","overlay-opacity":"","overlay-gradient":""},"mobile":{"background-color":"","background-image":"","background-repeat":"repeat","background-position":"center center","background-size":"auto","background-attachment":"scroll","background-type":"","background-media":"","overlay-type":"","overlay-color":"","overlay-opacity":"","overlay-gradient":""}},"ast-content-background-meta":{"desktop":{"background-color":"var(--ast-global-color-4)","background-image":"","background-repeat":"repeat","background-position":"center center","background-size":"auto","background-attachment":"scroll","background-type":"","background-media":"","overlay-type":"","overlay-color":"","overlay-opacity":"","overlay-gradient":""},"tablet":{"background-color":"var(--ast-global-color-4)","background-image":"","background-repeat":"repeat","background-position":"center center","background-size":"auto","background-attachment":"scroll","background-type":"","background-media":"","overlay-type":"","overlay-color":"","overlay-opacity":"","overlay-gradient":""},"mobile":{"background-color":"var(--ast-global-color-4)","background-image":"","background-repeat":"repeat","background-position":"center center","background-size":"auto","background-attachment":"scroll","background-type":"","background-media":"","overlay-type":"","overlay-color":"","overlay-opacity":"","overlay-gradient":""}}},"product_brand":[],"product_cat":[19],"product_tag":[],"class_list":{"0":"post-35608","1":"product","2":"type-product","3":"status-publish","4":"has-post-thumbnail","6":"product_cat-uncategorized","7":"pa_51428_4qvsyplu-lysegraa","8":"pa_51428_4qvsyplu-lyseroed","9":"pa_51428_4qvsyplu-sort","10":"pa_51428_r3zrptvf-1-stk","11":"pa_51428_r3zrptvf-2-stk","12":"pa_51428_r3zrptvf-4-stk","13":"desktop-align-left","14":"tablet-align-left","15":"mobile-align-left","17":"first","18":"instock","19":"shipping-taxable","20":"purchasable","21":"product-type-variable","22":"has-default-attributes"},"_links":{"self":[{"href":"https:\/\/ecostera.com\/dk\/wp-json\/wp\/v2\/product\/35608","targetHints":{"allow":["GET"]}}],"collection":[{"href":"https:\/\/ecostera.com\/dk\/wp-json\/wp\/v2\/product"}],"about":[{"href":"https:\/\/ecostera.com\/dk\/wp-json\/wp\/v2\/types\/product"}],"replies":[{"embeddable":true,"href":"https:\/\/ecostera.com\/dk\/wp-json\/wp\/v2\/comments?post=35608"}],"wp:featuredmedia":[{"embeddable":true,"href":"https:\/\/ecostera.com\/dk\/wp-json\/wp\/v2\/media\/35604"}],"wp:attachment":[{"href":"https:\/\/ecostera.com\/dk\/wp-json\/wp\/v2\/media?parent=35608"}],"wp:term":[{"taxonomy":"product_brand","embeddable":true,"href":"https:\/\/ecostera.com\/dk\/wp-json\/wp\/v2\/product_brand?post=35608"},{"taxonomy":"product_cat","embeddable":true,"href":"https:\/\/ecostera.com\/dk\/wp-json\/wp\/v2\/product_cat?post=35608"},{"taxonomy":"product_tag","embeddable":true,"href":"https:\/\/ecostera.com\/dk\/wp-json\/wp\/v2\/product_tag?post=35608"}],"curies":[{"name":"wp","href":"https:\/\/api.w.org\/{rel}","templated":true}]}}