{"id":35680,"date":"2025-11-18T19:13:06","date_gmt":"2025-11-18T17:13:06","guid":{"rendered":"https:\/\/ecostera.com\/dk\/product\/usynlige-messingdoerhaengsler-8-stk\/"},"modified":"2025-11-19T15:46:59","modified_gmt":"2025-11-19T13:46:59","slug":"usynlige-messingdoerhaengsler-8-stk","status":"publish","type":"product","link":"https:\/\/ecostera.com\/dk\/product\/usynlige-messingdoerhaengsler-8-stk\/","title":{"rendered":"Usynlige messingd\u00f8rh\u00e6ngsler (8 stk.)"},"content":{"rendered":"<p style=\"text-align: center\" data-start=\"0\" data-end=\"77\"><strong data-start=\"0\" data-end=\"77\">St\u00e6rke, Skjulte Og Glatte &#8211; Perfekte H\u00e6ngsler Til Rene Og Moderne M\u00f8bler. \ud83d\udeaa<\/strong><\/p>\n<p style=\"text-align: center\" data-start=\"79\" data-end=\"319\">Disse usynlige messingd\u00f8rh\u00e6ngsler giver dine skabe, kasser og sm\u00e5 m\u00f8bler et s\u00f8ml\u00f8st look med st\u00e6rk, skjult st\u00f8tte. De er lavet af poleret messing og er holdbare, rustbestandige og designet til at holde l\u00e6nge.<\/p>\n<p data-start=\"79\" data-end=\"319\"><img fetchpriority=\"high\" decoding=\"async\" class=\"size-full wp-image-41466 aligncenter\" src=\"https:\/\/keluvo.com\/template\/wp-content\/uploads\/sites\/5\/2025\/11\/10226-ezgif.com-video-to-webp-converter-5.webp\" alt=\"\" width=\"500\" height=\"500\" \/><\/p>\n<h2 style=\"text-align: center\" data-start=\"326\" data-end=\"348\">\ud83c\udf1f Vigtigste Fordele<\/h2>\n<p data-start=\"351\" data-end=\"434\">\u2b50 Usynligt design &#8211; Helt skjulte h\u00e6ngsler, der giver en ren og elegant finish.<\/p>\n<p data-start=\"437\" data-end=\"517\">\ud83d\udcaa St\u00e6rk messingkonstruktion &#8211; Holdbar, rustbestandig og bygget til at holde.<\/p>\n<p data-start=\"520\" data-end=\"602\">\ud83d\udd07 Lydl\u00f8s \u00e5bning &#8211; J\u00e6vn, st\u00f8jfri \u00e5bning med en rulleskinnemekanisme.<\/p>\n<p data-start=\"605\" data-end=\"685\">\ud83d\udd04 180\u00b0 \u00e5bningsvinkel &#8211; \u00c5bn kasser, skabe og paneler helt og nemt.<\/p>\n<p data-start=\"688\" data-end=\"786\">\ud83e\uddf0 Alsidig brug &#8211; Perfekt til m\u00f8bler, smykkeskrin, skabe, borde og g\u00f8r-det-selv-projekter.<\/p>\n<p data-start=\"688\" data-end=\"786\"><img decoding=\"async\" class=\"size-full wp-image-41471 aligncenter\" src=\"https:\/\/keluvo.com\/template\/wp-content\/uploads\/sites\/5\/2025\/11\/e3bf4234019911f5e1b568ed919625b7d21033e9-700.avif\" alt=\"\" \/><\/p>\n<h2 style=\"text-align: center\" data-start=\"793\" data-end=\"812\">\ud83e\udde9 S\u00e5dan Bruges<\/h2>\n<ol data-start=\"813\" data-end=\"1007\">\n<li data-start=\"813\" data-end=\"859\">\n<p data-start=\"816\" data-end=\"859\">Bor et hul, der matcher h\u00e6ngslets diameter.<\/p>\n<\/li>\n<li data-start=\"860\" data-end=\"896\">\n<p data-start=\"863\" data-end=\"896\">S\u00e6t h\u00e6ngslet i hullet.<\/p>\n<\/li>\n<li data-start=\"897\" data-end=\"950\">\n<p data-start=\"900\" data-end=\"950\">Juster skruerne om n\u00f8dvendigt for at justere begge sider.<\/p>\n<\/li>\n<li data-start=\"951\" data-end=\"1007\">\n<p data-start=\"954\" data-end=\"1007\">Test h\u00e6ngslet for at sikre j\u00e6vn og lydl\u00f8s \u00e5bning.<\/p>\n<\/li>\n<\/ol>\n<h2 style=\"text-align: center\" data-start=\"1014\" data-end=\"1038\">\ud83d\udccc Produktdetaljer<\/h2>\n<ul data-start=\"1039\" data-end=\"1369\">\n<li data-start=\"1039\" data-end=\"1075\">\n<p data-start=\"1041\" data-end=\"1075\">Materiale: Premium poleret messing<\/p>\n<\/li>\n<li data-start=\"1092\" data-end=\"1117\">\n<p data-start=\"1094\" data-end=\"1117\">\u00c5bningsvinkel: 0\u2013180\u00b0<\/p>\n<\/li>\n<li data-start=\"1118\" data-end=\"1192\">\n<p data-start=\"1120\" data-end=\"1192\">Funktioner: Lydl\u00f8s betjening, st\u00e6rk b\u00e6reevne, skjult design<\/p>\n<\/li>\n<li data-start=\"1193\" data-end=\"1283\">\n<p data-start=\"1195\" data-end=\"1283\">Tilg\u00e6ngelige st\u00f8rrelser: 8 mm, 10 mm, 12 mm, 14 mm, 16 mm, 18 mm (afh\u00e6ngigt af den valgte indstilling)<\/p>\n<\/li>\n<li data-start=\"1284\" data-end=\"1369\">\n<p data-start=\"1286\" data-end=\"1369\">Velegnet til: Tr\u00e6, plast, tykke glasplader, sm\u00e5 m\u00f8bler, skabe, kasser<\/p>\n<\/li>\n<\/ul>\n<h2 style=\"text-align: center\" data-start=\"1376\" data-end=\"1401\">\ud83d\udce6 Pakken indeholder<\/h2>\n<ul data-start=\"1402\" data-end=\"1429\">\n<li data-start=\"1402\" data-end=\"1429\">\n<p data-start=\"1404\" data-end=\"1429\">8x usynlige messingd\u00f8rh\u00e6ngsler.<\/p>\n<\/li>\n<\/ul>\n","protected":false},"excerpt":{"rendered":"<p>St\u00e6rke, Skjulte Og Glatte &#8211; Perfekte H\u00e6ngsler Til Rene Og Moderne M\u00f8bler. \ud83d\udeaa Disse usynlige messingd\u00f8rh\u00e6ngsler giver dine skabe, kasser [&hellip;]<\/p>\n","protected":false},"featured_media":35676,"comment_status":"open","ping_status":"closed","template":"","meta":{"site-sidebar-layout":"default","site-content-layout":"","ast-site-content-layout":"default","site-content-style":"default","site-sidebar-style":"default","ast-global-header-display":"","ast-banner-title-visibility":"","ast-main-header-display":"","ast-hfb-above-header-display":"","ast-hfb-below-header-display":"","ast-hfb-mobile-header-display":"","site-post-title":"","ast-breadcrumbs-content":"","ast-featured-img":"","footer-sml-layout":"","theme-transparent-header-meta":"default","adv-header-id-meta":"","stick-header-meta":"","header-above-stick-meta":"","header-main-stick-meta":"","header-below-stick-meta":"","astra-migrate-meta-layouts":"set","ast-page-background-enabled":"default","ast-page-background-meta":{"desktop":{"background-color":"var(--ast-global-color-5)","background-image":"","background-repeat":"repeat","background-position":"center center","background-size":"auto","background-attachment":"scroll","background-type":"","background-media":"","overlay-type":"","overlay-color":"","overlay-opacity":"","overlay-gradient":""},"tablet":{"background-color":"","background-image":"","background-repeat":"repeat","background-position":"center center","background-size":"auto","background-attachment":"scroll","background-type":"","background-media":"","overlay-type":"","overlay-color":"","overlay-opacity":"","overlay-gradient":""},"mobile":{"background-color":"","background-image":"","background-repeat":"repeat","background-position":"center center","background-size":"auto","background-attachment":"scroll","background-type":"","background-media":"","overlay-type":"","overlay-color":"","overlay-opacity":"","overlay-gradient":""}},"ast-content-background-meta":{"desktop":{"background-color":"var(--ast-global-color-4)","background-image":"","background-repeat":"repeat","background-position":"center center","background-size":"auto","background-attachment":"scroll","background-type":"","background-media":"","overlay-type":"","overlay-color":"","overlay-opacity":"","overlay-gradient":""},"tablet":{"background-color":"var(--ast-global-color-4)","background-image":"","background-repeat":"repeat","background-position":"center center","background-size":"auto","background-attachment":"scroll","background-type":"","background-media":"","overlay-type":"","overlay-color":"","overlay-opacity":"","overlay-gradient":""},"mobile":{"background-color":"var(--ast-global-color-4)","background-image":"","background-repeat":"repeat","background-position":"center center","background-size":"auto","background-attachment":"scroll","background-type":"","background-media":"","overlay-type":"","overlay-color":"","overlay-opacity":"","overlay-gradient":""}}},"product_brand":[],"product_cat":[19],"product_tag":[],"class_list":{"0":"post-35680","1":"product","2":"type-product","3":"status-publish","4":"has-post-thumbnail","6":"product_cat-uncategorized","7":"pa_51519_bla66ykj-8-mm","8":"pa_51519_bla66ykj-10-mm","9":"pa_51519_bla66ykj-12-mm","10":"pa_51519_bla66ykj-14-mm","11":"pa_51519_bla66ykj-16-mm","12":"pa_51519_bla66ykj-18-mm","13":"desktop-align-left","14":"tablet-align-left","15":"mobile-align-left","17":"first","18":"instock","19":"shipping-taxable","20":"purchasable","21":"product-type-variable"},"_links":{"self":[{"href":"https:\/\/ecostera.com\/dk\/wp-json\/wp\/v2\/product\/35680","targetHints":{"allow":["GET"]}}],"collection":[{"href":"https:\/\/ecostera.com\/dk\/wp-json\/wp\/v2\/product"}],"about":[{"href":"https:\/\/ecostera.com\/dk\/wp-json\/wp\/v2\/types\/product"}],"replies":[{"embeddable":true,"href":"https:\/\/ecostera.com\/dk\/wp-json\/wp\/v2\/comments?post=35680"}],"wp:featuredmedia":[{"embeddable":true,"href":"https:\/\/ecostera.com\/dk\/wp-json\/wp\/v2\/media\/35676"}],"wp:attachment":[{"href":"https:\/\/ecostera.com\/dk\/wp-json\/wp\/v2\/media?parent=35680"}],"wp:term":[{"taxonomy":"product_brand","embeddable":true,"href":"https:\/\/ecostera.com\/dk\/wp-json\/wp\/v2\/product_brand?post=35680"},{"taxonomy":"product_cat","embeddable":true,"href":"https:\/\/ecostera.com\/dk\/wp-json\/wp\/v2\/product_cat?post=35680"},{"taxonomy":"product_tag","embeddable":true,"href":"https:\/\/ecostera.com\/dk\/wp-json\/wp\/v2\/product_tag?post=35680"}],"curies":[{"name":"wp","href":"https:\/\/api.w.org\/{rel}","templated":true}]}}