{"id":35723,"date":"2025-11-18T19:17:53","date_gmt":"2025-11-18T17:17:53","guid":{"rendered":"https:\/\/ecostera.com\/dk\/product\/saet-med-koedhakker\/"},"modified":"2025-11-24T15:48:45","modified_gmt":"2025-11-24T13:48:45","slug":"saet-med-koedhakker","status":"publish","type":"product","link":"https:\/\/ecostera.com\/dk\/product\/saet-med-koedhakker\/","title":{"rendered":"S\u00e6t med k\u00f8dhakker"},"content":{"rendered":"<p style=\"text-align: center\" data-start=\"0\" data-end=\"76\"><strong data-start=\"0\" data-end=\"76\">Sk\u00e6r Frisk K\u00f8d I Skiver Hurtigt, Sikkert Og J\u00e6vnt &#8211; Alt Sammen I \u00c9n Enkel Bev\u00e6gelse. \ud83e\udd69<\/strong><\/p>\n<p style=\"text-align: center\" data-start=\"78\" data-end=\"367\">Dette p\u00e5l\u00e6gsmaskine-s\u00e6t er designet til alle, der \u00f8nsker skiver i restaurantstil derhjemme med <em data-start=\"173\" data-end=\"180\">frisk<\/em> k\u00f8d. I mods\u00e6tning til p\u00e5l\u00e6gsmaskiner, der kun fungerer p\u00e5 frosne udsk\u00e6ringer, kan du med dette v\u00e6rkt\u00f8j sk\u00e6re frisk kylling, oksek\u00f8d, svinek\u00f8d, lam, fisk og meget mere &#8211; hvilket giver dig bedre smag, bedre tekstur og bedre m\u00e5ltider.<\/p>\n<p data-start=\"78\" data-end=\"367\"><img decoding=\"async\" class=\"size-full wp-image-41490 aligncenter\" src=\"https:\/\/keluvo.com\/template\/wp-content\/uploads\/sites\/5\/2025\/11\/10227-ezgif.com-video-to-webp-converter-4.webp\" alt=\"\" \/><\/p>\n<h2 style=\"text-align: center\" data-start=\"374\" data-end=\"396\">\ud83c\udf1f Vigtigste Fordele<\/h2>\n<p data-start=\"399\" data-end=\"490\">\ud83d\udd2a Et snit = 18 skiver &#8211; Op til 17 knive sk\u00e6rer en hel blok frisk k\u00f8d med det samme.<\/p>\n<p data-start=\"493\" data-end=\"579\">\ud83c\udf57 Til fersk k\u00f8d &#8211; Bevarer fuld smag og n\u00e6ring i mods\u00e6tning til p\u00e5l\u00e6gsmaskiner til frossent k\u00f8d.<\/p>\n<p data-start=\"493\" data-end=\"579\">\ud83c\udf5b Mulighed for flere snit &#8211; Sk\u00e6r, riv, sk\u00e6r i tern eller hak ved blot at \u00e6ndre k\u00f8dets retning.<\/p>\n<p data-start=\"688\" data-end=\"767\">\ud83e\uddfc Nem reng\u00f8ring &#8211; Aftagelige dele + s\u00e6rlig reng\u00f8ringsb\u00f8rste med h\u00e5rde b\u00f8rster.<\/p>\n<p data-start=\"770\" data-end=\"862\">\ud83e\uddf2 Sikker og stabil &#8211; Stor sugebase holder v\u00e6rkt\u00f8jet p\u00e5 plads under udsk\u00e6ring.<\/p>\n<p data-start=\"865\" data-end=\"950\">\ud83d\udee1\ufe0f Kompakt og beskyttet &#8211; Inkluderer et opbevaringshylster og en drejelig oph\u00e6ngskrog.<\/p>\n<p data-start=\"953\" data-end=\"1061\">\ud83d\udde1\ufe0f Professionel skarphed &#8211; 420 blade i rustfrit st\u00e5l med 8\u00b0 skarp kant + knivsliber inkluderet.<\/p>\n<p data-start=\"953\" data-end=\"1061\"><img fetchpriority=\"high\" decoding=\"async\" class=\"size-full wp-image-41486 aligncenter\" src=\"https:\/\/keluvo.com\/template\/wp-content\/uploads\/sites\/5\/2025\/11\/9740a18d1db1cec99462a201889b08148af190a5-700.jpg\" alt=\"\" width=\"1080\" height=\"1080\" \/><\/p>\n<h2 style=\"text-align: center\" data-start=\"1068\" data-end=\"1087\">\ud83e\udde9 S\u00e5dan Bruges<\/h2>\n<ol data-start=\"1088\" data-end=\"1502\">\n<li data-start=\"1088\" data-end=\"1174\">\n<p data-start=\"1091\" data-end=\"1174\">Placer p\u00e5l\u00e6gsmaskinen p\u00e5 en glat overflade, og tryk ned for at aktivere sugefoden.<\/p>\n<\/li>\n<li data-start=\"1175\" data-end=\"1226\">\n<p data-start=\"1178\" data-end=\"1226\">S\u00e6t knivs\u00e6ttet i beholderens \u00e5bninger.<\/p>\n<\/li>\n<li data-start=\"1227\" data-end=\"1289\">\n<p data-start=\"1230\" data-end=\"1289\">L\u00e6g frisk k\u00f8d ovenp\u00e5, og juster med knivafstanden.<\/p>\n<\/li>\n<li data-start=\"1290\" data-end=\"1335\">\n<p data-start=\"1293\" data-end=\"1335\">Tryk ned i en j\u00e6vn bev\u00e6gelse for at sk\u00e6re.<\/p>\n<\/li>\n<li data-start=\"1336\" data-end=\"1411\">\n<p data-start=\"1339\" data-end=\"1411\">Drej eller flyt k\u00f8det for at skabe tern, strimler eller fine stykker.<\/p>\n<\/li>\n<li data-start=\"1412\" data-end=\"1502\">\n<p data-start=\"1415\" data-end=\"1502\">Reng\u00f8r delene med den medf\u00f8lgende b\u00f8rste, og opbevar dem sikkert ved hj\u00e6lp af skeden eller 3-i-1-krogen.<\/p>\n<\/li>\n<\/ol>\n<h2 style=\"text-align: center\" data-start=\"1509\" data-end=\"1533\">\ud83d\udccc Produktdetaljer<\/h2>\n<ul data-start=\"1534\" data-end=\"1811\">\n<li data-start=\"1534\" data-end=\"1581\">\n<p data-start=\"1536\" data-end=\"1581\">Klinge: 420 rustfrit st\u00e5l, 17 cm<\/p>\n<\/li>\n<li data-start=\"1582\" data-end=\"1624\">\n<p data-start=\"1584\" data-end=\"1624\">Klinge vinkel: 8\u00b0 professionel skarphed<\/p>\n<\/li>\n<li data-start=\"1625\" data-end=\"1670\">\n<p data-start=\"1627\" data-end=\"1670\">Sk\u00e6rekapacitet: Op til 18 skiver pr. snit<\/p>\n<\/li>\n<li data-start=\"1671\" data-end=\"1713\">\n<p data-start=\"1673\" data-end=\"1713\">Base: St\u00e6rk sugekop for stabilitet<\/p>\n<\/li>\n<li data-start=\"1714\" data-end=\"1758\">\n<p data-start=\"1716\" data-end=\"1758\">Dele: Fuldt aftagelige for nem reng\u00f8ring<\/p>\n<\/li>\n<li data-start=\"1759\" data-end=\"1811\">\n<p data-start=\"1761\" data-end=\"1811\">Sikkerhed: H\u00e6nderne holdes altid v\u00e6k fra knivene<\/p>\n<\/li>\n<\/ul>\n<h2 style=\"text-align: center\" data-start=\"1818\" data-end=\"1843\">\ud83d\udce6 Pakken indeholder<\/h2>\n<ul data-start=\"1844\" data-end=\"2041\">\n<li data-start=\"1844\" data-end=\"1880\">\n<p data-start=\"1846\" data-end=\"1880\">1x base til k\u00f8dhakker + beholder<\/p>\n<\/li>\n<li data-start=\"1881\" data-end=\"1916\">\n<p data-start=\"1883\" data-end=\"1916\">1x knivs\u00e6t (op til 17 knive)<\/p>\n<\/li>\n<li data-start=\"1917\" data-end=\"1952\">\n<p data-start=\"1919\" data-end=\"1952\">1x reng\u00f8ringsb\u00f8rste med h\u00e5rde b\u00f8rster<\/p>\n<\/li>\n<li data-start=\"1953\" data-end=\"1981\">\n<p data-start=\"1955\" data-end=\"1981\">1x ringknivsliber<\/p>\n<\/li>\n<li data-start=\"1982\" data-end=\"2004\">\n<p data-start=\"1984\" data-end=\"2004\">1x opbevaringshylster<\/p>\n<\/li>\n<li data-start=\"2005\" data-end=\"2041\">\n<p data-start=\"2007\" data-end=\"2041\">1x 3-i-1 drejelig kl\u00e6bende krog.<\/p>\n<\/li>\n<\/ul>\n","protected":false},"excerpt":{"rendered":"<p>Sk\u00e6r Frisk K\u00f8d I Skiver Hurtigt, Sikkert Og J\u00e6vnt &#8211; Alt Sammen I \u00c9n Enkel Bev\u00e6gelse. \ud83e\udd69 Dette p\u00e5l\u00e6gsmaskine-s\u00e6t er [&hellip;]<\/p>\n","protected":false},"featured_media":35719,"comment_status":"open","ping_status":"closed","template":"","meta":{"site-sidebar-layout":"default","site-content-layout":"","ast-site-content-layout":"default","site-content-style":"default","site-sidebar-style":"default","ast-global-header-display":"","ast-banner-title-visibility":"","ast-main-header-display":"","ast-hfb-above-header-display":"","ast-hfb-below-header-display":"","ast-hfb-mobile-header-display":"","site-post-title":"","ast-breadcrumbs-content":"","ast-featured-img":"","footer-sml-layout":"","theme-transparent-header-meta":"default","adv-header-id-meta":"","stick-header-meta":"","header-above-stick-meta":"","header-main-stick-meta":"","header-below-stick-meta":"","astra-migrate-meta-layouts":"set","ast-page-background-enabled":"default","ast-page-background-meta":{"desktop":{"background-color":"var(--ast-global-color-5)","background-image":"","background-repeat":"repeat","background-position":"center center","background-size":"auto","background-attachment":"scroll","background-type":"","background-media":"","overlay-type":"","overlay-color":"","overlay-opacity":"","overlay-gradient":""},"tablet":{"background-color":"","background-image":"","background-repeat":"repeat","background-position":"center center","background-size":"auto","background-attachment":"scroll","background-type":"","background-media":"","overlay-type":"","overlay-color":"","overlay-opacity":"","overlay-gradient":""},"mobile":{"background-color":"","background-image":"","background-repeat":"repeat","background-position":"center center","background-size":"auto","background-attachment":"scroll","background-type":"","background-media":"","overlay-type":"","overlay-color":"","overlay-opacity":"","overlay-gradient":""}},"ast-content-background-meta":{"desktop":{"background-color":"var(--ast-global-color-4)","background-image":"","background-repeat":"repeat","background-position":"center center","background-size":"auto","background-attachment":"scroll","background-type":"","background-media":"","overlay-type":"","overlay-color":"","overlay-opacity":"","overlay-gradient":""},"tablet":{"background-color":"var(--ast-global-color-4)","background-image":"","background-repeat":"repeat","background-position":"center center","background-size":"auto","background-attachment":"scroll","background-type":"","background-media":"","overlay-type":"","overlay-color":"","overlay-opacity":"","overlay-gradient":""},"mobile":{"background-color":"var(--ast-global-color-4)","background-image":"","background-repeat":"repeat","background-position":"center center","background-size":"auto","background-attachment":"scroll","background-type":"","background-media":"","overlay-type":"","overlay-color":"","overlay-opacity":"","overlay-gradient":""}}},"product_brand":[],"product_cat":[19],"product_tag":[],"class_list":{"0":"post-35723","1":"product","2":"type-product","3":"status-publish","4":"has-post-thumbnail","6":"product_cat-uncategorized","7":"pa_51582_tpeu2isl-beige","8":"pa_51582_tpeu2isl-graa","9":"pa_51582_tpeu2isl-sort","10":"desktop-align-left","11":"tablet-align-left","12":"mobile-align-left","14":"first","15":"instock","16":"shipping-taxable","17":"purchasable","18":"product-type-variable"},"_links":{"self":[{"href":"https:\/\/ecostera.com\/dk\/wp-json\/wp\/v2\/product\/35723","targetHints":{"allow":["GET"]}}],"collection":[{"href":"https:\/\/ecostera.com\/dk\/wp-json\/wp\/v2\/product"}],"about":[{"href":"https:\/\/ecostera.com\/dk\/wp-json\/wp\/v2\/types\/product"}],"replies":[{"embeddable":true,"href":"https:\/\/ecostera.com\/dk\/wp-json\/wp\/v2\/comments?post=35723"}],"wp:featuredmedia":[{"embeddable":true,"href":"https:\/\/ecostera.com\/dk\/wp-json\/wp\/v2\/media\/35719"}],"wp:attachment":[{"href":"https:\/\/ecostera.com\/dk\/wp-json\/wp\/v2\/media?parent=35723"}],"wp:term":[{"taxonomy":"product_brand","embeddable":true,"href":"https:\/\/ecostera.com\/dk\/wp-json\/wp\/v2\/product_brand?post=35723"},{"taxonomy":"product_cat","embeddable":true,"href":"https:\/\/ecostera.com\/dk\/wp-json\/wp\/v2\/product_cat?post=35723"},{"taxonomy":"product_tag","embeddable":true,"href":"https:\/\/ecostera.com\/dk\/wp-json\/wp\/v2\/product_tag?post=35723"}],"curies":[{"name":"wp","href":"https:\/\/api.w.org\/{rel}","templated":true}]}}