{"id":3574,"date":"2025-07-21T08:45:06","date_gmt":"2025-07-21T08:45:06","guid":{"rendered":"https:\/\/ecostera.com\/dk\/product\/saet-med-kattesnor\/"},"modified":"2025-09-15T12:13:35","modified_gmt":"2025-09-15T09:13:35","slug":"saet-med-kattesnor","status":"publish","type":"product","link":"https:\/\/ecostera.com\/dk\/product\/saet-med-kattesnor\/","title":{"rendered":"S\u00e6t med kattesnor"},"content":{"rendered":"<h2 style=\"text-align: center\">\ud83d\udc31 Sikker, stilfuld og komfortabel! \ud83e\uddba<\/h2>\n<p class=\"\" style=\"text-align: center\" data-start=\"69\" data-end=\"334\">Kattesnoren er bl\u00f8d, \u00e5ndbar og designet til at holde din kat komfortabel og sikker. Uanset om det er en spadseretur i haven eller et lille udend\u00f8rs eventyr, g\u00f8r denne sele hver tur stressfri og sjov.<\/p>\n<p><img decoding=\"async\" class=\"alignnone size-medium wp-image-10632 aligncenter\" src=\"https:\/\/keluvo.com\/template\/wp-content\/uploads\/sites\/5\/2025\/02\/S95435d26204f4842b639ac4487cc4a0aT.jpg_960x960q75.jpg_.jpeg\" alt=\"\" \/><\/p>\n<h2 style=\"text-align: center\">Let at tage p\u00e5<\/h2>\n<p style=\"text-align: center\">Bare vikl den rundt om dit k\u00e6ledyr, l\u00e5s den fast, og s\u00e6t snoren p\u00e5. Ekstremt enkelt og nemt!<\/p>\n<p><img decoding=\"async\" class=\"size-full wp-image-14593 aligncenter\" src=\"https:\/\/keluvo.com\/template\/wp-content\/uploads\/sites\/5\/2025\/02\/catharnessvideo-ezgif.com-gif-to-webp-converter.webp\" alt=\"\" \/><\/p>\n<h2 style=\"text-align: center\" data-start=\"341\" data-end=\"370\">\u2705 Hvorfor du vil elske den:<\/h2>\n<ul data-start=\"372\" data-end=\"1083\">\n<li class=\"\" data-start=\"372\" data-end=\"482\">\n<p class=\"\" data-start=\"374\" data-end=\"482\"><strong data-start=\"374\" data-end=\"395\">Bl\u00f8d og \u00e5ndbar: <\/strong>Fremstillet af polyester og netstof \u2013 behagelig, let og perfekt til din kats pels.<\/p>\n<\/li>\n<li class=\"\" data-start=\"484\" data-end=\"613\">\n<p class=\"\" data-start=\"486\" data-end=\"613\"><strong data-start=\"486\" data-end=\"510\">Specielt 4-punktsdesign spreder trykket, s\u00e5 din kat ikke f\u00f8ler ubehag, n\u00e5r du forsigtigt tr\u00e6kker i den.<\/strong><\/p>\n<\/li>\n<li class=\"\" data-start=\"615\" data-end=\"736\">\n<p class=\"\" data-start=\"617\" data-end=\"736\"><strong data-start=\"617\" data-end=\"640\">Justerbar og sikker: <\/strong>Leveres med en 38 mm nylonl\u00e5s og et sp\u00e6nde i sikkerhedssele-stil, der passer godt og forhindrer flugt.<\/p>\n<\/li>\n<li class=\"\" data-start=\"738\" data-end=\"829\">\n<p class=\"\" data-start=\"740\" data-end=\"829\"><strong data-start=\"740\" data-end=\"756\">Let at b\u00e6re: <\/strong>Bare s\u00e6t den p\u00e5, juster st\u00f8rrelsen, og du er klar til at g\u00e5 p\u00e5 f\u00e5 sekunder!<\/p>\n<\/li>\n<li class=\"\" data-start=\"831\" data-end=\"971\">\n<p class=\"\" data-start=\"833\" data-end=\"971\"><strong data-start=\"833\" data-end=\"853\">St\u00e6rk og stilfuld: <\/strong>Har et st\u00e6rkt D-sp\u00e6nde i metal, der ikke ruster, og et s\u00f8dt design i japansk stil, som din kat vil se bed\u00e5rende ud i.<\/p>\n<\/li>\n<li class=\"\" data-start=\"973\" data-end=\"1083\">\n<p class=\"\" data-start=\"975\" data-end=\"1083\"><strong data-start=\"975\" data-end=\"1002\">Komfortabelt for dig ogs\u00e5: <\/strong>H\u00e5ndtaget er bl\u00f8dt og ergonomisk, s\u00e5 din h\u00e5nd har det godt under hver g\u00e5tur.<\/p>\n<\/li>\n<\/ul>\n<p><img decoding=\"async\" class=\"alignnone size-medium wp-image-10631 aligncenter\" src=\"https:\/\/keluvo.com\/template\/wp-content\/uploads\/sites\/5\/2025\/02\/Sce89ebea72c4448bb63c0583d45b5acft.jpg_960x960q75.jpg_.jpeg\" alt=\"\" \/><\/p>\n<h2 style=\"text-align: center\" data-start=\"1090\" data-end=\"1127\">\ud83d\udce6 Hvad indeholder pakken:<\/h2>\n<ul data-start=\"1129\" data-end=\"1262\">\n<li class=\"\" data-start=\"1129\" data-end=\"1161\">\n<p class=\"\" data-start=\"1131\" data-end=\"1161\">1x kattesele og snores\u00e6t<\/p>\n<\/li>\n<\/ul>\n","protected":false},"excerpt":{"rendered":"<p>\ud83d\udc31 Sikker, stilfuld og komfortabel! \ud83e\uddba Kattesnoren er bl\u00f8d, \u00e5ndbar og designet til at holde din kat komfortabel og sikker. [&hellip;]<\/p>\n","protected":false},"featured_media":3570,"comment_status":"open","ping_status":"closed","template":"","meta":{"site-sidebar-layout":"default","site-content-layout":"","ast-site-content-layout":"default","site-content-style":"default","site-sidebar-style":"default","ast-global-header-display":"","ast-banner-title-visibility":"","ast-main-header-display":"","ast-hfb-above-header-display":"","ast-hfb-below-header-display":"","ast-hfb-mobile-header-display":"","site-post-title":"","ast-breadcrumbs-content":"","ast-featured-img":"","footer-sml-layout":"","theme-transparent-header-meta":"default","adv-header-id-meta":"","stick-header-meta":"","header-above-stick-meta":"","header-main-stick-meta":"","header-below-stick-meta":"","astra-migrate-meta-layouts":"set","ast-page-background-enabled":"default","ast-page-background-meta":{"desktop":{"background-color":"var(--ast-global-color-5)","background-image":"","background-repeat":"repeat","background-position":"center center","background-size":"auto","background-attachment":"scroll","background-type":"","background-media":"","overlay-type":"","overlay-color":"","overlay-opacity":"","overlay-gradient":""},"tablet":{"background-color":"","background-image":"","background-repeat":"repeat","background-position":"center center","background-size":"auto","background-attachment":"scroll","background-type":"","background-media":"","overlay-type":"","overlay-color":"","overlay-opacity":"","overlay-gradient":""},"mobile":{"background-color":"","background-image":"","background-repeat":"repeat","background-position":"center center","background-size":"auto","background-attachment":"scroll","background-type":"","background-media":"","overlay-type":"","overlay-color":"","overlay-opacity":"","overlay-gradient":""}},"ast-content-background-meta":{"desktop":{"background-color":"var(--ast-global-color-4)","background-image":"","background-repeat":"repeat","background-position":"center center","background-size":"auto","background-attachment":"scroll","background-type":"","background-media":"","overlay-type":"","overlay-color":"","overlay-opacity":"","overlay-gradient":""},"tablet":{"background-color":"var(--ast-global-color-4)","background-image":"","background-repeat":"repeat","background-position":"center center","background-size":"auto","background-attachment":"scroll","background-type":"","background-media":"","overlay-type":"","overlay-color":"","overlay-opacity":"","overlay-gradient":""},"mobile":{"background-color":"var(--ast-global-color-4)","background-image":"","background-repeat":"repeat","background-position":"center center","background-size":"auto","background-attachment":"scroll","background-type":"","background-media":"","overlay-type":"","overlay-color":"","overlay-opacity":"","overlay-gradient":""}}},"product_brand":[],"product_cat":[19],"product_tag":[],"class_list":{"0":"post-3574","1":"product","2":"type-product","3":"status-publish","4":"has-post-thumbnail","6":"product_cat-uncategorized","7":"pa_41647_4w3tgkxv-blaa","8":"pa_41647_4w3tgkxv-groen","9":"pa_41647_4w3tgkxv-roed","10":"desktop-align-left","11":"tablet-align-left","12":"mobile-align-left","14":"first","15":"instock","16":"shipping-taxable","17":"purchasable","18":"product-type-variable"},"_links":{"self":[{"href":"https:\/\/ecostera.com\/dk\/wp-json\/wp\/v2\/product\/3574","targetHints":{"allow":["GET"]}}],"collection":[{"href":"https:\/\/ecostera.com\/dk\/wp-json\/wp\/v2\/product"}],"about":[{"href":"https:\/\/ecostera.com\/dk\/wp-json\/wp\/v2\/types\/product"}],"replies":[{"embeddable":true,"href":"https:\/\/ecostera.com\/dk\/wp-json\/wp\/v2\/comments?post=3574"}],"wp:featuredmedia":[{"embeddable":true,"href":"https:\/\/ecostera.com\/dk\/wp-json\/wp\/v2\/media\/3570"}],"wp:attachment":[{"href":"https:\/\/ecostera.com\/dk\/wp-json\/wp\/v2\/media?parent=3574"}],"wp:term":[{"taxonomy":"product_brand","embeddable":true,"href":"https:\/\/ecostera.com\/dk\/wp-json\/wp\/v2\/product_brand?post=3574"},{"taxonomy":"product_cat","embeddable":true,"href":"https:\/\/ecostera.com\/dk\/wp-json\/wp\/v2\/product_cat?post=3574"},{"taxonomy":"product_tag","embeddable":true,"href":"https:\/\/ecostera.com\/dk\/wp-json\/wp\/v2\/product_tag?post=3574"}],"curies":[{"name":"wp","href":"https:\/\/api.w.org\/{rel}","templated":true}]}}